{"id":1306,"date":"2025-06-28T06:51:59","date_gmt":"2025-06-28T06:51:59","guid":{"rendered":"https:\/\/www.lechaocandy.com\/?post_type=product&#038;p=1306"},"modified":"2025-06-28T07:04:01","modified_gmt":"2025-06-28T07:04:01","slug":"buy-gummies-in-bulk","status":"publish","type":"product","link":"https:\/\/www.lechaocandy.com\/es\/producto\/buy-gummies-in-bulk\/","title":{"rendered":"Comprar Gominolas a Granel, Caramelos de goma rellenos de mermelada al por mayor"},"content":{"rendered":"<div class=\"wp-block-columns is-layout-flex wp-container-core-columns-is-layout-9d6595d7 wp-block-columns-is-layout-flex\"><div class=\"wp-block-column is-layout-flow wp-block-column-is-layout-flow\"><h2 class=\"wp-block-heading\">Productos destacados de Comprar gominolas a granel<\/h2>\n\n<ul class=\"wp-block-list\"><li><strong>Forma interesante, llamativa: <\/strong>Compre gominolas al por mayor en lechao, estos caramelos de goma al por mayor tienen una forma \u00fanica de huevo frito y un dise\u00f1o estallante, su aspecto es vivo e interesante, y son muy apreciados por j\u00f3venes y ni\u00f1os.<\/li>\n\n<li><strong>Sabor rebosante, ricas capas: <\/strong>Este caramelo de goma al por mayor contiene mermelada rica, y usted puede experimentar el rico estallido afrutado con un bocado, y el sabor es rico.<\/li>\n\n<li><strong>Venta directa de f\u00e1brica, evidente ventaja de precio: <\/strong>comprar gominolas a granel directamente a la f\u00e1brica, eliminando el eslab\u00f3n intermediario, garantizando que el precio del producto sea competitivo, adecuado para la adquisici\u00f3n a granel.<\/li>\n\n<li><strong>Personalizaci\u00f3n flexible del envase, en l\u00ednea con las necesidades de la marca: <\/strong>Ofrecemos diversas opciones de dise\u00f1o de envases para estos caramelos de goma rellenos de mermelada al por mayor, y podemos personalizar el envase seg\u00fan las necesidades del cliente para satisfacer las diferentes im\u00e1genes de marca y necesidades del mercado.<\/li>\n\n<li><strong>Adecuado para la venta al por mayor y al por menor: <\/strong>Ya sea minorista, marca o proveedor de eventos, comprando gominolas al por mayor puede obtener descuentos, aptos para supermercados, tiendas minoristas y tiendas en l\u00ednea.<\/li><\/ul><\/div>\n\n<div class=\"wp-block-column is-layout-flow wp-block-column-is-layout-flow\"><figure class=\"wp-block-image size-full\"><img decoding=\"async\" width=\"800\" height=\"800\" src=\"https:\/\/www.lechaocandy.com\/wp-content\/uploads\/2025\/06\/Buy-Gummies-In-Bulk-Jam-Filled-Egg-Gummy-Candy-Wholesale-3.webp\" alt=\"Comprar Gominolas Al Por Mayor, Gominolas Rellenas De Mermelada De Huevo Al Por Mayor-3\" class=\"wp-image-1309\" srcset=\"https:\/\/www.lechaocandy.com\/wp-content\/uploads\/2025\/06\/Buy-Gummies-In-Bulk-Jam-Filled-Egg-Gummy-Candy-Wholesale-3.webp 800w, https:\/\/www.lechaocandy.com\/wp-content\/uploads\/2025\/06\/Buy-Gummies-In-Bulk-Jam-Filled-Egg-Gummy-Candy-Wholesale-3-300x300.webp 300w, https:\/\/www.lechaocandy.com\/wp-content\/uploads\/2025\/06\/Buy-Gummies-In-Bulk-Jam-Filled-Egg-Gummy-Candy-Wholesale-3-150x150.webp 150w, https:\/\/www.lechaocandy.com\/wp-content\/uploads\/2025\/06\/Buy-Gummies-In-Bulk-Jam-Filled-Egg-Gummy-Candy-Wholesale-3-768x768.webp 768w, https:\/\/www.lechaocandy.com\/wp-content\/uploads\/2025\/06\/Buy-Gummies-In-Bulk-Jam-Filled-Egg-Gummy-Candy-Wholesale-3-12x12.webp 12w, https:\/\/www.lechaocandy.com\/wp-content\/uploads\/2025\/06\/Buy-Gummies-In-Bulk-Jam-Filled-Egg-Gummy-Candy-Wholesale-3-600x600.webp 600w, https:\/\/www.lechaocandy.com\/wp-content\/uploads\/2025\/06\/Buy-Gummies-In-Bulk-Jam-Filled-Egg-Gummy-Candy-Wholesale-3-100x100.webp 100w\" sizes=\"(max-width: 800px) 100vw, 800px\" \/><\/figure><\/div><\/div>","protected":false},"excerpt":{"rendered":"<p>Bienvenido a comprar gominolas al por mayor. Esta mermelada llena de caramelos de goma al por mayor en forma de huevos fritos tiene un rico sabor y aspecto interesante. Venta directa de f\u00e1brica, precios competitivos, soporte de embalaje personalizado, adecuado para la adquisici\u00f3n al por mayor y promoci\u00f3n de la marca.<\/p>\n<table style=\"border-collapse: collapse; width: 329.02pt;\" border=\"0\" width=\"329\" cellspacing=\"0\" cellpadding=\"0\">\n<tbody>\n<tr style=\"height: 17.60pt;\">\n<td class=\"et2\" style=\"height: 17.60pt; width: 110.80pt;\" width=\"110\" height=\"17\">Fabricante<\/td>\n<td class=\"et2\" style=\"width: 219.15pt;\" width=\"219\">Caramelos LeChao<\/td>\n<\/tr>\n<tr style=\"height: 18.00pt;\">\n<td class=\"et2\" style=\"height: 18.00pt;\" height=\"18\">Tipo de producto<\/td>\n<td class=\"et3\" style=\"width: 219.15pt;\" width=\"219\">Caramelos de goma con huevo relleno de mermelada<\/td>\n<\/tr>\n<tr style=\"height: 18.00pt;\">\n<td class=\"et2\" style=\"height: 18.00pt;\" height=\"18\">Pruebe<\/td>\n<td class=\"et3\" style=\"width: 219.15pt;\" width=\"219\">Agridulce y resistente<\/td>\n<\/tr>\n<tr style=\"height: 17.60pt;\">\n<td class=\"et2\" style=\"height: 17.60pt;\" height=\"17\">Especificaci\u00f3n<\/td>\n<td class=\"et2\">20gx20unidadesx12cajas<\/td>\n<\/tr>\n<tr style=\"height: 17.60pt;\">\n<td class=\"et2\" style=\"height: 17.60pt;\" height=\"17\">Tama\u00f1o de la caja<\/td>\n<td class=\"et2\">46*27*25cm<\/td>\n<\/tr>\n<tr style=\"height: 17.60pt;\">\n<td class=\"et2\" style=\"height: 17.60pt;\" height=\"17\">N.W.\/Cart\u00f3n<\/td>\n<td class=\"et2\">7.0kg<\/td>\n<\/tr>\n<tr style=\"height: 17.60pt;\">\n<td class=\"et2\" style=\"height: 17.60pt;\" height=\"17\">Precio<\/td>\n<td class=\"et2\">28,8USD<\/td>\n<\/tr>\n<tr style=\"height: 17.60pt;\">\n<td class=\"et2\" style=\"height: 17.60pt;\" height=\"17\">MOQ<\/td>\n<td class=\"et2\">500CTNS<\/td>\n<\/tr>\n<tr style=\"height: 17.60pt;\">\n<td class=\"et2\" style=\"height: 17.60pt;\" height=\"17\">Muestra<\/td>\n<td class=\"et2\">Disponible<\/td>\n<\/tr>\n<\/tbody>\n<\/table>","protected":false},"featured_media":1310,"comment_status":"open","ping_status":"closed","template":"","meta":{"_acf_changed":false},"product_brand":[],"product_cat":[27,19],"product_tag":[],"class_list":{"0":"post-1306","1":"product","2":"type-product","3":"status-publish","4":"has-post-thumbnail","6":"product_cat-filled-gummy-candies-supplier","7":"product_cat-wholesale-gummy-manufacturer","9":"first","10":"instock","11":"shipping-taxable","12":"product-type-simple"},"acf":[],"_links":{"self":[{"href":"https:\/\/www.lechaocandy.com\/es\/wp-json\/wp\/v2\/product\/1306","targetHints":{"allow":["GET"]}}],"collection":[{"href":"https:\/\/www.lechaocandy.com\/es\/wp-json\/wp\/v2\/product"}],"about":[{"href":"https:\/\/www.lechaocandy.com\/es\/wp-json\/wp\/v2\/types\/product"}],"replies":[{"embeddable":true,"href":"https:\/\/www.lechaocandy.com\/es\/wp-json\/wp\/v2\/comments?post=1306"}],"wp:featuredmedia":[{"embeddable":true,"href":"https:\/\/www.lechaocandy.com\/es\/wp-json\/wp\/v2\/media\/1310"}],"wp:attachment":[{"href":"https:\/\/www.lechaocandy.com\/es\/wp-json\/wp\/v2\/media?parent=1306"}],"wp:term":[{"taxonomy":"product_brand","embeddable":true,"href":"https:\/\/www.lechaocandy.com\/es\/wp-json\/wp\/v2\/product_brand?post=1306"},{"taxonomy":"product_cat","embeddable":true,"href":"https:\/\/www.lechaocandy.com\/es\/wp-json\/wp\/v2\/product_cat?post=1306"},{"taxonomy":"product_tag","embeddable":true,"href":"https:\/\/www.lechaocandy.com\/es\/wp-json\/wp\/v2\/product_tag?post=1306"}],"curies":[{"name":"wp","href":"https:\/\/api.w.org\/{rel}","templated":true}]}}