{"id":1319,"date":"2025-06-28T07:48:09","date_gmt":"2025-06-28T07:48:09","guid":{"rendered":"https:\/\/www.lechaocandy.com\/?post_type=product&#038;p=1319"},"modified":"2025-06-28T08:00:04","modified_gmt":"2025-06-28T08:00:04","slug":"filled-gummy-candy-wholesale","status":"publish","type":"product","link":"https:\/\/www.lechaocandy.com\/es\/producto\/filled-gummy-candy-wholesale\/","title":{"rendered":"Caramelos de goma rellenos con forma de labios LeChao Caramelos blandos al por mayor"},"content":{"rendered":"<div class=\"wp-block-columns is-layout-flex wp-container-core-columns-is-layout-9d6595d7 wp-block-columns-is-layout-flex\"><div class=\"wp-block-column is-layout-flow wp-block-column-is-layout-flow\"><h2 class=\"wp-block-heading\">Productos destacados de Caramelos de goma rellenos al por mayor<\/h2>\n\n<ul class=\"wp-block-list\"><li><strong>Dise\u00f1o creativo en forma de labio, atractivo \u00fanico: <\/strong>La forma de labios de este caramelo de goma relleno de mermelada al por mayor es novedosa y visualmente impactante, muy adecuada para j\u00f3venes, parejas o actividades de fiesta, y capta f\u00e1cilmente la atenci\u00f3n de los consumidores.<\/li>\n\n<li><strong>Contiene mermelada, de sabor explosivo: <\/strong>Estos caramelos de goma a granel est\u00e1n rellenos de deliciosa mermelada, y estallan nada m\u00e1s morderlos, aportando una rica sensaci\u00f3n de estratificaci\u00f3n y satisfacci\u00f3n, proporcionando una nueva experiencia de postre.<\/li>\n\n<li><strong>Sabor suave, se deshace en la boca: <\/strong>La capa exterior de nuestros caramelos de goma rellenos de mermelada al por mayor es de textura blanda, sabor suave y se deshace f\u00e1cilmente en la boca, lo que se ajusta a las preferencias de todo tipo de consumidores.<\/li>\n\n<li><strong>Apoyo a la personalizaci\u00f3n para satisfacer las necesidades de la marca: <\/strong>Nuestros caramelos de goma a granel pueden personalizarse en sabor, envase, tama\u00f1o, etc. seg\u00fan las necesidades del cliente, proporcionar servicios de personalizaci\u00f3n a medida y mejorar la diferenciaci\u00f3n de la marca.<\/li>\n\n<li><strong>Venta directa al por mayor con precios competitivos:<\/strong> La venta al por mayor de caramelos de goma rellenos de mermelada de Lechao la realiza directamente la f\u00e1brica, eliminando intermediarios y garantizando precios competitivos. Es adecuado para compras al por mayor y ayuda a los clientes a obtener mayores m\u00e1rgenes de beneficio.<\/li><\/ul><\/div>\n\n<div class=\"wp-block-column is-layout-flow wp-block-column-is-layout-flow\"><figure class=\"wp-block-image size-full\"><img decoding=\"async\" width=\"800\" height=\"800\" src=\"https:\/\/www.lechaocandy.com\/wp-content\/uploads\/2025\/06\/LeChao-Lip-shaped-Filled-Gummy-Candy-Wholesale-Soft-Candy-1.webp\" alt=\"LeChao Caramelos de goma rellenos con forma de labios al por mayor Caramelos blandos-1\" class=\"wp-image-1320\" srcset=\"https:\/\/www.lechaocandy.com\/wp-content\/uploads\/2025\/06\/LeChao-Lip-shaped-Filled-Gummy-Candy-Wholesale-Soft-Candy-1.webp 800w, https:\/\/www.lechaocandy.com\/wp-content\/uploads\/2025\/06\/LeChao-Lip-shaped-Filled-Gummy-Candy-Wholesale-Soft-Candy-1-300x300.webp 300w, https:\/\/www.lechaocandy.com\/wp-content\/uploads\/2025\/06\/LeChao-Lip-shaped-Filled-Gummy-Candy-Wholesale-Soft-Candy-1-150x150.webp 150w, https:\/\/www.lechaocandy.com\/wp-content\/uploads\/2025\/06\/LeChao-Lip-shaped-Filled-Gummy-Candy-Wholesale-Soft-Candy-1-768x768.webp 768w, https:\/\/www.lechaocandy.com\/wp-content\/uploads\/2025\/06\/LeChao-Lip-shaped-Filled-Gummy-Candy-Wholesale-Soft-Candy-1-12x12.webp 12w, https:\/\/www.lechaocandy.com\/wp-content\/uploads\/2025\/06\/LeChao-Lip-shaped-Filled-Gummy-Candy-Wholesale-Soft-Candy-1-600x600.webp 600w, https:\/\/www.lechaocandy.com\/wp-content\/uploads\/2025\/06\/LeChao-Lip-shaped-Filled-Gummy-Candy-Wholesale-Soft-Candy-1-100x100.webp 100w\" sizes=\"(max-width: 800px) 100vw, 800px\" \/><\/figure><\/div><\/div>","protected":false},"excerpt":{"rendered":"<p>Bienvenido a comprar caramelos de goma al por mayor. Los caramelos de goma rellenos de mermelada con forma de labios de LeChao se presentan con una creativa forma de labios, deliciosa mermelada y rico sabor. Ideal para la personalizaci\u00f3n de marcas y la compra al por mayor.<\/p>\n<table style=\"border-collapse: collapse; width: 329.02pt;\" border=\"0\" width=\"329\" cellspacing=\"0\" cellpadding=\"0\">\n<tbody>\n<tr style=\"height: 17.60pt;\">\n<td class=\"et2\" style=\"height: 17.60pt; width: 110.80pt;\" width=\"110\" height=\"17\">Fabricante<\/td>\n<td class=\"et2\" style=\"width: 219.15pt;\" width=\"219\">Caramelos LeChao<\/td>\n<\/tr>\n<tr style=\"height: 36.00pt;\">\n<td class=\"et2\" style=\"height: 36.00pt;\" height=\"36\">Tipo de producto<\/td>\n<td class=\"et3\" style=\"width: 219.15pt;\" width=\"219\">Caramelos de goma rellenos de mermelada con forma de labios<\/td>\n<\/tr>\n<tr style=\"height: 18.00pt;\">\n<td class=\"et2\" style=\"height: 18.00pt;\" height=\"18\">Pruebe<\/td>\n<td class=\"et3\" style=\"width: 219.15pt;\" width=\"219\">Agridulce y resistente<\/td>\n<\/tr>\n<tr style=\"height: 17.60pt;\">\n<td class=\"et2\" style=\"height: 17.60pt;\" height=\"17\">Especificaci\u00f3n<\/td>\n<td class=\"et2\">20gx20unidadesx12cajas<\/td>\n<\/tr>\n<tr style=\"height: 17.60pt;\">\n<td class=\"et2\" style=\"height: 17.60pt;\" height=\"17\">Tama\u00f1o de la caja<\/td>\n<td class=\"et2\">46*27*25cm<\/td>\n<\/tr>\n<tr style=\"height: 17.60pt;\">\n<td class=\"et2\" style=\"height: 17.60pt;\" height=\"17\">N.W.\/Cart\u00f3n<\/td>\n<td class=\"et2\">7.0kg<\/td>\n<\/tr>\n<tr style=\"height: 17.60pt;\">\n<td class=\"et2\" style=\"height: 17.60pt;\" height=\"17\">Precio<\/td>\n<td class=\"et2\">28,8USD<\/td>\n<\/tr>\n<tr style=\"height: 17.60pt;\">\n<td class=\"et2\" style=\"height: 17.60pt;\" height=\"17\">MOQ<\/td>\n<td class=\"et2\">500CTNS<\/td>\n<\/tr>\n<tr style=\"height: 17.60pt;\">\n<td class=\"et2\" style=\"height: 17.60pt;\" height=\"17\">Muestra<\/td>\n<td class=\"et2\">Disponible<\/td>\n<\/tr>\n<\/tbody>\n<\/table>","protected":false},"featured_media":1324,"comment_status":"open","ping_status":"closed","template":"","meta":{"_acf_changed":false},"product_brand":[],"product_cat":[27,19],"product_tag":[],"class_list":{"0":"post-1319","1":"product","2":"type-product","3":"status-publish","4":"has-post-thumbnail","6":"product_cat-filled-gummy-candies-supplier","7":"product_cat-wholesale-gummy-manufacturer","9":"first","10":"instock","11":"shipping-taxable","12":"product-type-simple"},"acf":[],"_links":{"self":[{"href":"https:\/\/www.lechaocandy.com\/es\/wp-json\/wp\/v2\/product\/1319","targetHints":{"allow":["GET"]}}],"collection":[{"href":"https:\/\/www.lechaocandy.com\/es\/wp-json\/wp\/v2\/product"}],"about":[{"href":"https:\/\/www.lechaocandy.com\/es\/wp-json\/wp\/v2\/types\/product"}],"replies":[{"embeddable":true,"href":"https:\/\/www.lechaocandy.com\/es\/wp-json\/wp\/v2\/comments?post=1319"}],"wp:featuredmedia":[{"embeddable":true,"href":"https:\/\/www.lechaocandy.com\/es\/wp-json\/wp\/v2\/media\/1324"}],"wp:attachment":[{"href":"https:\/\/www.lechaocandy.com\/es\/wp-json\/wp\/v2\/media?parent=1319"}],"wp:term":[{"taxonomy":"product_brand","embeddable":true,"href":"https:\/\/www.lechaocandy.com\/es\/wp-json\/wp\/v2\/product_brand?post=1319"},{"taxonomy":"product_cat","embeddable":true,"href":"https:\/\/www.lechaocandy.com\/es\/wp-json\/wp\/v2\/product_cat?post=1319"},{"taxonomy":"product_tag","embeddable":true,"href":"https:\/\/www.lechaocandy.com\/es\/wp-json\/wp\/v2\/product_tag?post=1319"}],"curies":[{"name":"wp","href":"https:\/\/api.w.org\/{rel}","templated":true}]}}