{"id":1325,"date":"2025-06-28T08:02:02","date_gmt":"2025-06-28T08:02:02","guid":{"rendered":"https:\/\/www.lechaocandy.com\/?post_type=product&#038;p=1325"},"modified":"2025-06-28T08:14:14","modified_gmt":"2025-06-28T08:14:14","slug":"rose-gummies-bulk","status":"publish","type":"product","link":"https:\/\/www.lechaocandy.com\/es\/producto\/rose-gummies-bulk\/","title":{"rendered":"LeChao Gominolas de Rosa Rellenas de Mermelada a Granel, Caramelos blandos al por mayor"},"content":{"rendered":"<div class=\"wp-block-columns is-layout-flex wp-container-core-columns-is-layout-9d6595d7 wp-block-columns-is-layout-flex\"><div class=\"wp-block-column is-layout-flow wp-block-column-is-layout-flow\"><h2 class=\"wp-block-heading\">Aspectos destacados del producto Gominolas de rosa a granel<\/h2>\n\n<ul class=\"wp-block-list\"><li><strong>Forma de rosa, chic y bonita: <\/strong>Estas gominolas de rosa a granel tienen un dise\u00f1o de forma \u00fanica, aspecto exquisito y creativo, adecuado para regalos, promociones de vacaciones o bodas y otras ocasiones especiales, a\u00f1adiendo un ambiente rom\u00e1ntico.<\/li>\n\n<li><strong>Contiene mermelada, de sabor explosivo: <\/strong>Nuestros caramelos masticables al por mayor est\u00e1n rellenos de rica mermelada, estallan con un mordisco, proporcionando un disfrute gustativo de varios niveles, entrelaz\u00e1ndose lo dulce y lo \u00e1cido.<\/li>\n\n<li><strong>Suave textura gelatinosa, se deshace en la boca: <\/strong>Nuestras gominolas de rosa a granel tienen una suave capa exterior de gelatina, un sabor delicado y suave, se deshacen f\u00e1cilmente en la boca y satisfacen las necesidades gustativas de todo tipo de consumidores de caramelos blandos.<\/li>\n\n<li><strong>Apoyo a la personalizaci\u00f3n para satisfacer las necesidades personalizadas de la marca: <\/strong>Nuestros caramelos masticables al por mayor pueden personalizarse en sabor, envase, color, etc. seg\u00fan las necesidades de la marca, y admiten OEM\/ODM.<\/li>\n\n<li><strong>Venta directa de f\u00e1brica con precio competitivo: <\/strong>Nuestras gominolas de rosa a granel proceden directamente de la f\u00e1brica de LeChao, lo que garantiza un precio competitivo, adecuado para compras al por mayor.<\/li><\/ul><\/div>\n\n<div class=\"wp-block-column is-layout-flow wp-block-column-is-layout-flow\"><figure class=\"wp-block-image size-full\"><img decoding=\"async\" width=\"800\" height=\"800\" src=\"https:\/\/www.lechaocandy.com\/wp-content\/uploads\/2025\/06\/LeChao-Jam-Filled-Rose-Gummies-Bulk-Wholesale-Soft-Candy-1.webp\" alt=\"LeChao Caramelos de goma rellenos de mermelada de rosa a granel, caramelos blandos al por mayor-1\" class=\"wp-image-1328\" srcset=\"https:\/\/www.lechaocandy.com\/wp-content\/uploads\/2025\/06\/LeChao-Jam-Filled-Rose-Gummies-Bulk-Wholesale-Soft-Candy-1.webp 800w, https:\/\/www.lechaocandy.com\/wp-content\/uploads\/2025\/06\/LeChao-Jam-Filled-Rose-Gummies-Bulk-Wholesale-Soft-Candy-1-300x300.webp 300w, https:\/\/www.lechaocandy.com\/wp-content\/uploads\/2025\/06\/LeChao-Jam-Filled-Rose-Gummies-Bulk-Wholesale-Soft-Candy-1-150x150.webp 150w, https:\/\/www.lechaocandy.com\/wp-content\/uploads\/2025\/06\/LeChao-Jam-Filled-Rose-Gummies-Bulk-Wholesale-Soft-Candy-1-768x768.webp 768w, https:\/\/www.lechaocandy.com\/wp-content\/uploads\/2025\/06\/LeChao-Jam-Filled-Rose-Gummies-Bulk-Wholesale-Soft-Candy-1-12x12.webp 12w, https:\/\/www.lechaocandy.com\/wp-content\/uploads\/2025\/06\/LeChao-Jam-Filled-Rose-Gummies-Bulk-Wholesale-Soft-Candy-1-600x600.webp 600w, https:\/\/www.lechaocandy.com\/wp-content\/uploads\/2025\/06\/LeChao-Jam-Filled-Rose-Gummies-Bulk-Wholesale-Soft-Candy-1-100x100.webp 100w\" sizes=\"(max-width: 800px) 100vw, 800px\" \/><\/figure><\/div><\/div>","protected":false},"excerpt":{"rendered":"<p>Bienvenido a comprar caramelos masticables al por mayor. Las gominolas de rosa al por mayor de LeChao contienen deliciosa mermelada, suave textura gelatinosa en el exterior y rico sabor. Adecuado para compras al por mayor y la personalizaci\u00f3n de la marca, el apoyo a una variedad de opciones de embalaje.<\/p>\n<table style=\"border-collapse: collapse; width: 329.02pt;\" border=\"0\" width=\"329\" cellspacing=\"0\" cellpadding=\"0\">\n<tbody>\n<tr style=\"height: 17.60pt;\">\n<td class=\"et2\" style=\"height: 17.60pt; width: 110.80pt;\" width=\"110\" height=\"17\">Fabricante<\/td>\n<td class=\"et2\" style=\"width: 219.15pt;\" width=\"219\">Caramelos LeChao<\/td>\n<\/tr>\n<tr style=\"height: 18.00pt;\">\n<td class=\"et2\" style=\"height: 18.00pt;\" height=\"18\">Tipo de producto<\/td>\n<td class=\"et3\" style=\"width: 219.15pt;\" width=\"219\">Caramelos de goma de rosa rellenos de mermelada<\/td>\n<\/tr>\n<tr style=\"height: 18.00pt;\">\n<td class=\"et2\" style=\"height: 18.00pt;\" height=\"18\">Pruebe<\/td>\n<td class=\"et3\" style=\"width: 219.15pt;\" width=\"219\">Agridulce y resistente<\/td>\n<\/tr>\n<tr style=\"height: 17.60pt;\">\n<td class=\"et2\" style=\"height: 17.60pt;\" height=\"17\">Especificaci\u00f3n<\/td>\n<td class=\"et2\">20gx20unidadesx12cajas<\/td>\n<\/tr>\n<tr style=\"height: 17.60pt;\">\n<td class=\"et2\" style=\"height: 17.60pt;\" height=\"17\">Tama\u00f1o de la caja<\/td>\n<td class=\"et2\">46*27*25cm<\/td>\n<\/tr>\n<tr style=\"height: 17.60pt;\">\n<td class=\"et2\" style=\"height: 17.60pt;\" height=\"17\">N.W.\/Cart\u00f3n<\/td>\n<td class=\"et2\">7.0kg<\/td>\n<\/tr>\n<tr style=\"height: 17.60pt;\">\n<td class=\"et2\" style=\"height: 17.60pt;\" height=\"17\">Precio<\/td>\n<td class=\"et2\">28,8USD<\/td>\n<\/tr>\n<tr style=\"height: 17.60pt;\">\n<td class=\"et2\" style=\"height: 17.60pt;\" height=\"17\">MOQ<\/td>\n<td class=\"et2\">500CTNS<\/td>\n<\/tr>\n<tr style=\"height: 17.60pt;\">\n<td class=\"et2\" style=\"height: 17.60pt;\" height=\"17\">Muestra<\/td>\n<td class=\"et2\">Disponible<\/td>\n<\/tr>\n<\/tbody>\n<\/table>","protected":false},"featured_media":1326,"comment_status":"open","ping_status":"closed","template":"","meta":{"_acf_changed":false},"product_brand":[],"product_cat":[27,19],"product_tag":[],"class_list":{"0":"post-1325","1":"product","2":"type-product","3":"status-publish","4":"has-post-thumbnail","6":"product_cat-filled-gummy-candies-supplier","7":"product_cat-wholesale-gummy-manufacturer","9":"first","10":"instock","11":"shipping-taxable","12":"product-type-simple"},"acf":[],"_links":{"self":[{"href":"https:\/\/www.lechaocandy.com\/es\/wp-json\/wp\/v2\/product\/1325","targetHints":{"allow":["GET"]}}],"collection":[{"href":"https:\/\/www.lechaocandy.com\/es\/wp-json\/wp\/v2\/product"}],"about":[{"href":"https:\/\/www.lechaocandy.com\/es\/wp-json\/wp\/v2\/types\/product"}],"replies":[{"embeddable":true,"href":"https:\/\/www.lechaocandy.com\/es\/wp-json\/wp\/v2\/comments?post=1325"}],"wp:featuredmedia":[{"embeddable":true,"href":"https:\/\/www.lechaocandy.com\/es\/wp-json\/wp\/v2\/media\/1326"}],"wp:attachment":[{"href":"https:\/\/www.lechaocandy.com\/es\/wp-json\/wp\/v2\/media?parent=1325"}],"wp:term":[{"taxonomy":"product_brand","embeddable":true,"href":"https:\/\/www.lechaocandy.com\/es\/wp-json\/wp\/v2\/product_brand?post=1325"},{"taxonomy":"product_cat","embeddable":true,"href":"https:\/\/www.lechaocandy.com\/es\/wp-json\/wp\/v2\/product_cat?post=1325"},{"taxonomy":"product_tag","embeddable":true,"href":"https:\/\/www.lechaocandy.com\/es\/wp-json\/wp\/v2\/product_tag?post=1325"}],"curies":[{"name":"wp","href":"https:\/\/api.w.org\/{rel}","templated":true}]}}