{"id":1355,"date":"2025-07-01T09:51:49","date_gmt":"2025-07-01T09:51:49","guid":{"rendered":"https:\/\/www.lechaocandy.com\/?post_type=product&#038;p=1355"},"modified":"2025-10-08T09:20:59","modified_gmt":"2025-10-08T09:20:59","slug":"wholesale-chewy-candy","status":"publish","type":"product","link":"https:\/\/www.lechaocandy.com\/es\/producto\/wholesale-chewy-candy\/","title":{"rendered":"Caramelos masticables al por mayor LeChao, Gominolas Tetris Juguet\u00f3n al por mayor"},"content":{"rendered":"<div class=\"wp-block-columns is-layout-flex wp-container-core-columns-is-layout-9d6595d7 wp-block-columns-is-layout-flex\"><div class=\"wp-block-column is-layout-flow wp-block-column-is-layout-flow\"><h2 class=\"wp-block-heading\">Productos destacados de Caramelos masticables al por mayor<\/h2>\n\n<ul class=\"wp-block-list\"><li><strong>Forma creativa de Tetris, tanto sentido del juego como belleza:<\/strong> Este caramelo masticable al por mayor recupera en gran medida los elementos cl\u00e1sicos del Tetris, se puede montar y combinar libremente, aumenta la diversi\u00f3n y atrae la atenci\u00f3n de los ni\u00f1os y los entusiastas de los juegos.<\/li>\n\n<li><strong>Masticable y afrutado<\/strong>: Estas gominolas Tetris a granel son blandas y no pegajosas, suaves en la boca, y ofrecen una gran variedad de sabores de frutas, como ar\u00e1ndano, naranja, manzana, fresa, etc., para satisfacer las necesidades de m\u00faltiples gustos.<\/li>\n\n<li><strong>Colores vivos y gran atractivo visual: <\/strong>Nuestros caramelos masticables al por mayor se combinan con colores brillantes y formas tridimensionales para mejorar el rendimiento en los estantes y el deseo de compra, adecuados para promociones navide\u00f1as, fiestas infantiles y combinaciones de envases de regalo.<\/li>\n\n<li><strong>Venta al por mayor de paquetes grandes, aptos para m\u00faltiples canales de venta: <\/strong>Proporcionamos bolsas a granel de gran capacidad para gominolas Tetris a granel, adecuadas para el \u00e1rea de pesaje a granel de supermercados, paquetes combinados de comercio electr\u00f3nico, tiendas especializadas en aperitivos y etiquetado privado OEM.<\/li>\n\n<li><strong>Apoyo a los servicios de personalizaci\u00f3n OEM\/ODM:<\/strong> LeChao proporciona soluciones profesionales de caramelos personalizados para la venta al por mayor de caramelos masticables, incluyendo el sabor, la forma, el dise\u00f1o del envase y la personalizaci\u00f3n del logotipo de la marca, para ayudar a los clientes a crear productos diferenciados.<\/li><\/ul><\/div>\n\n<div class=\"wp-block-column is-layout-flow wp-block-column-is-layout-flow\"><figure class=\"wp-block-image size-full\"><img decoding=\"async\" width=\"800\" height=\"800\" src=\"https:\/\/www.lechaocandy.com\/wp-content\/uploads\/2025\/07\/LeChao-Wholesale-Chewy-Candy-Playful-Tetris-Gummies-In-Bulk-2.webp\" alt=\"Caramelos masticables al por mayor LeChao, Gominolas Tetris Juguet\u00f3n al por mayor-2\" class=\"wp-image-1361\" srcset=\"https:\/\/www.lechaocandy.com\/wp-content\/uploads\/2025\/07\/LeChao-Wholesale-Chewy-Candy-Playful-Tetris-Gummies-In-Bulk-2.webp 800w, https:\/\/www.lechaocandy.com\/wp-content\/uploads\/2025\/07\/LeChao-Wholesale-Chewy-Candy-Playful-Tetris-Gummies-In-Bulk-2-300x300.webp 300w, https:\/\/www.lechaocandy.com\/wp-content\/uploads\/2025\/07\/LeChao-Wholesale-Chewy-Candy-Playful-Tetris-Gummies-In-Bulk-2-150x150.webp 150w, https:\/\/www.lechaocandy.com\/wp-content\/uploads\/2025\/07\/LeChao-Wholesale-Chewy-Candy-Playful-Tetris-Gummies-In-Bulk-2-768x768.webp 768w, https:\/\/www.lechaocandy.com\/wp-content\/uploads\/2025\/07\/LeChao-Wholesale-Chewy-Candy-Playful-Tetris-Gummies-In-Bulk-2-12x12.webp 12w, https:\/\/www.lechaocandy.com\/wp-content\/uploads\/2025\/07\/LeChao-Wholesale-Chewy-Candy-Playful-Tetris-Gummies-In-Bulk-2-600x600.webp 600w, https:\/\/www.lechaocandy.com\/wp-content\/uploads\/2025\/07\/LeChao-Wholesale-Chewy-Candy-Playful-Tetris-Gummies-In-Bulk-2-100x100.webp 100w\" sizes=\"(max-width: 800px) 100vw, 800px\" \/><\/figure><\/div><\/div>","protected":false},"excerpt":{"rendered":"<p>Bienvenido a comprar caramelos masticables al por mayor. Las gominolas Tetris de LeChao al por mayor est\u00e1n dise\u00f1adas en una variedad de formas de bloque, con colores brillantes y ricos sabores afrutados, que son a la vez divertidos y deliciosos. Adecuadas para ni\u00f1os, familias de padres e hijos y el mercado informal de aperitivos.<\/p>\n<table style=\"border-collapse: collapse; width: 329.02pt;\" border=\"0\" width=\"329\" cellspacing=\"0\" cellpadding=\"0\">\n<tbody>\n<tr style=\"height: 17.60pt;\">\n<td class=\"et2\" style=\"height: 17.60pt; width: 110.80pt;\" width=\"110\" height=\"17\">Fabricante<\/td>\n<td class=\"et2\" style=\"width: 219.15pt;\" width=\"219\">Caramelos LeChao<\/td>\n<\/tr>\n<tr style=\"height: 18.00pt;\">\n<td class=\"et2\" style=\"height: 18.00pt;\" height=\"18\">Tipo de producto<\/td>\n<td class=\"et3\" style=\"width: 219.15pt;\" width=\"219\">Caramelos de goma Tetris<\/td>\n<\/tr>\n<tr style=\"height: 18.00pt;\">\n<td class=\"et2\" style=\"height: 18.00pt;\" height=\"18\">Pruebe<\/td>\n<td class=\"et3\" style=\"width: 219.15pt;\" width=\"219\">Agridulce y resistente<\/td>\n<\/tr>\n<tr style=\"height: 17.60pt;\">\n<td class=\"et2\" style=\"height: 17.60pt;\" height=\"17\">Especificaci\u00f3n<\/td>\n<td class=\"et2\">120gx48bolsas<\/td>\n<\/tr>\n<tr style=\"height: 17.60pt;\">\n<td class=\"et2\" style=\"height: 17.60pt;\" height=\"17\">Tama\u00f1o de la caja<\/td>\n<td class=\"et2\">39*26*18cm<\/td>\n<\/tr>\n<tr style=\"height: 17.60pt;\">\n<td class=\"et2\" style=\"height: 17.60pt;\" height=\"17\">N.W.\/Cart\u00f3n<\/td>\n<td class=\"et2\">8.0kg<\/td>\n<\/tr>\n<tr style=\"height: 17.60pt;\">\n<td class=\"et2\" style=\"height: 17.60pt;\" height=\"17\">Precio<\/td>\n<td class=\"et2\">24USD<\/td>\n<\/tr>\n<tr style=\"height: 17.60pt;\">\n<td class=\"et2\" style=\"height: 17.60pt;\" height=\"17\">MOQ<\/td>\n<td class=\"et2\">500CTNS<\/td>\n<\/tr>\n<tr style=\"height: 17.60pt;\">\n<td class=\"et2\" style=\"height: 17.60pt;\" height=\"17\">Muestra<\/td>\n<td class=\"et2\">Disponible<\/td>\n<\/tr>\n<\/tbody>\n<\/table>","protected":false},"featured_media":1360,"comment_status":"open","ping_status":"closed","template":"","meta":{"_acf_changed":false},"product_brand":[],"product_cat":[19],"product_tag":[],"class_list":{"0":"post-1355","1":"product","2":"type-product","3":"status-publish","4":"has-post-thumbnail","6":"product_cat-wholesale-gummy-manufacturer","8":"first","9":"instock","10":"shipping-taxable","11":"product-type-simple"},"acf":[],"_links":{"self":[{"href":"https:\/\/www.lechaocandy.com\/es\/wp-json\/wp\/v2\/product\/1355","targetHints":{"allow":["GET"]}}],"collection":[{"href":"https:\/\/www.lechaocandy.com\/es\/wp-json\/wp\/v2\/product"}],"about":[{"href":"https:\/\/www.lechaocandy.com\/es\/wp-json\/wp\/v2\/types\/product"}],"replies":[{"embeddable":true,"href":"https:\/\/www.lechaocandy.com\/es\/wp-json\/wp\/v2\/comments?post=1355"}],"wp:featuredmedia":[{"embeddable":true,"href":"https:\/\/www.lechaocandy.com\/es\/wp-json\/wp\/v2\/media\/1360"}],"wp:attachment":[{"href":"https:\/\/www.lechaocandy.com\/es\/wp-json\/wp\/v2\/media?parent=1355"}],"wp:term":[{"taxonomy":"product_brand","embeddable":true,"href":"https:\/\/www.lechaocandy.com\/es\/wp-json\/wp\/v2\/product_brand?post=1355"},{"taxonomy":"product_cat","embeddable":true,"href":"https:\/\/www.lechaocandy.com\/es\/wp-json\/wp\/v2\/product_cat?post=1355"},{"taxonomy":"product_tag","embeddable":true,"href":"https:\/\/www.lechaocandy.com\/es\/wp-json\/wp\/v2\/product_tag?post=1355"}],"curies":[{"name":"wp","href":"https:\/\/api.w.org\/{rel}","templated":true}]}}