{"id":1363,"date":"2025-07-01T10:03:27","date_gmt":"2025-07-01T10:03:27","guid":{"rendered":"https:\/\/www.lechaocandy.com\/?post_type=product&#038;p=1363"},"modified":"2025-10-08T09:20:34","modified_gmt":"2025-10-08T09:20:34","slug":"bulk-chewy-candies","status":"publish","type":"product","link":"https:\/\/www.lechaocandy.com\/es\/producto\/bulk-chewy-candies\/","title":{"rendered":"Caramelos masticables juguetones a granel, Gominolas Tetris LeChao al por mayor"},"content":{"rendered":"<div class=\"wp-block-columns is-layout-flex wp-container-core-columns-is-layout-9d6595d7 wp-block-columns-is-layout-flex\"><div class=\"wp-block-column is-layout-flow wp-block-column-is-layout-flow\"><h2 class=\"wp-block-heading\">Productos destacados de los caramelos masticables a granel<\/h2>\n\n<ul class=\"wp-block-list\"><li><strong>Forma de bloque de Tetris, llena de creatividad:<\/strong> Estos caramelos masticables a granel est\u00e1n inspirados en el juego Tetris, dise\u00f1ados con una variedad de formas de bloque cl\u00e1sicas, que se pueden montar libremente, y son a la vez jugables e interesantes, atrayendo a ni\u00f1os y entusiastas de la cultura de los juegos.<\/li>\n\n<li><strong>Cuerpo de az\u00facar transparente cristalino, aspecto en l\u00ednea: <\/strong>Nuestras gominolas Tetris al por mayor utilizan una f\u00f3rmula de gominola transparente, el cuerpo de az\u00facar es tan claro como el cristal, y con colores brillantes de frutas, es muy llamativo en los estantes y en las redes sociales.<\/li>\n\n<li><strong>Aroma afrutado, rico sabor: <\/strong>Nuestros caramelos masticables a granel utilizan materias primas de gelatina de alta calidad para dar al caramelo flexibilidad y elasticidad, y una rica experiencia masticatoria. Una gran variedad de sabores frutales (ar\u00e1ndano, mango, naranja, manzana, etc.) permiten disfrutar de un sabor variado.<\/li>\n\n<li><strong>Venta al por mayor de paquetes grandes, adecuado para ventas en m\u00faltiples escenarios: <\/strong>Proporcionamos gominolas Tetris al por mayor con bolsas a granel de gran capacidad de diversas especificaciones, adecuadas para el pesaje a granel en supermercados, bolsas de regalo para fiestas infantiles, paquetes combinados de aperitivos para comercio electr\u00f3nico o lotes de regalo para fiestas.<\/li>\n\n<li><strong>Apoye los servicios personalizados para crear caramelos creativos exclusivos: <\/strong>LeChao ofrece servicios flexibles de OEM\/ODM para caramelos masticables a granel con el fin de ayudar a los clientes a diferenciarse de la competencia y construir sus marcas.<\/li><\/ul><\/div>\n\n<div class=\"wp-block-column is-layout-flow wp-block-column-is-layout-flow\"><figure class=\"wp-block-image size-full\"><img decoding=\"async\" width=\"800\" height=\"800\" src=\"https:\/\/www.lechaocandy.com\/wp-content\/uploads\/2025\/07\/Playful-Bulk-Chewy-Candies-LeChao-Tetris-Gummies-Wholesale-4.webp\" alt=\"Caramelos masticables a granel juguetones, Gominolas LeChao Tetris al por mayor-4\" class=\"wp-image-1364\" srcset=\"https:\/\/www.lechaocandy.com\/wp-content\/uploads\/2025\/07\/Playful-Bulk-Chewy-Candies-LeChao-Tetris-Gummies-Wholesale-4.webp 800w, https:\/\/www.lechaocandy.com\/wp-content\/uploads\/2025\/07\/Playful-Bulk-Chewy-Candies-LeChao-Tetris-Gummies-Wholesale-4-300x300.webp 300w, https:\/\/www.lechaocandy.com\/wp-content\/uploads\/2025\/07\/Playful-Bulk-Chewy-Candies-LeChao-Tetris-Gummies-Wholesale-4-150x150.webp 150w, https:\/\/www.lechaocandy.com\/wp-content\/uploads\/2025\/07\/Playful-Bulk-Chewy-Candies-LeChao-Tetris-Gummies-Wholesale-4-768x768.webp 768w, https:\/\/www.lechaocandy.com\/wp-content\/uploads\/2025\/07\/Playful-Bulk-Chewy-Candies-LeChao-Tetris-Gummies-Wholesale-4-12x12.webp 12w, https:\/\/www.lechaocandy.com\/wp-content\/uploads\/2025\/07\/Playful-Bulk-Chewy-Candies-LeChao-Tetris-Gummies-Wholesale-4-600x600.webp 600w, https:\/\/www.lechaocandy.com\/wp-content\/uploads\/2025\/07\/Playful-Bulk-Chewy-Candies-LeChao-Tetris-Gummies-Wholesale-4-100x100.webp 100w\" sizes=\"(max-width: 800px) 100vw, 800px\" \/><\/figure><\/div><\/div>","protected":false},"excerpt":{"rendered":"<p>Bienvenido a comprar caramelos masticables al por mayor. Las gominolas Tetris al por mayor de LeChao son coloridas y afrutadas, con cuerpos de az\u00facar transparentes y cristalinos, que resultan visualmente atractivos y de buen gusto. Adecuadas para ventas al por mayor, paquetes combinados de comercio electr\u00f3nico, bolsas de regalo navide\u00f1as, etc.<\/p>\n<table style=\"border-collapse: collapse; width: 329.02pt;\" border=\"0\" width=\"329\" cellspacing=\"0\" cellpadding=\"0\">\n<tbody>\n<tr style=\"height: 17.60pt;\">\n<td class=\"et2\" style=\"height: 17.60pt; width: 110.80pt;\" width=\"110\" height=\"17\">Fabricante<\/td>\n<td class=\"et2\" style=\"width: 219.15pt;\" width=\"219\">Caramelos LeChao<\/td>\n<\/tr>\n<tr style=\"height: 18.00pt;\">\n<td class=\"et2\" style=\"height: 18.00pt;\" height=\"18\">Tipo de producto<\/td>\n<td class=\"et3\" style=\"width: 219.15pt;\" width=\"219\">Caramelos de goma Tetris<\/td>\n<\/tr>\n<tr style=\"height: 18.00pt;\">\n<td class=\"et2\" style=\"height: 18.00pt;\" height=\"18\">Pruebe<\/td>\n<td class=\"et3\" style=\"width: 219.15pt;\" width=\"219\">Agridulce y resistente<\/td>\n<\/tr>\n<tr style=\"height: 17.60pt;\">\n<td class=\"et2\" style=\"height: 17.60pt;\" height=\"17\">Especificaci\u00f3n<\/td>\n<td class=\"et2\">26gx20bolsasx12cajas<\/td>\n<\/tr>\n<tr style=\"height: 17.60pt;\">\n<td class=\"et2\" style=\"height: 17.60pt;\" height=\"17\">Tama\u00f1o de la caja<\/td>\n<td class=\"et2\">39.5*31.5*31cm<\/td>\n<\/tr>\n<tr style=\"height: 17.60pt;\">\n<td class=\"et2\" style=\"height: 17.60pt;\" height=\"17\">N.W.\/Cart\u00f3n<\/td>\n<td class=\"et2\">9.0kg<\/td>\n<\/tr>\n<tr style=\"height: 17.60pt;\">\n<td class=\"et2\" style=\"height: 17.60pt;\" height=\"17\">Precio<\/td>\n<td class=\"et2\">31,2USD<\/td>\n<\/tr>\n<tr style=\"height: 17.60pt;\">\n<td class=\"et2\" style=\"height: 17.60pt;\" height=\"17\">MOQ<\/td>\n<td class=\"et2\">500CTNS<\/td>\n<\/tr>\n<tr style=\"height: 17.60pt;\">\n<td class=\"et2\" style=\"height: 17.60pt;\" height=\"17\">Muestra<\/td>\n<td class=\"et2\">Disponible<\/td>\n<\/tr>\n<\/tbody>\n<\/table>","protected":false},"featured_media":1366,"comment_status":"open","ping_status":"closed","template":"","meta":{"_acf_changed":false},"product_brand":[],"product_cat":[19],"product_tag":[],"class_list":{"0":"post-1363","1":"product","2":"type-product","3":"status-publish","4":"has-post-thumbnail","6":"product_cat-wholesale-gummy-manufacturer","8":"first","9":"instock","10":"shipping-taxable","11":"product-type-simple"},"acf":[],"_links":{"self":[{"href":"https:\/\/www.lechaocandy.com\/es\/wp-json\/wp\/v2\/product\/1363","targetHints":{"allow":["GET"]}}],"collection":[{"href":"https:\/\/www.lechaocandy.com\/es\/wp-json\/wp\/v2\/product"}],"about":[{"href":"https:\/\/www.lechaocandy.com\/es\/wp-json\/wp\/v2\/types\/product"}],"replies":[{"embeddable":true,"href":"https:\/\/www.lechaocandy.com\/es\/wp-json\/wp\/v2\/comments?post=1363"}],"wp:featuredmedia":[{"embeddable":true,"href":"https:\/\/www.lechaocandy.com\/es\/wp-json\/wp\/v2\/media\/1366"}],"wp:attachment":[{"href":"https:\/\/www.lechaocandy.com\/es\/wp-json\/wp\/v2\/media?parent=1363"}],"wp:term":[{"taxonomy":"product_brand","embeddable":true,"href":"https:\/\/www.lechaocandy.com\/es\/wp-json\/wp\/v2\/product_brand?post=1363"},{"taxonomy":"product_cat","embeddable":true,"href":"https:\/\/www.lechaocandy.com\/es\/wp-json\/wp\/v2\/product_cat?post=1363"},{"taxonomy":"product_tag","embeddable":true,"href":"https:\/\/www.lechaocandy.com\/es\/wp-json\/wp\/v2\/product_tag?post=1363"}],"curies":[{"name":"wp","href":"https:\/\/api.w.org\/{rel}","templated":true}]}}