{"id":1368,"date":"2025-07-01T10:15:07","date_gmt":"2025-07-01T10:15:07","guid":{"rendered":"https:\/\/www.lechaocandy.com\/?post_type=product&#038;p=1368"},"modified":"2025-10-09T06:26:20","modified_gmt":"2025-10-09T06:26:20","slug":"jelly-rings-bulk","status":"publish","type":"product","link":"https:\/\/www.lechaocandy.com\/es\/producto\/jelly-rings-bulk\/","title":{"rendered":"Lechao Jelly Rings al por mayor, caramelos de goma con sabor a fruta al por mayor"},"content":{"rendered":"<div class=\"wp-block-columns is-layout-flex wp-container-core-columns-is-layout-9d6595d7 wp-block-columns-is-layout-flex\"><div class=\"wp-block-column is-layout-flow wp-block-column-is-layout-flow\"><h2 class=\"wp-block-heading\">Productos destacados de Anillos de gelatina a granel<\/h2>\n\n<ul class=\"wp-block-list\"><li><strong>Forma cl\u00e1sica de anillo de az\u00facar, popular: <\/strong>Nuestros anillos de gelatina a granel adoptan el dise\u00f1o tradicional de anillo de caramelo blando afrutado, redondo y hueco, recubierto de az\u00facar, de aspecto sencillo y agradable, y son los estilos evergreen m\u00e1s vendidos en diversos canales.<\/li>\n\n<li><strong>Envuelto en polvo de az\u00facar, agrio y dulce con capas: <\/strong>Estos caramelos de goma al por mayor est\u00e1n recubiertos de az\u00facar fino o az\u00facar agrio en polvo en la superficie, aportando una ligera sensaci\u00f3n arenosa, con un n\u00facleo interior afrutado, formando una experiencia de sabor m\u00faltiple \"agrio y crujiente por fuera, flexible por dentro\".<\/li>\n\n<li><strong>Rico aroma afrutado: <\/strong>Nuestros anillos de gelatina a granel utilizan materias primas a base de goma de alta calidad y aromas naturales para dar al cuerpo de az\u00facar un rico sabor afrutado y un gusto el\u00e1stico, apto para ni\u00f1os y adultos.<\/li>\n\n<li><strong>Adecuado para la venta multicanal, el envase grande es m\u00e1s flexible: <\/strong>Nuestros caramelos de goma al por mayor admiten diversos modelos de venta, como la venta al por mayor al por mayor, los envases mixtos cuantitativos, los envases combinados de comercio electr\u00f3nico, los paquetes de regalo y los caramelos navide\u00f1os para satisfacer las distintas necesidades del mercado.<\/li>\n\n<li><strong>Apoyo a los servicios de personalizaci\u00f3n OEM\/ODM: <\/strong>LeChao ofrece servicios de personalizaci\u00f3n del color, el sabor, la forma y el envase de los anillos de gelatina a granel, lo que resulta id\u00f3neo para crear una serie de caramelos de marca exclusiva y mejorar la competitividad de diferenciaci\u00f3n del producto.<\/li><\/ul><\/div>\n\n<div class=\"wp-block-column is-layout-flow wp-block-column-is-layout-flow\"><figure class=\"wp-block-image size-full\"><img decoding=\"async\" width=\"800\" height=\"800\" src=\"https:\/\/www.lechaocandy.com\/wp-content\/uploads\/2025\/07\/LeChao-Jelly-Rings-Bulk-Sugar-Coated-Gummy-Candy-Wholesale-6.webp\" alt=\"LeChao Jelly Rings Granel, Caramelos de goma recubiertos de az\u00facar al por mayor-6\" class=\"wp-image-1374\" srcset=\"https:\/\/www.lechaocandy.com\/wp-content\/uploads\/2025\/07\/LeChao-Jelly-Rings-Bulk-Sugar-Coated-Gummy-Candy-Wholesale-6.webp 800w, https:\/\/www.lechaocandy.com\/wp-content\/uploads\/2025\/07\/LeChao-Jelly-Rings-Bulk-Sugar-Coated-Gummy-Candy-Wholesale-6-300x300.webp 300w, https:\/\/www.lechaocandy.com\/wp-content\/uploads\/2025\/07\/LeChao-Jelly-Rings-Bulk-Sugar-Coated-Gummy-Candy-Wholesale-6-150x150.webp 150w, https:\/\/www.lechaocandy.com\/wp-content\/uploads\/2025\/07\/LeChao-Jelly-Rings-Bulk-Sugar-Coated-Gummy-Candy-Wholesale-6-768x768.webp 768w, https:\/\/www.lechaocandy.com\/wp-content\/uploads\/2025\/07\/LeChao-Jelly-Rings-Bulk-Sugar-Coated-Gummy-Candy-Wholesale-6-12x12.webp 12w, https:\/\/www.lechaocandy.com\/wp-content\/uploads\/2025\/07\/LeChao-Jelly-Rings-Bulk-Sugar-Coated-Gummy-Candy-Wholesale-6-600x600.webp 600w, https:\/\/www.lechaocandy.com\/wp-content\/uploads\/2025\/07\/LeChao-Jelly-Rings-Bulk-Sugar-Coated-Gummy-Candy-Wholesale-6-100x100.webp 100w\" sizes=\"(max-width: 800px) 100vw, 800px\" \/><\/figure><\/div><\/div>","protected":false},"excerpt":{"rendered":"<p>Bienvenido a comprar caramelos de goma al por mayor. Los anillos de gominola afrutados al por mayor de LeChao son coloridos, est\u00e1n recubiertos de polvo de az\u00facar fino y tienen un sabor muy estratificado. Hay una gran variedad de combinaciones de colores y frutas, y se ofrecen servicios de personalizaci\u00f3n OEM.<\/p>\n<table style=\"border-collapse: collapse; width: 329.02pt;\" border=\"0\" width=\"329\" cellspacing=\"0\" cellpadding=\"0\">\n<tbody>\n<tr style=\"height: 17.60pt;\">\n<td class=\"et2\" style=\"height: 17.60pt; width: 110.80pt;\" width=\"110\" height=\"17\">Fabricante<\/td>\n<td class=\"et2\" style=\"width: 219.15pt;\" width=\"219\">Caramelos LeChao<\/td>\n<\/tr>\n<tr style=\"height: 18.00pt;\">\n<td class=\"et2\" style=\"height: 18.00pt;\" height=\"18\">Tipo de producto<\/td>\n<td class=\"et3\" style=\"width: 219.15pt;\" width=\"219\">Caramelos de goma<\/td>\n<\/tr>\n<tr style=\"height: 18.00pt;\">\n<td class=\"et2\" style=\"height: 18.00pt;\" height=\"18\">Pruebe<\/td>\n<td class=\"et3\" style=\"width: 219.15pt;\" width=\"219\">Agridulce y resistente<\/td>\n<\/tr>\n<tr style=\"height: 17.60pt;\">\n<td class=\"et2\" style=\"height: 17.60pt;\" height=\"17\">Especificaci\u00f3n<\/td>\n<td class=\"et2\">120gX48bolsas<\/td>\n<\/tr>\n<tr style=\"height: 17.60pt;\">\n<td class=\"et2\" style=\"height: 17.60pt;\" height=\"17\">Tama\u00f1o de la caja<\/td>\n<td class=\"et2\">39*26*23cm<\/td>\n<\/tr>\n<tr style=\"height: 17.60pt;\">\n<td class=\"et2\" style=\"height: 17.60pt;\" height=\"17\">N.W.\/Cart\u00f3n<\/td>\n<td class=\"et2\">7,5 kg<\/td>\n<\/tr>\n<tr style=\"height: 17.60pt;\">\n<td class=\"et2\" style=\"height: 17.60pt;\" height=\"17\">Precio<\/td>\n<td class=\"et2\">24USD<\/td>\n<\/tr>\n<tr style=\"height: 17.60pt;\">\n<td class=\"et2\" style=\"height: 17.60pt;\" height=\"17\">MOQ<\/td>\n<td class=\"et2\">500CTNS<\/td>\n<\/tr>\n<tr style=\"height: 17.60pt;\">\n<td class=\"et2\" style=\"height: 17.60pt;\" height=\"17\">Muestra<\/td>\n<td class=\"et2\">Disponible<\/td>\n<\/tr>\n<\/tbody>\n<\/table>","protected":false},"featured_media":1371,"comment_status":"open","ping_status":"closed","template":"","meta":{"_acf_changed":false},"product_brand":[],"product_cat":[19,28],"product_tag":[],"class_list":{"0":"post-1368","1":"product","2":"type-product","3":"status-publish","4":"has-post-thumbnail","6":"product_cat-wholesale-gummy-manufacturer","7":"product_cat-bulk-sour-gummies","9":"first","10":"instock","11":"shipping-taxable","12":"product-type-simple"},"acf":[],"_links":{"self":[{"href":"https:\/\/www.lechaocandy.com\/es\/wp-json\/wp\/v2\/product\/1368","targetHints":{"allow":["GET"]}}],"collection":[{"href":"https:\/\/www.lechaocandy.com\/es\/wp-json\/wp\/v2\/product"}],"about":[{"href":"https:\/\/www.lechaocandy.com\/es\/wp-json\/wp\/v2\/types\/product"}],"replies":[{"embeddable":true,"href":"https:\/\/www.lechaocandy.com\/es\/wp-json\/wp\/v2\/comments?post=1368"}],"wp:featuredmedia":[{"embeddable":true,"href":"https:\/\/www.lechaocandy.com\/es\/wp-json\/wp\/v2\/media\/1371"}],"wp:attachment":[{"href":"https:\/\/www.lechaocandy.com\/es\/wp-json\/wp\/v2\/media?parent=1368"}],"wp:term":[{"taxonomy":"product_brand","embeddable":true,"href":"https:\/\/www.lechaocandy.com\/es\/wp-json\/wp\/v2\/product_brand?post=1368"},{"taxonomy":"product_cat","embeddable":true,"href":"https:\/\/www.lechaocandy.com\/es\/wp-json\/wp\/v2\/product_cat?post=1368"},{"taxonomy":"product_tag","embeddable":true,"href":"https:\/\/www.lechaocandy.com\/es\/wp-json\/wp\/v2\/product_tag?post=1368"}],"curies":[{"name":"wp","href":"https:\/\/api.w.org\/{rel}","templated":true}]}}