{"id":1385,"date":"2025-07-11T08:49:19","date_gmt":"2025-07-11T08:49:19","guid":{"rendered":"https:\/\/www.lechaocandy.com\/?post_type=product&#038;p=1385"},"modified":"2025-07-11T09:03:07","modified_gmt":"2025-07-11T09:03:07","slug":"gummy-snakes-wholesale","status":"publish","type":"product","link":"https:\/\/www.lechaocandy.com\/es\/producto\/gummy-snakes-wholesale\/","title":{"rendered":"LeChao Gummy Snakes al por mayor, caramelos blandos masticables a granel"},"content":{"rendered":"<div class=\"wp-block-columns is-layout-flex wp-container-core-columns-is-layout-9d6595d7 wp-block-columns-is-layout-flex\"><div class=\"wp-block-column is-layout-flow wp-block-column-is-layout-flow\"><h2 class=\"wp-block-heading\">Productos destacados de Gummy Snakes al por mayor<\/h2>\n\n<ul class=\"wp-block-list\"><li><strong>Colorido y llamativo: <\/strong>Nuestras serpientes de gominola al por mayor utilizan una selecci\u00f3n de tonos brillantes y reproducen dise\u00f1os con forma de serpiente, que tienen un gran atractivo visual y dicen mucho a los ni\u00f1os y j\u00f3venes consumidores.<\/li>\n\n<li><strong>Ingredientes de alta calidad, seguros y deliciosos: <\/strong>Nuestros caramelos masticables a granel est\u00e1n elaborados con ingredientes alimentarios de primera calidad y no contienen conservantes artificiales, por lo que cada bocado es seguro y delicioso.<\/li>\n\n<li><strong>Envasado individualmente, c\u00f3modo e higi\u00e9nico: <\/strong>Estas serpientes de gominola envasadas individualmente al por mayor son f\u00e1ciles de distribuir y transportar y se mantienen frescas y no se pegan.<\/li>\n\n<li><strong>Suave y masticable, con un sabor excepcional: <\/strong>El sabor de estos caramelos masticables a granel es entre gelatina y caramelo de goma, suave y resistente, apto para todas las edades.<\/li>\n\n<li><strong>Envasado al por mayor, grandes m\u00e1rgenes de beneficio: <\/strong>El gran dise\u00f1o del envase de estas serpientes de goma al por mayor es adecuado para supermercados, minoristas y canales de distribuci\u00f3n, con un alto rendimiento de costes y una entrega r\u00e1pida.<\/li><\/ul><\/div>\n\n<div class=\"wp-block-column is-layout-flow wp-block-column-is-layout-flow\"><figure class=\"wp-block-image size-full\"><img decoding=\"async\" width=\"800\" height=\"800\" src=\"https:\/\/www.lechaocandy.com\/wp-content\/uploads\/2025\/07\/LeChao-Gummy-Snakes-Wholesale-Chewy-Soft-Candies-In-Bulk-2.webp\" alt=\"LeChao Gummy Snakes al por mayor, caramelos blandos masticables a granel-2\" class=\"wp-image-1387\" srcset=\"https:\/\/www.lechaocandy.com\/wp-content\/uploads\/2025\/07\/LeChao-Gummy-Snakes-Wholesale-Chewy-Soft-Candies-In-Bulk-2.webp 800w, https:\/\/www.lechaocandy.com\/wp-content\/uploads\/2025\/07\/LeChao-Gummy-Snakes-Wholesale-Chewy-Soft-Candies-In-Bulk-2-300x300.webp 300w, https:\/\/www.lechaocandy.com\/wp-content\/uploads\/2025\/07\/LeChao-Gummy-Snakes-Wholesale-Chewy-Soft-Candies-In-Bulk-2-150x150.webp 150w, https:\/\/www.lechaocandy.com\/wp-content\/uploads\/2025\/07\/LeChao-Gummy-Snakes-Wholesale-Chewy-Soft-Candies-In-Bulk-2-768x768.webp 768w, https:\/\/www.lechaocandy.com\/wp-content\/uploads\/2025\/07\/LeChao-Gummy-Snakes-Wholesale-Chewy-Soft-Candies-In-Bulk-2-12x12.webp 12w, https:\/\/www.lechaocandy.com\/wp-content\/uploads\/2025\/07\/LeChao-Gummy-Snakes-Wholesale-Chewy-Soft-Candies-In-Bulk-2-600x600.webp 600w, https:\/\/www.lechaocandy.com\/wp-content\/uploads\/2025\/07\/LeChao-Gummy-Snakes-Wholesale-Chewy-Soft-Candies-In-Bulk-2-100x100.webp 100w\" sizes=\"(max-width: 800px) 100vw, 800px\" \/><\/figure><\/div><\/div>","protected":false},"excerpt":{"rendered":"<p>Bienvenido a comprar caramelos masticables al por mayor. Las serpientes de gominola de LeChao al por mayor son coloridas, realistas, blandas y masticables, y est\u00e1n empaquetadas individualmente. Son una opci\u00f3n popular para tiendas de aperitivos, fiestas de eventos y mercados mayoristas.<\/p>\n<table style=\"border-collapse: collapse; width: 329.02pt;\" border=\"0\" width=\"329\" cellspacing=\"0\" cellpadding=\"0\">\n<tbody>\n<tr style=\"height: 17.60pt;\">\n<td class=\"et2\" style=\"height: 17.60pt; width: 110.80pt;\" width=\"110\" height=\"17\">Fabricante<\/td>\n<td class=\"et2\" style=\"width: 219.15pt;\" width=\"219\">Caramelos LeChao<\/td>\n<\/tr>\n<tr style=\"height: 18.00pt;\">\n<td class=\"et2\" style=\"height: 18.00pt;\" height=\"18\">Tipo de producto<\/td>\n<td class=\"et3\" style=\"width: 219.15pt;\" width=\"219\">Gominolas<\/td>\n<\/tr>\n<tr style=\"height: 18.00pt;\">\n<td class=\"et2\" style=\"height: 18.00pt;\" height=\"18\">Pruebe<\/td>\n<td class=\"et3\" style=\"width: 219.15pt;\" width=\"219\">Agridulce y resistente<\/td>\n<\/tr>\n<tr style=\"height: 17.60pt;\">\n<td class=\"et2\" style=\"height: 17.60pt;\" height=\"17\">Especificaci\u00f3n<\/td>\n<td class=\"et2\">25gx24pcsx12cajas<\/td>\n<\/tr>\n<tr style=\"height: 17.60pt;\">\n<td class=\"et2\" style=\"height: 17.60pt;\" height=\"17\">Tama\u00f1o de la caja<\/td>\n<td class=\"et2\">38.5&#215;38.5&#215;26<\/td>\n<\/tr>\n<tr style=\"height: 17.60pt;\">\n<td class=\"et2\" style=\"height: 17.60pt;\" height=\"17\">N.W.\/Cart\u00f3n<\/td>\n<td class=\"et2\">9,4 kg<\/td>\n<\/tr>\n<tr style=\"height: 17.60pt;\">\n<td class=\"et2\" style=\"height: 17.60pt;\" height=\"17\">Precio<\/td>\n<td class=\"et2\">19,6USD<\/td>\n<\/tr>\n<tr style=\"height: 17.60pt;\">\n<td class=\"et2\" style=\"height: 17.60pt;\" height=\"17\">MOQ<\/td>\n<td class=\"et2\">500CTNS<\/td>\n<\/tr>\n<tr style=\"height: 17.60pt;\">\n<td class=\"et2\" style=\"height: 17.60pt;\" height=\"17\">Muestra<\/td>\n<td class=\"et2\">Disponible<\/td>\n<\/tr>\n<\/tbody>\n<\/table>\n<p>&nbsp;<\/p>","protected":false},"featured_media":1388,"comment_status":"open","ping_status":"closed","template":"","meta":{"_acf_changed":false},"product_brand":[],"product_cat":[19],"product_tag":[],"class_list":{"0":"post-1385","1":"product","2":"type-product","3":"status-publish","4":"has-post-thumbnail","6":"product_cat-wholesale-gummy-manufacturer","8":"first","9":"instock","10":"shipping-taxable","11":"product-type-simple"},"acf":[],"_links":{"self":[{"href":"https:\/\/www.lechaocandy.com\/es\/wp-json\/wp\/v2\/product\/1385","targetHints":{"allow":["GET"]}}],"collection":[{"href":"https:\/\/www.lechaocandy.com\/es\/wp-json\/wp\/v2\/product"}],"about":[{"href":"https:\/\/www.lechaocandy.com\/es\/wp-json\/wp\/v2\/types\/product"}],"replies":[{"embeddable":true,"href":"https:\/\/www.lechaocandy.com\/es\/wp-json\/wp\/v2\/comments?post=1385"}],"wp:featuredmedia":[{"embeddable":true,"href":"https:\/\/www.lechaocandy.com\/es\/wp-json\/wp\/v2\/media\/1388"}],"wp:attachment":[{"href":"https:\/\/www.lechaocandy.com\/es\/wp-json\/wp\/v2\/media?parent=1385"}],"wp:term":[{"taxonomy":"product_brand","embeddable":true,"href":"https:\/\/www.lechaocandy.com\/es\/wp-json\/wp\/v2\/product_brand?post=1385"},{"taxonomy":"product_cat","embeddable":true,"href":"https:\/\/www.lechaocandy.com\/es\/wp-json\/wp\/v2\/product_cat?post=1385"},{"taxonomy":"product_tag","embeddable":true,"href":"https:\/\/www.lechaocandy.com\/es\/wp-json\/wp\/v2\/product_tag?post=1385"}],"curies":[{"name":"wp","href":"https:\/\/api.w.org\/{rel}","templated":true}]}}