{"id":1401,"date":"2025-07-12T01:28:41","date_gmt":"2025-07-12T01:28:41","guid":{"rendered":"https:\/\/www.lechaocandy.com\/?post_type=product&#038;p=1401"},"modified":"2026-03-30T08:55:35","modified_gmt":"2026-03-30T08:55:35","slug":"pizza-gummies-bulk","status":"publish","type":"product","link":"https:\/\/www.lechaocandy.com\/es\/producto\/pizza-gummies-bulk\/","title":{"rendered":"LeChao Gominolas Pizza a Granel, Gominolas Juguetonas al por mayor"},"content":{"rendered":"<div class=\"wp-block-columns is-layout-flex wp-container-core-columns-is-layout-9d6595d7 wp-block-columns-is-layout-flex\"><div class=\"wp-block-column is-layout-flow wp-block-column-is-layout-flow\"><h2 class=\"wp-block-heading\">Aspectos destacados del producto Gominolas de pizza a granel<\/h2>\n\n<ul class=\"wp-block-list\"><li><strong>Creativa forma de pizza, llena de diversi\u00f3n: <\/strong>Estas gominolas de pizza a granel pueden combinarse en una pizza completa con 5 porciones en forma de gominola, lo que atrae a ni\u00f1os y j\u00f3venes consumidores y aumenta la diversi\u00f3n de la compra.<\/li>\n\n<li><strong>Envasado individualmente, con un peque\u00f1o tenedor es m\u00e1s \u00edntimo:<\/strong> Nuestros caramelos de goma whoelsale est\u00e1n envasados individualmente y vienen con un peque\u00f1o tenedor, que es conveniente y listo para comer, limpio y ceremonial.<\/li>\n\n<li><strong>Colores vistosos, gran atractivo visual: <\/strong>Nuestras gominolas de pizza a granel tienen una gran variedad de combinaciones de colores, simulan los ingredientes de la pizza, son brillantes y llamativas, y mejoran los efectos de exposici\u00f3n y la conversi\u00f3n de ventas.<\/li>\n\n<li><strong>Suave y masticable, dulce pero no grasiento: <\/strong>Nuestros caramelos de goma whoelsale se seleccionan con una f\u00f3rmula, el sabor es entre gelatina y gominola, masticable y rico en capas.<\/li>\n\n<li><strong>Adecuado para mercados mayoristas y de regalos: <\/strong>Nuestras gominolas de pizza a granel son adecuadas para la venta al por menor, regalos de fiestas, cajas de regalo festivas y otros escenarios de venta, con amplios m\u00e1rgenes de beneficio.<\/li><\/ul><\/div>\n\n<div class=\"wp-block-column is-layout-flow wp-block-column-is-layout-flow\"><figure class=\"wp-block-image size-full\"><img decoding=\"async\" width=\"800\" height=\"800\" src=\"https:\/\/www.lechaocandy.com\/wp-content\/uploads\/2025\/07\/LeChao-Pizza-Gummies-Bulk-Playful-Gummy-Candy-Wholesale-1.webp\" alt=\"LeChao Gominolas Pizza al por mayor, Gominolas juguetonas al por mayor-1\" class=\"wp-image-1402\" srcset=\"https:\/\/www.lechaocandy.com\/wp-content\/uploads\/2025\/07\/LeChao-Pizza-Gummies-Bulk-Playful-Gummy-Candy-Wholesale-1.webp 800w, https:\/\/www.lechaocandy.com\/wp-content\/uploads\/2025\/07\/LeChao-Pizza-Gummies-Bulk-Playful-Gummy-Candy-Wholesale-1-300x300.webp 300w, https:\/\/www.lechaocandy.com\/wp-content\/uploads\/2025\/07\/LeChao-Pizza-Gummies-Bulk-Playful-Gummy-Candy-Wholesale-1-150x150.webp 150w, https:\/\/www.lechaocandy.com\/wp-content\/uploads\/2025\/07\/LeChao-Pizza-Gummies-Bulk-Playful-Gummy-Candy-Wholesale-1-768x768.webp 768w, https:\/\/www.lechaocandy.com\/wp-content\/uploads\/2025\/07\/LeChao-Pizza-Gummies-Bulk-Playful-Gummy-Candy-Wholesale-1-12x12.webp 12w, https:\/\/www.lechaocandy.com\/wp-content\/uploads\/2025\/07\/LeChao-Pizza-Gummies-Bulk-Playful-Gummy-Candy-Wholesale-1-600x600.webp 600w, https:\/\/www.lechaocandy.com\/wp-content\/uploads\/2025\/07\/LeChao-Pizza-Gummies-Bulk-Playful-Gummy-Candy-Wholesale-1-100x100.webp 100w\" sizes=\"(max-width: 800px) 100vw, 800px\" \/><\/figure><\/div><\/div><figure class=\"wp-block-embed is-type-video is-provider-youtube wp-block-embed-youtube wp-embed-aspect-16-9 wp-has-aspect-ratio\"><div class=\"wp-block-embed__wrapper\">\n<iframe title=\"Caramelos de goma Pizza\" width=\"500\" height=\"281\" src=\"https:\/\/www.youtube.com\/embed\/3JPfWgArVes?feature=oembed\" frameborder=\"0\" allow=\"accelerometer; autoplay; clipboard-write; encrypted-media; gyroscope; picture-in-picture; web-share\" referrerpolicy=\"strict-origin-when-cross-origin\" allowfullscreen><\/iframe>\n<\/div><\/figure>","protected":false},"excerpt":{"rendered":"<p>Bienvenido a comprar caramelos de goma whoelsale. Nuestras gominolas de pizza a granel combinan inteligentemente deliciosidad y diversi\u00f3n. 5 mini gominolas de pizza se juntan en una bonita \"pizza de postre\". Cada pieza est\u00e1 envuelta individualmente y equipada con un peque\u00f1o tenedor, que es conveniente para disfrutar y limpiar.<\/p>\n<table style=\"border-collapse: collapse; width: 329.02pt;\" border=\"0\" width=\"329\" cellspacing=\"0\" cellpadding=\"0\">\n<tbody>\n<tr style=\"height: 17.60pt;\">\n<td class=\"et2\" style=\"height: 17.60pt; width: 110.80pt;\" width=\"110\" height=\"17\">Fabricante<\/td>\n<td class=\"et2\" style=\"width: 219.15pt;\" width=\"219\">Caramelos LeChao<\/td>\n<\/tr>\n<tr style=\"height: 18.00pt;\">\n<td class=\"et2\" style=\"height: 18.00pt;\" height=\"18\">Tipo de producto<\/td>\n<td class=\"et3\" style=\"width: 219.15pt;\" width=\"219\">Caramelos de goma Pizza<\/td>\n<\/tr>\n<tr style=\"height: 18.00pt;\">\n<td class=\"et2\" style=\"height: 18.00pt;\" height=\"18\">Pruebe<\/td>\n<td class=\"et3\" style=\"width: 219.15pt;\" width=\"219\">Agridulce y resistente<\/td>\n<\/tr>\n<tr style=\"height: 17.60pt;\">\n<td class=\"et2\" style=\"height: 17.60pt;\" height=\"17\">Especificaci\u00f3n<\/td>\n<td class=\"et2\">15gx24pcsx12cajas<\/td>\n<\/tr>\n<tr style=\"height: 17.60pt;\">\n<td class=\"et2\" style=\"height: 17.60pt;\" height=\"17\">Tama\u00f1o de la caja<\/td>\n<td class=\"et2\">42\u00d732,5\u00d725,5 cm<\/td>\n<\/tr>\n<tr style=\"height: 17.60pt;\">\n<td class=\"et2\" style=\"height: 17.60pt;\" height=\"17\">N.W.\/Cart\u00f3n<\/td>\n<td class=\"et2\">7.0kg<\/td>\n<\/tr>\n<tr style=\"height: 17.60pt;\">\n<td class=\"et2\" style=\"height: 17.60pt;\" height=\"17\">Precio<\/td>\n<td class=\"et2\">19,6USD<\/td>\n<\/tr>\n<tr style=\"height: 17.60pt;\">\n<td class=\"et2\" style=\"height: 17.60pt;\" height=\"17\">MOQ<\/td>\n<td class=\"et2\">800CTNS<\/td>\n<\/tr>\n<tr style=\"height: 17.60pt;\">\n<td class=\"et2\" style=\"height: 17.60pt;\" height=\"17\">Muestra<\/td>\n<td class=\"et2\">Disponible<\/td>\n<\/tr>\n<\/tbody>\n<\/table>\n<p>&nbsp;<\/p>","protected":false},"featured_media":1403,"comment_status":"open","ping_status":"closed","template":"","meta":{"_acf_changed":false},"product_brand":[],"product_cat":[19],"product_tag":[],"class_list":{"0":"post-1401","1":"product","2":"type-product","3":"status-publish","4":"has-post-thumbnail","6":"product_cat-wholesale-gummy-manufacturer","8":"first","9":"instock","10":"shipping-taxable","11":"product-type-simple"},"acf":[],"_links":{"self":[{"href":"https:\/\/www.lechaocandy.com\/es\/wp-json\/wp\/v2\/product\/1401","targetHints":{"allow":["GET"]}}],"collection":[{"href":"https:\/\/www.lechaocandy.com\/es\/wp-json\/wp\/v2\/product"}],"about":[{"href":"https:\/\/www.lechaocandy.com\/es\/wp-json\/wp\/v2\/types\/product"}],"replies":[{"embeddable":true,"href":"https:\/\/www.lechaocandy.com\/es\/wp-json\/wp\/v2\/comments?post=1401"}],"wp:featuredmedia":[{"embeddable":true,"href":"https:\/\/www.lechaocandy.com\/es\/wp-json\/wp\/v2\/media\/1403"}],"wp:attachment":[{"href":"https:\/\/www.lechaocandy.com\/es\/wp-json\/wp\/v2\/media?parent=1401"}],"wp:term":[{"taxonomy":"product_brand","embeddable":true,"href":"https:\/\/www.lechaocandy.com\/es\/wp-json\/wp\/v2\/product_brand?post=1401"},{"taxonomy":"product_cat","embeddable":true,"href":"https:\/\/www.lechaocandy.com\/es\/wp-json\/wp\/v2\/product_cat?post=1401"},{"taxonomy":"product_tag","embeddable":true,"href":"https:\/\/www.lechaocandy.com\/es\/wp-json\/wp\/v2\/product_tag?post=1401"}],"curies":[{"name":"wp","href":"https:\/\/api.w.org\/{rel}","templated":true}]}}