{"id":1406,"date":"2025-07-12T01:49:16","date_gmt":"2025-07-12T01:49:16","guid":{"rendered":"https:\/\/www.lechaocandy.com\/?post_type=product&#038;p=1406"},"modified":"2025-07-12T01:57:32","modified_gmt":"2025-07-12T01:57:32","slug":"halal-gummies-bulk","status":"publish","type":"product","link":"https:\/\/www.lechaocandy.com\/es\/producto\/halal-gummies-bulk\/","title":{"rendered":"LeChao Halal Gummies Bulk, Caramelos de goma de tenis de mesa juguet\u00f3n"},"content":{"rendered":"<div class=\"wp-block-columns is-layout-flex wp-container-core-columns-is-layout-9d6595d7 wp-block-columns-is-layout-flex\"><div class=\"wp-block-column is-layout-flow wp-block-column-is-layout-flow\"><h2 class=\"wp-block-heading\">Aspectos destacados de las gominolas Halal a granel<\/h2>\n\n<ul class=\"wp-block-list\"><li><strong>Forma creativa, combinaci\u00f3n de pelotas de ping pong y raquetas: <\/strong>El dise\u00f1o de estas gominolas halal a granel se inspira en el deporte del tenis de mesa. La combinaci\u00f3n de raquetas y pelotas es interesante y atrae la atenci\u00f3n de ni\u00f1os y aficionados al deporte.<\/li>\n\n<li><strong>Certificaci\u00f3n Halal, comerciabilidad mundial: <\/strong>Estos caramelos de goma whoelsale cumplen las normas alimentarias halal y son adecuados para una gama m\u00e1s amplia de consumidores, especialmente para mercados como Oriente Medio y el Sudeste Asi\u00e1tico.<\/li>\n\n<li><strong>Colorido y buen efecto de visualizaci\u00f3n: <\/strong>Nuestras gominolas halal a granel utilizan una variedad de colores brillantes para aumentar el atractivo en los estantes y ayudar a acelerar las ventas.<\/li>\n\n<li><strong>Envasado individualmente, c\u00f3modo e higi\u00e9nico: <\/strong>Nuestros caramelos de goma whoelsale est\u00e1n envasados individualmente para facilitar su distribuci\u00f3n, transporte y almacenamiento, y son adecuados para fiestas y comercios minoristas.<\/li>\n\n<li><strong>Suave y masticable, rico sabor: <\/strong>Nuestras gominolas halal a granel son masticables y no pegajosas, con un aroma dulce y afrutado, y gustan a consumidores de todas las edades.<\/li><\/ul><\/div>\n\n<div class=\"wp-block-column is-layout-flow wp-block-column-is-layout-flow\"><figure class=\"wp-block-image size-full\"><img decoding=\"async\" width=\"800\" height=\"800\" src=\"https:\/\/www.lechaocandy.com\/wp-content\/uploads\/2025\/07\/LeChao-Halal-Gummies-Bulk-Playful-Table-Tennis-Gummy-Candy-2.webp\" alt=\"LeChao Halal Gummies Bulk, Caramelos de goma de tenis de mesa juguet\u00f3n-2\" class=\"wp-image-1408\" srcset=\"https:\/\/www.lechaocandy.com\/wp-content\/uploads\/2025\/07\/LeChao-Halal-Gummies-Bulk-Playful-Table-Tennis-Gummy-Candy-2.webp 800w, https:\/\/www.lechaocandy.com\/wp-content\/uploads\/2025\/07\/LeChao-Halal-Gummies-Bulk-Playful-Table-Tennis-Gummy-Candy-2-300x300.webp 300w, https:\/\/www.lechaocandy.com\/wp-content\/uploads\/2025\/07\/LeChao-Halal-Gummies-Bulk-Playful-Table-Tennis-Gummy-Candy-2-150x150.webp 150w, https:\/\/www.lechaocandy.com\/wp-content\/uploads\/2025\/07\/LeChao-Halal-Gummies-Bulk-Playful-Table-Tennis-Gummy-Candy-2-768x768.webp 768w, https:\/\/www.lechaocandy.com\/wp-content\/uploads\/2025\/07\/LeChao-Halal-Gummies-Bulk-Playful-Table-Tennis-Gummy-Candy-2-12x12.webp 12w, https:\/\/www.lechaocandy.com\/wp-content\/uploads\/2025\/07\/LeChao-Halal-Gummies-Bulk-Playful-Table-Tennis-Gummy-Candy-2-600x600.webp 600w, https:\/\/www.lechaocandy.com\/wp-content\/uploads\/2025\/07\/LeChao-Halal-Gummies-Bulk-Playful-Table-Tennis-Gummy-Candy-2-100x100.webp 100w\" sizes=\"(max-width: 800px) 100vw, 800px\" \/><\/figure><\/div><\/div>","protected":false},"excerpt":{"rendered":"<p>Bienvenido a comprar caramelos de goma whoelsale. Estas gominolas halal a granel tienen una forma creativa con pelotas de ping pong y raquetas, con colores brillantes y formas vivas, especialmente dise\u00f1adas para los consumidores que aman los deportes y los caramelos divertidos.<\/p>\n<table style=\"border-collapse: collapse; width: 329.02pt;\" border=\"0\" width=\"329\" cellspacing=\"0\" cellpadding=\"0\">\n<tbody>\n<tr style=\"height: 17.60pt;\">\n<td class=\"et2\" style=\"height: 17.60pt; width: 110.80pt;\" width=\"110\" height=\"17\">Fabricante<\/td>\n<td class=\"et2\" style=\"width: 219.15pt;\" width=\"219\">Caramelos LeChao<\/td>\n<\/tr>\n<tr style=\"height: 18.00pt;\">\n<td class=\"et2\" style=\"height: 18.00pt;\" height=\"18\">Tipo de producto<\/td>\n<td class=\"et3\" style=\"width: 219.15pt;\" width=\"219\">Caramelos de goma de tenis de mesa<\/td>\n<\/tr>\n<tr style=\"height: 18.00pt;\">\n<td class=\"et2\" style=\"height: 18.00pt;\" height=\"18\">Pruebe<\/td>\n<td class=\"et3\" style=\"width: 219.15pt;\" width=\"219\">Agridulce y resistente<\/td>\n<\/tr>\n<tr style=\"height: 17.60pt;\">\n<td class=\"et2\" style=\"height: 17.60pt;\" height=\"17\">Especificaci\u00f3n<\/td>\n<td class=\"et2\">15gx24pcsx12cajas<\/td>\n<\/tr>\n<tr style=\"height: 17.60pt;\">\n<td class=\"et2\" style=\"height: 17.60pt;\" height=\"17\">Tama\u00f1o de la caja<\/td>\n<td class=\"et2\">39*29*26,5cm<\/td>\n<\/tr>\n<tr style=\"height: 17.60pt;\">\n<td class=\"et2\" style=\"height: 17.60pt;\" height=\"17\">N.W.\/Cart\u00f3n<\/td>\n<td class=\"et2\">7.0kg<\/td>\n<\/tr>\n<tr style=\"height: 17.60pt;\">\n<td class=\"et2\" style=\"height: 17.60pt;\" height=\"17\">Precio<\/td>\n<td class=\"et2\">19,6USD<\/td>\n<\/tr>\n<tr style=\"height: 17.60pt;\">\n<td class=\"et2\" style=\"height: 17.60pt;\" height=\"17\">MOQ<\/td>\n<td class=\"et2\">500CTNS<\/td>\n<\/tr>\n<tr style=\"height: 17.60pt;\">\n<td class=\"et2\" style=\"height: 17.60pt;\" height=\"17\">Muestra<\/td>\n<td class=\"et2\">Disponible<\/td>\n<\/tr>\n<\/tbody>\n<\/table>\n<p>&nbsp;<\/p>","protected":false},"featured_media":1407,"comment_status":"open","ping_status":"closed","template":"","meta":{"_acf_changed":false},"product_brand":[],"product_cat":[19],"product_tag":[],"class_list":{"0":"post-1406","1":"product","2":"type-product","3":"status-publish","4":"has-post-thumbnail","6":"product_cat-wholesale-gummy-manufacturer","8":"first","9":"instock","10":"shipping-taxable","11":"product-type-simple"},"acf":[],"_links":{"self":[{"href":"https:\/\/www.lechaocandy.com\/es\/wp-json\/wp\/v2\/product\/1406","targetHints":{"allow":["GET"]}}],"collection":[{"href":"https:\/\/www.lechaocandy.com\/es\/wp-json\/wp\/v2\/product"}],"about":[{"href":"https:\/\/www.lechaocandy.com\/es\/wp-json\/wp\/v2\/types\/product"}],"replies":[{"embeddable":true,"href":"https:\/\/www.lechaocandy.com\/es\/wp-json\/wp\/v2\/comments?post=1406"}],"wp:featuredmedia":[{"embeddable":true,"href":"https:\/\/www.lechaocandy.com\/es\/wp-json\/wp\/v2\/media\/1407"}],"wp:attachment":[{"href":"https:\/\/www.lechaocandy.com\/es\/wp-json\/wp\/v2\/media?parent=1406"}],"wp:term":[{"taxonomy":"product_brand","embeddable":true,"href":"https:\/\/www.lechaocandy.com\/es\/wp-json\/wp\/v2\/product_brand?post=1406"},{"taxonomy":"product_cat","embeddable":true,"href":"https:\/\/www.lechaocandy.com\/es\/wp-json\/wp\/v2\/product_cat?post=1406"},{"taxonomy":"product_tag","embeddable":true,"href":"https:\/\/www.lechaocandy.com\/es\/wp-json\/wp\/v2\/product_tag?post=1406"}],"curies":[{"name":"wp","href":"https:\/\/api.w.org\/{rel}","templated":true}]}}