{"id":1424,"date":"2025-07-15T07:45:34","date_gmt":"2025-07-15T07:45:34","guid":{"rendered":"https:\/\/www.lechaocandy.com\/?post_type=product&#038;p=1424"},"modified":"2025-07-15T07:53:48","modified_gmt":"2025-07-15T07:53:48","slug":"bulk-gummy-octopus","status":"publish","type":"product","link":"https:\/\/www.lechaocandy.com\/es\/producto\/bulk-gummy-octopus\/","title":{"rendered":"LeChao Pulpo de Gominola a Granel, Caramelos de Gominola Surtidos al por Mayor"},"content":{"rendered":"<div class=\"wp-block-columns is-layout-flex wp-container-core-columns-is-layout-9d6595d7 wp-block-columns-is-layout-flex\"><div class=\"wp-block-column is-layout-flow wp-block-column-is-layout-flow\"><h2 class=\"wp-block-heading\">Caracter\u00edsticas del pulpo de goma a granel<\/h2>\n\n<ul class=\"wp-block-list\"><li><strong>Divertida forma de pulpo:<\/strong> Nuestro pulpo de gominola a granel tiene una forma \u00fanica, que realza el atractivo visual y atrae a ni\u00f1os y j\u00f3venes consumidores.<\/li>\n\n<li><strong>M\u00faltiples sabores y colores:<\/strong> Estos caramelos de goma surtidos al por mayor son ricos en sabores frutales y colores vistosos, lo que aporta m\u00e1s diversi\u00f3n al masticar y m\u00e1s experiencia gustativa.<\/li>\n\n<li><strong>Paquetes peque\u00f1os independientes:<\/strong> Estos pulpos de goma a granel est\u00e1n envasados individualmente, son seguros e higi\u00e9nicos y f\u00e1ciles de transportar y distribuir.<\/li>\n\n<li><strong>Dise\u00f1o del embalaje de la caja: <\/strong>El embalaje en caja de nuestros caramelos de goma surtidos al por mayor es pr\u00e1ctico para la exposici\u00f3n en estanter\u00edas, mejora la presentaci\u00f3n del producto y es adecuado para la venta al por menor.<\/li>\n\n<li><strong>Admite embalajes personalizados: <\/strong>Nuestros pulpos de goma a granel pueden personalizarse en estilo de envasado e idioma seg\u00fan las necesidades del cliente para satisfacer las necesidades OEM\/ODM en diferentes mercados.<\/li><\/ul><\/div>\n\n<div class=\"wp-block-column is-layout-flow wp-block-column-is-layout-flow\"><figure class=\"wp-block-image size-full\"><img decoding=\"async\" width=\"800\" height=\"800\" src=\"https:\/\/www.lechaocandy.com\/wp-content\/uploads\/2025\/07\/LeChao-Bulk-Gummy-Octopus-Assorted-Gummy-Candy-Wholesale-4.webp\" alt=\"LeChao Pulpo de Gominola a Granel, Caramelos de Gominola Surtidos al por mayor-4\" class=\"wp-image-1428\" srcset=\"https:\/\/www.lechaocandy.com\/wp-content\/uploads\/2025\/07\/LeChao-Bulk-Gummy-Octopus-Assorted-Gummy-Candy-Wholesale-4.webp 800w, https:\/\/www.lechaocandy.com\/wp-content\/uploads\/2025\/07\/LeChao-Bulk-Gummy-Octopus-Assorted-Gummy-Candy-Wholesale-4-300x300.webp 300w, https:\/\/www.lechaocandy.com\/wp-content\/uploads\/2025\/07\/LeChao-Bulk-Gummy-Octopus-Assorted-Gummy-Candy-Wholesale-4-150x150.webp 150w, https:\/\/www.lechaocandy.com\/wp-content\/uploads\/2025\/07\/LeChao-Bulk-Gummy-Octopus-Assorted-Gummy-Candy-Wholesale-4-768x768.webp 768w, https:\/\/www.lechaocandy.com\/wp-content\/uploads\/2025\/07\/LeChao-Bulk-Gummy-Octopus-Assorted-Gummy-Candy-Wholesale-4-12x12.webp 12w, https:\/\/www.lechaocandy.com\/wp-content\/uploads\/2025\/07\/LeChao-Bulk-Gummy-Octopus-Assorted-Gummy-Candy-Wholesale-4-600x600.webp 600w, https:\/\/www.lechaocandy.com\/wp-content\/uploads\/2025\/07\/LeChao-Bulk-Gummy-Octopus-Assorted-Gummy-Candy-Wholesale-4-100x100.webp 100w\" sizes=\"(max-width: 800px) 100vw, 800px\" \/><\/figure><\/div><\/div>","protected":false},"excerpt":{"rendered":"<p>Bienvenido a comprar caramelos de goma surtidos al por mayor. El pulpo de gominola al por mayor de LeChao es colorido, rico en sabor, bonito y vivo en forma, y el dise\u00f1o de la caja entera es conveniente para la exhibici\u00f3n y las ventas. Tambi\u00e9n admite envases personalizados.<\/p>\n<table style=\"border-collapse: collapse; width: 329.02pt;\" border=\"0\" width=\"329\" cellspacing=\"0\" cellpadding=\"0\">\n<tbody>\n<tr style=\"height: 17.60pt;\">\n<td class=\"et2\" style=\"height: 17.60pt; width: 110.80pt;\" width=\"110\" height=\"17\">Fabricante<\/td>\n<td class=\"et2\" style=\"width: 219.15pt;\" width=\"219\">Caramelos LeChao<\/td>\n<\/tr>\n<tr style=\"height: 18.00pt;\">\n<td class=\"et2\" style=\"height: 18.00pt;\" height=\"18\">Tipo de producto<\/td>\n<td class=\"et3\" style=\"width: 219.15pt;\" width=\"219\">Caramelos de goma Pulpo<\/td>\n<\/tr>\n<tr style=\"height: 18.00pt;\">\n<td class=\"et2\" style=\"height: 18.00pt;\" height=\"18\">Pruebe<\/td>\n<td class=\"et3\" style=\"width: 219.15pt;\" width=\"219\">Agridulce y resistente<\/td>\n<\/tr>\n<tr style=\"height: 17.60pt;\">\n<td class=\"et2\" style=\"height: 17.60pt;\" height=\"17\">Especificaci\u00f3n<\/td>\n<td class=\"et2\">10gx60pcsx12cajas<\/td>\n<\/tr>\n<tr style=\"height: 17.60pt;\">\n<td class=\"et2\" style=\"height: 17.60pt;\" height=\"17\">Tama\u00f1o de la caja<\/td>\n<td class=\"et2\">46*33*21cm<\/td>\n<\/tr>\n<tr style=\"height: 17.60pt;\">\n<td class=\"et2\" style=\"height: 17.60pt;\" height=\"17\">N.W.\/Cart\u00f3n<\/td>\n<td class=\"et2\">9.0kg<\/td>\n<\/tr>\n<tr style=\"height: 17.60pt;\">\n<td class=\"et2\" style=\"height: 17.60pt;\" height=\"17\">Precio<\/td>\n<td class=\"et2\">34,56USD<\/td>\n<\/tr>\n<tr style=\"height: 17.60pt;\">\n<td class=\"et2\" style=\"height: 17.60pt;\" height=\"17\">MOQ<\/td>\n<td class=\"et2\">500CTNS<\/td>\n<\/tr>\n<tr style=\"height: 17.60pt;\">\n<td class=\"et2\" style=\"height: 17.60pt;\" height=\"17\">Muestra<\/td>\n<td class=\"et2\">Disponible<\/td>\n<\/tr>\n<\/tbody>\n<\/table>\n<p>&nbsp;<\/p>","protected":false},"featured_media":1427,"comment_status":"open","ping_status":"closed","template":"","meta":{"_acf_changed":false},"product_brand":[],"product_cat":[19],"product_tag":[],"class_list":{"0":"post-1424","1":"product","2":"type-product","3":"status-publish","4":"has-post-thumbnail","6":"product_cat-wholesale-gummy-manufacturer","8":"first","9":"instock","10":"shipping-taxable","11":"product-type-simple"},"acf":[],"_links":{"self":[{"href":"https:\/\/www.lechaocandy.com\/es\/wp-json\/wp\/v2\/product\/1424","targetHints":{"allow":["GET"]}}],"collection":[{"href":"https:\/\/www.lechaocandy.com\/es\/wp-json\/wp\/v2\/product"}],"about":[{"href":"https:\/\/www.lechaocandy.com\/es\/wp-json\/wp\/v2\/types\/product"}],"replies":[{"embeddable":true,"href":"https:\/\/www.lechaocandy.com\/es\/wp-json\/wp\/v2\/comments?post=1424"}],"wp:featuredmedia":[{"embeddable":true,"href":"https:\/\/www.lechaocandy.com\/es\/wp-json\/wp\/v2\/media\/1427"}],"wp:attachment":[{"href":"https:\/\/www.lechaocandy.com\/es\/wp-json\/wp\/v2\/media?parent=1424"}],"wp:term":[{"taxonomy":"product_brand","embeddable":true,"href":"https:\/\/www.lechaocandy.com\/es\/wp-json\/wp\/v2\/product_brand?post=1424"},{"taxonomy":"product_cat","embeddable":true,"href":"https:\/\/www.lechaocandy.com\/es\/wp-json\/wp\/v2\/product_cat?post=1424"},{"taxonomy":"product_tag","embeddable":true,"href":"https:\/\/www.lechaocandy.com\/es\/wp-json\/wp\/v2\/product_tag?post=1424"}],"curies":[{"name":"wp","href":"https:\/\/api.w.org\/{rel}","templated":true}]}}