{"id":1439,"date":"2025-07-15T08:32:19","date_gmt":"2025-07-15T08:32:19","guid":{"rendered":"https:\/\/www.lechaocandy.com\/?post_type=product&#038;p=1439"},"modified":"2025-07-15T08:40:19","modified_gmt":"2025-07-15T08:40:19","slug":"wholesale-jelly-sweets","status":"publish","type":"product","link":"https:\/\/www.lechaocandy.com\/es\/producto\/wholesale-jelly-sweets\/","title":{"rendered":"LeChao Factory Venta al por mayor de caramelos de goma, Conejito de gominola 3D a granel"},"content":{"rendered":"<div class=\"wp-block-columns is-layout-flex wp-container-core-columns-is-layout-9d6595d7 wp-block-columns-is-layout-flex\"><div class=\"wp-block-column is-layout-flow wp-block-column-is-layout-flow\"><h2 class=\"wp-block-heading\">Productos destacados de los caramelos de gelatina al por mayor<\/h2>\n\n<ul class=\"wp-block-list\"><li><strong>Forma de conejo en 3D, interesante y llamativa:<\/strong> Estos caramelos de gelatina al por mayor tienen simp\u00e1ticas y vivas formas de conejo, que resultan muy atractivas a la vista, mejorando los efectos de exposici\u00f3n en los estantes y el inter\u00e9s de los consumidores.<\/li>\n\n<li><strong>Cuatro colores y cuatro sabores para satisfacer diversos gustos: <\/strong>Nuestros conejitos de gominola 3D a granel incluyen fresa, manzana verde, uva y otros sabores, con colores vistosos para aumentar la diversi\u00f3n al comer.<\/li>\n\n<li><strong>Dise\u00f1o de bolsa de 125 g, f\u00e1cil de transportar y distribuir:<\/strong> Nuestros caramelos de gelatina al por mayor tienen bolsas exquisitas, adecuadas para la distribuci\u00f3n de aperitivos, el envasado de regalos y el consumo port\u00e1til, lo que mejora la practicidad del producto y su aceptaci\u00f3n en el mercado.<\/li>\n\n<li><strong>Caramelos de goma con sabor a fruta y f\u00f3rmula de alta calidad: <\/strong>Nuestros conejitos de gominola 3D a granel son blandos y no pegajosos, con un dulzor moderado, en l\u00ednea con las preferencias del p\u00fablico, y aptos para todas las edades.<\/li>\n\n<li><strong>Precio de suministro directo de f\u00e1brica, la venta al por mayor tiene ventajas m\u00e1s rentables: <\/strong>Nuestros caramelos de gelatina al por mayor se venden directamente desde la f\u00e1brica de origen, admiten pedidos al por mayor, precios asequibles, ayudan a los clientes a reducir los costes de adquisici\u00f3n y aumentar los m\u00e1rgenes de beneficio.<\/li><\/ul><\/div>\n\n<div class=\"wp-block-column is-layout-flow wp-block-column-is-layout-flow\"><figure class=\"wp-block-image size-full\"><img decoding=\"async\" width=\"800\" height=\"800\" src=\"https:\/\/www.lechaocandy.com\/wp-content\/uploads\/2025\/07\/LeChao-Factory-Wholesale-Jelly-Sweets-Bulk-3D-Gummy-Bunny-3.webp\" alt=\"LeChao Factory Venta al por mayor de caramelos de gelatina, a granel 3D Gummy Bunny-3\" class=\"wp-image-1442\" srcset=\"https:\/\/www.lechaocandy.com\/wp-content\/uploads\/2025\/07\/LeChao-Factory-Wholesale-Jelly-Sweets-Bulk-3D-Gummy-Bunny-3.webp 800w, https:\/\/www.lechaocandy.com\/wp-content\/uploads\/2025\/07\/LeChao-Factory-Wholesale-Jelly-Sweets-Bulk-3D-Gummy-Bunny-3-300x300.webp 300w, https:\/\/www.lechaocandy.com\/wp-content\/uploads\/2025\/07\/LeChao-Factory-Wholesale-Jelly-Sweets-Bulk-3D-Gummy-Bunny-3-150x150.webp 150w, https:\/\/www.lechaocandy.com\/wp-content\/uploads\/2025\/07\/LeChao-Factory-Wholesale-Jelly-Sweets-Bulk-3D-Gummy-Bunny-3-768x768.webp 768w, https:\/\/www.lechaocandy.com\/wp-content\/uploads\/2025\/07\/LeChao-Factory-Wholesale-Jelly-Sweets-Bulk-3D-Gummy-Bunny-3-12x12.webp 12w, https:\/\/www.lechaocandy.com\/wp-content\/uploads\/2025\/07\/LeChao-Factory-Wholesale-Jelly-Sweets-Bulk-3D-Gummy-Bunny-3-600x600.webp 600w, https:\/\/www.lechaocandy.com\/wp-content\/uploads\/2025\/07\/LeChao-Factory-Wholesale-Jelly-Sweets-Bulk-3D-Gummy-Bunny-3-100x100.webp 100w\" sizes=\"(max-width: 800px) 100vw, 800px\" \/><\/figure><\/div><\/div>","protected":false},"excerpt":{"rendered":"<p>Bienvenido a comprar caramelos de goma al por mayor. Los conejitos de gominola 3D al por mayor de LeChao vienen en 4 sabores y colores diferentes. Son coloridos y masticables, y les encantan a los ni\u00f1os y j\u00f3venes consumidores. El precio al por mayor es m\u00e1s competitivo, adecuado para mercados minoristas, de regalo y de exportaci\u00f3n.<\/p>\n<table style=\"border-collapse: collapse; width: 329.02pt;\" border=\"0\" width=\"329\" cellspacing=\"0\" cellpadding=\"0\">\n<tbody>\n<tr style=\"height: 17.60pt;\">\n<td class=\"et2\" style=\"height: 17.60pt; width: 110.80pt;\" width=\"110\" height=\"17\">Fabricante<\/td>\n<td class=\"et2\" style=\"width: 219.15pt;\" width=\"219\">Caramelos LeChao<\/td>\n<\/tr>\n<tr style=\"height: 18.00pt;\">\n<td class=\"et2\" style=\"height: 18.00pt;\" height=\"18\">Tipo de producto<\/td>\n<td class=\"et3\" style=\"width: 219.15pt;\" width=\"219\">Caramelos de goma 3D Rabbit<\/td>\n<\/tr>\n<tr style=\"height: 18.00pt;\">\n<td class=\"et2\" style=\"height: 18.00pt;\" height=\"18\">Pruebe<\/td>\n<td class=\"et3\" style=\"width: 219.15pt;\" width=\"219\">Agridulce y resistente<\/td>\n<\/tr>\n<tr style=\"height: 17.60pt;\">\n<td class=\"et2\" style=\"height: 17.60pt;\" height=\"17\">Especificaci\u00f3n<\/td>\n<td class=\"et2\">125gX48bolsas<\/td>\n<\/tr>\n<tr style=\"height: 17.60pt;\">\n<td class=\"et2\" style=\"height: 17.60pt;\" height=\"17\">Tama\u00f1o de la caja<\/td>\n<td class=\"et2\">39X26X23cm<\/td>\n<\/tr>\n<tr style=\"height: 17.60pt;\">\n<td class=\"et2\" style=\"height: 17.60pt;\" height=\"17\">N.W.\/Cart\u00f3n<\/td>\n<td class=\"et2\">7,8 kg<\/td>\n<\/tr>\n<tr style=\"height: 17.60pt;\">\n<td class=\"et2\" style=\"height: 17.60pt;\" height=\"17\">Precio<\/td>\n<td class=\"et2\">0,35-0,38USD<\/td>\n<\/tr>\n<tr style=\"height: 17.60pt;\">\n<td class=\"et2\" style=\"height: 17.60pt;\" height=\"17\">MOQ<\/td>\n<td class=\"et2\">800CTNS<\/td>\n<\/tr>\n<tr style=\"height: 17.60pt;\">\n<td class=\"et2\" style=\"height: 17.60pt;\" height=\"17\">Muestra<\/td>\n<td class=\"et2\">Disponible<\/td>\n<\/tr>\n<\/tbody>\n<\/table>\n<p>&nbsp;<\/p>","protected":false},"featured_media":1443,"comment_status":"open","ping_status":"closed","template":"","meta":{"_acf_changed":false},"product_brand":[],"product_cat":[24,19],"product_tag":[],"class_list":{"0":"post-1439","1":"product","2":"type-product","3":"status-publish","4":"has-post-thumbnail","6":"product_cat-3d-gummy-candy-manufacturer","7":"product_cat-wholesale-gummy-manufacturer","9":"first","10":"instock","11":"shipping-taxable","12":"product-type-simple"},"acf":[],"_links":{"self":[{"href":"https:\/\/www.lechaocandy.com\/es\/wp-json\/wp\/v2\/product\/1439","targetHints":{"allow":["GET"]}}],"collection":[{"href":"https:\/\/www.lechaocandy.com\/es\/wp-json\/wp\/v2\/product"}],"about":[{"href":"https:\/\/www.lechaocandy.com\/es\/wp-json\/wp\/v2\/types\/product"}],"replies":[{"embeddable":true,"href":"https:\/\/www.lechaocandy.com\/es\/wp-json\/wp\/v2\/comments?post=1439"}],"wp:featuredmedia":[{"embeddable":true,"href":"https:\/\/www.lechaocandy.com\/es\/wp-json\/wp\/v2\/media\/1443"}],"wp:attachment":[{"href":"https:\/\/www.lechaocandy.com\/es\/wp-json\/wp\/v2\/media?parent=1439"}],"wp:term":[{"taxonomy":"product_brand","embeddable":true,"href":"https:\/\/www.lechaocandy.com\/es\/wp-json\/wp\/v2\/product_brand?post=1439"},{"taxonomy":"product_cat","embeddable":true,"href":"https:\/\/www.lechaocandy.com\/es\/wp-json\/wp\/v2\/product_cat?post=1439"},{"taxonomy":"product_tag","embeddable":true,"href":"https:\/\/www.lechaocandy.com\/es\/wp-json\/wp\/v2\/product_tag?post=1439"}],"curies":[{"name":"wp","href":"https:\/\/api.w.org\/{rel}","templated":true}]}}