{"id":1505,"date":"2025-07-30T03:59:19","date_gmt":"2025-07-30T03:59:19","guid":{"rendered":"https:\/\/www.lechaocandy.com\/?post_type=product&#038;p=1505"},"modified":"2025-07-30T04:18:30","modified_gmt":"2025-07-30T04:18:30","slug":"wholesale-soft-sweets","status":"publish","type":"product","link":"https:\/\/www.lechaocandy.com\/es\/producto\/wholesale-soft-sweets\/","title":{"rendered":"Caramelos blandos al por mayor de rico sabor, ojos de gominola rellenos de mermelada"},"content":{"rendered":"<div class=\"wp-block-columns is-layout-flex wp-container-core-columns-is-layout-9d6595d7 wp-block-columns-is-layout-flex\"><div class=\"wp-block-column is-layout-flow wp-block-column-is-layout-flow\"><h2 class=\"wp-block-heading\">Productos destacados de los caramelos blandos al por mayor<\/h2>\n\n<ul class=\"wp-block-list\"><li><strong>Llamativo dise\u00f1o en forma de globo ocular: <\/strong>La diversi\u00f3n y el inter\u00e9s visual que aporta la forma de globo ocular de estos caramelos blandos al por mayor rellenos de mermelada los convierten en el centro de atenci\u00f3n de cualquier mesa de postres.<\/li>\n\n<li><strong>Rico relleno de mermelada: <\/strong>Estos caramelos de goma al por mayor est\u00e1n rellenos de una rica mermelada, ofreciendo una textura en capas que satisface diversas preferencias gustativas.<\/li>\n\n<li><strong>Colores vivos: <\/strong>Nuestros caramelos blandos con relleno de mermelada al por mayor est\u00e1n disponibles en tonos de colores brillantes, que iluminan el atractivo visual y a\u00f1aden diversi\u00f3n visual, lo que los hace ideales para fiestas, celebraciones y otras ocasiones sociales.<\/li>\n\n<li><strong>Envases flexibles a medida: <\/strong>Ofrecemos envases personalizados para caramelos de goma al por mayor con la opci\u00f3n de dise\u00f1ar envases especiales que satisfagan sus necesidades, aumentando as\u00ed el valor de la marca.<\/li>\n\n<li><strong>Embalaje al por mayor a granel: <\/strong>Estos caramelos blandos rellenos de mermelada est\u00e1n envasados en cajas, adecuadas para minoristas y mayoristas, que satisfacen las necesidades de compra al por mayor y facilitan la gesti\u00f3n de inventarios.<\/li><\/ul><\/div>\n\n<div class=\"wp-block-column is-layout-flow wp-block-column-is-layout-flow\"><figure class=\"wp-block-image size-full\"><img decoding=\"async\" width=\"800\" height=\"800\" src=\"https:\/\/www.lechaocandy.com\/wp-content\/uploads\/2025\/07\/Rich-flavored-Wholesale-Soft-Sweets-Jam-Filled-Gummy-Eyes-1.webp\" alt=\"Caramelos blandos al por mayor ricos en sabor, Ojos de gominola rellenos de mermelada-1\" class=\"wp-image-1506\" srcset=\"https:\/\/www.lechaocandy.com\/wp-content\/uploads\/2025\/07\/Rich-flavored-Wholesale-Soft-Sweets-Jam-Filled-Gummy-Eyes-1.webp 800w, https:\/\/www.lechaocandy.com\/wp-content\/uploads\/2025\/07\/Rich-flavored-Wholesale-Soft-Sweets-Jam-Filled-Gummy-Eyes-1-300x300.webp 300w, https:\/\/www.lechaocandy.com\/wp-content\/uploads\/2025\/07\/Rich-flavored-Wholesale-Soft-Sweets-Jam-Filled-Gummy-Eyes-1-150x150.webp 150w, https:\/\/www.lechaocandy.com\/wp-content\/uploads\/2025\/07\/Rich-flavored-Wholesale-Soft-Sweets-Jam-Filled-Gummy-Eyes-1-768x768.webp 768w, https:\/\/www.lechaocandy.com\/wp-content\/uploads\/2025\/07\/Rich-flavored-Wholesale-Soft-Sweets-Jam-Filled-Gummy-Eyes-1-12x12.webp 12w, https:\/\/www.lechaocandy.com\/wp-content\/uploads\/2025\/07\/Rich-flavored-Wholesale-Soft-Sweets-Jam-Filled-Gummy-Eyes-1-600x600.webp 600w, https:\/\/www.lechaocandy.com\/wp-content\/uploads\/2025\/07\/Rich-flavored-Wholesale-Soft-Sweets-Jam-Filled-Gummy-Eyes-1-100x100.webp 100w\" sizes=\"(max-width: 800px) 100vw, 800px\" \/><\/figure><\/div><\/div>","protected":false},"excerpt":{"rendered":"<p>Bienvenido a comprar caramelos de goma al por mayor. Nuestros caramelos blandos rellenos de mermelada al por mayor tienen un dise\u00f1o con forma de caramelo, colores brillantes y un sabroso centro de mermelada. Cada caramelo de goma comparte una sensaci\u00f3n de sabor dulce e indulgente.<\/p>\n<table style=\"border-collapse: collapse; width: 329.02pt;\" border=\"0\" width=\"329\" cellspacing=\"0\" cellpadding=\"0\">\n<tbody>\n<tr style=\"height: 17.60pt;\">\n<td class=\"et2\" style=\"height: 17.60pt; width: 110.80pt;\" width=\"110\" height=\"17\">Fabricante<\/td>\n<td class=\"et2\" style=\"width: 219.15pt;\" width=\"219\">Caramelos LeChao<\/td>\n<\/tr>\n<tr style=\"height: 18.00pt;\">\n<td class=\"et2\" style=\"height: 18.00pt;\" height=\"18\">Tipo de producto<\/td>\n<td class=\"et3\" style=\"width: 219.15pt;\" width=\"219\">Caramelos de goma rellenos de mermelada<\/td>\n<\/tr>\n<tr style=\"height: 18.00pt;\">\n<td class=\"et2\" style=\"height: 18.00pt;\" height=\"18\">Pruebe<\/td>\n<td class=\"et3\" style=\"width: 219.15pt;\" width=\"219\">Agridulce y resistente<\/td>\n<\/tr>\n<tr style=\"height: 17.60pt;\">\n<td class=\"et2\" style=\"height: 17.60pt;\" height=\"17\">Especificaci\u00f3n<\/td>\n<td class=\"et2\">20gx20bolsasx12cajas<\/td>\n<\/tr>\n<tr style=\"height: 17.60pt;\">\n<td class=\"et2\" style=\"height: 17.60pt;\" height=\"17\">Tama\u00f1o de la caja<\/td>\n<td class=\"et2\">54\u00d732,5x30cm<\/td>\n<\/tr>\n<tr style=\"height: 17.60pt;\">\n<td class=\"et2\" style=\"height: 17.60pt;\" height=\"17\">N.W.\/Cart\u00f3n<\/td>\n<td class=\"et2\">8.0kg<\/td>\n<\/tr>\n<tr style=\"height: 17.60pt;\">\n<td class=\"et2\" style=\"height: 17.60pt;\" height=\"17\">Precio<\/td>\n<td class=\"et2\">31,2USD<\/td>\n<\/tr>\n<tr style=\"height: 17.60pt;\">\n<td class=\"et2\" style=\"height: 17.60pt;\" height=\"17\">MOQ<\/td>\n<td class=\"et2\">500CTNS<\/td>\n<\/tr>\n<tr style=\"height: 17.60pt;\">\n<td class=\"et2\" style=\"height: 17.60pt;\" height=\"17\">Muestra<\/td>\n<td class=\"et2\">Disponible<\/td>\n<\/tr>\n<\/tbody>\n<\/table>\n<p>&nbsp;<\/p>","protected":false},"featured_media":1507,"comment_status":"open","ping_status":"closed","template":"","meta":{"_acf_changed":false},"product_brand":[],"product_cat":[19],"product_tag":[],"class_list":{"0":"post-1505","1":"product","2":"type-product","3":"status-publish","4":"has-post-thumbnail","6":"product_cat-wholesale-gummy-manufacturer","8":"first","9":"instock","10":"shipping-taxable","11":"product-type-simple"},"acf":[],"_links":{"self":[{"href":"https:\/\/www.lechaocandy.com\/es\/wp-json\/wp\/v2\/product\/1505","targetHints":{"allow":["GET"]}}],"collection":[{"href":"https:\/\/www.lechaocandy.com\/es\/wp-json\/wp\/v2\/product"}],"about":[{"href":"https:\/\/www.lechaocandy.com\/es\/wp-json\/wp\/v2\/types\/product"}],"replies":[{"embeddable":true,"href":"https:\/\/www.lechaocandy.com\/es\/wp-json\/wp\/v2\/comments?post=1505"}],"wp:featuredmedia":[{"embeddable":true,"href":"https:\/\/www.lechaocandy.com\/es\/wp-json\/wp\/v2\/media\/1507"}],"wp:attachment":[{"href":"https:\/\/www.lechaocandy.com\/es\/wp-json\/wp\/v2\/media?parent=1505"}],"wp:term":[{"taxonomy":"product_brand","embeddable":true,"href":"https:\/\/www.lechaocandy.com\/es\/wp-json\/wp\/v2\/product_brand?post=1505"},{"taxonomy":"product_cat","embeddable":true,"href":"https:\/\/www.lechaocandy.com\/es\/wp-json\/wp\/v2\/product_cat?post=1505"},{"taxonomy":"product_tag","embeddable":true,"href":"https:\/\/www.lechaocandy.com\/es\/wp-json\/wp\/v2\/product_tag?post=1505"}],"curies":[{"name":"wp","href":"https:\/\/api.w.org\/{rel}","templated":true}]}}