{"id":1510,"date":"2025-07-30T06:07:57","date_gmt":"2025-07-30T06:07:57","guid":{"rendered":"https:\/\/www.lechaocandy.com\/?post_type=product&#038;p=1510"},"modified":"2026-03-30T09:05:58","modified_gmt":"2026-03-30T09:05:58","slug":"gummy-sharks-bulk","status":"publish","type":"product","link":"https:\/\/www.lechaocandy.com\/es\/producto\/gummy-sharks-bulk\/","title":{"rendered":"LeChao Blue Gummy Sharks Granel, Caramelos blandos masticables al por mayor"},"content":{"rendered":"<div class=\"wp-block-columns is-layout-flex wp-container-core-columns-is-layout-9d6595d7 wp-block-columns-is-layout-flex\"><div class=\"wp-block-column is-layout-flow wp-block-column-is-layout-flow\"><h2 class=\"wp-block-heading\">Aspectos destacados del producto Gummy Sharks Bulk<\/h2>\n\n<ul class=\"wp-block-list\"><li><strong>Forma de tibur\u00f3n \u00fanica: <\/strong>Nuestros tiburones de gominola azules a granel presentan vientres blancos, que brillan y llaman la atenci\u00f3n, desprendiendo una sensaci\u00f3n de diversi\u00f3n y resultando adecuados para cualquier tipo de evento.<\/li>\n\n<li><strong>Ingredientes de primera calidad: <\/strong>Nuestros caramelos de goma al por mayor est\u00e1n elaborados con ingredientes de primera calidad, lo que hace que cada uno de ellos tenga una textura excelente y un aut\u00e9ntico sabor a fruta.<\/li>\n\n<li><strong>Aspecto cristalino:<\/strong> El suave acabado cristalino de estas gominolas las hace visualmente atractivas e irresistiblemente deliciosas.<\/li>\n\n<li><strong>Envases flexibles a medida: <\/strong>Nuestras gominolas a granel pueden personalizarse seg\u00fan las necesidades del cliente, satisfaciendo los requisitos de diferentes marcas y mercados, y realzando el valor de marca del producto.<\/li>\n\n<li><strong>Embalaje al por mayor a granel: <\/strong>Estos caramelos de goma al por mayor vienen en bolsas de 20 g, con 20 bolsas por caja, adecuadas para la venta al por mayor y al por menor, convenientes para el almacenamiento y la distribuci\u00f3n, y para satisfacer las necesidades de compra al por mayor.<\/li><\/ul><\/div>\n\n<div class=\"wp-block-column is-layout-flow wp-block-column-is-layout-flow\"><figure class=\"wp-block-image size-full\"><img decoding=\"async\" width=\"800\" height=\"800\" src=\"https:\/\/www.lechaocandy.com\/wp-content\/uploads\/2025\/07\/LeChao-Chewy-Blue-Gummy-Sharks-Bulk-Wholesale-Soft-Candies-5.webp\" alt=\"LeChao Chewy Blue Gummy Sharks Granel, Caramelos blandos al por mayor-5\" class=\"wp-image-1515\" srcset=\"https:\/\/www.lechaocandy.com\/wp-content\/uploads\/2025\/07\/LeChao-Chewy-Blue-Gummy-Sharks-Bulk-Wholesale-Soft-Candies-5.webp 800w, https:\/\/www.lechaocandy.com\/wp-content\/uploads\/2025\/07\/LeChao-Chewy-Blue-Gummy-Sharks-Bulk-Wholesale-Soft-Candies-5-300x300.webp 300w, https:\/\/www.lechaocandy.com\/wp-content\/uploads\/2025\/07\/LeChao-Chewy-Blue-Gummy-Sharks-Bulk-Wholesale-Soft-Candies-5-150x150.webp 150w, https:\/\/www.lechaocandy.com\/wp-content\/uploads\/2025\/07\/LeChao-Chewy-Blue-Gummy-Sharks-Bulk-Wholesale-Soft-Candies-5-768x768.webp 768w, https:\/\/www.lechaocandy.com\/wp-content\/uploads\/2025\/07\/LeChao-Chewy-Blue-Gummy-Sharks-Bulk-Wholesale-Soft-Candies-5-12x12.webp 12w, https:\/\/www.lechaocandy.com\/wp-content\/uploads\/2025\/07\/LeChao-Chewy-Blue-Gummy-Sharks-Bulk-Wholesale-Soft-Candies-5-600x600.webp 600w, https:\/\/www.lechaocandy.com\/wp-content\/uploads\/2025\/07\/LeChao-Chewy-Blue-Gummy-Sharks-Bulk-Wholesale-Soft-Candies-5-100x100.webp 100w\" sizes=\"(max-width: 800px) 100vw, 800px\" \/><\/figure><\/div><\/div><figure class=\"wp-block-embed is-type-video is-provider-youtube wp-block-embed-youtube wp-embed-aspect-16-9 wp-has-aspect-ratio\"><div class=\"wp-block-embed__wrapper\">\n<iframe title=\"Lechao 3D Shark Gummies Wholesale\" width=\"500\" height=\"281\" src=\"https:\/\/www.youtube.com\/embed\/SY3-a2aXZxg?feature=oembed\" frameborder=\"0\" allow=\"accelerometer; autoplay; clipboard-write; encrypted-media; gyroscope; picture-in-picture; web-share\" referrerpolicy=\"strict-origin-when-cross-origin\" allowfullscreen><\/iframe>\n<\/div><\/figure>","protected":false},"excerpt":{"rendered":"<p>Bienvenido a comprar caramelos de goma al por mayor. Nuestras gominolas de tibur\u00f3n azul al por mayor son cristalinas y tienen una textura rica y masticable. Fabricados con ingredientes de alta calidad cuidadosamente seleccionados, pueden adaptarse a las especificaciones y demandas de los clientes para diversos mercados.<\/p>\n<table style=\"border-collapse: collapse; width: 329.02pt;\" border=\"0\" width=\"329\" cellspacing=\"0\" cellpadding=\"0\">\n<tbody>\n<tr style=\"height: 17.60pt;\">\n<td class=\"et2\" style=\"height: 17.60pt; width: 110.80pt;\" width=\"110\" height=\"17\">Fabricante<\/td>\n<td class=\"et2\" style=\"width: 219.15pt;\" width=\"219\">Caramelos LeChao<\/td>\n<\/tr>\n<tr style=\"height: 18.00pt;\">\n<td class=\"et2\" style=\"height: 18.00pt;\" height=\"18\">Tipo de producto<\/td>\n<td class=\"et3\" style=\"width: 219.15pt;\" width=\"219\">Tiburones de gominola a granel<\/td>\n<\/tr>\n<tr style=\"height: 18.00pt;\">\n<td class=\"et2\" style=\"height: 18.00pt;\" height=\"18\">Pruebe<\/td>\n<td class=\"et3\" style=\"width: 219.15pt;\" width=\"219\">Agridulce y resistente<\/td>\n<\/tr>\n<tr style=\"height: 17.60pt;\">\n<td class=\"et2\" style=\"height: 17.60pt;\" height=\"17\">Especificaci\u00f3n<\/td>\n<td class=\"et2\">20gx24pcsx12cajas<\/td>\n<\/tr>\n<tr style=\"height: 17.60pt;\">\n<td class=\"et2\" style=\"height: 17.60pt;\" height=\"17\">Tama\u00f1o de la caja<\/td>\n<td class=\"et2\">45*29*25cm<\/td>\n<\/tr>\n<tr style=\"height: 17.60pt;\">\n<td class=\"et2\" style=\"height: 17.60pt;\" height=\"17\">N.W.\/Cart\u00f3n<\/td>\n<td class=\"et2\">8.0kg<\/td>\n<\/tr>\n<tr style=\"height: 17.60pt;\">\n<td class=\"et2\" style=\"height: 17.60pt;\" height=\"17\">Precio<\/td>\n<td class=\"et2\">23,5USD<\/td>\n<\/tr>\n<tr style=\"height: 17.60pt;\">\n<td class=\"et2\" style=\"height: 17.60pt;\" height=\"17\">MOQ<\/td>\n<td class=\"et2\">500CTNS<\/td>\n<\/tr>\n<tr style=\"height: 17.60pt;\">\n<td class=\"et2\" style=\"height: 17.60pt;\" height=\"17\">Muestra<\/td>\n<td class=\"et2\">Disponible<\/td>\n<\/tr>\n<\/tbody>\n<\/table>\n<p>&nbsp;<\/p>","protected":false},"featured_media":1512,"comment_status":"open","ping_status":"closed","template":"","meta":{"_acf_changed":false},"product_brand":[],"product_cat":[19],"product_tag":[],"class_list":{"0":"post-1510","1":"product","2":"type-product","3":"status-publish","4":"has-post-thumbnail","6":"product_cat-wholesale-gummy-manufacturer","8":"first","9":"instock","10":"shipping-taxable","11":"product-type-simple"},"acf":[],"_links":{"self":[{"href":"https:\/\/www.lechaocandy.com\/es\/wp-json\/wp\/v2\/product\/1510","targetHints":{"allow":["GET"]}}],"collection":[{"href":"https:\/\/www.lechaocandy.com\/es\/wp-json\/wp\/v2\/product"}],"about":[{"href":"https:\/\/www.lechaocandy.com\/es\/wp-json\/wp\/v2\/types\/product"}],"replies":[{"embeddable":true,"href":"https:\/\/www.lechaocandy.com\/es\/wp-json\/wp\/v2\/comments?post=1510"}],"wp:featuredmedia":[{"embeddable":true,"href":"https:\/\/www.lechaocandy.com\/es\/wp-json\/wp\/v2\/media\/1512"}],"wp:attachment":[{"href":"https:\/\/www.lechaocandy.com\/es\/wp-json\/wp\/v2\/media?parent=1510"}],"wp:term":[{"taxonomy":"product_brand","embeddable":true,"href":"https:\/\/www.lechaocandy.com\/es\/wp-json\/wp\/v2\/product_brand?post=1510"},{"taxonomy":"product_cat","embeddable":true,"href":"https:\/\/www.lechaocandy.com\/es\/wp-json\/wp\/v2\/product_cat?post=1510"},{"taxonomy":"product_tag","embeddable":true,"href":"https:\/\/www.lechaocandy.com\/es\/wp-json\/wp\/v2\/product_tag?post=1510"}],"curies":[{"name":"wp","href":"https:\/\/api.w.org\/{rel}","templated":true}]}}