{"id":1517,"date":"2025-07-30T06:33:24","date_gmt":"2025-07-30T06:33:24","guid":{"rendered":"https:\/\/www.lechaocandy.com\/?post_type=product&#038;p=1517"},"modified":"2025-07-30T06:45:45","modified_gmt":"2025-07-30T06:45:45","slug":"jelly-sweets-wholesale","status":"publish","type":"product","link":"https:\/\/www.lechaocandy.com\/es\/producto\/jelly-sweets-wholesale\/","title":{"rendered":"Caramelos de goma Springy al por mayor, ciempi\u00e9s de goma LeChao a granel"},"content":{"rendered":"<div class=\"wp-block-columns is-layout-flex wp-container-core-columns-is-layout-9d6595d7 wp-block-columns-is-layout-flex\"><div class=\"wp-block-column is-layout-flow wp-block-column-is-layout-flow\"><h2 class=\"wp-block-heading\">Productos destacados de los caramelos de gelatina Ciempi\u00e9s al por mayor<\/h2>\n\n<ul class=\"wp-block-list\"><li><strong>Divertida forma de ciempi\u00e9s: <\/strong>Estos caramelos de gelatina al por mayor tienen forma de ciempi\u00e9s, lo que los hace divertidos y atractivos.<\/li>\n\n<li><strong>Textura masticable: <\/strong>Nuestros caramelos de goma al por mayor en forma de ciempi\u00e9s tienen una textura masticable, lo que los convierte en un bocado satisfactorio, apto para personas de cualquier edad.<\/li>\n\n<li><strong>Colores vivos: <\/strong>Nuestros caramelos de gelatina al por mayor son de colores brillantes, tienen un excelente efecto visual y un potencial llamativo, ofreciendo a los consumidores m\u00e1s variedad y diversi\u00f3n.<\/li>\n\n<li><strong>Embalaje individual: <\/strong>Estos caramelos de goma al por mayor con forma de ciempi\u00e9s vienen en envases individuales, lo que los hace c\u00f3modos para disfrutar en cualquier momento, perfectos para la venta al por menor, fiestas y viajes.<\/li>\n\n<li><strong>Embalaje al por mayor a granel:<\/strong> Ofrecemos servicios de compra al por mayor de caramelos de gelatina, ideales para compras al por mayor. Las especificaciones de envasado de 20 g por bolsa y 20 bolsas por caja satisfacen las necesidades de mayoristas y minoristas.<\/li><\/ul><\/div>\n\n<div class=\"wp-block-column is-layout-flow wp-block-column-is-layout-flow\"><figure class=\"wp-block-image size-full\"><img decoding=\"async\" width=\"800\" height=\"800\" src=\"https:\/\/www.lechaocandy.com\/wp-content\/uploads\/2025\/07\/Springy-Jelly-Sweets-Wholesale-LeChao-Gummy-Centipedes-Bulk-3.webp\" alt=\"Caramelos de goma Springy al por mayor, LeChao Ciempi\u00e9s de goma a granel-3\" class=\"wp-image-1520\" srcset=\"https:\/\/www.lechaocandy.com\/wp-content\/uploads\/2025\/07\/Springy-Jelly-Sweets-Wholesale-LeChao-Gummy-Centipedes-Bulk-3.webp 800w, https:\/\/www.lechaocandy.com\/wp-content\/uploads\/2025\/07\/Springy-Jelly-Sweets-Wholesale-LeChao-Gummy-Centipedes-Bulk-3-300x300.webp 300w, https:\/\/www.lechaocandy.com\/wp-content\/uploads\/2025\/07\/Springy-Jelly-Sweets-Wholesale-LeChao-Gummy-Centipedes-Bulk-3-150x150.webp 150w, https:\/\/www.lechaocandy.com\/wp-content\/uploads\/2025\/07\/Springy-Jelly-Sweets-Wholesale-LeChao-Gummy-Centipedes-Bulk-3-768x768.webp 768w, https:\/\/www.lechaocandy.com\/wp-content\/uploads\/2025\/07\/Springy-Jelly-Sweets-Wholesale-LeChao-Gummy-Centipedes-Bulk-3-12x12.webp 12w, https:\/\/www.lechaocandy.com\/wp-content\/uploads\/2025\/07\/Springy-Jelly-Sweets-Wholesale-LeChao-Gummy-Centipedes-Bulk-3-600x600.webp 600w, https:\/\/www.lechaocandy.com\/wp-content\/uploads\/2025\/07\/Springy-Jelly-Sweets-Wholesale-LeChao-Gummy-Centipedes-Bulk-3-100x100.webp 100w\" sizes=\"(max-width: 800px) 100vw, 800px\" \/><\/figure><\/div><\/div>","protected":false},"excerpt":{"rendered":"<p>Bienvenido a comprar caramelos de goma al por mayor. Nuestros caramelos de goma en forma de ciempi\u00e9s al por mayor son coloridos, divertidos y masticables. Est\u00e1n envasados individualmente, por lo que son f\u00e1ciles de llevar y compartir.<\/p>\n<table style=\"border-collapse: collapse; width: 329.02pt;\" border=\"0\" width=\"329\" cellspacing=\"0\" cellpadding=\"0\">\n<tbody>\n<tr style=\"height: 17.60pt;\">\n<td class=\"et2\" style=\"height: 17.60pt; width: 110.80pt;\" width=\"110\" height=\"17\">Fabricante<\/td>\n<td class=\"et2\" style=\"width: 219.15pt;\" width=\"219\">Caramelos LeChao<\/td>\n<\/tr>\n<tr style=\"height: 18.00pt;\">\n<td class=\"et2\" style=\"height: 18.00pt;\" height=\"18\">Tipo de producto<\/td>\n<td class=\"et3\" style=\"width: 219.15pt;\" width=\"219\">Caramelos de goma Ciempi\u00e9s<\/td>\n<\/tr>\n<tr style=\"height: 18.00pt;\">\n<td class=\"et2\" style=\"height: 18.00pt;\" height=\"18\">Pruebe<\/td>\n<td class=\"et3\" style=\"width: 219.15pt;\" width=\"219\">Agridulce y resistente<\/td>\n<\/tr>\n<tr style=\"height: 17.60pt;\">\n<td class=\"et2\" style=\"height: 17.60pt;\" height=\"17\">Especificaci\u00f3n<\/td>\n<td class=\"et2\">28g*30pcs*6caja<\/td>\n<\/tr>\n<tr style=\"height: 17.60pt;\">\n<td class=\"et2\" style=\"height: 17.60pt;\" height=\"17\">Tama\u00f1o de la caja<\/td>\n<td class=\"et2\">50.5*29*18.5cm<\/td>\n<\/tr>\n<tr style=\"height: 17.60pt;\">\n<td class=\"et2\" style=\"height: 17.60pt;\" height=\"17\">N.W.\/Cart\u00f3n<\/td>\n<td class=\"et2\">6,23 kg<\/td>\n<\/tr>\n<tr style=\"height: 17.60pt;\">\n<td class=\"et2\" style=\"height: 17.60pt;\" height=\"17\">Muestra<\/td>\n<td class=\"et2\">Disponible<\/td>\n<\/tr>\n<\/tbody>\n<\/table>\n<p>&nbsp;<\/p>","protected":false},"featured_media":1519,"comment_status":"open","ping_status":"closed","template":"","meta":{"_acf_changed":false},"product_brand":[],"product_cat":[19],"product_tag":[],"class_list":{"0":"post-1517","1":"product","2":"type-product","3":"status-publish","4":"has-post-thumbnail","6":"product_cat-wholesale-gummy-manufacturer","8":"first","9":"instock","10":"shipping-taxable","11":"product-type-simple"},"acf":[],"_links":{"self":[{"href":"https:\/\/www.lechaocandy.com\/es\/wp-json\/wp\/v2\/product\/1517","targetHints":{"allow":["GET"]}}],"collection":[{"href":"https:\/\/www.lechaocandy.com\/es\/wp-json\/wp\/v2\/product"}],"about":[{"href":"https:\/\/www.lechaocandy.com\/es\/wp-json\/wp\/v2\/types\/product"}],"replies":[{"embeddable":true,"href":"https:\/\/www.lechaocandy.com\/es\/wp-json\/wp\/v2\/comments?post=1517"}],"wp:featuredmedia":[{"embeddable":true,"href":"https:\/\/www.lechaocandy.com\/es\/wp-json\/wp\/v2\/media\/1519"}],"wp:attachment":[{"href":"https:\/\/www.lechaocandy.com\/es\/wp-json\/wp\/v2\/media?parent=1517"}],"wp:term":[{"taxonomy":"product_brand","embeddable":true,"href":"https:\/\/www.lechaocandy.com\/es\/wp-json\/wp\/v2\/product_brand?post=1517"},{"taxonomy":"product_cat","embeddable":true,"href":"https:\/\/www.lechaocandy.com\/es\/wp-json\/wp\/v2\/product_cat?post=1517"},{"taxonomy":"product_tag","embeddable":true,"href":"https:\/\/www.lechaocandy.com\/es\/wp-json\/wp\/v2\/product_tag?post=1517"}],"curies":[{"name":"wp","href":"https:\/\/api.w.org\/{rel}","templated":true}]}}