{"id":1523,"date":"2025-07-30T06:47:14","date_gmt":"2025-07-30T06:47:14","guid":{"rendered":"https:\/\/www.lechaocandy.com\/?post_type=product&#038;p=1523"},"modified":"2026-04-09T02:23:44","modified_gmt":"2026-04-09T02:23:44","slug":"jelly-sweets-bulk","status":"publish","type":"product","link":"https:\/\/www.lechaocandy.com\/es\/producto\/jelly-sweets-bulk\/","title":{"rendered":"Caramelos de gelatina de murci\u00e9lago creativos al por mayor, caramelos de Halloween al por mayor"},"content":{"rendered":"<div class=\"wp-block-columns is-layout-flex wp-container-core-columns-is-layout-9d6595d7 wp-block-columns-is-layout-flex\"><div class=\"wp-block-column is-layout-flow wp-block-column-is-layout-flow\"><h2 class=\"wp-block-heading\">Caracter\u00edsticas de los caramelos de goma a granel<\/h2>\n\n<ul class=\"wp-block-list\"><li><strong>Formas de murci\u00e9lago vivas e interesantes:<\/strong> Estos caramelos de gelatina a granel se fabrican en forma de murci\u00e9lagos de colores, que se adaptan bien al tema de Halloween y evocan un ambiente festivo.<\/li>\n\n<li><strong>Colores vivos: <\/strong>Nuestros caramelos de goma al por mayor vienen en una variedad de colores brillantes, lo que les da un atractivo visual llamativo y los hace destacar en cualquier bandeja de caramelos de Halloween.<\/li>\n\n<li><strong>Dise\u00f1o exclusivo del festival: <\/strong>Nuestros caramelos de gelatina de murci\u00e9lago a granel est\u00e1n especialmente dise\u00f1ados como caramelos creativos para Halloween, ofreciendo un ambiente festivo que es realmente \u00fanico y complementa perfectamente las fiestas tem\u00e1ticas.<\/li>\n\n<li><strong>Textura masticable: <\/strong>Nuestros caramelos de goma al por mayor tienen una textura masticable suave y el\u00e1stica y un sabor dulce en cada bocado.<\/li>\n\n<li><strong>Embalaje a granel: <\/strong>Estos caramelos de goma con forma de murci\u00e9lago a granel se presentan en bolsas de 200 g, ideales para compras al por mayor, que satisfacen las necesidades de fiestas, tiendas y eventos, y resultan c\u00f3modas para su almacenamiento y distribuci\u00f3n.<\/li><\/ul><\/div>\n\n<div class=\"wp-block-column is-layout-flow wp-block-column-is-layout-flow\"><figure class=\"wp-block-image size-full\"><img decoding=\"async\" width=\"800\" height=\"800\" src=\"https:\/\/www.lechaocandy.com\/wp-content\/uploads\/2025\/07\/Creative-Bat-Jelly-Sweets-Bulk-Halloween-Candy-Wholesale-3.webp\" alt=\"Caramelos de gelatina de murci\u00e9lago creativos a granel, caramelos de Halloween al por mayor-3\" class=\"wp-image-1526\" srcset=\"https:\/\/www.lechaocandy.com\/wp-content\/uploads\/2025\/07\/Creative-Bat-Jelly-Sweets-Bulk-Halloween-Candy-Wholesale-3.webp 800w, https:\/\/www.lechaocandy.com\/wp-content\/uploads\/2025\/07\/Creative-Bat-Jelly-Sweets-Bulk-Halloween-Candy-Wholesale-3-300x300.webp 300w, https:\/\/www.lechaocandy.com\/wp-content\/uploads\/2025\/07\/Creative-Bat-Jelly-Sweets-Bulk-Halloween-Candy-Wholesale-3-150x150.webp 150w, https:\/\/www.lechaocandy.com\/wp-content\/uploads\/2025\/07\/Creative-Bat-Jelly-Sweets-Bulk-Halloween-Candy-Wholesale-3-768x768.webp 768w, https:\/\/www.lechaocandy.com\/wp-content\/uploads\/2025\/07\/Creative-Bat-Jelly-Sweets-Bulk-Halloween-Candy-Wholesale-3-12x12.webp 12w, https:\/\/www.lechaocandy.com\/wp-content\/uploads\/2025\/07\/Creative-Bat-Jelly-Sweets-Bulk-Halloween-Candy-Wholesale-3-600x600.webp 600w, https:\/\/www.lechaocandy.com\/wp-content\/uploads\/2025\/07\/Creative-Bat-Jelly-Sweets-Bulk-Halloween-Candy-Wholesale-3-100x100.webp 100w\" sizes=\"(max-width: 800px) 100vw, 800px\" \/><\/figure><\/div><\/div>","protected":false},"excerpt":{"rendered":"<p>Bienvenido a comprar caramelos de goma al por mayor. Nuestros caramelos de goma en forma de murci\u00e9lago a granel est\u00e1n especialmente dise\u00f1ados para Halloween, con formas coloridas y fascinantes, colores vibrantes y un ambiente festivo.<\/p>\n<table style=\"border-collapse: collapse; width: 329.02pt;\" border=\"0\" width=\"329\" cellspacing=\"0\" cellpadding=\"0\">\n<tbody>\n<tr style=\"height: 17.60pt;\">\n<td class=\"et2\" style=\"height: 17.60pt; width: 110.80pt;\" width=\"110\" height=\"17\">Fabricante<\/td>\n<td class=\"et2\" style=\"width: 219.15pt;\" width=\"219\">Caramelos LeChao<\/td>\n<\/tr>\n<tr style=\"height: 18.00pt;\">\n<td class=\"et2\" style=\"height: 18.00pt;\" height=\"18\">Tipo de producto<\/td>\n<td class=\"et3\" style=\"width: 219.15pt;\" width=\"219\">Caramelos de goma Murci\u00e9lago<\/td>\n<\/tr>\n<tr style=\"height: 18.00pt;\">\n<td class=\"et2\" style=\"height: 18.00pt;\" height=\"18\">Pruebe<\/td>\n<td class=\"et3\" style=\"width: 219.15pt;\" width=\"219\">Agridulce y resistente<\/td>\n<\/tr>\n<tr style=\"height: 17.60pt;\">\n<td class=\"et2\" style=\"height: 17.60pt;\" height=\"17\">Especificaci\u00f3n<\/td>\n<td class=\"et2\">200gx48bolsas<\/td>\n<\/tr>\n<tr style=\"height: 17.60pt;\">\n<td class=\"et2\" style=\"height: 17.60pt;\" height=\"17\">Tama\u00f1o de la caja<\/td>\n<td class=\"et2\">38*33*14cm<\/td>\n<\/tr>\n<tr style=\"height: 17.60pt;\">\n<td class=\"et2\" style=\"height: 17.60pt;\" height=\"17\">N.W.\/Cart\u00f3n<\/td>\n<td class=\"et2\">12.0kg<\/td>\n<\/tr>\n<tr style=\"height: 17.60pt;\">\n<td class=\"et2\" style=\"height: 17.60pt;\" height=\"17\">MOQ<\/td>\n<td class=\"et2\">500CTNS<\/td>\n<\/tr>\n<tr style=\"height: 17.60pt;\">\n<td class=\"et2\" style=\"height: 17.60pt;\" height=\"17\">Muestra<\/td>\n<td class=\"et2\">Disponible<\/td>\n<\/tr>\n<\/tbody>\n<\/table>\n<p>&nbsp;<\/p>","protected":false},"featured_media":1525,"comment_status":"open","ping_status":"closed","template":"","meta":{"_acf_changed":false},"product_brand":[],"product_cat":[19],"product_tag":[41],"class_list":{"0":"post-1523","1":"product","2":"type-product","3":"status-publish","4":"has-post-thumbnail","6":"product_cat-wholesale-gummy-manufacturer","7":"product_tag-wholesale-halloween-gummies","9":"first","10":"instock","11":"shipping-taxable","12":"product-type-simple"},"acf":[],"_links":{"self":[{"href":"https:\/\/www.lechaocandy.com\/es\/wp-json\/wp\/v2\/product\/1523","targetHints":{"allow":["GET"]}}],"collection":[{"href":"https:\/\/www.lechaocandy.com\/es\/wp-json\/wp\/v2\/product"}],"about":[{"href":"https:\/\/www.lechaocandy.com\/es\/wp-json\/wp\/v2\/types\/product"}],"replies":[{"embeddable":true,"href":"https:\/\/www.lechaocandy.com\/es\/wp-json\/wp\/v2\/comments?post=1523"}],"wp:featuredmedia":[{"embeddable":true,"href":"https:\/\/www.lechaocandy.com\/es\/wp-json\/wp\/v2\/media\/1525"}],"wp:attachment":[{"href":"https:\/\/www.lechaocandy.com\/es\/wp-json\/wp\/v2\/media?parent=1523"}],"wp:term":[{"taxonomy":"product_brand","embeddable":true,"href":"https:\/\/www.lechaocandy.com\/es\/wp-json\/wp\/v2\/product_brand?post=1523"},{"taxonomy":"product_cat","embeddable":true,"href":"https:\/\/www.lechaocandy.com\/es\/wp-json\/wp\/v2\/product_cat?post=1523"},{"taxonomy":"product_tag","embeddable":true,"href":"https:\/\/www.lechaocandy.com\/es\/wp-json\/wp\/v2\/product_tag?post=1523"}],"curies":[{"name":"wp","href":"https:\/\/api.w.org\/{rel}","templated":true}]}}