{"id":1528,"date":"2025-07-30T07:13:57","date_gmt":"2025-07-30T07:13:57","guid":{"rendered":"https:\/\/www.lechaocandy.com\/?post_type=product&#038;p=1528"},"modified":"2025-07-30T07:27:04","modified_gmt":"2025-07-30T07:27:04","slug":"wholesale-gummy-bears","status":"publish","type":"product","link":"https:\/\/www.lechaocandy.com\/es\/producto\/wholesale-gummy-bears\/","title":{"rendered":"LeChao Gummy Bears al por mayor, caramelos de goma hinchables a granel"},"content":{"rendered":"<div class=\"wp-block-columns is-layout-flex wp-container-core-columns-is-layout-9d6595d7 wp-block-columns-is-layout-flex\"><div class=\"wp-block-column is-layout-flow wp-block-column-is-layout-flow\"><h2 class=\"wp-block-heading\">Productos destacados de los ositos de gominola al por mayor<\/h2>\n\n<ul class=\"wp-block-list\"><li><strong>Dise\u00f1o cl\u00e1sico en forma de oso:<\/strong> Estos ositos de gominola al por mayor tienen una forma cl\u00e1sica muy buscada y apreciada tanto por ni\u00f1os como por adultos, lo que hace que el producto sea m\u00e1s interesante y atractivo.<\/li>\n\n<li><strong>M\u00faltiples sabores frutales: <\/strong>Nuestros ositos de gominola a granel est\u00e1n disponibles en distintos sabores de fruta para satisfacer las preferencias de los consumidores, con un aroma frutal natural en cada bocado.<\/li>\n\n<li><strong>Colores vivos: <\/strong>Estos ositos de gominola al por mayor vienen en muchos tonos vibrantes, brillantes y llamativos, lo que los convierte en una gran elecci\u00f3n para fiestas y eventos.<\/li>\n\n<li><strong>Textura masticable: <\/strong>Nuestros ositos de gominola a granel tienen una textura masticable, que ofrece un mordisco satisfactorio y una experiencia dulce de larga duraci\u00f3n, haciendo que cada uno de ellos sea irresistible.<\/li>\n\n<li><strong>Envasado al por mayor: <\/strong>Ofrecemos envases al por mayor y a granel para nuestros ositos de gominola, por lo que resulta c\u00f3modo para minoristas, organizadores de fiestas y organizadores de eventos comprar al por mayor para satisfacer diferentes necesidades.<\/li><\/ul><\/div>\n\n<div class=\"wp-block-column is-layout-flow wp-block-column-is-layout-flow\"><figure class=\"wp-block-image size-full\"><img decoding=\"async\" width=\"800\" height=\"800\" src=\"https:\/\/www.lechaocandy.com\/wp-content\/uploads\/2025\/07\/LeChao-Wholesale-Gummy-Bears-Bouncy-Gummy-Candy-Bulk-1.webp\" alt=\"LeChao Gummy Bears al por mayor, caramelos de goma hinchables a granel-1\" class=\"wp-image-1529\" srcset=\"https:\/\/www.lechaocandy.com\/wp-content\/uploads\/2025\/07\/LeChao-Wholesale-Gummy-Bears-Bouncy-Gummy-Candy-Bulk-1.webp 800w, https:\/\/www.lechaocandy.com\/wp-content\/uploads\/2025\/07\/LeChao-Wholesale-Gummy-Bears-Bouncy-Gummy-Candy-Bulk-1-300x300.webp 300w, https:\/\/www.lechaocandy.com\/wp-content\/uploads\/2025\/07\/LeChao-Wholesale-Gummy-Bears-Bouncy-Gummy-Candy-Bulk-1-150x150.webp 150w, https:\/\/www.lechaocandy.com\/wp-content\/uploads\/2025\/07\/LeChao-Wholesale-Gummy-Bears-Bouncy-Gummy-Candy-Bulk-1-768x768.webp 768w, https:\/\/www.lechaocandy.com\/wp-content\/uploads\/2025\/07\/LeChao-Wholesale-Gummy-Bears-Bouncy-Gummy-Candy-Bulk-1-12x12.webp 12w, https:\/\/www.lechaocandy.com\/wp-content\/uploads\/2025\/07\/LeChao-Wholesale-Gummy-Bears-Bouncy-Gummy-Candy-Bulk-1-600x600.webp 600w, https:\/\/www.lechaocandy.com\/wp-content\/uploads\/2025\/07\/LeChao-Wholesale-Gummy-Bears-Bouncy-Gummy-Candy-Bulk-1-100x100.webp 100w\" sizes=\"(max-width: 800px) 100vw, 800px\" \/><\/figure><\/div><\/div>","protected":false},"excerpt":{"rendered":"<p>Bienvenido a comprar ositos de gominola al por mayor. Estos ositos de gominola cl\u00e1sicos con sabor a fruta al por mayor son coloridos, masticables y tienen sabor natural a fruta. Disponemos de opciones de envasado personalizadas.<\/p>\n<table style=\"border-collapse: collapse; width: 329.02pt;\" border=\"0\" width=\"329\" cellspacing=\"0\" cellpadding=\"0\">\n<tbody>\n<tr style=\"height: 17.60pt;\">\n<td class=\"et2\" style=\"height: 17.60pt; width: 110.80pt;\" width=\"110\" height=\"17\">Fabricante<\/td>\n<td class=\"et2\" style=\"width: 219.15pt;\" width=\"219\">Caramelos LeChao<\/td>\n<\/tr>\n<tr style=\"height: 18.00pt;\">\n<td class=\"et2\" style=\"height: 18.00pt;\" height=\"18\">Tipo de producto<\/td>\n<td class=\"et3\" style=\"width: 219.15pt;\" width=\"219\">Caramelos de goma<\/td>\n<\/tr>\n<tr style=\"height: 18.00pt;\">\n<td class=\"et2\" style=\"height: 18.00pt;\" height=\"18\">Pruebe<\/td>\n<td class=\"et3\" style=\"width: 219.15pt;\" width=\"219\">Agridulce y resistente<\/td>\n<\/tr>\n<tr style=\"height: 17.60pt;\">\n<td class=\"et2\" style=\"height: 17.60pt;\" height=\"17\">Especificaci\u00f3n<\/td>\n<td class=\"et2\">100gx80bolsas<\/td>\n<\/tr>\n<tr style=\"height: 17.60pt;\">\n<td class=\"et2\" style=\"height: 17.60pt;\" height=\"17\">Tama\u00f1o de la caja<\/td>\n<td class=\"et2\">38*33*14cm<\/td>\n<\/tr>\n<tr style=\"height: 17.60pt;\">\n<td class=\"et2\" style=\"height: 17.60pt;\" height=\"17\">N.W.\/Cart\u00f3n<\/td>\n<td class=\"et2\">12.0kg<\/td>\n<\/tr>\n<tr style=\"height: 17.60pt;\">\n<td class=\"et2\" style=\"height: 17.60pt;\" height=\"17\">MOQ<\/td>\n<td class=\"et2\">500CTNS<\/td>\n<\/tr>\n<tr style=\"height: 17.60pt;\">\n<td class=\"et2\" style=\"height: 17.60pt;\" height=\"17\">Muestra<\/td>\n<td class=\"et2\">Disponible<\/td>\n<\/tr>\n<\/tbody>\n<\/table>\n<p>&nbsp;<\/p>","protected":false},"featured_media":1530,"comment_status":"open","ping_status":"closed","template":"","meta":{"_acf_changed":false},"product_brand":[],"product_cat":[19],"product_tag":[],"class_list":{"0":"post-1528","1":"product","2":"type-product","3":"status-publish","4":"has-post-thumbnail","6":"product_cat-wholesale-gummy-manufacturer","8":"first","9":"instock","10":"shipping-taxable","11":"product-type-simple"},"acf":[],"_links":{"self":[{"href":"https:\/\/www.lechaocandy.com\/es\/wp-json\/wp\/v2\/product\/1528","targetHints":{"allow":["GET"]}}],"collection":[{"href":"https:\/\/www.lechaocandy.com\/es\/wp-json\/wp\/v2\/product"}],"about":[{"href":"https:\/\/www.lechaocandy.com\/es\/wp-json\/wp\/v2\/types\/product"}],"replies":[{"embeddable":true,"href":"https:\/\/www.lechaocandy.com\/es\/wp-json\/wp\/v2\/comments?post=1528"}],"wp:featuredmedia":[{"embeddable":true,"href":"https:\/\/www.lechaocandy.com\/es\/wp-json\/wp\/v2\/media\/1530"}],"wp:attachment":[{"href":"https:\/\/www.lechaocandy.com\/es\/wp-json\/wp\/v2\/media?parent=1528"}],"wp:term":[{"taxonomy":"product_brand","embeddable":true,"href":"https:\/\/www.lechaocandy.com\/es\/wp-json\/wp\/v2\/product_brand?post=1528"},{"taxonomy":"product_cat","embeddable":true,"href":"https:\/\/www.lechaocandy.com\/es\/wp-json\/wp\/v2\/product_cat?post=1528"},{"taxonomy":"product_tag","embeddable":true,"href":"https:\/\/www.lechaocandy.com\/es\/wp-json\/wp\/v2\/product_tag?post=1528"}],"curies":[{"name":"wp","href":"https:\/\/api.w.org\/{rel}","templated":true}]}}