{"id":1548,"date":"2025-08-05T03:37:47","date_gmt":"2025-08-05T03:37:47","guid":{"rendered":"https:\/\/www.lechaocandy.com\/?post_type=product&#038;p=1548"},"modified":"2025-08-05T03:51:25","modified_gmt":"2025-08-05T03:51:25","slug":"green-apple-gummies-wholesale","status":"publish","type":"product","link":"https:\/\/www.lechaocandy.com\/es\/producto\/green-apple-gummies-wholesale\/","title":{"rendered":"Gominolas de Manzana Verde al por mayor, Suministro de f\u00e1brica de caramelos de gelatina"},"content":{"rendered":"<div class=\"wp-block-columns is-layout-flex wp-container-core-columns-is-layout-9d6595d7 wp-block-columns-is-layout-flex\"><div class=\"wp-block-column is-layout-flow wp-block-column-is-layout-flow\"><h2 class=\"wp-block-heading\">Aspectos destacados del producto Gominolas de manzana verde al por mayor<\/h2>\n\n<ul class=\"wp-block-list\"><li><strong>Envasados individualmente para una mayor portabilidad e higiene: <\/strong>Nuestras gominolas de manzana verde al por mayor vienen en envases de 20 g, ligeros y port\u00e1tiles, c\u00f3modos de distribuir y vender, adecuados para el consumo diario, las ventas navide\u00f1as y para regalar.<\/li>\n\n<li><strong>Bonito dise\u00f1o de manzana verde: <\/strong>Estos caramelos de gelatina a granel vienen en una aut\u00e9ntica forma de manzana verde que contribuye a su monada y los convierte en uno de los favoritos para exponer.<\/li>\n\n<li><strong>Rico aroma afrutado y textura masticable: <\/strong>Nuestras gominolas de manzana verde al por mayor utilizan un aut\u00e9ntico sabor a manzana verde, ofreciendo un equilibrado sabor agridulce con una textura masticable y refrescante que satisface a todos los paladares.<\/li>\n\n<li><strong>Ingredientes seleccionados de primera calidad y seguridad alimentaria garantizada: <\/strong>Nuestros caramelos de gelatina a granel presumen de un aut\u00e9ntico sabor a manzana verde, que aporta un buen equilibrio de sabor agridulce con una textura masticable y fresca que resultar\u00e1 adecuada para cualquier lengua.<\/li>\n\n<li><strong>Venta directa de f\u00e1brica, precios muy competitivos: <\/strong>Nuestras gominolas de manzana verde al por mayor son suministradas de forma estable por la f\u00e1brica de lechao, soportan servicios personalizados OEM\/ODM, y el precio al por mayor es muy competitivo, ayudando a los clientes a ocupar r\u00e1pidamente el mercado.<\/li><\/ul><\/div>\n\n<div class=\"wp-block-column is-layout-flow wp-block-column-is-layout-flow\"><figure class=\"wp-block-image size-full\"><img decoding=\"async\" width=\"800\" height=\"800\" src=\"https:\/\/www.lechaocandy.com\/wp-content\/uploads\/2025\/08\/Green-Apple-Gummies-Wholesale-Factory-Supply-Jelly-Candy-1.webp\" alt=\"Gominolas de Manzana Verde al por mayor, Suministro de f\u00e1brica de caramelos de gelatina-1\" class=\"wp-image-1549\" srcset=\"https:\/\/www.lechaocandy.com\/wp-content\/uploads\/2025\/08\/Green-Apple-Gummies-Wholesale-Factory-Supply-Jelly-Candy-1.webp 800w, https:\/\/www.lechaocandy.com\/wp-content\/uploads\/2025\/08\/Green-Apple-Gummies-Wholesale-Factory-Supply-Jelly-Candy-1-300x300.webp 300w, https:\/\/www.lechaocandy.com\/wp-content\/uploads\/2025\/08\/Green-Apple-Gummies-Wholesale-Factory-Supply-Jelly-Candy-1-150x150.webp 150w, https:\/\/www.lechaocandy.com\/wp-content\/uploads\/2025\/08\/Green-Apple-Gummies-Wholesale-Factory-Supply-Jelly-Candy-1-768x768.webp 768w, https:\/\/www.lechaocandy.com\/wp-content\/uploads\/2025\/08\/Green-Apple-Gummies-Wholesale-Factory-Supply-Jelly-Candy-1-12x12.webp 12w, https:\/\/www.lechaocandy.com\/wp-content\/uploads\/2025\/08\/Green-Apple-Gummies-Wholesale-Factory-Supply-Jelly-Candy-1-600x600.webp 600w, https:\/\/www.lechaocandy.com\/wp-content\/uploads\/2025\/08\/Green-Apple-Gummies-Wholesale-Factory-Supply-Jelly-Candy-1-100x100.webp 100w\" sizes=\"(max-width: 800px) 100vw, 800px\" \/><\/figure><\/div><\/div>","protected":false},"excerpt":{"rendered":"<p>Bienvenido a comprar caramelos de goma al por mayor. Nuestras gominolas de manzana verde al por mayor se fabrican con ingredientes de primera calidad, disponibles en envases personalizados. Directo de f\u00e1brica de Lechao con precios al por mayor inmejorables.<\/p>\n<table style=\"border-collapse: collapse; width: 329.02pt;\" border=\"0\" width=\"329\" cellspacing=\"0\" cellpadding=\"0\">\n<tbody>\n<tr style=\"height: 17.60pt;\">\n<td class=\"et2\" style=\"height: 17.60pt; width: 110.80pt;\" width=\"110\" height=\"17\">Fabricante<\/td>\n<td class=\"et2\" style=\"width: 219.15pt;\" width=\"219\">Caramelos LeChao<\/td>\n<\/tr>\n<tr style=\"height: 18.00pt;\">\n<td class=\"et2\" style=\"height: 18.00pt;\" height=\"18\">Tipo de producto<\/td>\n<td class=\"et3\" style=\"width: 219.15pt;\" width=\"219\">Caramelos de goma de manzana verde<\/td>\n<\/tr>\n<tr style=\"height: 18.00pt;\">\n<td class=\"et2\" style=\"height: 18.00pt;\" height=\"18\">Pruebe<\/td>\n<td class=\"et3\" style=\"width: 219.15pt;\" width=\"219\">Agridulce y resistente<\/td>\n<\/tr>\n<tr style=\"height: 17.60pt;\">\n<td class=\"et2\" style=\"height: 17.60pt;\" height=\"17\">Especificaci\u00f3n<\/td>\n<td class=\"et2\">20gx24pcsx12cajas<\/td>\n<\/tr>\n<tr style=\"height: 17.60pt;\">\n<td class=\"et2\" style=\"height: 17.60pt;\" height=\"17\">Tama\u00f1o de la caja<\/td>\n<td class=\"et2\">35*33*28cm<\/td>\n<\/tr>\n<tr style=\"height: 17.60pt;\">\n<td class=\"et2\" style=\"height: 17.60pt;\" height=\"17\">N.W.\/Cart\u00f3n<\/td>\n<td class=\"et2\">8.0kg<\/td>\n<\/tr>\n<tr style=\"height: 17.60pt;\">\n<td class=\"et2\" style=\"height: 17.60pt;\" height=\"17\">Precio<\/td>\n<td class=\"et2\">23.04USD<\/td>\n<\/tr>\n<tr style=\"height: 17.60pt;\">\n<td class=\"et2\" style=\"height: 17.60pt;\" height=\"17\">MOQ<\/td>\n<td class=\"et2\">500CTNS<\/td>\n<\/tr>\n<tr style=\"height: 17.60pt;\">\n<td class=\"et2\" style=\"height: 17.60pt;\" height=\"17\">Muestra<\/td>\n<td class=\"et2\">Disponible<\/td>\n<\/tr>\n<\/tbody>\n<\/table>\n<p>&nbsp;<\/p>","protected":false},"featured_media":1551,"comment_status":"open","ping_status":"closed","template":"","meta":{"_acf_changed":false},"product_brand":[],"product_cat":[19],"product_tag":[],"class_list":{"0":"post-1548","1":"product","2":"type-product","3":"status-publish","4":"has-post-thumbnail","6":"product_cat-wholesale-gummy-manufacturer","8":"first","9":"instock","10":"shipping-taxable","11":"product-type-simple"},"acf":[],"_links":{"self":[{"href":"https:\/\/www.lechaocandy.com\/es\/wp-json\/wp\/v2\/product\/1548","targetHints":{"allow":["GET"]}}],"collection":[{"href":"https:\/\/www.lechaocandy.com\/es\/wp-json\/wp\/v2\/product"}],"about":[{"href":"https:\/\/www.lechaocandy.com\/es\/wp-json\/wp\/v2\/types\/product"}],"replies":[{"embeddable":true,"href":"https:\/\/www.lechaocandy.com\/es\/wp-json\/wp\/v2\/comments?post=1548"}],"wp:featuredmedia":[{"embeddable":true,"href":"https:\/\/www.lechaocandy.com\/es\/wp-json\/wp\/v2\/media\/1551"}],"wp:attachment":[{"href":"https:\/\/www.lechaocandy.com\/es\/wp-json\/wp\/v2\/media?parent=1548"}],"wp:term":[{"taxonomy":"product_brand","embeddable":true,"href":"https:\/\/www.lechaocandy.com\/es\/wp-json\/wp\/v2\/product_brand?post=1548"},{"taxonomy":"product_cat","embeddable":true,"href":"https:\/\/www.lechaocandy.com\/es\/wp-json\/wp\/v2\/product_cat?post=1548"},{"taxonomy":"product_tag","embeddable":true,"href":"https:\/\/www.lechaocandy.com\/es\/wp-json\/wp\/v2\/product_tag?post=1548"}],"curies":[{"name":"wp","href":"https:\/\/api.w.org\/{rel}","templated":true}]}}