{"id":1571,"date":"2025-08-09T07:52:24","date_gmt":"2025-08-09T07:52:24","guid":{"rendered":"https:\/\/www.lechaocandy.com\/?post_type=product&#038;p=1571"},"modified":"2025-10-09T06:02:31","modified_gmt":"2025-10-09T06:02:31","slug":"bulk-gummy-worms","status":"publish","type":"product","link":"https:\/\/www.lechaocandy.com\/es\/producto\/bulk-gummy-worms\/","title":{"rendered":"Gusanos de goma a granel LeChao, Gominolas \u00e1cidas en polvo al por mayor"},"content":{"rendered":"<div class=\"wp-block-columns is-layout-flex wp-container-core-columns-is-layout-9d6595d7 wp-block-columns-is-layout-flex\"><div class=\"wp-block-column is-layout-flow wp-block-column-is-layout-flow\"><h2 class=\"wp-block-heading\">Aspectos destacados del producto Gusanos de goma a granel<\/h2>\n\n<ul class=\"wp-block-list\"><li><strong>Suavidad: <\/strong>Nuestros gusanos de goma a granel tienen una textura perfectamente blanda y un sabor excelente, ofreci\u00e9ndole una experiencia dulce especial.<\/li>\n\n<li><strong>Recubierto de az\u00facar en polvo: <\/strong>Estos caramelos blandos al por mayor est\u00e1n recubiertos de un fino az\u00facar en polvo que les confiere un sabor dulce y no empalagoso, a\u00f1adiendo una capa de sabor y haci\u00e9ndolos perfectos para todos los amantes del dulce.<\/li>\n\n<li><strong>Varios colores y sabores: <\/strong>Estos gusanos de goma a granel vienen en una gran variedad de colores y sabores, lo que a\u00f1ade m\u00e1s variedad a su producto y atrae a los clientes. Son perfectos para fiestas, festivales o aperitivos cotidianos.<\/li>\n\n<li><strong>Ventajas de la venta al por mayor: <\/strong>Nuestros caramelos blandos al por mayor son directos de f\u00e1brica de LeChao, ofreciendo precios al por mayor competitivos. Nuestra eficiente cadena de suministro garantiza operaciones m\u00e1s eficientes para su negocio. <\/li>\n\n<li><strong>Seguro y saludable: <\/strong>Nuestros gusanos de goma a granel se fabrican con materias primas de alta calidad que cumplen las normas de seguridad alimentaria para garantizar que cada caramelo est\u00e9 libre de sustancias nocivas, y se da la misma importancia tanto al sabor como a la seguridad.<\/li><\/ul><\/div>\n\n<div class=\"wp-block-column is-layout-flow wp-block-column-is-layout-flow\"><figure class=\"wp-block-image size-full\"><img decoding=\"async\" width=\"750\" height=\"594\" src=\"https:\/\/www.lechaocandy.com\/wp-content\/uploads\/2025\/08\/LeChao-Bulk-Gummy-Worms-Sugar-Coated-Soft-Candy-Wholesale-1.webp\" alt=\"LeChao Gominolas a Granel, Caramelos blandos recubiertos de azucar al por mayor-1\" class=\"wp-image-1572\" srcset=\"https:\/\/www.lechaocandy.com\/wp-content\/uploads\/2025\/08\/LeChao-Bulk-Gummy-Worms-Sugar-Coated-Soft-Candy-Wholesale-1.webp 750w, https:\/\/www.lechaocandy.com\/wp-content\/uploads\/2025\/08\/LeChao-Bulk-Gummy-Worms-Sugar-Coated-Soft-Candy-Wholesale-1-300x238.webp 300w, https:\/\/www.lechaocandy.com\/wp-content\/uploads\/2025\/08\/LeChao-Bulk-Gummy-Worms-Sugar-Coated-Soft-Candy-Wholesale-1-15x12.webp 15w, https:\/\/www.lechaocandy.com\/wp-content\/uploads\/2025\/08\/LeChao-Bulk-Gummy-Worms-Sugar-Coated-Soft-Candy-Wholesale-1-600x475.webp 600w\" sizes=\"(max-width: 750px) 100vw, 750px\" \/><\/figure><\/div><\/div>","protected":false},"excerpt":{"rendered":"<p>Bienvenido a comprar caramelos blandos al por mayor. Los gusanos de gominola al por mayor de LeChao est\u00e1n recubiertos de az\u00facar en polvo superfino para una experiencia dulce y deliciosa. Ofrecemos precios competitivos al por mayor para satisfacer sus pedidos al por mayor.<\/p>\n<table style=\"border-collapse: collapse; width: 329.02pt;\" border=\"0\" width=\"329\" cellspacing=\"0\" cellpadding=\"0\">\n<tbody>\n<tr style=\"height: 17.60pt;\">\n<td class=\"et2\" style=\"height: 17.60pt; width: 110.80pt;\" width=\"110\" height=\"17\">Fabricante<\/td>\n<td class=\"et2\" style=\"width: 219.15pt;\" width=\"219\">Caramelos LeChao<\/td>\n<\/tr>\n<tr style=\"height: 18.00pt;\">\n<td class=\"et2\" style=\"height: 18.00pt;\" height=\"18\">Tipo de producto<\/td>\n<td class=\"et3\" style=\"width: 219.15pt;\" width=\"219\">Gusanos de goma<\/td>\n<\/tr>\n<tr style=\"height: 18.00pt;\">\n<td class=\"et2\" style=\"height: 18.00pt;\" height=\"18\">Pruebe<\/td>\n<td class=\"et3\" style=\"width: 219.15pt;\" width=\"219\">Agridulce y resistente<\/td>\n<\/tr>\n<tr style=\"height: 17.60pt;\">\n<td class=\"et2\" style=\"height: 17.60pt;\" height=\"17\">Especificaci\u00f3n<\/td>\n<td class=\"et2\">20gx24pcsx12cajas<\/td>\n<\/tr>\n<tr style=\"height: 17.60pt;\">\n<td class=\"et2\" style=\"height: 17.60pt;\" height=\"17\">Tama\u00f1o de la caja<\/td>\n<td class=\"et2\">35*33*28cm<\/td>\n<\/tr>\n<tr style=\"height: 17.60pt;\">\n<td class=\"et2\" style=\"height: 17.60pt;\" height=\"17\">N.W.\/Cart\u00f3n<\/td>\n<td class=\"et2\">8.0kg<\/td>\n<\/tr>\n<tr style=\"height: 17.60pt;\">\n<td class=\"et2\" style=\"height: 17.60pt;\" height=\"17\">Precio<\/td>\n<td class=\"et2\">23.04USD<\/td>\n<\/tr>\n<tr style=\"height: 17.60pt;\">\n<td class=\"et2\" style=\"height: 17.60pt;\" height=\"17\">MOQ<\/td>\n<td class=\"et2\">500CTNS<\/td>\n<\/tr>\n<tr style=\"height: 17.60pt;\">\n<td class=\"et2\" style=\"height: 17.60pt;\" height=\"17\">Muestra<\/td>\n<td class=\"et2\">Disponible<\/td>\n<\/tr>\n<\/tbody>\n<\/table>\n<p>&nbsp;<\/p>","protected":false},"featured_media":1577,"comment_status":"open","ping_status":"closed","template":"","meta":{"_acf_changed":false},"product_brand":[],"product_cat":[19,28],"product_tag":[],"class_list":{"0":"post-1571","1":"product","2":"type-product","3":"status-publish","4":"has-post-thumbnail","6":"product_cat-wholesale-gummy-manufacturer","7":"product_cat-bulk-sour-gummies","9":"first","10":"instock","11":"shipping-taxable","12":"product-type-simple"},"acf":[],"_links":{"self":[{"href":"https:\/\/www.lechaocandy.com\/es\/wp-json\/wp\/v2\/product\/1571","targetHints":{"allow":["GET"]}}],"collection":[{"href":"https:\/\/www.lechaocandy.com\/es\/wp-json\/wp\/v2\/product"}],"about":[{"href":"https:\/\/www.lechaocandy.com\/es\/wp-json\/wp\/v2\/types\/product"}],"replies":[{"embeddable":true,"href":"https:\/\/www.lechaocandy.com\/es\/wp-json\/wp\/v2\/comments?post=1571"}],"wp:featuredmedia":[{"embeddable":true,"href":"https:\/\/www.lechaocandy.com\/es\/wp-json\/wp\/v2\/media\/1577"}],"wp:attachment":[{"href":"https:\/\/www.lechaocandy.com\/es\/wp-json\/wp\/v2\/media?parent=1571"}],"wp:term":[{"taxonomy":"product_brand","embeddable":true,"href":"https:\/\/www.lechaocandy.com\/es\/wp-json\/wp\/v2\/product_brand?post=1571"},{"taxonomy":"product_cat","embeddable":true,"href":"https:\/\/www.lechaocandy.com\/es\/wp-json\/wp\/v2\/product_cat?post=1571"},{"taxonomy":"product_tag","embeddable":true,"href":"https:\/\/www.lechaocandy.com\/es\/wp-json\/wp\/v2\/product_tag?post=1571"}],"curies":[{"name":"wp","href":"https:\/\/api.w.org\/{rel}","templated":true}]}}