{"id":1584,"date":"2025-08-09T08:22:51","date_gmt":"2025-08-09T08:22:51","guid":{"rendered":"https:\/\/www.lechaocandy.com\/?post_type=product&#038;p=1584"},"modified":"2025-08-09T08:35:25","modified_gmt":"2025-08-09T08:35:25","slug":"gummy-bears-in-bulk","status":"publish","type":"product","link":"https:\/\/www.lechaocandy.com\/es\/producto\/gummy-bears-in-bulk\/","title":{"rendered":"Comprar caramelos de goma a granel, caramelos de goma de colores al por mayor"},"content":{"rendered":"<div class=\"wp-block-columns is-layout-flex wp-container-core-columns-is-layout-9d6595d7 wp-block-columns-is-layout-flex\"><div class=\"wp-block-column is-layout-flow wp-block-column-is-layout-flow\"><h2 class=\"wp-block-heading\">Aspectos destacados de las gominolas a granel<\/h2>\n\n<ul class=\"wp-block-list\"><li><strong>Variedad de sabores y colores: <\/strong>Nuestros ositos de gominola a granel vienen en una variedad de sabores y colores vibrantes, cada uno vibrante y tentadoramente dulce, satisfaciendo todos los gustos.<\/li>\n\n<li><strong>Suave y el\u00e1stico: <\/strong>Estos ositos de gominola al por mayor tienen una textura suave y una masticaci\u00f3n el\u00e1stica, ofreciendo una experiencia dulce \u00fanica. Su delicado sabor es perfecto para los amantes de los dulces de todas las edades.<\/li>\n\n<li><strong>Perfecto para cualquier ocasi\u00f3n: <\/strong>Ya sea para fiestas infantiles, festivales o meriendas cotidianas, estos ositos de gominola a granel son todo un \u00e9xito. Sus llamativos colores y formas los hacen ideales para puestos de aperitivos, supermercados, fiestas y regalos.<\/li>\n\n<li><strong>Ventajas de la compra al por mayor:<\/strong> Ofrecemos precios al por mayor altamente competitivos para la venta al por mayor de ositos de gominola, lo que hace que sus compras al por mayor resulten m\u00e1s econ\u00f3micas. Nuestra cadena de suministro estable garantiza una entrega puntual, ayud\u00e1ndole a gestionar su negocio de forma eficiente. <\/li>\n\n<li><strong>Garant\u00eda de seguridad alimentaria: <\/strong>Nuestros ositos de gominola a granel se elaboran con materias primas de alta calidad para garantizar la ausencia de aditivos nocivos, de modo que pueda disfrutar con confianza de cada bocado de delicioso alimento.<\/li><\/ul><\/div>\n\n<div class=\"wp-block-column is-layout-flow wp-block-column-is-layout-flow\"><figure class=\"wp-block-image size-full\"><img decoding=\"async\" width=\"750\" height=\"618\" src=\"https:\/\/www.lechaocandy.com\/wp-content\/uploads\/2025\/08\/Purchase-Gummy-Bears-In-Bulk-Colorful-Gummy-Candies-Wholesale-4.webp\" alt=\"Comprar ositos de gominola al por mayor, caramelos de goma de colores al por mayor-4\" class=\"wp-image-1588\" srcset=\"https:\/\/www.lechaocandy.com\/wp-content\/uploads\/2025\/08\/Purchase-Gummy-Bears-In-Bulk-Colorful-Gummy-Candies-Wholesale-4.webp 750w, https:\/\/www.lechaocandy.com\/wp-content\/uploads\/2025\/08\/Purchase-Gummy-Bears-In-Bulk-Colorful-Gummy-Candies-Wholesale-4-300x247.webp 300w, https:\/\/www.lechaocandy.com\/wp-content\/uploads\/2025\/08\/Purchase-Gummy-Bears-In-Bulk-Colorful-Gummy-Candies-Wholesale-4-15x12.webp 15w, https:\/\/www.lechaocandy.com\/wp-content\/uploads\/2025\/08\/Purchase-Gummy-Bears-In-Bulk-Colorful-Gummy-Candies-Wholesale-4-600x494.webp 600w\" sizes=\"(max-width: 750px) 100vw, 750px\" \/><\/figure><\/div><\/div>","protected":false},"excerpt":{"rendered":"<p>Lechao Candy vende al por mayor ositos de gominola con colores vibrantes y una textura suave, cada uno lleno de alegr\u00eda y dulzura. Ofrecemos precios preferenciales al por mayor para satisfacer sus necesidades de compra al por mayor.<\/p>\n<table style=\"border-collapse: collapse; width: 329.02pt;\" border=\"0\" width=\"329\" cellspacing=\"0\" cellpadding=\"0\">\n<tbody>\n<tr style=\"height: 17.60pt;\">\n<td class=\"et2\" style=\"height: 17.60pt; width: 110.80pt;\" width=\"110\" height=\"17\">Fabricante<\/td>\n<td class=\"et2\" style=\"width: 219.15pt;\" width=\"219\">Caramelos LeChao<\/td>\n<\/tr>\n<tr style=\"height: 18.00pt;\">\n<td class=\"et2\" style=\"height: 18.00pt;\" height=\"18\">Tipo de producto<\/td>\n<td class=\"et3\" style=\"width: 219.15pt;\" width=\"219\">Ositos de goma<\/td>\n<\/tr>\n<tr style=\"height: 18.00pt;\">\n<td class=\"et2\" style=\"height: 18.00pt;\" height=\"18\">Pruebe<\/td>\n<td class=\"et3\" style=\"width: 219.15pt;\" width=\"219\">Agridulce y resistente<\/td>\n<\/tr>\n<tr style=\"height: 17.60pt;\">\n<td class=\"et2\" style=\"height: 17.60pt;\" height=\"17\">Especificaci\u00f3n<\/td>\n<td class=\"et2\">20gx24pcsx12cajas<\/td>\n<\/tr>\n<tr style=\"height: 17.60pt;\">\n<td class=\"et2\" style=\"height: 17.60pt;\" height=\"17\">Tama\u00f1o de la caja<\/td>\n<td class=\"et2\">35*33*28cm<\/td>\n<\/tr>\n<tr style=\"height: 17.60pt;\">\n<td class=\"et2\" style=\"height: 17.60pt;\" height=\"17\">N.W.\/Cart\u00f3n<\/td>\n<td class=\"et2\">8.0kg<\/td>\n<\/tr>\n<tr style=\"height: 17.60pt;\">\n<td class=\"et2\" style=\"height: 17.60pt;\" height=\"17\">Precio<\/td>\n<td class=\"et2\">23.04USD<\/td>\n<\/tr>\n<tr style=\"height: 17.60pt;\">\n<td class=\"et2\" style=\"height: 17.60pt;\" height=\"17\">MOQ<\/td>\n<td class=\"et2\">500CTNS<\/td>\n<\/tr>\n<tr style=\"height: 17.60pt;\">\n<td class=\"et2\" style=\"height: 17.60pt;\" height=\"17\">Muestra<\/td>\n<td class=\"et2\">Disponible<\/td>\n<\/tr>\n<\/tbody>\n<\/table>\n<p>&nbsp;<\/p>","protected":false},"featured_media":1585,"comment_status":"open","ping_status":"closed","template":"","meta":{"_acf_changed":false},"product_brand":[],"product_cat":[19],"product_tag":[],"class_list":{"0":"post-1584","1":"product","2":"type-product","3":"status-publish","4":"has-post-thumbnail","6":"product_cat-wholesale-gummy-manufacturer","8":"first","9":"instock","10":"shipping-taxable","11":"product-type-simple"},"acf":[],"_links":{"self":[{"href":"https:\/\/www.lechaocandy.com\/es\/wp-json\/wp\/v2\/product\/1584","targetHints":{"allow":["GET"]}}],"collection":[{"href":"https:\/\/www.lechaocandy.com\/es\/wp-json\/wp\/v2\/product"}],"about":[{"href":"https:\/\/www.lechaocandy.com\/es\/wp-json\/wp\/v2\/types\/product"}],"replies":[{"embeddable":true,"href":"https:\/\/www.lechaocandy.com\/es\/wp-json\/wp\/v2\/comments?post=1584"}],"wp:featuredmedia":[{"embeddable":true,"href":"https:\/\/www.lechaocandy.com\/es\/wp-json\/wp\/v2\/media\/1585"}],"wp:attachment":[{"href":"https:\/\/www.lechaocandy.com\/es\/wp-json\/wp\/v2\/media?parent=1584"}],"wp:term":[{"taxonomy":"product_brand","embeddable":true,"href":"https:\/\/www.lechaocandy.com\/es\/wp-json\/wp\/v2\/product_brand?post=1584"},{"taxonomy":"product_cat","embeddable":true,"href":"https:\/\/www.lechaocandy.com\/es\/wp-json\/wp\/v2\/product_cat?post=1584"},{"taxonomy":"product_tag","embeddable":true,"href":"https:\/\/www.lechaocandy.com\/es\/wp-json\/wp\/v2\/product_tag?post=1584"}],"curies":[{"name":"wp","href":"https:\/\/api.w.org\/{rel}","templated":true}]}}