{"id":1598,"date":"2025-08-09T09:03:50","date_gmt":"2025-08-09T09:03:50","guid":{"rendered":"https:\/\/www.lechaocandy.com\/?post_type=product&#038;p=1598"},"modified":"2025-08-09T09:12:41","modified_gmt":"2025-08-09T09:12:41","slug":"yuanbao-gummy-wholesale","status":"publish","type":"product","link":"https:\/\/www.lechaocandy.com\/es\/producto\/yuanbao-gummy-wholesale\/","title":{"rendered":"LeChao 3D YuanBao Gummy Mayorista, Gominolas Lingotes Granel"},"content":{"rendered":"<div class=\"wp-block-columns is-layout-flex wp-container-core-columns-is-layout-9d6595d7 wp-block-columns-is-layout-flex\"><div class=\"wp-block-column is-layout-flow wp-block-column-is-layout-flow\"><h2 class=\"wp-block-heading\">Aspectos destacados de las gominolas 3D YuanBao al por mayor<\/h2>\n\n<ul class=\"wp-block-list\"><li><strong>Forma \u00fanica 3D YuanBao: <\/strong>Estas gominolas 3D YuanBao al por mayor simbolizan la buena fortuna y la prosperidad chinas. Sus dise\u00f1os \u00fanicos e innovadores hacen que ocupen los primeros puestos en diversos festivales y eventos.<\/li>\n\n<li><strong>Una variedad de sabores afrutados: <\/strong>Estas gominolas de caramelo a granel vienen en ricos sabores afrutados, disponibles en una variedad de sabores como fresa, naranja y uva. Son dulces y deliciosas, perfectas para personas de todas las edades.<\/li>\n\n<li><strong>Embalaje personalizado:<\/strong> Ofrecemos opciones de envasado personalizado para nuestros productos de gominola 3D YuanBao al por mayor. Podemos dise\u00f1ar envases \u00fanicos adaptados a su marca y a las necesidades espec\u00edficas de sus vacaciones, haci\u00e9ndolos m\u00e1s personalizados y atractivos, perfectamente adaptados a las necesidades del mercado.<\/li>\n\n<li><strong>Ventajas de las compras al por mayor: <\/strong>Nuestras gominolas de caramelo al por mayor directas de f\u00e1brica ofrecen precios competitivos al por mayor, entrega r\u00e1pida y suministro constante.<\/li>\n\n<li><strong>Garant\u00eda de seguridad alimentaria: <\/strong>Nuestra gominola 3D YuanBao al por mayor utiliza materias primas de alta calidad y se produce de acuerdo con las normas de seguridad alimentaria para garantizar que no contiene sustancias nocivas, de modo que sus clientes puedan disfrutarla con confianza.<\/li><\/ul><\/div>\n\n<div class=\"wp-block-column is-layout-flow wp-block-column-is-layout-flow\"><figure class=\"wp-block-image size-full\"><img decoding=\"async\" width=\"800\" height=\"800\" src=\"https:\/\/www.lechaocandy.com\/wp-content\/uploads\/2025\/08\/LeChao-3D-YuanBao-Gummy-Wholesale-Ingots-Gummies-Bulk-4.webp\" alt=\"LeChao 3D YuanBao Gummy al por mayor, lingotes Gummies Bulk-4\" class=\"wp-image-1602\" srcset=\"https:\/\/www.lechaocandy.com\/wp-content\/uploads\/2025\/08\/LeChao-3D-YuanBao-Gummy-Wholesale-Ingots-Gummies-Bulk-4.webp 800w, https:\/\/www.lechaocandy.com\/wp-content\/uploads\/2025\/08\/LeChao-3D-YuanBao-Gummy-Wholesale-Ingots-Gummies-Bulk-4-300x300.webp 300w, https:\/\/www.lechaocandy.com\/wp-content\/uploads\/2025\/08\/LeChao-3D-YuanBao-Gummy-Wholesale-Ingots-Gummies-Bulk-4-150x150.webp 150w, https:\/\/www.lechaocandy.com\/wp-content\/uploads\/2025\/08\/LeChao-3D-YuanBao-Gummy-Wholesale-Ingots-Gummies-Bulk-4-768x768.webp 768w, https:\/\/www.lechaocandy.com\/wp-content\/uploads\/2025\/08\/LeChao-3D-YuanBao-Gummy-Wholesale-Ingots-Gummies-Bulk-4-12x12.webp 12w, https:\/\/www.lechaocandy.com\/wp-content\/uploads\/2025\/08\/LeChao-3D-YuanBao-Gummy-Wholesale-Ingots-Gummies-Bulk-4-600x600.webp 600w, https:\/\/www.lechaocandy.com\/wp-content\/uploads\/2025\/08\/LeChao-3D-YuanBao-Gummy-Wholesale-Ingots-Gummies-Bulk-4-100x100.webp 100w\" sizes=\"(max-width: 800px) 100vw, 800px\" \/><\/figure><\/div><\/div>","protected":false},"excerpt":{"rendered":"<p>Bienvenido a comprar gominolas de caramelo al por mayor. Nuestros productos al por mayor de gominolas 3D YuanBao presentan formas \u00fanicas y colores vibrantes, que simbolizan la riqueza y la buena fortuna. Ofrecemos envases personalizados para satisfacer sus diversas necesidades.<\/p>\n<table width=\"329\">\n<tbody>\n<tr>\n<td width=\"110\">Fabricante<\/td>\n<td width=\"219\">Caramelos LeChao<\/td>\n<\/tr>\n<tr>\n<td>Tipo de producto<\/td>\n<td width=\"219\">Gominolas 3D YuanBao\u00a0<\/td>\n<\/tr>\n<tr>\n<td>Pruebe<\/td>\n<td width=\"219\">Agridulce y resistente<\/td>\n<\/tr>\n<tr>\n<td>Especificaci\u00f3n<\/td>\n<td>72gX10bolsasX6cajas<\/td>\n<\/tr>\n<tr>\n<td>Tama\u00f1o de la caja<\/td>\n<td>39X22X34,5cm<\/td>\n<\/tr>\n<tr>\n<td>N.W.\/Cart\u00f3n<\/td>\n<td>6,4 kg<\/td>\n<\/tr>\n<tr>\n<td>Precio<\/td>\n<td>0,35-0,38USD<\/td>\n<\/tr>\n<tr>\n<td>MOQ<\/td>\n<td>800CTNS<\/td>\n<\/tr>\n<tr>\n<td>Muestra<\/td>\n<td>Disponible<\/td>\n<\/tr>\n<\/tbody>\n<\/table>\n<p>&nbsp;<\/p>","protected":false},"featured_media":1604,"comment_status":"open","ping_status":"closed","template":"","meta":{"_acf_changed":false},"product_brand":[],"product_cat":[24,19],"product_tag":[],"class_list":{"0":"post-1598","1":"product","2":"type-product","3":"status-publish","4":"has-post-thumbnail","6":"product_cat-3d-gummy-candy-manufacturer","7":"product_cat-wholesale-gummy-manufacturer","9":"first","10":"instock","11":"shipping-taxable","12":"product-type-simple"},"acf":[],"_links":{"self":[{"href":"https:\/\/www.lechaocandy.com\/es\/wp-json\/wp\/v2\/product\/1598","targetHints":{"allow":["GET"]}}],"collection":[{"href":"https:\/\/www.lechaocandy.com\/es\/wp-json\/wp\/v2\/product"}],"about":[{"href":"https:\/\/www.lechaocandy.com\/es\/wp-json\/wp\/v2\/types\/product"}],"replies":[{"embeddable":true,"href":"https:\/\/www.lechaocandy.com\/es\/wp-json\/wp\/v2\/comments?post=1598"}],"wp:featuredmedia":[{"embeddable":true,"href":"https:\/\/www.lechaocandy.com\/es\/wp-json\/wp\/v2\/media\/1604"}],"wp:attachment":[{"href":"https:\/\/www.lechaocandy.com\/es\/wp-json\/wp\/v2\/media?parent=1598"}],"wp:term":[{"taxonomy":"product_brand","embeddable":true,"href":"https:\/\/www.lechaocandy.com\/es\/wp-json\/wp\/v2\/product_brand?post=1598"},{"taxonomy":"product_cat","embeddable":true,"href":"https:\/\/www.lechaocandy.com\/es\/wp-json\/wp\/v2\/product_cat?post=1598"},{"taxonomy":"product_tag","embeddable":true,"href":"https:\/\/www.lechaocandy.com\/es\/wp-json\/wp\/v2\/product_tag?post=1598"}],"curies":[{"name":"wp","href":"https:\/\/api.w.org\/{rel}","templated":true}]}}