{"id":1651,"date":"2025-08-19T07:01:40","date_gmt":"2025-08-19T07:01:40","guid":{"rendered":"https:\/\/www.lechaocandy.com\/?post_type=product&#038;p=1651"},"modified":"2025-08-19T07:18:41","modified_gmt":"2025-08-19T07:18:41","slug":"bulk-jam-filled-candy","status":"publish","type":"product","link":"https:\/\/www.lechaocandy.com\/es\/producto\/bulk-jam-filled-candy\/","title":{"rendered":"LeChao Caramelos rellenos de mermelada a granel, caramelos de goma con sabor a fruta al por mayor"},"content":{"rendered":"<div class=\"wp-block-columns is-layout-flex wp-container-core-columns-is-layout-9d6595d7 wp-block-columns-is-layout-flex\"><div class=\"wp-block-column is-layout-flow wp-block-column-is-layout-flow\"><h2 class=\"wp-block-heading\">Productos destacados de los caramelos rellenos de mermelada a granel<\/h2>\n\n<ul class=\"wp-block-list\"><li><strong>Rico relleno de mermelada con distintas capas: <\/strong>Nuestros caramelos rellenos de mermelada a granel presentan una capa exterior suave y masticable que envuelve un rico relleno de mermelada, proporcionando una doble experiencia sensorial de dulzor y aroma afrutado.<\/li>\n\n<li><strong>Diversos sabores de fruta para satisfacer diferentes preferencias: <\/strong>Estos caramelos de goma al por mayor est\u00e1n dise\u00f1ados con una variedad de sabores frutales para adaptarse a una amplia gama de preferencias de los consumidores, mejorando la aceptaci\u00f3n del producto en el mercado y los \u00edndices de repetici\u00f3n de compra.<\/li>\n\n<li><strong>Suministro a granel para garantizar una entrega estable: <\/strong>Nuestros caramelos rellenos de mermelada a granel se suministran directamente desde la f\u00e1brica, capaz de satisfacer pedidos de gran volumen de minoristas, distribuidores y supermercados, garantizando un suministro estable durante las temporadas altas o los per\u00edodos promocionales.<\/li>\n\n<li><strong>Gran atractivo en el lineal para aumentar las ventas al por menor: <\/strong>El aspecto vibrante y el dise\u00f1o lleno de mermelada de estos caramelos de goma al por mayor no s\u00f3lo a\u00f1aden atractivo visual, sino que tambi\u00e9n ayudan a los minoristas a mejorar la eficacia de la exposici\u00f3n y las tasas de conversi\u00f3n de ventas.<\/li>\n\n<li><strong>Embalaje personalizado y apoyo a la colaboraci\u00f3n OEM:<\/strong> Ofrecemos servicios de dise\u00f1o de envases personalizados, personalizaci\u00f3n de sabores y etiquetado privado para caramelos rellenos de mermelada a granel, ayudando a los clientes a mejorar la competitividad en el mercado y el valor de la marca.<\/li><\/ul><\/div>\n\n<div class=\"wp-block-column is-layout-flow wp-block-column-is-layout-flow\"><figure class=\"wp-block-image size-full\"><img decoding=\"async\" width=\"800\" height=\"800\" src=\"https:\/\/www.lechaocandy.com\/wp-content\/uploads\/2025\/08\/LeChao-Bulk-Jam-Filled-Candy-Fruity-Gummy-Candy-Wholesale-5.webp\" alt=\"LeChao Caramelos rellenos de mermelada a granel, caramelos de goma con sabor a fruta al por mayor-5\" class=\"wp-image-1656\" srcset=\"https:\/\/www.lechaocandy.com\/wp-content\/uploads\/2025\/08\/LeChao-Bulk-Jam-Filled-Candy-Fruity-Gummy-Candy-Wholesale-5.webp 800w, https:\/\/www.lechaocandy.com\/wp-content\/uploads\/2025\/08\/LeChao-Bulk-Jam-Filled-Candy-Fruity-Gummy-Candy-Wholesale-5-300x300.webp 300w, https:\/\/www.lechaocandy.com\/wp-content\/uploads\/2025\/08\/LeChao-Bulk-Jam-Filled-Candy-Fruity-Gummy-Candy-Wholesale-5-150x150.webp 150w, https:\/\/www.lechaocandy.com\/wp-content\/uploads\/2025\/08\/LeChao-Bulk-Jam-Filled-Candy-Fruity-Gummy-Candy-Wholesale-5-768x768.webp 768w, https:\/\/www.lechaocandy.com\/wp-content\/uploads\/2025\/08\/LeChao-Bulk-Jam-Filled-Candy-Fruity-Gummy-Candy-Wholesale-5-12x12.webp 12w, https:\/\/www.lechaocandy.com\/wp-content\/uploads\/2025\/08\/LeChao-Bulk-Jam-Filled-Candy-Fruity-Gummy-Candy-Wholesale-5-600x600.webp 600w, https:\/\/www.lechaocandy.com\/wp-content\/uploads\/2025\/08\/LeChao-Bulk-Jam-Filled-Candy-Fruity-Gummy-Candy-Wholesale-5-100x100.webp 100w\" sizes=\"(max-width: 800px) 100vw, 800px\" \/><\/figure><\/div><\/div>","protected":false},"excerpt":{"rendered":"<p>Bienvenido a comprar caramelos de goma al por mayor. Nuestros caramelos rellenos de mermelada al por mayor vienen en cuatro ricos sabores de mermelada de frutas, ofreciendo una experiencia de sabor compleja y en capas. Ideal para la venta al por menor, supermercados y marcas de aperitivos que buscan comprar al por mayor.<\/p>\n<table style=\"border-collapse: collapse; width: 268.02pt;\" border=\"0\" width=\"268\" cellspacing=\"0\" cellpadding=\"0\">\n<tbody>\n<tr style=\"height: 17.60pt;\">\n<td class=\"et2\" style=\"height: 17.60pt; width: 110.80pt;\" width=\"110\" height=\"17\">Fabricante<\/td>\n<td class=\"et2\" style=\"width: 157.50pt;\" width=\"157\">Caramelos LeChao<\/td>\n<\/tr>\n<tr style=\"height: 18.00pt;\">\n<td class=\"et2\" style=\"height: 18.00pt;\" height=\"18\">Tipo de producto<\/td>\n<td class=\"et3\" style=\"width: 157.50pt;\" width=\"157\">Caramelos de goma rellenos de mermelada<\/td>\n<\/tr>\n<tr style=\"height: 18.00pt;\">\n<td class=\"et2\" style=\"height: 18.00pt;\" height=\"18\">Pruebe<\/td>\n<td class=\"et3\" style=\"width: 157.50pt;\" width=\"157\">Rico, dulce y resistente<\/td>\n<\/tr>\n<tr style=\"height: 17.60pt;\">\n<td class=\"et2\" style=\"height: 17.60pt;\" height=\"17\">Especificaci\u00f3n<\/td>\n<td class=\"et2\">25gx20bolsasx12cajas<\/td>\n<\/tr>\n<tr style=\"height: 17.60pt;\">\n<td class=\"et2\" style=\"height: 17.60pt;\" height=\"17\">Tama\u00f1o de la caja<\/td>\n<td class=\"et2\">51.5*34*36.5cm<\/td>\n<\/tr>\n<tr style=\"height: 17.60pt;\">\n<td class=\"et2\" style=\"height: 17.60pt;\" height=\"17\">N.W.\/Cart\u00f3n<\/td>\n<td class=\"et2\">8.0kg<\/td>\n<\/tr>\n<tr style=\"height: 17.60pt;\">\n<td class=\"et2\" style=\"height: 17.60pt;\" height=\"17\">Precio<\/td>\n<td class=\"et2\">28,8USD<\/td>\n<\/tr>\n<tr style=\"height: 17.60pt;\">\n<td class=\"et2\" style=\"height: 17.60pt;\" height=\"17\">MOQ<\/td>\n<td class=\"et2\">500CTNS<\/td>\n<\/tr>\n<tr style=\"height: 17.60pt;\">\n<td class=\"et2\" style=\"height: 17.60pt;\" height=\"17\">Muestra<\/td>\n<td class=\"et2\">Disponible<\/td>\n<\/tr>\n<\/tbody>\n<\/table>\n<p>&nbsp;<\/p>","protected":false},"featured_media":1653,"comment_status":"open","ping_status":"closed","template":"","meta":{"_acf_changed":false},"product_brand":[],"product_cat":[19,27],"product_tag":[],"class_list":{"0":"post-1651","1":"product","2":"type-product","3":"status-publish","4":"has-post-thumbnail","6":"product_cat-wholesale-gummy-manufacturer","7":"product_cat-filled-gummy-candies-supplier","9":"first","10":"instock","11":"shipping-taxable","12":"product-type-simple"},"acf":[],"_links":{"self":[{"href":"https:\/\/www.lechaocandy.com\/es\/wp-json\/wp\/v2\/product\/1651","targetHints":{"allow":["GET"]}}],"collection":[{"href":"https:\/\/www.lechaocandy.com\/es\/wp-json\/wp\/v2\/product"}],"about":[{"href":"https:\/\/www.lechaocandy.com\/es\/wp-json\/wp\/v2\/types\/product"}],"replies":[{"embeddable":true,"href":"https:\/\/www.lechaocandy.com\/es\/wp-json\/wp\/v2\/comments?post=1651"}],"wp:featuredmedia":[{"embeddable":true,"href":"https:\/\/www.lechaocandy.com\/es\/wp-json\/wp\/v2\/media\/1653"}],"wp:attachment":[{"href":"https:\/\/www.lechaocandy.com\/es\/wp-json\/wp\/v2\/media?parent=1651"}],"wp:term":[{"taxonomy":"product_brand","embeddable":true,"href":"https:\/\/www.lechaocandy.com\/es\/wp-json\/wp\/v2\/product_brand?post=1651"},{"taxonomy":"product_cat","embeddable":true,"href":"https:\/\/www.lechaocandy.com\/es\/wp-json\/wp\/v2\/product_cat?post=1651"},{"taxonomy":"product_tag","embeddable":true,"href":"https:\/\/www.lechaocandy.com\/es\/wp-json\/wp\/v2\/product_tag?post=1651"}],"curies":[{"name":"wp","href":"https:\/\/api.w.org\/{rel}","templated":true}]}}