{"id":1671,"date":"2025-08-27T08:33:50","date_gmt":"2025-08-27T08:33:50","guid":{"rendered":"https:\/\/www.lechaocandy.com\/?post_type=product&#038;p=1671"},"modified":"2026-03-30T09:11:02","modified_gmt":"2026-03-30T09:11:02","slug":"gummy-dinosaurs-bulk","status":"publish","type":"product","link":"https:\/\/www.lechaocandy.com\/es\/producto\/gummy-dinosaurs-bulk\/","title":{"rendered":"Dinosaurios de gominola 3D\/4D a granel, 50% Caramelos de goma con zumo a\u00f1adido"},"content":{"rendered":"<div class=\"wp-block-columns is-layout-flex wp-container-core-columns-is-layout-9d6595d7 wp-block-columns-is-layout-flex\"><div class=\"wp-block-column is-layout-flow wp-block-column-is-layout-flow\"><h2 class=\"wp-block-heading\">Caracter\u00edsticas de los dinosaurios de gominola a granel<\/h2>\n\n<ul class=\"wp-block-list\"><li><strong>Alto contenido en zumo para realzar el sabor:<\/strong> Nuestros dinosaurios de gominola a granel est\u00e1n elaborados con aut\u00e9ntico zumo de fruta 50%, lo que les confiere un sabor fresco y jugoso. A diferencia de los t\u00edpicos caramelos con sabor a fruta, satisfacen las necesidades de salud y sabor de los consumidores.<\/li>\n\n<li><strong>M\u00faltiples combinaciones de sabores de frutas: <\/strong>Estos caramelos de goma 3D\/4D al por mayor ofrecen una variedad de sabores frutales cl\u00e1sicos, como fresa, manzana, lim\u00f3n y uva, que se adaptan a diferentes grupos de edad y situaciones de consumo, aumentando las compras repetidas.<\/li>\n\n<li><strong>Divertido dise\u00f1o de dinosaurio:<\/strong> Estos dinosaurios de gominola a granel presentan un dise\u00f1o \u00fanico, alegre y adorable de dinosaurio que rompe el caparaz\u00f3n, creando una experiencia cautivadora y atractiva. Son perfectos para aperitivos infantiles, regalos de fiestas o eventos tem\u00e1ticos. <\/li>\n\n<li><strong>Sano y divertido: <\/strong>Nuestros caramelos de goma 3D\/4D al por mayor mantienen un sabor dulce a la vez que utilizan una f\u00f3rmula de zumo para mejorar el valor nutricional, lo que da mayor confianza a los padres y a los j\u00f3venes consumidores.<\/li>\n\n<li><strong>Personalizaci\u00f3n y asistencia al mayorista: <\/strong>Ofrecemos una gran variedad de opciones de personalizaci\u00f3n de envases para dinosaurios de gominola a granel, adecuados para supermercados, tiendas de aperitivos, plataformas de comercio electr\u00f3nico y asociaciones de marcas, que ayudan a los clientes a ampliar su cuota de mercado.<\/li><\/ul><\/div>\n\n<div class=\"wp-block-column is-layout-flow wp-block-column-is-layout-flow\"><figure class=\"wp-block-image size-full\"><img decoding=\"async\" width=\"800\" height=\"800\" src=\"https:\/\/www.lechaocandy.com\/wp-content\/uploads\/2025\/08\/3D4D-Gummy-Dinosaurs-Bulk-50-Juice-Added-Jelly-Candies-5.webp\" alt=\"3D:4D Dinosaurios de goma a granel, 50% Caramelos de goma con zumo a\u00f1adido-5\" class=\"wp-image-1676\" srcset=\"https:\/\/www.lechaocandy.com\/wp-content\/uploads\/2025\/08\/3D4D-Gummy-Dinosaurs-Bulk-50-Juice-Added-Jelly-Candies-5.webp 800w, https:\/\/www.lechaocandy.com\/wp-content\/uploads\/2025\/08\/3D4D-Gummy-Dinosaurs-Bulk-50-Juice-Added-Jelly-Candies-5-300x300.webp 300w, https:\/\/www.lechaocandy.com\/wp-content\/uploads\/2025\/08\/3D4D-Gummy-Dinosaurs-Bulk-50-Juice-Added-Jelly-Candies-5-150x150.webp 150w, https:\/\/www.lechaocandy.com\/wp-content\/uploads\/2025\/08\/3D4D-Gummy-Dinosaurs-Bulk-50-Juice-Added-Jelly-Candies-5-768x768.webp 768w, https:\/\/www.lechaocandy.com\/wp-content\/uploads\/2025\/08\/3D4D-Gummy-Dinosaurs-Bulk-50-Juice-Added-Jelly-Candies-5-12x12.webp 12w, https:\/\/www.lechaocandy.com\/wp-content\/uploads\/2025\/08\/3D4D-Gummy-Dinosaurs-Bulk-50-Juice-Added-Jelly-Candies-5-600x600.webp 600w, https:\/\/www.lechaocandy.com\/wp-content\/uploads\/2025\/08\/3D4D-Gummy-Dinosaurs-Bulk-50-Juice-Added-Jelly-Candies-5-100x100.webp 100w\" sizes=\"(max-width: 800px) 100vw, 800px\" \/><\/figure><\/div><\/div><figure class=\"wp-block-embed is-type-video is-provider-youtube wp-block-embed-youtube wp-embed-aspect-16-9 wp-has-aspect-ratio\"><div class=\"wp-block-embed__wrapper\">\n<iframe title=\"Caramelos de goma halal\" width=\"500\" height=\"281\" src=\"https:\/\/www.youtube.com\/embed\/U0xZK9uKBRA?feature=oembed\" frameborder=\"0\" allow=\"accelerometer; autoplay; clipboard-write; encrypted-media; gyroscope; picture-in-picture; web-share\" referrerpolicy=\"strict-origin-when-cross-origin\" allowfullscreen><\/iframe>\n<\/div><\/figure>","protected":false},"excerpt":{"rendered":"<p>Bienvenido a pedir caramelos de goma 3D\/4D al por mayor. Nuestros dinosaurios de goma a granel est\u00e1n hechos con zumo de fruta 50% para un sabor a fruta m\u00e1s aut\u00e9ntico y rico. El dise\u00f1o presenta un divertido caparaz\u00f3n de dinosaurio, creando una experiencia divertida y atractiva. Disponemos de opciones de envasado personalizadas.<\/p>\n<table style=\"border-collapse: collapse; width: 300.02pt;\" border=\"0\" width=\"300\" cellspacing=\"0\" cellpadding=\"0\">\n<tbody>\n<tr style=\"height: 17.60pt;\">\n<td class=\"et2\" style=\"height: 17.60pt; width: 110.80pt;\" width=\"110\" height=\"17\">Fabricante<\/td>\n<td class=\"et2\" style=\"width: 189.95pt;\" width=\"189\">Caramelos LeChao<\/td>\n<\/tr>\n<tr style=\"height: 18.00pt;\">\n<td class=\"et2\" style=\"height: 18.00pt;\" height=\"18\">Tipo de producto<\/td>\n<td class=\"et3\" style=\"width: 189.95pt;\" width=\"189\">Caramelos de goma Hatch Dinosaur<\/td>\n<\/tr>\n<tr style=\"height: 18.00pt;\">\n<td class=\"et2\" style=\"height: 18.00pt;\" height=\"18\">Pruebe<\/td>\n<td class=\"et3\" style=\"width: 189.95pt;\" width=\"189\">Agridulce y resistente<\/td>\n<\/tr>\n<tr style=\"height: 17.60pt;\">\n<td class=\"et2\" style=\"height: 17.60pt;\" height=\"17\">Especificaci\u00f3n<\/td>\n<td class=\"et2\">100g*48bolsas<\/td>\n<\/tr>\n<tr style=\"height: 17.60pt;\">\n<td class=\"et2\" style=\"height: 17.60pt;\" height=\"17\">Tama\u00f1o de la caja<\/td>\n<td class=\"et2\">45*33*24cm<\/td>\n<\/tr>\n<tr style=\"height: 17.60pt;\">\n<td class=\"et2\" style=\"height: 17.60pt;\" height=\"17\">N.W.\/Cart\u00f3n<\/td>\n<td class=\"et2\">6,4 kg<\/td>\n<\/tr>\n<tr style=\"height: 17.60pt;\">\n<td class=\"et2\" style=\"height: 17.60pt;\" height=\"17\">Precio<\/td>\n<td class=\"et2\">24USD<\/td>\n<\/tr>\n<tr style=\"height: 17.60pt;\">\n<td class=\"et2\" style=\"height: 17.60pt;\" height=\"17\">MOQ<\/td>\n<td class=\"et2\">500CTNS<\/td>\n<\/tr>\n<tr style=\"height: 17.60pt;\">\n<td class=\"et2\" style=\"height: 17.60pt;\" height=\"17\">Muestra<\/td>\n<td class=\"et2\">Disponible<\/td>\n<\/tr>\n<\/tbody>\n<\/table>\n<p>&nbsp;<\/p>","protected":false},"featured_media":1672,"comment_status":"open","ping_status":"closed","template":"","meta":{"_acf_changed":false},"product_brand":[],"product_cat":[19,24],"product_tag":[],"class_list":{"0":"post-1671","1":"product","2":"type-product","3":"status-publish","4":"has-post-thumbnail","6":"product_cat-wholesale-gummy-manufacturer","7":"product_cat-3d-gummy-candy-manufacturer","9":"first","10":"instock","11":"shipping-taxable","12":"product-type-simple"},"acf":[],"_links":{"self":[{"href":"https:\/\/www.lechaocandy.com\/es\/wp-json\/wp\/v2\/product\/1671","targetHints":{"allow":["GET"]}}],"collection":[{"href":"https:\/\/www.lechaocandy.com\/es\/wp-json\/wp\/v2\/product"}],"about":[{"href":"https:\/\/www.lechaocandy.com\/es\/wp-json\/wp\/v2\/types\/product"}],"replies":[{"embeddable":true,"href":"https:\/\/www.lechaocandy.com\/es\/wp-json\/wp\/v2\/comments?post=1671"}],"wp:featuredmedia":[{"embeddable":true,"href":"https:\/\/www.lechaocandy.com\/es\/wp-json\/wp\/v2\/media\/1672"}],"wp:attachment":[{"href":"https:\/\/www.lechaocandy.com\/es\/wp-json\/wp\/v2\/media?parent=1671"}],"wp:term":[{"taxonomy":"product_brand","embeddable":true,"href":"https:\/\/www.lechaocandy.com\/es\/wp-json\/wp\/v2\/product_brand?post=1671"},{"taxonomy":"product_cat","embeddable":true,"href":"https:\/\/www.lechaocandy.com\/es\/wp-json\/wp\/v2\/product_cat?post=1671"},{"taxonomy":"product_tag","embeddable":true,"href":"https:\/\/www.lechaocandy.com\/es\/wp-json\/wp\/v2\/product_tag?post=1671"}],"curies":[{"name":"wp","href":"https:\/\/api.w.org\/{rel}","templated":true}]}}