{"id":1678,"date":"2025-08-27T08:50:25","date_gmt":"2025-08-27T08:50:25","guid":{"rendered":"https:\/\/www.lechaocandy.com\/?post_type=product&#038;p=1678"},"modified":"2026-03-30T09:10:17","modified_gmt":"2026-03-30T09:10:17","slug":"ducks-gummy-candy-wholesale","status":"publish","type":"product","link":"https:\/\/www.lechaocandy.com\/es\/producto\/ducks-gummy-candy-wholesale\/","title":{"rendered":"Caramelos de goma 3D Hatch Ducks al por mayor, 50% Zumo A\u00f1adido"},"content":{"rendered":"<div class=\"wp-block-columns is-layout-flex wp-container-core-columns-is-layout-9d6595d7 wp-block-columns-is-layout-flex\"><div class=\"wp-block-column is-layout-flow wp-block-column-is-layout-flow\"><h2 class=\"wp-block-heading\">Productos destacados de Hatch Ducks Caramelos de goma al por mayor<\/h2>\n\n<ul class=\"wp-block-list\"><li><strong>Alto contenido en zumo para un sabor m\u00e1s natural:<\/strong> Nuestros caramelos de goma de pato al por mayor se elaboran con aut\u00e9ntico zumo de fruta 50%, lo que da como resultado un rico aroma frutal y un sabor dulce y jugoso. En comparaci\u00f3n con los caramelos tradicionales, est\u00e1 m\u00e1s cerca de los sabores de frutas naturales y se alinea con las tendencias de aperitivos saludables.<\/li>\n\n<li><strong>Una amplia variedad de combinaciones de sabores de frutas:<\/strong> Estas gominolas 3D al por mayor ofrecen la dulzura de la fresa, el sabor refrescante de la manzana, la acidez del lim\u00f3n y la riqueza de la uva. Estas diversas combinaciones de sabores ofrecen a los consumidores m\u00e1s opciones y aumentan el atractivo del producto.<\/li>\n\n<li><strong>Dise\u00f1o \u00fanico de pato agrietado:<\/strong> Estos patos de caramelo de goma al por mayor son bonitos y alegres, lo que los hace muy coleccionables y compartibles. No solo atraen a los ni\u00f1os, sino que tambi\u00e9n son divertidos aperitivos que se comparten en las redes sociales, lo que aumenta el alcance del mercado.<\/li>\n\n<li><strong>Delicioso y saludable:<\/strong> Nuestras gominolas 3D al por mayor ofrecen un delicioso y saludable equilibrio de sabor y valor nutritivo, potenciado por una f\u00f3rmula de zumo de frutas. Esto proporciona a los consumidores un tentempi\u00e9 m\u00e1s seguro y agradable.<\/li>\n\n<li><strong>Personalizaci\u00f3n y asistencia al mayorista: <\/strong>Ofrecemos una gran variedad de tama\u00f1os y servicios de personalizaci\u00f3n de envases para la venta al por mayor de caramelos de goma de pato, adecuados para minoristas, supermercados, plataformas de comercio electr\u00f3nico y propietarios de marcas que buscan compras al por mayor, ayud\u00e1ndoles a crear l\u00edneas de productos diferenciadas.<\/li><\/ul><\/div>\n\n<div class=\"wp-block-column is-layout-flow wp-block-column-is-layout-flow\"><figure class=\"wp-block-image size-full\"><img decoding=\"async\" width=\"800\" height=\"800\" src=\"https:\/\/www.lechaocandy.com\/wp-content\/uploads\/2025\/08\/3D-Hatch-Ducks-Gummy-Candy-Wholesale-50-Juice-Added-5.webp\" alt=\"Caramelos de goma 3D Hatch Ducks al por mayor, 50% Zumo A\u00f1adido-5\" class=\"wp-image-1683\" srcset=\"https:\/\/www.lechaocandy.com\/wp-content\/uploads\/2025\/08\/3D-Hatch-Ducks-Gummy-Candy-Wholesale-50-Juice-Added-5.webp 800w, https:\/\/www.lechaocandy.com\/wp-content\/uploads\/2025\/08\/3D-Hatch-Ducks-Gummy-Candy-Wholesale-50-Juice-Added-5-300x300.webp 300w, https:\/\/www.lechaocandy.com\/wp-content\/uploads\/2025\/08\/3D-Hatch-Ducks-Gummy-Candy-Wholesale-50-Juice-Added-5-150x150.webp 150w, https:\/\/www.lechaocandy.com\/wp-content\/uploads\/2025\/08\/3D-Hatch-Ducks-Gummy-Candy-Wholesale-50-Juice-Added-5-768x768.webp 768w, https:\/\/www.lechaocandy.com\/wp-content\/uploads\/2025\/08\/3D-Hatch-Ducks-Gummy-Candy-Wholesale-50-Juice-Added-5-12x12.webp 12w, https:\/\/www.lechaocandy.com\/wp-content\/uploads\/2025\/08\/3D-Hatch-Ducks-Gummy-Candy-Wholesale-50-Juice-Added-5-600x600.webp 600w, https:\/\/www.lechaocandy.com\/wp-content\/uploads\/2025\/08\/3D-Hatch-Ducks-Gummy-Candy-Wholesale-50-Juice-Added-5-100x100.webp 100w\" sizes=\"(max-width: 800px) 100vw, 800px\" \/><\/figure><\/div><\/div><figure class=\"wp-block-embed is-type-video is-provider-youtube wp-block-embed-youtube wp-embed-aspect-16-9 wp-has-aspect-ratio\"><div class=\"wp-block-embed__wrapper\">\n<iframe title=\"Caramelos de goma halal\" width=\"500\" height=\"281\" src=\"https:\/\/www.youtube.com\/embed\/U0xZK9uKBRA?feature=oembed\" frameborder=\"0\" allow=\"accelerometer; autoplay; clipboard-write; encrypted-media; gyroscope; picture-in-picture; web-share\" referrerpolicy=\"strict-origin-when-cross-origin\" allowfullscreen><\/iframe>\n<\/div><\/figure>","protected":false},"excerpt":{"rendered":"<p>Gominolas 3D al por mayor. Nuestras gominolas de pato al por mayor ofrecen aut\u00e9nticos sabores frutales y una textura tierna. El dise\u00f1o \u00fanico de pato agrietado es divertido y atractivo, y admitimos una variedad de opciones de embalaje personalizado, por lo que es adecuado para la venta al por mayor, al por menor, y las asociaciones de marca.<\/p>\n<table style=\"border-collapse: collapse; width: 300.02pt;\" border=\"0\" width=\"300\" cellspacing=\"0\" cellpadding=\"0\">\n<tbody>\n<tr style=\"height: 17.60pt;\">\n<td class=\"et2\" style=\"height: 17.60pt; width: 110.80pt;\" width=\"110\" height=\"17\">Fabricante<\/td>\n<td class=\"et2\" style=\"width: 189.95pt;\" width=\"189\">Caramelos LeChao<\/td>\n<\/tr>\n<tr style=\"height: 18.00pt;\">\n<td class=\"et2\" style=\"height: 18.00pt;\" height=\"18\">Tipo de producto<\/td>\n<td class=\"et3\" style=\"width: 189.95pt;\" width=\"189\">Caramelos de goma Hatch Duck<\/td>\n<\/tr>\n<tr style=\"height: 18.00pt;\">\n<td class=\"et2\" style=\"height: 18.00pt;\" height=\"18\">Pruebe<\/td>\n<td class=\"et3\" style=\"width: 189.95pt;\" width=\"189\">Agridulce y resistente<\/td>\n<\/tr>\n<tr style=\"height: 17.60pt;\">\n<td class=\"et2\" style=\"height: 17.60pt;\" height=\"17\">Especificaci\u00f3n<\/td>\n<td class=\"et2\">100g*48bolsas<\/td>\n<\/tr>\n<tr style=\"height: 17.60pt;\">\n<td class=\"et2\" style=\"height: 17.60pt;\" height=\"17\">Tama\u00f1o de la caja<\/td>\n<td class=\"et2\">45*33*24cm<\/td>\n<\/tr>\n<tr style=\"height: 17.60pt;\">\n<td class=\"et2\" style=\"height: 17.60pt;\" height=\"17\">N.W.\/Cart\u00f3n<\/td>\n<td class=\"et2\">6,4 kg<\/td>\n<\/tr>\n<tr style=\"height: 17.60pt;\">\n<td class=\"et2\" style=\"height: 17.60pt;\" height=\"17\">Precio<\/td>\n<td class=\"et2\">24USD<\/td>\n<\/tr>\n<tr style=\"height: 17.60pt;\">\n<td class=\"et2\" style=\"height: 17.60pt;\" height=\"17\">MOQ<\/td>\n<td class=\"et2\">500CTNS<\/td>\n<\/tr>\n<tr style=\"height: 17.60pt;\">\n<td class=\"et2\" style=\"height: 17.60pt;\" height=\"17\">Muestra<\/td>\n<td class=\"et2\">Disponible<\/td>\n<\/tr>\n<\/tbody>\n<\/table>\n<p>&nbsp;<\/p>","protected":false},"featured_media":1682,"comment_status":"open","ping_status":"closed","template":"","meta":{"_acf_changed":false},"product_brand":[],"product_cat":[19,24],"product_tag":[],"class_list":{"0":"post-1678","1":"product","2":"type-product","3":"status-publish","4":"has-post-thumbnail","6":"product_cat-wholesale-gummy-manufacturer","7":"product_cat-3d-gummy-candy-manufacturer","9":"first","10":"instock","11":"shipping-taxable","12":"product-type-simple"},"acf":[],"_links":{"self":[{"href":"https:\/\/www.lechaocandy.com\/es\/wp-json\/wp\/v2\/product\/1678","targetHints":{"allow":["GET"]}}],"collection":[{"href":"https:\/\/www.lechaocandy.com\/es\/wp-json\/wp\/v2\/product"}],"about":[{"href":"https:\/\/www.lechaocandy.com\/es\/wp-json\/wp\/v2\/types\/product"}],"replies":[{"embeddable":true,"href":"https:\/\/www.lechaocandy.com\/es\/wp-json\/wp\/v2\/comments?post=1678"}],"wp:featuredmedia":[{"embeddable":true,"href":"https:\/\/www.lechaocandy.com\/es\/wp-json\/wp\/v2\/media\/1682"}],"wp:attachment":[{"href":"https:\/\/www.lechaocandy.com\/es\/wp-json\/wp\/v2\/media?parent=1678"}],"wp:term":[{"taxonomy":"product_brand","embeddable":true,"href":"https:\/\/www.lechaocandy.com\/es\/wp-json\/wp\/v2\/product_brand?post=1678"},{"taxonomy":"product_cat","embeddable":true,"href":"https:\/\/www.lechaocandy.com\/es\/wp-json\/wp\/v2\/product_cat?post=1678"},{"taxonomy":"product_tag","embeddable":true,"href":"https:\/\/www.lechaocandy.com\/es\/wp-json\/wp\/v2\/product_tag?post=1678"}],"curies":[{"name":"wp","href":"https:\/\/api.w.org\/{rel}","templated":true}]}}