{"id":1685,"date":"2025-08-27T09:14:59","date_gmt":"2025-08-27T09:14:59","guid":{"rendered":"https:\/\/www.lechaocandy.com\/?post_type=product&#038;p=1685"},"modified":"2025-08-27T09:24:24","modified_gmt":"2025-08-27T09:24:24","slug":"gummy-mix-bulk","status":"publish","type":"product","link":"https:\/\/www.lechaocandy.com\/es\/producto\/gummy-mix-bulk\/","title":{"rendered":"LeChao Sea Animal Gummy Mix Bulk, Soporte Paquete Personalizado"},"content":{"rendered":"<div class=\"wp-block-columns is-layout-flex wp-container-core-columns-is-layout-9d6595d7 wp-block-columns-is-layout-flex\"><div class=\"wp-block-column is-layout-flow wp-block-column-is-layout-flow\"><h2 class=\"wp-block-heading\">Aspectos destacados de las gominolas a granel<\/h2>\n\n<ul class=\"wp-block-list\"><li><strong>Divertidos temas oce\u00e1nicos: <\/strong>Estas gominolas a granel tienen diversas formas de animales marinos, como delfines, estrellas de mar, pulpos y caballitos de mar. Estos dise\u00f1os vivos y adorables hacen que los snacks sean m\u00e1s entretenidos y coleccionables, lo que aumenta la demanda de los consumidores.<\/li>\n\n<li><strong>M\u00faltiples sabores de frutas: <\/strong>Nuestros caramelos de goma al por mayor ofrecen una variedad de sabores frutales cl\u00e1sicos, tanto dulces como \u00e1cidos, que satisfacen diversas preferencias gustativas y mejoran la comerciabilidad del producto.<\/li>\n\n<li><strong>Textura masticable y colores vibrantes: <\/strong>Nuestras gominolas a granel tienen una textura suave y masticable y un sabor dulce, complementado con un colorido dise\u00f1o que atrae tanto a la vista como al paladar.<\/li>\n\n<li><strong>Adecuado para diversos escenarios de consumo: <\/strong>Ya sea para una merienda infantil, una fiesta navide\u00f1a, un evento tem\u00e1tico o incluso en supermercados minoristas y canales de comercio electr\u00f3nico, nuestros caramelos de goma al por mayor ser\u00e1n sin duda un \u00e9xito de ventas.<\/li>\n\n<li><strong>Soporte de personalizaci\u00f3n de envases y venta al por mayor: <\/strong>Ofrecemos una gran variedad de especificaciones y soluciones de envasado personalizadas para mezclas de gominolas a granel, que ayudan a los clientes a crear su propia imagen de marca y satisfacer las distintas necesidades del mercado.<\/li><\/ul><\/div>\n\n<div class=\"wp-block-column is-layout-flow wp-block-column-is-layout-flow\"><figure class=\"wp-block-image size-full\"><img decoding=\"async\" width=\"800\" height=\"800\" src=\"https:\/\/www.lechaocandy.com\/wp-content\/uploads\/2025\/08\/LeChao-Sea-Animal-Gummy-Mix-Bulk-Support-Custom-Package-2.webp\" alt=\"LeChao Mezcla de gominolas de animales marinos a granel, paquete personalizado de soporte-2\" class=\"wp-image-1687\" srcset=\"https:\/\/www.lechaocandy.com\/wp-content\/uploads\/2025\/08\/LeChao-Sea-Animal-Gummy-Mix-Bulk-Support-Custom-Package-2.webp 800w, https:\/\/www.lechaocandy.com\/wp-content\/uploads\/2025\/08\/LeChao-Sea-Animal-Gummy-Mix-Bulk-Support-Custom-Package-2-300x300.webp 300w, https:\/\/www.lechaocandy.com\/wp-content\/uploads\/2025\/08\/LeChao-Sea-Animal-Gummy-Mix-Bulk-Support-Custom-Package-2-150x150.webp 150w, https:\/\/www.lechaocandy.com\/wp-content\/uploads\/2025\/08\/LeChao-Sea-Animal-Gummy-Mix-Bulk-Support-Custom-Package-2-768x768.webp 768w, https:\/\/www.lechaocandy.com\/wp-content\/uploads\/2025\/08\/LeChao-Sea-Animal-Gummy-Mix-Bulk-Support-Custom-Package-2-12x12.webp 12w, https:\/\/www.lechaocandy.com\/wp-content\/uploads\/2025\/08\/LeChao-Sea-Animal-Gummy-Mix-Bulk-Support-Custom-Package-2-600x600.webp 600w, https:\/\/www.lechaocandy.com\/wp-content\/uploads\/2025\/08\/LeChao-Sea-Animal-Gummy-Mix-Bulk-Support-Custom-Package-2-100x100.webp 100w\" sizes=\"(max-width: 800px) 100vw, 800px\" \/><\/figure><\/div><\/div>","protected":false},"excerpt":{"rendered":"<p>Bienvenido a pedir caramelos de goma al por mayor de Lechao. Nuestra mezcla de gominolas al por mayor con tem\u00e1tica oce\u00e1nica presenta coloridos sabores frutales y una variedad de dise\u00f1os de criaturas marinas, ofreciendo una experiencia divertida y deliciosa. Adecuado para la venta al por menor, al por mayor, y las asociaciones de marca.<\/p>\n<table style=\"border-collapse: collapse; width: 300.02pt;\" border=\"0\" width=\"300\" cellspacing=\"0\" cellpadding=\"0\">\n<tbody>\n<tr style=\"height: 17.60pt;\">\n<td class=\"et2\" style=\"height: 17.60pt; width: 110.80pt;\" width=\"110\" height=\"17\">Fabricante<\/td>\n<td class=\"et2\" style=\"width: 189.95pt;\" width=\"189\">Caramelos LeChao<\/td>\n<\/tr>\n<tr style=\"height: 18.00pt;\">\n<td class=\"et2\" style=\"height: 18.00pt;\" height=\"18\">Tipo de producto<\/td>\n<td class=\"et3\" style=\"width: 189.95pt;\" width=\"189\">Caramelos de goma de animales marinos<\/td>\n<\/tr>\n<tr style=\"height: 18.00pt;\">\n<td class=\"et2\" style=\"height: 18.00pt;\" height=\"18\">Pruebe<\/td>\n<td class=\"et3\" style=\"width: 189.95pt;\" width=\"189\">Agridulce y resistente<\/td>\n<\/tr>\n<tr style=\"height: 17.60pt;\">\n<td class=\"et2\" style=\"height: 17.60pt;\" height=\"17\">Especificaci\u00f3n<\/td>\n<td class=\"et2\">100gx80bolsas<\/td>\n<\/tr>\n<tr style=\"height: 17.60pt;\">\n<td class=\"et2\" style=\"height: 17.60pt;\" height=\"17\">Tama\u00f1o de la caja<\/td>\n<td class=\"et2\">50*33*30cm<\/td>\n<\/tr>\n<tr style=\"height: 17.60pt;\">\n<td class=\"et2\" style=\"height: 17.60pt;\" height=\"17\">N.W.\/Cart\u00f3n<\/td>\n<td class=\"et2\">10.0kg<\/td>\n<\/tr>\n<tr style=\"height: 17.60pt;\">\n<td class=\"et2\" style=\"height: 17.60pt;\" height=\"17\">Precio<\/td>\n<td class=\"et2\">30USD<\/td>\n<\/tr>\n<tr style=\"height: 17.60pt;\">\n<td class=\"et2\" style=\"height: 17.60pt;\" height=\"17\">MOQ<\/td>\n<td class=\"et2\">500CTNS<\/td>\n<\/tr>\n<tr style=\"height: 17.60pt;\">\n<td class=\"et2\" style=\"height: 17.60pt;\" height=\"17\">Muestra<\/td>\n<td class=\"et2\">Disponible<\/td>\n<\/tr>\n<\/tbody>\n<\/table>\n<p>&nbsp;<\/p>\n<p>&nbsp;<\/p>","protected":false},"featured_media":1686,"comment_status":"open","ping_status":"closed","template":"","meta":{"_acf_changed":false},"product_brand":[],"product_cat":[19],"product_tag":[],"class_list":{"0":"post-1685","1":"product","2":"type-product","3":"status-publish","4":"has-post-thumbnail","6":"product_cat-wholesale-gummy-manufacturer","8":"first","9":"instock","10":"shipping-taxable","11":"product-type-simple"},"acf":[],"_links":{"self":[{"href":"https:\/\/www.lechaocandy.com\/es\/wp-json\/wp\/v2\/product\/1685","targetHints":{"allow":["GET"]}}],"collection":[{"href":"https:\/\/www.lechaocandy.com\/es\/wp-json\/wp\/v2\/product"}],"about":[{"href":"https:\/\/www.lechaocandy.com\/es\/wp-json\/wp\/v2\/types\/product"}],"replies":[{"embeddable":true,"href":"https:\/\/www.lechaocandy.com\/es\/wp-json\/wp\/v2\/comments?post=1685"}],"wp:featuredmedia":[{"embeddable":true,"href":"https:\/\/www.lechaocandy.com\/es\/wp-json\/wp\/v2\/media\/1686"}],"wp:attachment":[{"href":"https:\/\/www.lechaocandy.com\/es\/wp-json\/wp\/v2\/media?parent=1685"}],"wp:term":[{"taxonomy":"product_brand","embeddable":true,"href":"https:\/\/www.lechaocandy.com\/es\/wp-json\/wp\/v2\/product_brand?post=1685"},{"taxonomy":"product_cat","embeddable":true,"href":"https:\/\/www.lechaocandy.com\/es\/wp-json\/wp\/v2\/product_cat?post=1685"},{"taxonomy":"product_tag","embeddable":true,"href":"https:\/\/www.lechaocandy.com\/es\/wp-json\/wp\/v2\/product_tag?post=1685"}],"curies":[{"name":"wp","href":"https:\/\/api.w.org\/{rel}","templated":true}]}}