{"id":1689,"date":"2025-08-27T09:29:29","date_gmt":"2025-08-27T09:29:29","guid":{"rendered":"https:\/\/www.lechaocandy.com\/?post_type=product&#038;p=1689"},"modified":"2025-08-27T09:41:36","modified_gmt":"2025-08-27T09:41:36","slug":"bulk-gummy-hamburgers","status":"publish","type":"product","link":"https:\/\/www.lechaocandy.com\/es\/producto\/bulk-gummy-hamburgers\/","title":{"rendered":"Hamburguesas de gominola a granel construibles, caramelos de goma juguetones"},"content":{"rendered":"<div class=\"wp-block-columns is-layout-flex wp-container-core-columns-is-layout-9d6595d7 wp-block-columns-is-layout-flex\"><div class=\"wp-block-column is-layout-flow wp-block-column-is-layout-flow\"><h2 class=\"wp-block-heading\">Caracter\u00edsticas principales de las hamburguesas de goma a granel<\/h2>\n\n<ul class=\"wp-block-list\"><li><strong>Dise\u00f1o divertido y extra\u00edble:<\/strong> Nuestras hamburguesas de gominola a granel pueden desmontarse y volverse a montar libremente, lo que permite a los ni\u00f1os y j\u00f3venes consumidores disfrutar de un delicioso tentempi\u00e9 mientras se divierten con el bricolaje interactivo.<\/li>\n\n<li><strong>Dise\u00f1o de hamburguesa en capas:<\/strong> Estas gominolas de hamburguesa al por mayor presentan m\u00faltiples capas (pan, verduras, hamburguesa, etc.) con formas realistas y atractivo visual, lo que las convierte en un divertido tentempi\u00e9.<\/li>\n\n<li><strong>Varios sabores de frutas:<\/strong> Estas hamburguesas de gominola a granel vienen en una variedad de sabores cl\u00e1sicos de frutas, ofreciendo un equilibrio perfecto de dulce y \u00e1cido con una textura masticable, haciendo de cada bocado una experiencia divertida y deliciosa.<\/li>\n\n<li><strong>Colores vivos y dise\u00f1o vivo:<\/strong> Estas gominolas de hamburguesa al por mayor presentan colores brillantes y dise\u00f1os realistas de hamburguesas, lo que atrae la atenci\u00f3n de los ni\u00f1os y las hace perfectas para fiestas, regalos y promociones. <\/li>\n\n<li><strong>Admite la personalizaci\u00f3n y el envasado a granel: <\/strong>Ofrecemos servicios personalizados de envasado de hamburguesas de gominola a granel para satisfacer las diversas necesidades de minoristas, supermercados, empresas de comercio electr\u00f3nico y propietarios de marcas, y mejorar la competitividad del mercado.<\/li><\/ul><\/div>\n\n<div class=\"wp-block-column is-layout-flow wp-block-column-is-layout-flow\"><figure class=\"wp-block-image size-full\"><img decoding=\"async\" width=\"800\" height=\"800\" src=\"https:\/\/www.lechaocandy.com\/wp-content\/uploads\/2025\/08\/Buildable-Bulk-Gummy-Hamburgers-Playful-Gummy-Candies-2.webp\" alt=\"Hamburguesas de goma a granel construibles, caramelos de goma juguetones-2\" class=\"wp-image-1691\" srcset=\"https:\/\/www.lechaocandy.com\/wp-content\/uploads\/2025\/08\/Buildable-Bulk-Gummy-Hamburgers-Playful-Gummy-Candies-2.webp 800w, https:\/\/www.lechaocandy.com\/wp-content\/uploads\/2025\/08\/Buildable-Bulk-Gummy-Hamburgers-Playful-Gummy-Candies-2-300x300.webp 300w, https:\/\/www.lechaocandy.com\/wp-content\/uploads\/2025\/08\/Buildable-Bulk-Gummy-Hamburgers-Playful-Gummy-Candies-2-150x150.webp 150w, https:\/\/www.lechaocandy.com\/wp-content\/uploads\/2025\/08\/Buildable-Bulk-Gummy-Hamburgers-Playful-Gummy-Candies-2-768x768.webp 768w, https:\/\/www.lechaocandy.com\/wp-content\/uploads\/2025\/08\/Buildable-Bulk-Gummy-Hamburgers-Playful-Gummy-Candies-2-12x12.webp 12w, https:\/\/www.lechaocandy.com\/wp-content\/uploads\/2025\/08\/Buildable-Bulk-Gummy-Hamburgers-Playful-Gummy-Candies-2-600x600.webp 600w, https:\/\/www.lechaocandy.com\/wp-content\/uploads\/2025\/08\/Buildable-Bulk-Gummy-Hamburgers-Playful-Gummy-Candies-2-100x100.webp 100w\" sizes=\"(max-width: 800px) 100vw, 800px\" \/><\/figure><\/div><\/div>","protected":false},"excerpt":{"rendered":"<p>Bienvenido a pedir hamburguesas de gominola al por mayor. Nuestras gominolas de hamburguesa al por mayor desmontables y reensamblables son divertidas y f\u00e1ciles de hacer por los ni\u00f1os. Tienen una textura masticable, ricos sabores frutales, colores vibrantes y envases personalizables.<\/p>\n<table style=\"border-collapse: collapse; width: 300.02pt;\" border=\"0\" width=\"300\" cellspacing=\"0\" cellpadding=\"0\">\n<tbody>\n<tr style=\"height: 17.60pt;\">\n<td class=\"et2\" style=\"height: 17.60pt; width: 110.80pt;\" width=\"110\" height=\"17\">Fabricante<\/td>\n<td class=\"et2\" style=\"width: 189.95pt;\" width=\"189\">Caramelos LeChao<\/td>\n<\/tr>\n<tr style=\"height: 18.00pt;\">\n<td class=\"et2\" style=\"height: 18.00pt;\" height=\"18\">Tipo de producto<\/td>\n<td class=\"et3\" style=\"width: 189.95pt;\" width=\"189\">Caramelos de goma XXL Burger<\/td>\n<\/tr>\n<tr style=\"height: 18.00pt;\">\n<td class=\"et2\" style=\"height: 18.00pt;\" height=\"18\">Pruebe<\/td>\n<td class=\"et3\" style=\"width: 189.95pt;\" width=\"189\">Agridulce y resistente<\/td>\n<\/tr>\n<tr style=\"height: 17.60pt;\">\n<td class=\"et2\" style=\"height: 17.60pt;\" height=\"17\">Especificaci\u00f3n<\/td>\n<td class=\"et2\">50gX12pcsX6cajas<\/td>\n<\/tr>\n<tr style=\"height: 17.60pt;\">\n<td class=\"et2\" style=\"height: 17.60pt;\" height=\"17\">Tama\u00f1o de la caja<\/td>\n<td class=\"et2\">50*22*25cm<\/td>\n<\/tr>\n<tr style=\"height: 17.60pt;\">\n<td class=\"et2\" style=\"height: 17.60pt;\" height=\"17\">N.W.\/Cart\u00f3n<\/td>\n<td class=\"et2\">8.0kg<\/td>\n<\/tr>\n<tr style=\"height: 17.60pt;\">\n<td class=\"et2\" style=\"height: 17.60pt;\" height=\"17\">Precio<\/td>\n<td class=\"et2\">\/<\/td>\n<\/tr>\n<tr style=\"height: 17.60pt;\">\n<td class=\"et2\" style=\"height: 17.60pt;\" height=\"17\">MOQ<\/td>\n<td class=\"et2\">500CTNS<\/td>\n<\/tr>\n<tr style=\"height: 17.60pt;\">\n<td class=\"et2\" style=\"height: 17.60pt;\" height=\"17\">Muestra<\/td>\n<td class=\"et2\">Disponible<\/td>\n<\/tr>\n<\/tbody>\n<\/table>\n<p>&nbsp;<\/p>\n<p>&nbsp;<\/p>","protected":false},"featured_media":1692,"comment_status":"open","ping_status":"closed","template":"","meta":{"_acf_changed":false},"product_brand":[],"product_cat":[19],"product_tag":[],"class_list":{"0":"post-1689","1":"product","2":"type-product","3":"status-publish","4":"has-post-thumbnail","6":"product_cat-wholesale-gummy-manufacturer","8":"first","9":"instock","10":"shipping-taxable","11":"product-type-simple"},"acf":[],"_links":{"self":[{"href":"https:\/\/www.lechaocandy.com\/es\/wp-json\/wp\/v2\/product\/1689","targetHints":{"allow":["GET"]}}],"collection":[{"href":"https:\/\/www.lechaocandy.com\/es\/wp-json\/wp\/v2\/product"}],"about":[{"href":"https:\/\/www.lechaocandy.com\/es\/wp-json\/wp\/v2\/types\/product"}],"replies":[{"embeddable":true,"href":"https:\/\/www.lechaocandy.com\/es\/wp-json\/wp\/v2\/comments?post=1689"}],"wp:featuredmedia":[{"embeddable":true,"href":"https:\/\/www.lechaocandy.com\/es\/wp-json\/wp\/v2\/media\/1692"}],"wp:attachment":[{"href":"https:\/\/www.lechaocandy.com\/es\/wp-json\/wp\/v2\/media?parent=1689"}],"wp:term":[{"taxonomy":"product_brand","embeddable":true,"href":"https:\/\/www.lechaocandy.com\/es\/wp-json\/wp\/v2\/product_brand?post=1689"},{"taxonomy":"product_cat","embeddable":true,"href":"https:\/\/www.lechaocandy.com\/es\/wp-json\/wp\/v2\/product_cat?post=1689"},{"taxonomy":"product_tag","embeddable":true,"href":"https:\/\/www.lechaocandy.com\/es\/wp-json\/wp\/v2\/product_tag?post=1689"}],"curies":[{"name":"wp","href":"https:\/\/api.w.org\/{rel}","templated":true}]}}