{"id":1695,"date":"2025-08-27T09:44:52","date_gmt":"2025-08-27T09:44:52","guid":{"rendered":"https:\/\/www.lechaocandy.com\/?post_type=product&#038;p=1695"},"modified":"2025-08-27T09:53:04","modified_gmt":"2025-08-27T09:53:04","slug":"diamond-gummies-wholesale","status":"publish","type":"product","link":"https:\/\/www.lechaocandy.com\/es\/producto\/diamond-gummies-wholesale\/","title":{"rendered":"Gominolas Diamante al por mayor, Caramelos de goma 3D masticables a granel"},"content":{"rendered":"<div class=\"wp-block-columns is-layout-flex wp-container-core-columns-is-layout-9d6595d7 wp-block-columns-is-layout-flex\"><div class=\"wp-block-column is-layout-flow wp-block-column-is-layout-flow\"><h2 class=\"wp-block-heading\">Productos destacados de Diamond Gummies al por mayor<\/h2>\n\n<ul class=\"wp-block-list\"><li><strong>Corte de diamante \u00fanico: <\/strong>Nuestras gominolas de diamante 3D al por mayor presentan un exquisito dise\u00f1o con facetas afiladas, que crean un aspecto deslumbrante y llamativo, realzando la diversi\u00f3n y el atractivo visual del snack.<\/li>\n\n<li><strong>Colores ricos:<\/strong> Estos caramelos blandos a granel vienen en una variedad de combinaciones de colores vibrantes, que atraen a ni\u00f1os y j\u00f3venes consumidores, realzan la exposici\u00f3n del producto y aumentan el deseo de compra.<\/li>\n\n<li><strong>Varios sabores de frutas:<\/strong> Nuestras gominolas 3D diamante al por mayor ofrecen una variedad de sabores cl\u00e1sicos de fruta con una textura masticable y refrescante para adaptarse a las preferencias gustativas de los distintos grupos de edad.<\/li>\n\n<li><strong>Aperitivos divertidos y opciones de regalo:<\/strong> Nuestros caramelos blandos a granel son perfectos para meriendas infantiles, fiestas de cumplea\u00f1os, regalos navide\u00f1os o eventos tem\u00e1ticos. Son a la vez deliciosos y divertidos, lo que aumenta su valor social.<\/li>\n\n<li><strong>Suministro a granel y personalizaci\u00f3n: <\/strong>Nuestras gominolas de diamantes 3D al por mayor ofrecen compras al por mayor y envases personalizados, lo que las hace adecuadas para que minoristas, plataformas de comercio electr\u00f3nico y propietarios de marcas diferencien sus productos y mejoren su competitividad en el mercado.<\/li><\/ul><\/div>\n\n<div class=\"wp-block-column is-layout-flow wp-block-column-is-layout-flow\"><figure class=\"wp-block-image size-full\"><img decoding=\"async\" width=\"800\" height=\"800\" src=\"https:\/\/www.lechaocandy.com\/wp-content\/uploads\/2025\/08\/Diamond-Gummies-Wholesale-Chewy-3D-Gummy-Candy-In-Bulk-5.webp\" alt=\"Diamond Gummies al por mayor, caramelos de goma 3D masticables a granel-5\" class=\"wp-image-1700\" srcset=\"https:\/\/www.lechaocandy.com\/wp-content\/uploads\/2025\/08\/Diamond-Gummies-Wholesale-Chewy-3D-Gummy-Candy-In-Bulk-5.webp 800w, https:\/\/www.lechaocandy.com\/wp-content\/uploads\/2025\/08\/Diamond-Gummies-Wholesale-Chewy-3D-Gummy-Candy-In-Bulk-5-300x300.webp 300w, https:\/\/www.lechaocandy.com\/wp-content\/uploads\/2025\/08\/Diamond-Gummies-Wholesale-Chewy-3D-Gummy-Candy-In-Bulk-5-150x150.webp 150w, https:\/\/www.lechaocandy.com\/wp-content\/uploads\/2025\/08\/Diamond-Gummies-Wholesale-Chewy-3D-Gummy-Candy-In-Bulk-5-768x768.webp 768w, https:\/\/www.lechaocandy.com\/wp-content\/uploads\/2025\/08\/Diamond-Gummies-Wholesale-Chewy-3D-Gummy-Candy-In-Bulk-5-12x12.webp 12w, https:\/\/www.lechaocandy.com\/wp-content\/uploads\/2025\/08\/Diamond-Gummies-Wholesale-Chewy-3D-Gummy-Candy-In-Bulk-5-600x600.webp 600w, https:\/\/www.lechaocandy.com\/wp-content\/uploads\/2025\/08\/Diamond-Gummies-Wholesale-Chewy-3D-Gummy-Candy-In-Bulk-5-100x100.webp 100w\" sizes=\"(max-width: 800px) 100vw, 800px\" \/><\/figure><\/div><\/div>","protected":false},"excerpt":{"rendered":"<p>Bienvenido a pedir caramelos blandos al por mayor. Nuestras gominolas diamante 3D al por mayor presentan vibrantes y coloridos dise\u00f1os facetados con una textura masticable y una variedad de sabores de frutas. Disponemos de envases personalizados.<\/p>\n<table style=\"border-collapse: collapse; width: 300.02pt;\" border=\"0\" width=\"300\" cellspacing=\"0\" cellpadding=\"0\">\n<tbody>\n<tr style=\"height: 17.60pt;\">\n<td class=\"et2\" style=\"height: 17.60pt; width: 110.80pt;\" width=\"110\" height=\"17\">Fabricante<\/td>\n<td class=\"et2\" style=\"width: 189.95pt;\" width=\"189\">Caramelos LeChao<\/td>\n<\/tr>\n<tr style=\"height: 18.00pt;\">\n<td class=\"et2\" style=\"height: 18.00pt;\" height=\"18\">Tipo de producto<\/td>\n<td class=\"et3\" style=\"width: 189.95pt;\" width=\"189\">Caramelos de goma 3D Diamond<\/td>\n<\/tr>\n<tr style=\"height: 18.00pt;\">\n<td class=\"et2\" style=\"height: 18.00pt;\" height=\"18\">Pruebe<\/td>\n<td class=\"et3\" style=\"width: 189.95pt;\" width=\"189\">Agridulce y resistente<\/td>\n<\/tr>\n<tr style=\"height: 17.60pt;\">\n<td class=\"et2\" style=\"height: 17.60pt;\" height=\"17\">Especificaci\u00f3n<\/td>\n<td class=\"et2\">60gX10bolsasX6cajas<\/td>\n<\/tr>\n<tr style=\"height: 17.60pt;\">\n<td class=\"et2\" style=\"height: 17.60pt;\" height=\"17\">Tama\u00f1o de la caja<\/td>\n<td class=\"et2\">36.5X22X33.5<\/td>\n<\/tr>\n<tr style=\"height: 17.60pt;\">\n<td class=\"et2\" style=\"height: 17.60pt;\" height=\"17\">N.W.\/Cart\u00f3n<\/td>\n<td class=\"et2\">5,8 kg<\/td>\n<\/tr>\n<tr style=\"height: 17.60pt;\">\n<td class=\"et2\" style=\"height: 17.60pt;\" height=\"17\">Precio<\/td>\n<td class=\"et2\">0,3-0,33USD<\/td>\n<\/tr>\n<tr style=\"height: 17.60pt;\">\n<td class=\"et2\" style=\"height: 17.60pt;\" height=\"17\">MOQ<\/td>\n<td class=\"et2\">800CTNS<\/td>\n<\/tr>\n<tr style=\"height: 17.60pt;\">\n<td class=\"et2\" style=\"height: 17.60pt;\" height=\"17\">Muestra<\/td>\n<td class=\"et2\">Disponible<\/td>\n<\/tr>\n<\/tbody>\n<\/table>\n<p>&nbsp;<\/p>","protected":false},"featured_media":1697,"comment_status":"open","ping_status":"closed","template":"","meta":{"_acf_changed":false},"product_brand":[],"product_cat":[19,24],"product_tag":[],"class_list":{"0":"post-1695","1":"product","2":"type-product","3":"status-publish","4":"has-post-thumbnail","6":"product_cat-wholesale-gummy-manufacturer","7":"product_cat-3d-gummy-candy-manufacturer","9":"first","10":"instock","11":"shipping-taxable","12":"product-type-simple"},"acf":[],"_links":{"self":[{"href":"https:\/\/www.lechaocandy.com\/es\/wp-json\/wp\/v2\/product\/1695","targetHints":{"allow":["GET"]}}],"collection":[{"href":"https:\/\/www.lechaocandy.com\/es\/wp-json\/wp\/v2\/product"}],"about":[{"href":"https:\/\/www.lechaocandy.com\/es\/wp-json\/wp\/v2\/types\/product"}],"replies":[{"embeddable":true,"href":"https:\/\/www.lechaocandy.com\/es\/wp-json\/wp\/v2\/comments?post=1695"}],"wp:featuredmedia":[{"embeddable":true,"href":"https:\/\/www.lechaocandy.com\/es\/wp-json\/wp\/v2\/media\/1697"}],"wp:attachment":[{"href":"https:\/\/www.lechaocandy.com\/es\/wp-json\/wp\/v2\/media?parent=1695"}],"wp:term":[{"taxonomy":"product_brand","embeddable":true,"href":"https:\/\/www.lechaocandy.com\/es\/wp-json\/wp\/v2\/product_brand?post=1695"},{"taxonomy":"product_cat","embeddable":true,"href":"https:\/\/www.lechaocandy.com\/es\/wp-json\/wp\/v2\/product_cat?post=1695"},{"taxonomy":"product_tag","embeddable":true,"href":"https:\/\/www.lechaocandy.com\/es\/wp-json\/wp\/v2\/product_tag?post=1695"}],"curies":[{"name":"wp","href":"https:\/\/api.w.org\/{rel}","templated":true}]}}