{"id":1712,"date":"2025-09-02T08:21:17","date_gmt":"2025-09-02T08:21:17","guid":{"rendered":"https:\/\/www.lechaocandy.com\/?post_type=product&#038;p=1712"},"modified":"2025-09-02T08:32:14","modified_gmt":"2025-09-02T08:32:14","slug":"gummi-fun-mix-bulk","status":"publish","type":"product","link":"https:\/\/www.lechaocandy.com\/es\/producto\/gummi-fun-mix-bulk\/","title":{"rendered":"Gominolas, Caramelos de goma, Caramelos de goma, Caramelos de goma, Caramelos de goma al por mayor"},"content":{"rendered":"<div class=\"wp-block-columns is-layout-flex wp-container-core-columns-is-layout-9d6595d7 wp-block-columns-is-layout-flex\"><div class=\"wp-block-column is-layout-flow wp-block-column-is-layout-flow\"><h2 class=\"wp-block-heading\">Caracter\u00edsticas de Juice Cup Gummi Fun Mix Granel<\/h2>\n\n<ul class=\"wp-block-list\"><li><strong>El dise\u00f1o creativo y exclusivo en forma de taza atrae f\u00e1cilmente a los consumidores: <\/strong>Estas divertidas gominolas a granel, dise\u00f1adas en forma de vasos de zumo o copas de c\u00f3ctel, son innovadoras y divertidas, y mejoran el atractivo de la exposici\u00f3n del producto y la conversi\u00f3n de ventas.<\/li>\n\n<li><strong>Las combinaciones de colores crean un fuerte impacto visual: <\/strong>Estos caramelos de goma al por mayor son coloridos y vers\u00e1tiles, creando un rico efecto visual. Tanto si se venden individualmente como en combinaci\u00f3n con otras cajas de regalo de aperitivos, dar\u00e1n un toque de estilo a su producto en general.<\/li>\n\n<li><strong>Sus ingredientes de alta calidad y su textura masticable garantizan la compra repetida: <\/strong>Nuestras gominolas fun mix a granel utilizan ingredientes de calidad alimentaria cuidadosamente seleccionados, lo que da como resultado una textura suave y masticable con un rico aroma afrutado.<\/li>\n\n<li><strong>Directo de f\u00e1brica y precios competitivos: <\/strong>Lechao proporciona un suministro estable de caramelos de goma al por mayor, garantizando precios competitivos. Tambi\u00e9n se admite la personalizaci\u00f3n OEM\/ODM. <\/li>\n\n<li><strong>Amplia gama de escenarios de aplicaci\u00f3n y c\u00f3moda expansi\u00f3n del canal de ventas: <\/strong>Esta mezcla divertida de gominolas a granel no s\u00f3lo es adecuada para los canales de venta al por menor diarios, sino tambi\u00e9n muy apropiada para aperitivos de fiestas, paquetes de regalos festivos, paquetes combinados de caramelos, \u00e1reas de aperitivos para ni\u00f1os y catering tem\u00e1tico.<\/li><\/ul><\/div>\n\n<div class=\"wp-block-column is-layout-flow wp-block-column-is-layout-flow\"><figure class=\"wp-block-image size-full\"><img decoding=\"async\" width=\"800\" height=\"800\" src=\"https:\/\/www.lechaocandy.com\/wp-content\/uploads\/2025\/09\/Juice-Cup-Shape-Gummi-Fun-Mix-Bulk-Gummy-Sweets-Wholesale-5.webp\" alt=\"Gominolas a Granel, Caramelos de goma al por mayor-5\" class=\"wp-image-1717\" srcset=\"https:\/\/www.lechaocandy.com\/wp-content\/uploads\/2025\/09\/Juice-Cup-Shape-Gummi-Fun-Mix-Bulk-Gummy-Sweets-Wholesale-5.webp 800w, https:\/\/www.lechaocandy.com\/wp-content\/uploads\/2025\/09\/Juice-Cup-Shape-Gummi-Fun-Mix-Bulk-Gummy-Sweets-Wholesale-5-300x300.webp 300w, https:\/\/www.lechaocandy.com\/wp-content\/uploads\/2025\/09\/Juice-Cup-Shape-Gummi-Fun-Mix-Bulk-Gummy-Sweets-Wholesale-5-150x150.webp 150w, https:\/\/www.lechaocandy.com\/wp-content\/uploads\/2025\/09\/Juice-Cup-Shape-Gummi-Fun-Mix-Bulk-Gummy-Sweets-Wholesale-5-768x768.webp 768w, https:\/\/www.lechaocandy.com\/wp-content\/uploads\/2025\/09\/Juice-Cup-Shape-Gummi-Fun-Mix-Bulk-Gummy-Sweets-Wholesale-5-12x12.webp 12w, https:\/\/www.lechaocandy.com\/wp-content\/uploads\/2025\/09\/Juice-Cup-Shape-Gummi-Fun-Mix-Bulk-Gummy-Sweets-Wholesale-5-600x600.webp 600w, https:\/\/www.lechaocandy.com\/wp-content\/uploads\/2025\/09\/Juice-Cup-Shape-Gummi-Fun-Mix-Bulk-Gummy-Sweets-Wholesale-5-100x100.webp 100w\" sizes=\"(max-width: 800px) 100vw, 800px\" \/><\/figure><\/div><\/div>","protected":false},"excerpt":{"rendered":"<p>Bienvenido a comprar caramelos de goma al por mayor. Esta mezcla divertida de gominolas en forma de vaso de zumo al por mayor presenta un dise\u00f1o sofisticado y divertido con colores vibrantes. Directo de f\u00e1brica y asequible, es una opci\u00f3n ideal para ampliar su l\u00ednea de productos de caramelo.<\/p>\n<table style=\"border-collapse: collapse; width: 300.02pt;\" border=\"0\" width=\"300\" cellspacing=\"0\" cellpadding=\"0\">\n<tbody>\n<tr style=\"height: 17.60pt;\">\n<td class=\"et2\" style=\"height: 17.60pt; width: 110.80pt;\" width=\"110\" height=\"17\">Fabricante<\/td>\n<td class=\"et2\" style=\"width: 189.95pt;\" width=\"189\">Caramelos LeChao<\/td>\n<\/tr>\n<tr style=\"height: 18.00pt;\">\n<td class=\"et2\" style=\"height: 18.00pt;\" height=\"18\">Tipo de producto<\/td>\n<td class=\"et3\" style=\"width: 189.95pt;\" width=\"189\">Caramelos de goma Juice Cup<\/td>\n<\/tr>\n<tr style=\"height: 18.00pt;\">\n<td class=\"et2\" style=\"height: 18.00pt;\" height=\"18\">Pruebe<\/td>\n<td class=\"et3\" style=\"width: 189.95pt;\" width=\"189\">Agridulce y resistente<\/td>\n<\/tr>\n<tr style=\"height: 17.60pt;\">\n<td class=\"et2\" style=\"height: 17.60pt;\" height=\"17\">Especificaci\u00f3n<\/td>\n<td class=\"et2\">20gx24pcsx12cajas<\/td>\n<\/tr>\n<tr style=\"height: 17.60pt;\">\n<td class=\"et2\" style=\"height: 17.60pt;\" height=\"17\">Tama\u00f1o de la caja<\/td>\n<td class=\"et2\">45*29*25cm<\/td>\n<\/tr>\n<tr style=\"height: 17.60pt;\">\n<td class=\"et2\" style=\"height: 17.60pt;\" height=\"17\">N.W.\/Cart\u00f3n<\/td>\n<td class=\"et2\">8.0kg<\/td>\n<\/tr>\n<tr style=\"height: 17.60pt;\">\n<td class=\"et2\" style=\"height: 17.60pt;\" height=\"17\">Precio<\/td>\n<td class=\"et2\">23,5USD<\/td>\n<\/tr>\n<tr style=\"height: 17.60pt;\">\n<td class=\"et2\" style=\"height: 17.60pt;\" height=\"17\">MOQ<\/td>\n<td class=\"et2\">500CTNS<\/td>\n<\/tr>\n<tr style=\"height: 17.60pt;\">\n<td class=\"et2\" style=\"height: 17.60pt;\" height=\"17\">Muestra<\/td>\n<td class=\"et2\">Disponible<\/td>\n<\/tr>\n<\/tbody>\n<\/table>\n<p>&nbsp;<\/p>","protected":false},"featured_media":1715,"comment_status":"open","ping_status":"closed","template":"","meta":{"_acf_changed":false},"product_brand":[],"product_cat":[19],"product_tag":[],"class_list":{"0":"post-1712","1":"product","2":"type-product","3":"status-publish","4":"has-post-thumbnail","6":"product_cat-wholesale-gummy-manufacturer","8":"first","9":"instock","10":"shipping-taxable","11":"product-type-simple"},"acf":[],"_links":{"self":[{"href":"https:\/\/www.lechaocandy.com\/es\/wp-json\/wp\/v2\/product\/1712","targetHints":{"allow":["GET"]}}],"collection":[{"href":"https:\/\/www.lechaocandy.com\/es\/wp-json\/wp\/v2\/product"}],"about":[{"href":"https:\/\/www.lechaocandy.com\/es\/wp-json\/wp\/v2\/types\/product"}],"replies":[{"embeddable":true,"href":"https:\/\/www.lechaocandy.com\/es\/wp-json\/wp\/v2\/comments?post=1712"}],"wp:featuredmedia":[{"embeddable":true,"href":"https:\/\/www.lechaocandy.com\/es\/wp-json\/wp\/v2\/media\/1715"}],"wp:attachment":[{"href":"https:\/\/www.lechaocandy.com\/es\/wp-json\/wp\/v2\/media?parent=1712"}],"wp:term":[{"taxonomy":"product_brand","embeddable":true,"href":"https:\/\/www.lechaocandy.com\/es\/wp-json\/wp\/v2\/product_brand?post=1712"},{"taxonomy":"product_cat","embeddable":true,"href":"https:\/\/www.lechaocandy.com\/es\/wp-json\/wp\/v2\/product_cat?post=1712"},{"taxonomy":"product_tag","embeddable":true,"href":"https:\/\/www.lechaocandy.com\/es\/wp-json\/wp\/v2\/product_tag?post=1712"}],"curies":[{"name":"wp","href":"https:\/\/api.w.org\/{rel}","templated":true}]}}