{"id":1718,"date":"2025-09-02T08:32:36","date_gmt":"2025-09-02T08:32:36","guid":{"rendered":"https:\/\/www.lechaocandy.com\/?post_type=product&#038;p=1718"},"modified":"2025-09-02T08:45:57","modified_gmt":"2025-09-02T08:45:57","slug":"custom-shaped-gummy-candy","status":"publish","type":"product","link":"https:\/\/www.lechaocandy.com\/es\/producto\/custom-shaped-gummy-candy\/","title":{"rendered":"Caramelos de goma con forma personalizada al por mayor, Caramelos blandos con forma de coche"},"content":{"rendered":"<div class=\"wp-block-columns is-layout-flex wp-container-core-columns-is-layout-9d6595d7 wp-block-columns-is-layout-flex\"><div class=\"wp-block-column is-layout-flow wp-block-column-is-layout-flow\"><h2 class=\"wp-block-heading\">Aspectos destacados de los caramelos de goma personalizados<\/h2>\n\n<ul class=\"wp-block-list\"><li><strong>Dise\u00f1o de coche \u00fanico: <\/strong>Estos caramelos de goma con formas personalizadas no s\u00f3lo son novedosos y adorables, sino tambi\u00e9n muy reconocibles, por lo que captan r\u00e1pidamente la atenci\u00f3n de los consumidores.<\/li>\n\n<li><strong>M\u00faltiples combinaciones de colores:<\/strong> Ofrecemos una gran variedad de combinaciones de colores vivos para nuestros caramelos de goma a granel. Estos colores vibrantes y formas vivas no solo hacen que los caramelos sean m\u00e1s atractivos visualmente, sino que tambi\u00e9n proporcionan una rica experiencia de sabor, estimulando las compras de los consumidores.<\/li>\n\n<li><strong>Totalmente personalizable para satisfacer necesidades diferenciadas: <\/strong>Nuestros caramelos de goma con formas personalizadas pueden personalizarse con flexibilidad en sabores, colores y envases para satisfacer las necesidades de los clientes, lo que ayuda a las marcas a establecer un posicionamiento \u00fanico en el mercado y mejorar la competitividad del producto.<\/li>\n\n<li><strong>Precios directos de f\u00e1brica:<\/strong> Nuestros caramelos de goma a granel aprovechan las ventajas de la cadena de producci\u00f3n y suministro de la f\u00e1brica de origen de Lechao para garantizar una alta calidad y mantener al mismo tiempo un precio competitivo, lo que proporciona a los clientes mayoristas una mayor competitividad en el mercado.<\/li>\n\n<li><strong>Amplia gama de aplicaciones: <\/strong>Nuestros caramelos de goma con formas personalizadas no s\u00f3lo son adecuados para el comercio minorista diario y los canales de supermercados, sino que tambi\u00e9n pueden utilizarse en fiestas infantiles, cajas de regalo festivas, regalos promocionales y otros escenarios, ayudando a los clientes a ampliar r\u00e1pidamente los canales de venta.<\/li><\/ul><\/div>\n\n<div class=\"wp-block-column is-layout-flow wp-block-column-is-layout-flow\"><figure class=\"wp-block-image size-full\"><img decoding=\"async\" width=\"800\" height=\"800\" src=\"https:\/\/www.lechaocandy.com\/wp-content\/uploads\/2025\/09\/Custom-Shaped-Gummy-Candy-Wholesale-Car-Shape-Soft-Candy-2.webp\" alt=\"Caramelos de goma con forma personalizada al por mayor, Caramelos blandos con forma de coche-2\" class=\"wp-image-1720\" srcset=\"https:\/\/www.lechaocandy.com\/wp-content\/uploads\/2025\/09\/Custom-Shaped-Gummy-Candy-Wholesale-Car-Shape-Soft-Candy-2.webp 800w, https:\/\/www.lechaocandy.com\/wp-content\/uploads\/2025\/09\/Custom-Shaped-Gummy-Candy-Wholesale-Car-Shape-Soft-Candy-2-300x300.webp 300w, https:\/\/www.lechaocandy.com\/wp-content\/uploads\/2025\/09\/Custom-Shaped-Gummy-Candy-Wholesale-Car-Shape-Soft-Candy-2-150x150.webp 150w, https:\/\/www.lechaocandy.com\/wp-content\/uploads\/2025\/09\/Custom-Shaped-Gummy-Candy-Wholesale-Car-Shape-Soft-Candy-2-768x768.webp 768w, https:\/\/www.lechaocandy.com\/wp-content\/uploads\/2025\/09\/Custom-Shaped-Gummy-Candy-Wholesale-Car-Shape-Soft-Candy-2-12x12.webp 12w, https:\/\/www.lechaocandy.com\/wp-content\/uploads\/2025\/09\/Custom-Shaped-Gummy-Candy-Wholesale-Car-Shape-Soft-Candy-2-600x600.webp 600w, https:\/\/www.lechaocandy.com\/wp-content\/uploads\/2025\/09\/Custom-Shaped-Gummy-Candy-Wholesale-Car-Shape-Soft-Candy-2-100x100.webp 100w\" sizes=\"(max-width: 800px) 100vw, 800px\" \/><\/figure><\/div><\/div>","protected":false},"excerpt":{"rendered":"<p>Bienvenido a pedir caramelos de goma con formas personalizadas. Estos caramelos de goma a granel con forma de coche son coloridos y masticables, y est\u00e1n disponibles en una gran variedad de combinaciones de colores. Podemos personalizar formas, sabores y envases para satisfacer las diversas necesidades del mercado, satisfaciendo con flexibilidad las diversas demandas del mercado.<\/p>\n<table style=\"border-collapse: collapse; width: 300.02pt;\" border=\"0\" width=\"300\" cellspacing=\"0\" cellpadding=\"0\">\n<tbody>\n<tr style=\"height: 17.60pt;\">\n<td class=\"et2\" style=\"height: 17.60pt; width: 110.80pt;\" width=\"110\" height=\"17\">Fabricante<\/td>\n<td class=\"et2\" style=\"width: 189.95pt;\" width=\"189\">Caramelos LeChao<\/td>\n<\/tr>\n<tr style=\"height: 18.00pt;\">\n<td class=\"et2\" style=\"height: 18.00pt;\" height=\"18\">Tipo de producto<\/td>\n<td class=\"et3\" style=\"width: 189.95pt;\" width=\"189\">Caramelos de goma para coche<\/td>\n<\/tr>\n<tr style=\"height: 18.00pt;\">\n<td class=\"et2\" style=\"height: 18.00pt;\" height=\"18\">Pruebe<\/td>\n<td class=\"et3\" style=\"width: 189.95pt;\" width=\"189\">Agridulce y resistente<\/td>\n<\/tr>\n<tr style=\"height: 17.60pt;\">\n<td class=\"et2\" style=\"height: 17.60pt;\" height=\"17\">Especificaci\u00f3n<\/td>\n<td class=\"et2\">20gx24pcsx12cajas<\/td>\n<\/tr>\n<tr style=\"height: 17.60pt;\">\n<td class=\"et2\" style=\"height: 17.60pt;\" height=\"17\">Tama\u00f1o de la caja<\/td>\n<td class=\"et2\">45*29*25cm<\/td>\n<\/tr>\n<tr style=\"height: 17.60pt;\">\n<td class=\"et2\" style=\"height: 17.60pt;\" height=\"17\">N.W.\/Cart\u00f3n<\/td>\n<td class=\"et2\">8.0kg<\/td>\n<\/tr>\n<tr style=\"height: 17.60pt;\">\n<td class=\"et2\" style=\"height: 17.60pt;\" height=\"17\">Precio<\/td>\n<td class=\"et2\">23,5USD<\/td>\n<\/tr>\n<tr style=\"height: 17.60pt;\">\n<td class=\"et2\" style=\"height: 17.60pt;\" height=\"17\">MOQ<\/td>\n<td class=\"et2\">500CTNS<\/td>\n<\/tr>\n<tr style=\"height: 17.60pt;\">\n<td class=\"et2\" style=\"height: 17.60pt;\" height=\"17\">Muestra<\/td>\n<td class=\"et2\">Disponible<\/td>\n<\/tr>\n<\/tbody>\n<\/table>\n<p>&nbsp;<\/p>","protected":false},"featured_media":1723,"comment_status":"open","ping_status":"closed","template":"","meta":{"_acf_changed":false},"product_brand":[],"product_cat":[19],"product_tag":[],"class_list":{"0":"post-1718","1":"product","2":"type-product","3":"status-publish","4":"has-post-thumbnail","6":"product_cat-wholesale-gummy-manufacturer","8":"first","9":"instock","10":"shipping-taxable","11":"product-type-simple"},"acf":[],"_links":{"self":[{"href":"https:\/\/www.lechaocandy.com\/es\/wp-json\/wp\/v2\/product\/1718","targetHints":{"allow":["GET"]}}],"collection":[{"href":"https:\/\/www.lechaocandy.com\/es\/wp-json\/wp\/v2\/product"}],"about":[{"href":"https:\/\/www.lechaocandy.com\/es\/wp-json\/wp\/v2\/types\/product"}],"replies":[{"embeddable":true,"href":"https:\/\/www.lechaocandy.com\/es\/wp-json\/wp\/v2\/comments?post=1718"}],"wp:featuredmedia":[{"embeddable":true,"href":"https:\/\/www.lechaocandy.com\/es\/wp-json\/wp\/v2\/media\/1723"}],"wp:attachment":[{"href":"https:\/\/www.lechaocandy.com\/es\/wp-json\/wp\/v2\/media?parent=1718"}],"wp:term":[{"taxonomy":"product_brand","embeddable":true,"href":"https:\/\/www.lechaocandy.com\/es\/wp-json\/wp\/v2\/product_brand?post=1718"},{"taxonomy":"product_cat","embeddable":true,"href":"https:\/\/www.lechaocandy.com\/es\/wp-json\/wp\/v2\/product_cat?post=1718"},{"taxonomy":"product_tag","embeddable":true,"href":"https:\/\/www.lechaocandy.com\/es\/wp-json\/wp\/v2\/product_tag?post=1718"}],"curies":[{"name":"wp","href":"https:\/\/api.w.org\/{rel}","templated":true}]}}