{"id":1724,"date":"2025-09-02T08:46:19","date_gmt":"2025-09-02T08:46:19","guid":{"rendered":"https:\/\/www.lechaocandy.com\/?post_type=product&#038;p=1724"},"modified":"2025-09-02T09:01:56","modified_gmt":"2025-09-02T09:01:56","slug":"custom-shaped-gummies","status":"publish","type":"product","link":"https:\/\/www.lechaocandy.com\/es\/producto\/custom-shaped-gummies\/","title":{"rendered":"Gominolas con forma personalizada al por mayor, magdalenas de gominola 3D a granel"},"content":{"rendered":"<div class=\"wp-block-columns is-layout-flex wp-container-core-columns-is-layout-9d6595d7 wp-block-columns-is-layout-flex\"><div class=\"wp-block-column is-layout-flow wp-block-column-is-layout-flow\"><h2 class=\"wp-block-heading\">Aspectos destacados de los caramelos de goma personalizados<\/h2>\n\n<ul class=\"wp-block-list\"><li><strong>Dise\u00f1os de tartas tridimensionales para un mayor atractivo visual: <\/strong>Nuestras gominolas con formas personalizadas en 3D ofrecen un aspecto refinado y realista, que rompe con los dise\u00f1os tradicionales de caramelos de goma planos. Son m\u00e1s interesantes y atractivas, y captan f\u00e1cilmente la atenci\u00f3n de los consumidores.<\/li>\n\n<li><strong>Los colores vivos a\u00f1aden un toque festivo: <\/strong>Ofrecemos una variedad de colores vibrantes para nuestras magdalenas de gominola 3D a granel, perfectas para celebraciones, fiestas y regalos.<\/li>\n\n<li><strong>Textura alegre y sabores personalizables: <\/strong>Elaboradas con ingredientes de alta calidad, estas gominolas con formas personalizadas son suaves, masticables y dulces sin ser empalagosas. Tambi\u00e9n ofrecemos una variedad de sabores de frutas personalizados, lo que permite a los clientes crear una experiencia de sabor que mejor se adapte a sus preferencias.<\/li>\n\n<li><strong>Personalizaci\u00f3n OEM\/ODM de gama completa:<\/strong> Nuestros caramelos de goma 3D a granel se pueden personalizar no s\u00f3lo en forma y sabor, sino tambi\u00e9n en envases a medida, lo que ayuda a las marcas a diferenciar sus productos y mejorar su competitividad en el mercado.<\/li>\n\n<li><strong>Venta directa de f\u00e1brica, canales de amplia aplicaci\u00f3n: <\/strong>Nuestras gominolas con formas personalizadas directas de f\u00e1brica ofrecen una calidad constante y precios competitivos, adecuados para una gran variedad de escenarios de venta, lo que ayuda a los clientes a expandirse en diversos mercados.<\/li><\/ul><\/div>\n\n<div class=\"wp-block-column is-layout-flow wp-block-column-is-layout-flow\"><figure class=\"wp-block-image size-full\"><img decoding=\"async\" width=\"800\" height=\"800\" src=\"https:\/\/www.lechaocandy.com\/wp-content\/uploads\/2025\/09\/Custom-Shaped-Gummies-Wholesale-3D-Gummy-Cupcakes-Bulk-1.webp\" alt=\"Gominolas con forma personalizada al por mayor, magdalenas de gominola 3D a granel-1\" class=\"wp-image-1725\" srcset=\"https:\/\/www.lechaocandy.com\/wp-content\/uploads\/2025\/09\/Custom-Shaped-Gummies-Wholesale-3D-Gummy-Cupcakes-Bulk-1.webp 800w, https:\/\/www.lechaocandy.com\/wp-content\/uploads\/2025\/09\/Custom-Shaped-Gummies-Wholesale-3D-Gummy-Cupcakes-Bulk-1-300x300.webp 300w, https:\/\/www.lechaocandy.com\/wp-content\/uploads\/2025\/09\/Custom-Shaped-Gummies-Wholesale-3D-Gummy-Cupcakes-Bulk-1-150x150.webp 150w, https:\/\/www.lechaocandy.com\/wp-content\/uploads\/2025\/09\/Custom-Shaped-Gummies-Wholesale-3D-Gummy-Cupcakes-Bulk-1-768x768.webp 768w, https:\/\/www.lechaocandy.com\/wp-content\/uploads\/2025\/09\/Custom-Shaped-Gummies-Wholesale-3D-Gummy-Cupcakes-Bulk-1-12x12.webp 12w, https:\/\/www.lechaocandy.com\/wp-content\/uploads\/2025\/09\/Custom-Shaped-Gummies-Wholesale-3D-Gummy-Cupcakes-Bulk-1-600x600.webp 600w, https:\/\/www.lechaocandy.com\/wp-content\/uploads\/2025\/09\/Custom-Shaped-Gummies-Wholesale-3D-Gummy-Cupcakes-Bulk-1-100x100.webp 100w\" sizes=\"(max-width: 800px) 100vw, 800px\" \/><\/figure><\/div><\/div>","protected":false},"excerpt":{"rendered":"<p>Bienvenido a encargar gominolas con formas personalizadas. Nuestras magdalenas de gominola 3D a granel son adorables y realistas, con una paleta de colores vibrantes y una textura suave y masticable que resulta divertida y deliciosa. Ofrecemos servicio personalizado de formas, sabores y envases, directo de f\u00e1brica y a precios asequibles.<\/p>\n<table style=\"border-collapse: collapse; width: 300.02pt;\" border=\"0\" width=\"300\" cellspacing=\"0\" cellpadding=\"0\">\n<tbody>\n<tr style=\"height: 17.60pt;\">\n<td class=\"et2\" style=\"height: 17.60pt; width: 110.80pt;\" width=\"110\" height=\"17\">Fabricante<\/td>\n<td class=\"et2\" style=\"width: 189.95pt;\" width=\"189\">Caramelos LeChao<\/td>\n<\/tr>\n<tr style=\"height: 18.00pt;\">\n<td class=\"et2\" style=\"height: 18.00pt;\" height=\"18\">Tipo de producto<\/td>\n<td class=\"et3\" style=\"width: 189.95pt;\" width=\"189\">Magdalenas de gominola en 3D<\/td>\n<\/tr>\n<tr style=\"height: 18.00pt;\">\n<td class=\"et2\" style=\"height: 18.00pt;\" height=\"18\">Pruebe<\/td>\n<td class=\"et3\" style=\"width: 189.95pt;\" width=\"189\">Agridulce y resistente<\/td>\n<\/tr>\n<tr style=\"height: 17.60pt;\">\n<td class=\"et2\" style=\"height: 17.60pt;\" height=\"17\">Especificaci\u00f3n<\/td>\n<td class=\"et2\">20gx24pcsx12cajas<\/td>\n<\/tr>\n<tr style=\"height: 17.60pt;\">\n<td class=\"et2\" style=\"height: 17.60pt;\" height=\"17\">Tama\u00f1o de la caja<\/td>\n<td class=\"et2\">45*29*25cm<\/td>\n<\/tr>\n<tr style=\"height: 17.60pt;\">\n<td class=\"et2\" style=\"height: 17.60pt;\" height=\"17\">N.W.\/Cart\u00f3n<\/td>\n<td class=\"et2\">8.0kg<\/td>\n<\/tr>\n<tr style=\"height: 17.60pt;\">\n<td class=\"et2\" style=\"height: 17.60pt;\" height=\"17\">Precio<\/td>\n<td class=\"et2\">23,5USD<\/td>\n<\/tr>\n<tr style=\"height: 17.60pt;\">\n<td class=\"et2\" style=\"height: 17.60pt;\" height=\"17\">MOQ<\/td>\n<td class=\"et2\">500CTNS<\/td>\n<\/tr>\n<tr style=\"height: 17.60pt;\">\n<td class=\"et2\" style=\"height: 17.60pt;\" height=\"17\">Muestra<\/td>\n<td class=\"et2\">Disponible<\/td>\n<\/tr>\n<\/tbody>\n<\/table>\n<p>&nbsp;<\/p>","protected":false},"featured_media":1728,"comment_status":"open","ping_status":"closed","template":"","meta":{"_acf_changed":false},"product_brand":[],"product_cat":[19,24],"product_tag":[],"class_list":{"0":"post-1724","1":"product","2":"type-product","3":"status-publish","4":"has-post-thumbnail","6":"product_cat-wholesale-gummy-manufacturer","7":"product_cat-3d-gummy-candy-manufacturer","9":"first","10":"instock","11":"shipping-taxable","12":"product-type-simple"},"acf":[],"_links":{"self":[{"href":"https:\/\/www.lechaocandy.com\/es\/wp-json\/wp\/v2\/product\/1724","targetHints":{"allow":["GET"]}}],"collection":[{"href":"https:\/\/www.lechaocandy.com\/es\/wp-json\/wp\/v2\/product"}],"about":[{"href":"https:\/\/www.lechaocandy.com\/es\/wp-json\/wp\/v2\/types\/product"}],"replies":[{"embeddable":true,"href":"https:\/\/www.lechaocandy.com\/es\/wp-json\/wp\/v2\/comments?post=1724"}],"wp:featuredmedia":[{"embeddable":true,"href":"https:\/\/www.lechaocandy.com\/es\/wp-json\/wp\/v2\/media\/1728"}],"wp:attachment":[{"href":"https:\/\/www.lechaocandy.com\/es\/wp-json\/wp\/v2\/media?parent=1724"}],"wp:term":[{"taxonomy":"product_brand","embeddable":true,"href":"https:\/\/www.lechaocandy.com\/es\/wp-json\/wp\/v2\/product_brand?post=1724"},{"taxonomy":"product_cat","embeddable":true,"href":"https:\/\/www.lechaocandy.com\/es\/wp-json\/wp\/v2\/product_cat?post=1724"},{"taxonomy":"product_tag","embeddable":true,"href":"https:\/\/www.lechaocandy.com\/es\/wp-json\/wp\/v2\/product_tag?post=1724"}],"curies":[{"name":"wp","href":"https:\/\/api.w.org\/{rel}","templated":true}]}}