{"id":1731,"date":"2025-09-02T09:02:23","date_gmt":"2025-09-02T09:02:23","guid":{"rendered":"https:\/\/www.lechaocandy.com\/?post_type=product&#038;p=1731"},"modified":"2025-09-02T09:18:00","modified_gmt":"2025-09-02T09:18:00","slug":"bulk-gummy-mice","status":"publish","type":"product","link":"https:\/\/www.lechaocandy.com\/es\/producto\/bulk-gummy-mice\/","title":{"rendered":"LeChao Ratones de Gominola a Granel, Caramelos de Gominola con Forma Divertida al por Mayor"},"content":{"rendered":"<div class=\"wp-block-columns is-layout-flex wp-container-core-columns-is-layout-9d6595d7 wp-block-columns-is-layout-flex\"><div class=\"wp-block-column is-layout-flow wp-block-column-is-layout-flow\"><h2 class=\"wp-block-heading\">Caracter\u00edsticas principales de los ratones de goma a granel<\/h2>\n\n<ul class=\"wp-block-list\"><li><strong>El dise\u00f1o creativo potencia la diferenciaci\u00f3n del producto:<\/strong> Nuestros ratones de gominola a granel presentan un aspecto novedoso y juguet\u00f3n que los distingue de otros productos similares y atrae a los consumidores.<\/li>\n\n<li><strong>Colorido y llamativo:<\/strong> El dise\u00f1o multicolor de estos caramelos de goma al por mayor hace que destaquen en el estante, atrayendo la atenci\u00f3n de los ni\u00f1os.<\/li>\n\n<li><strong>Suave y masticable, con un rico dulzor: <\/strong>Estos ratones de goma a granel tienen una textura delicada y masticable y una textura suave y blanda, lo que proporciona una agradable experiencia de masticaci\u00f3n. Su sabor afrutado los hace aptos para consumidores de todas las edades.<\/li>\n\n<li><strong>Directo de f\u00e1brica, precios competitivos al por mayor:<\/strong> Nuestros caramelos de goma al por mayor se producen en la propia f\u00e1brica de LeChao, lo que garantiza la calidad y un suministro estable. Las compras al por mayor ofrecen precios asequibles, ayudando a los clientes a aumentar sus m\u00e1rgenes de beneficio.<\/li>\n\n<li><strong>Ayuda a la expansi\u00f3n del canal: <\/strong>Nuestros ratones de gominola a granel no s\u00f3lo son adecuados para la venta en tiendas minoristas y supermercados, sino tambi\u00e9n para cajas de regalo navide\u00f1as, caramelos para fiestas, combinaciones mixtas y regalos promocionales, con un enorme potencial de ventas multicanal.<\/li><\/ul><\/div>\n\n<div class=\"wp-block-column is-layout-flow wp-block-column-is-layout-flow\"><figure class=\"wp-block-image size-full\"><img decoding=\"async\" width=\"800\" height=\"800\" src=\"https:\/\/www.lechaocandy.com\/wp-content\/uploads\/2025\/09\/LeChao-Bulk-Gummy-Mice-Fun-Shape-Gummy-Sweets-Wholesale-3.webp\" alt=\"LeChao Bulk Gummy Mice, Caramelos de goma con forma divertida al por mayor-3\" class=\"wp-image-1734\" srcset=\"https:\/\/www.lechaocandy.com\/wp-content\/uploads\/2025\/09\/LeChao-Bulk-Gummy-Mice-Fun-Shape-Gummy-Sweets-Wholesale-3.webp 800w, https:\/\/www.lechaocandy.com\/wp-content\/uploads\/2025\/09\/LeChao-Bulk-Gummy-Mice-Fun-Shape-Gummy-Sweets-Wholesale-3-300x300.webp 300w, https:\/\/www.lechaocandy.com\/wp-content\/uploads\/2025\/09\/LeChao-Bulk-Gummy-Mice-Fun-Shape-Gummy-Sweets-Wholesale-3-150x150.webp 150w, https:\/\/www.lechaocandy.com\/wp-content\/uploads\/2025\/09\/LeChao-Bulk-Gummy-Mice-Fun-Shape-Gummy-Sweets-Wholesale-3-768x768.webp 768w, https:\/\/www.lechaocandy.com\/wp-content\/uploads\/2025\/09\/LeChao-Bulk-Gummy-Mice-Fun-Shape-Gummy-Sweets-Wholesale-3-12x12.webp 12w, https:\/\/www.lechaocandy.com\/wp-content\/uploads\/2025\/09\/LeChao-Bulk-Gummy-Mice-Fun-Shape-Gummy-Sweets-Wholesale-3-600x600.webp 600w, https:\/\/www.lechaocandy.com\/wp-content\/uploads\/2025\/09\/LeChao-Bulk-Gummy-Mice-Fun-Shape-Gummy-Sweets-Wholesale-3-100x100.webp 100w\" sizes=\"(max-width: 800px) 100vw, 800px\" \/><\/figure><\/div><\/div>","protected":false},"excerpt":{"rendered":"<p>Bienvenido a pedir caramelos de goma al por mayor. Los ratones de gominola al por mayor de LeChao est\u00e1n llenos de diversi\u00f3n y creatividad, con dise\u00f1os realistas. Su textura blanda y masticable y su aroma dulce y afrutado crean una deliciosa experiencia para picar.<\/p>\n<table style=\"border-collapse: collapse; width: 300.02pt;\" border=\"0\" width=\"300\" cellspacing=\"0\" cellpadding=\"0\">\n<tbody>\n<tr style=\"height: 17.60pt;\">\n<td class=\"et2\" style=\"height: 17.60pt; width: 110.80pt;\" width=\"110\" height=\"17\">Fabricante<\/td>\n<td class=\"et2\" style=\"width: 189.95pt;\" width=\"189\">Caramelos LeChao<\/td>\n<\/tr>\n<tr style=\"height: 18.00pt;\">\n<td class=\"et2\" style=\"height: 18.00pt;\" height=\"18\">Tipo de producto<\/td>\n<td class=\"et3\" style=\"width: 189.95pt;\" width=\"189\">Caramelos de goma Rat\u00f3n<\/td>\n<\/tr>\n<tr style=\"height: 18.00pt;\">\n<td class=\"et2\" style=\"height: 18.00pt;\" height=\"18\">Pruebe<\/td>\n<td class=\"et3\" style=\"width: 189.95pt;\" width=\"189\">Agridulce y resistente<\/td>\n<\/tr>\n<tr style=\"height: 17.60pt;\">\n<td class=\"et2\" style=\"height: 17.60pt;\" height=\"17\">Especificaci\u00f3n<\/td>\n<td class=\"et2\">120gx48bolsas<\/td>\n<\/tr>\n<tr style=\"height: 17.60pt;\">\n<td class=\"et2\" style=\"height: 17.60pt;\" height=\"17\">Tama\u00f1o de la caja<\/td>\n<td class=\"et2\">39*26*24cm<\/td>\n<\/tr>\n<tr style=\"height: 17.60pt;\">\n<td class=\"et2\" style=\"height: 17.60pt;\" height=\"17\">N.W.\/Cart\u00f3n<\/td>\n<td class=\"et2\">7,5 kg<\/td>\n<\/tr>\n<tr style=\"height: 17.60pt;\">\n<td class=\"et2\" style=\"height: 17.60pt;\" height=\"17\">Precio<\/td>\n<td class=\"et2\">24USD<\/td>\n<\/tr>\n<tr style=\"height: 17.60pt;\">\n<td class=\"et2\" style=\"height: 17.60pt;\" height=\"17\">MOQ<\/td>\n<td class=\"et2\">500CTNS<\/td>\n<\/tr>\n<tr style=\"height: 17.60pt;\">\n<td class=\"et2\" style=\"height: 17.60pt;\" height=\"17\">Muestra<\/td>\n<td class=\"et2\">Disponible<\/td>\n<\/tr>\n<\/tbody>\n<\/table>\n<p>&nbsp;<\/p>","protected":false},"featured_media":1732,"comment_status":"open","ping_status":"closed","template":"","meta":{"_acf_changed":false},"product_brand":[],"product_cat":[19],"product_tag":[],"class_list":{"0":"post-1731","1":"product","2":"type-product","3":"status-publish","4":"has-post-thumbnail","6":"product_cat-wholesale-gummy-manufacturer","8":"first","9":"instock","10":"shipping-taxable","11":"product-type-simple"},"acf":[],"_links":{"self":[{"href":"https:\/\/www.lechaocandy.com\/es\/wp-json\/wp\/v2\/product\/1731","targetHints":{"allow":["GET"]}}],"collection":[{"href":"https:\/\/www.lechaocandy.com\/es\/wp-json\/wp\/v2\/product"}],"about":[{"href":"https:\/\/www.lechaocandy.com\/es\/wp-json\/wp\/v2\/types\/product"}],"replies":[{"embeddable":true,"href":"https:\/\/www.lechaocandy.com\/es\/wp-json\/wp\/v2\/comments?post=1731"}],"wp:featuredmedia":[{"embeddable":true,"href":"https:\/\/www.lechaocandy.com\/es\/wp-json\/wp\/v2\/media\/1732"}],"wp:attachment":[{"href":"https:\/\/www.lechaocandy.com\/es\/wp-json\/wp\/v2\/media?parent=1731"}],"wp:term":[{"taxonomy":"product_brand","embeddable":true,"href":"https:\/\/www.lechaocandy.com\/es\/wp-json\/wp\/v2\/product_brand?post=1731"},{"taxonomy":"product_cat","embeddable":true,"href":"https:\/\/www.lechaocandy.com\/es\/wp-json\/wp\/v2\/product_cat?post=1731"},{"taxonomy":"product_tag","embeddable":true,"href":"https:\/\/www.lechaocandy.com\/es\/wp-json\/wp\/v2\/product_tag?post=1731"}],"curies":[{"name":"wp","href":"https:\/\/api.w.org\/{rel}","templated":true}]}}