{"id":1780,"date":"2025-09-09T02:43:30","date_gmt":"2025-09-09T02:43:30","guid":{"rendered":"https:\/\/www.lechaocandy.com\/?post_type=product&#038;p=1780"},"modified":"2025-09-09T04:01:12","modified_gmt":"2025-09-09T04:01:12","slug":"wholesale-soft-candy","status":"publish","type":"product","link":"https:\/\/www.lechaocandy.com\/es\/producto\/wholesale-soft-candy\/","title":{"rendered":"Caramelos blandos al por mayor de f\u00e1brica, Caramelos de goma a granel LeChao"},"content":{"rendered":"<div class=\"wp-block-columns is-layout-flex wp-container-core-columns-is-layout-9d6595d7 wp-block-columns-is-layout-flex\"><div class=\"wp-block-column is-layout-flow wp-block-column-is-layout-flow\"><h2 class=\"wp-block-heading\">Productos destacados de Caramelos blandos al por mayor<\/h2>\n\n<ul class=\"wp-block-list\"><li><strong>Dise\u00f1os creativos de carne: <\/strong>Nuestros caramelos blandos al por mayor presentan alegres dise\u00f1os de carne que rompen la monoton\u00eda de los caramelos tradicionales y captan la atenci\u00f3n de los consumidores, por lo que son especialmente adecuados para j\u00f3venes y ni\u00f1os.<\/li>\n\n<li><strong>Textura suave: <\/strong>Estas caramelos de goma a granel ofrecen una textura suave y delicada con una masticabilidad satisfactoria, satisfaciendo el antojo de los consumidores de caramelos de goma y proporcionando una experiencia gastron\u00f3mica definitiva.<\/li>\n\n<li><strong>Rico sabor afrutado: <\/strong>Estos caramelos blandos al por mayor est\u00e1n enriquecidos con sabores de frutas naturales, elaborados con ingredientes de alta calidad para garantizar un sabor aut\u00e9ntico y rico.<\/li>\n\n<li><strong>Venta al por mayor: <\/strong>Nuestras gominolas a granel se dirigen a minoristas, mayoristas y organizadores de eventos, satisfaciendo las necesidades de una amplia gama de mercados.<\/li>\n\n<li><strong>Adecuado para diversas ocasiones: <\/strong>Ya se trate de una reuni\u00f3n familiar, una fiesta de cumplea\u00f1os o una ocasi\u00f3n festiva, estos caramelos blandos al por mayor son un alegre complemento para cualquier ocasi\u00f3n y son el tentempi\u00e9 perfecto.<\/li><\/ul><\/div>\n\n<div class=\"wp-block-column is-layout-flow wp-block-column-is-layout-flow\"><figure class=\"wp-block-image size-full\"><img decoding=\"async\" width=\"750\" height=\"800\" src=\"https:\/\/www.lechaocandy.com\/wp-content\/uploads\/2025\/09\/Factory-Wholesale-Soft-Candy-LeChao-Bulk-Gummy-Meat-1.webp\" alt=\"Caramelos blandos al por mayor de f\u00e1brica, Caramelos de goma a granel LeChao-1\" class=\"wp-image-1787\" srcset=\"https:\/\/www.lechaocandy.com\/wp-content\/uploads\/2025\/09\/Factory-Wholesale-Soft-Candy-LeChao-Bulk-Gummy-Meat-1.webp 750w, https:\/\/www.lechaocandy.com\/wp-content\/uploads\/2025\/09\/Factory-Wholesale-Soft-Candy-LeChao-Bulk-Gummy-Meat-1-281x300.webp 281w, https:\/\/www.lechaocandy.com\/wp-content\/uploads\/2025\/09\/Factory-Wholesale-Soft-Candy-LeChao-Bulk-Gummy-Meat-1-11x12.webp 11w, https:\/\/www.lechaocandy.com\/wp-content\/uploads\/2025\/09\/Factory-Wholesale-Soft-Candy-LeChao-Bulk-Gummy-Meat-1-600x640.webp 600w\" sizes=\"(max-width: 750px) 100vw, 750px\" \/><\/figure><\/div><\/div>","protected":false},"excerpt":{"rendered":"<p>Bienvenido a comprar caramelos blandos al por mayor. Las gominolas al por mayor de LeChao ofrecen una textura suave y un vibrante sabor afrutado. Cada caramelo se elabora meticulosamente y se dise\u00f1a de forma creativa para adaptarse a una variedad de necesidades minoristas y mayoristas.<\/p>\n<table style=\"border-collapse: collapse; width: 300.02pt;\" border=\"0\" width=\"300\" cellspacing=\"0\" cellpadding=\"0\">\n<tbody>\n<tr style=\"height: 17.60pt;\">\n<td class=\"et2\" style=\"height: 17.60pt; width: 110.80pt;\" width=\"110\" height=\"17\">Fabricante<\/td>\n<td class=\"et2\" style=\"width: 189.95pt;\" width=\"189\">Caramelos LeChao<\/td>\n<\/tr>\n<tr style=\"height: 18.00pt;\">\n<td class=\"et2\" style=\"height: 18.00pt;\" height=\"18\">Tipo de producto<\/td>\n<td class=\"et3\" style=\"width: 189.95pt;\" width=\"189\">Caramelos de goma Pork Belly<\/td>\n<\/tr>\n<tr style=\"height: 18.00pt;\">\n<td class=\"et2\" style=\"height: 18.00pt;\" height=\"18\">Pruebe<\/td>\n<td class=\"et3\" style=\"width: 189.95pt;\" width=\"189\">Agridulce y resistente<\/td>\n<\/tr>\n<tr style=\"height: 17.60pt;\">\n<td class=\"et2\" style=\"height: 17.60pt;\" height=\"17\">Especificaci\u00f3n<\/td>\n<td class=\"et2\">20gx20unidadesx12cajas<\/td>\n<\/tr>\n<tr style=\"height: 17.60pt;\">\n<td class=\"et2\" style=\"height: 17.60pt;\" height=\"17\">Tama\u00f1o de la caja<\/td>\n<td class=\"et2\">46*27*25cm<\/td>\n<\/tr>\n<tr style=\"height: 17.60pt;\">\n<td class=\"et2\" style=\"height: 17.60pt;\" height=\"17\">N.W.\/Cart\u00f3n<\/td>\n<td class=\"et2\">7.0kg<\/td>\n<\/tr>\n<tr style=\"height: 17.60pt;\">\n<td class=\"et2\" style=\"height: 17.60pt;\" height=\"17\">Precio<\/td>\n<td class=\"et2\">28,8USD<\/td>\n<\/tr>\n<tr style=\"height: 17.60pt;\">\n<td class=\"et2\" style=\"height: 17.60pt;\" height=\"17\">MOQ<\/td>\n<td class=\"et2\">500CTNS<\/td>\n<\/tr>\n<tr style=\"height: 17.60pt;\">\n<td class=\"et2\" style=\"height: 17.60pt;\" height=\"17\">Muestra<\/td>\n<td class=\"et2\">Disponible<\/td>\n<\/tr>\n<\/tbody>\n<\/table>","protected":false},"featured_media":1789,"comment_status":"open","ping_status":"closed","template":"","meta":{"_acf_changed":false},"product_brand":[],"product_cat":[19],"product_tag":[],"class_list":{"0":"post-1780","1":"product","2":"type-product","3":"status-publish","4":"has-post-thumbnail","6":"product_cat-wholesale-gummy-manufacturer","8":"first","9":"instock","10":"shipping-taxable","11":"product-type-simple"},"acf":[],"_links":{"self":[{"href":"https:\/\/www.lechaocandy.com\/es\/wp-json\/wp\/v2\/product\/1780","targetHints":{"allow":["GET"]}}],"collection":[{"href":"https:\/\/www.lechaocandy.com\/es\/wp-json\/wp\/v2\/product"}],"about":[{"href":"https:\/\/www.lechaocandy.com\/es\/wp-json\/wp\/v2\/types\/product"}],"replies":[{"embeddable":true,"href":"https:\/\/www.lechaocandy.com\/es\/wp-json\/wp\/v2\/comments?post=1780"}],"wp:featuredmedia":[{"embeddable":true,"href":"https:\/\/www.lechaocandy.com\/es\/wp-json\/wp\/v2\/media\/1789"}],"wp:attachment":[{"href":"https:\/\/www.lechaocandy.com\/es\/wp-json\/wp\/v2\/media?parent=1780"}],"wp:term":[{"taxonomy":"product_brand","embeddable":true,"href":"https:\/\/www.lechaocandy.com\/es\/wp-json\/wp\/v2\/product_brand?post=1780"},{"taxonomy":"product_cat","embeddable":true,"href":"https:\/\/www.lechaocandy.com\/es\/wp-json\/wp\/v2\/product_cat?post=1780"},{"taxonomy":"product_tag","embeddable":true,"href":"https:\/\/www.lechaocandy.com\/es\/wp-json\/wp\/v2\/product_tag?post=1780"}],"curies":[{"name":"wp","href":"https:\/\/api.w.org\/{rel}","templated":true}]}}