{"id":1855,"date":"2025-09-22T08:59:44","date_gmt":"2025-09-22T08:59:44","guid":{"rendered":"https:\/\/www.lechaocandy.com\/?post_type=product&#038;p=1855"},"modified":"2026-04-09T02:22:23","modified_gmt":"2026-04-09T02:22:23","slug":"halloween-gummies-bulk","status":"publish","type":"product","link":"https:\/\/www.lechaocandy.com\/es\/producto\/halloween-gummies-bulk\/","title":{"rendered":"LeChao Gominolas de Halloween a Granel, Gominolas al por mayor"},"content":{"rendered":"<div class=\"wp-block-columns is-layout-flex wp-container-core-columns-is-layout-9d6595d7 wp-block-columns-is-layout-flex\"><div class=\"wp-block-column is-layout-flow wp-block-column-is-layout-flow\"><h2 class=\"wp-block-heading\">Productos destacados de Halloween Gummies Bulk<\/h2>\n\n<ul class=\"wp-block-list\"><li><strong>Dise\u00f1o con tem\u00e1tica de terror: <\/strong>Estas gominolas de Halloween a granel reproducen fielmente los detalles de las partes del cuerpo humano (orejas, dedos, cerebro y dientes), creando una experiencia creativa y emocionante que mejorar\u00e1 el ambiente y crear\u00e1 expectaci\u00f3n en las fiestas de Halloween.<\/li>\n\n<li><strong>Sabor a fruta natural y f\u00f3rmula segura: <\/strong>Nuestros caramelos de goma al por mayor est\u00e1n aromatizados con zumo de fruta natural, no contienen grasas trans artificiales y no contienen conservantes. Est\u00e1n certificados como seguros para los alimentos, lo que garantiza que los padres pueden comprar con confianza.<\/li>\n\n<li><strong>Envasado a granel y optimizaci\u00f3n de costes: <\/strong>Ofrecemos opciones de envasado industrial de 500 g\/1 kg y envasado personalizado para las fiestas para nuestras gominolas de Halloween a granel, lo que reduce significativamente el coste por pieza y las hace ideales para clientes mayoristas y promociones navide\u00f1as.<\/li>\n\n<li><strong>Sabor masticable \u00fanico: <\/strong>Estos caramelos de goma al por mayor son flexibles y masticables, con un sabor agridulce de larga duraci\u00f3n, lo que aumenta el placer y aumenta las compras repetidas.<\/li>\n\n<li><strong>Aplicabilidad en m\u00faltiples escenarios: <\/strong>Estas gominolas de Halloween a granel son muy adecuadas para regalos de fiestas de Halloween, actividades tem\u00e1ticas de terror en escuelas, tiendas de aperitivos en parques tem\u00e1ticos, paquetes de pel\u00edculas de terror en cines y promociones navide\u00f1as.<\/li><\/ul><\/div>\n\n<div class=\"wp-block-column is-layout-flow wp-block-column-is-layout-flow\"><figure class=\"wp-block-image size-full\"><img decoding=\"async\" width=\"800\" height=\"800\" src=\"https:\/\/www.lechaocandy.com\/wp-content\/uploads\/2025\/09\/LeChao-Halloween-Gummies-Bulk-Wholesale-Gummy-Body-Parts-3.webp\" alt=\"LeChao Halloween Gummies Granel, Mayorista Gummy Body Parts-3\" class=\"wp-image-1858\" srcset=\"https:\/\/www.lechaocandy.com\/wp-content\/uploads\/2025\/09\/LeChao-Halloween-Gummies-Bulk-Wholesale-Gummy-Body-Parts-3.webp 800w, https:\/\/www.lechaocandy.com\/wp-content\/uploads\/2025\/09\/LeChao-Halloween-Gummies-Bulk-Wholesale-Gummy-Body-Parts-3-300x300.webp 300w, https:\/\/www.lechaocandy.com\/wp-content\/uploads\/2025\/09\/LeChao-Halloween-Gummies-Bulk-Wholesale-Gummy-Body-Parts-3-150x150.webp 150w, https:\/\/www.lechaocandy.com\/wp-content\/uploads\/2025\/09\/LeChao-Halloween-Gummies-Bulk-Wholesale-Gummy-Body-Parts-3-768x768.webp 768w, https:\/\/www.lechaocandy.com\/wp-content\/uploads\/2025\/09\/LeChao-Halloween-Gummies-Bulk-Wholesale-Gummy-Body-Parts-3-12x12.webp 12w, https:\/\/www.lechaocandy.com\/wp-content\/uploads\/2025\/09\/LeChao-Halloween-Gummies-Bulk-Wholesale-Gummy-Body-Parts-3-600x600.webp 600w, https:\/\/www.lechaocandy.com\/wp-content\/uploads\/2025\/09\/LeChao-Halloween-Gummies-Bulk-Wholesale-Gummy-Body-Parts-3-100x100.webp 100w\" sizes=\"(max-width: 800px) 100vw, 800px\" \/><\/figure><\/div><\/div>","protected":false},"excerpt":{"rendered":"<p>Bienvenido a pedir caramelos de goma al por mayor. Las gominolas de Halloween al por mayor de LeChao cuentan con partes del cuerpo humano realistas (orejas, dedos, cerebro y dientes), perfectas para fiestas de Halloween, eventos tem\u00e1ticos de terror y aperitivos creativos.<\/p>\n<table style=\"border-collapse: collapse; width: 300.02pt;\" border=\"0\" width=\"300\" cellspacing=\"0\" cellpadding=\"0\">\n<tbody>\n<tr style=\"height: 17.60pt;\">\n<td class=\"et2\" style=\"height: 17.60pt; width: 110.80pt;\" width=\"110\" height=\"17\">Fabricante<\/td>\n<td class=\"et2\" style=\"width: 189.95pt;\" width=\"189\">Caramelos LeChao<\/td>\n<\/tr>\n<tr style=\"height: 18.00pt;\">\n<td class=\"et2\" style=\"height: 18.00pt;\" height=\"18\">Tipo de producto<\/td>\n<td class=\"et3\" style=\"width: 189.95pt;\" width=\"189\">Caramelos de goma Body Part<\/td>\n<\/tr>\n<tr style=\"height: 18.00pt;\">\n<td class=\"et2\" style=\"height: 18.00pt;\" height=\"18\">Pruebe<\/td>\n<td class=\"et3\" style=\"width: 189.95pt;\" width=\"189\">Agridulce y resistente<\/td>\n<\/tr>\n<tr style=\"height: 17.60pt;\">\n<td class=\"et2\" style=\"height: 17.60pt;\" height=\"17\">Especificaci\u00f3n<\/td>\n<td class=\"et2\">25gx12csx20cajas<\/td>\n<\/tr>\n<tr style=\"height: 17.60pt;\">\n<td class=\"et2\" style=\"height: 17.60pt;\" height=\"17\">Tama\u00f1o de la caja<\/td>\n<td class=\"et2\">53*26*32cm<\/td>\n<\/tr>\n<tr style=\"height: 17.60pt;\">\n<td class=\"et2\" style=\"height: 17.60pt;\" height=\"17\">N.W.\/Cart\u00f3n<\/td>\n<td class=\"et2\">8.0kg<\/td>\n<\/tr>\n<tr style=\"height: 17.60pt;\">\n<td class=\"et2\" style=\"height: 17.60pt;\" height=\"17\">Precio<\/td>\n<td class=\"et2\">28,8USD<\/td>\n<\/tr>\n<tr style=\"height: 17.60pt;\">\n<td class=\"et2\" style=\"height: 17.60pt;\" height=\"17\">MOQ<\/td>\n<td class=\"et2\">500CTNS<\/td>\n<\/tr>\n<tr style=\"height: 17.60pt;\">\n<td class=\"et2\" style=\"height: 17.60pt;\" height=\"17\">Muestra<\/td>\n<td class=\"et2\">Disponible<\/td>\n<\/tr>\n<\/tbody>\n<\/table>\n<p>&nbsp;<\/p>","protected":false},"featured_media":1863,"comment_status":"open","ping_status":"closed","template":"","meta":{"_acf_changed":false},"product_brand":[],"product_cat":[19],"product_tag":[41],"class_list":{"0":"post-1855","1":"product","2":"type-product","3":"status-publish","4":"has-post-thumbnail","6":"product_cat-wholesale-gummy-manufacturer","7":"product_tag-wholesale-halloween-gummies","9":"first","10":"instock","11":"shipping-taxable","12":"product-type-simple"},"acf":[],"_links":{"self":[{"href":"https:\/\/www.lechaocandy.com\/es\/wp-json\/wp\/v2\/product\/1855","targetHints":{"allow":["GET"]}}],"collection":[{"href":"https:\/\/www.lechaocandy.com\/es\/wp-json\/wp\/v2\/product"}],"about":[{"href":"https:\/\/www.lechaocandy.com\/es\/wp-json\/wp\/v2\/types\/product"}],"replies":[{"embeddable":true,"href":"https:\/\/www.lechaocandy.com\/es\/wp-json\/wp\/v2\/comments?post=1855"}],"wp:featuredmedia":[{"embeddable":true,"href":"https:\/\/www.lechaocandy.com\/es\/wp-json\/wp\/v2\/media\/1863"}],"wp:attachment":[{"href":"https:\/\/www.lechaocandy.com\/es\/wp-json\/wp\/v2\/media?parent=1855"}],"wp:term":[{"taxonomy":"product_brand","embeddable":true,"href":"https:\/\/www.lechaocandy.com\/es\/wp-json\/wp\/v2\/product_brand?post=1855"},{"taxonomy":"product_cat","embeddable":true,"href":"https:\/\/www.lechaocandy.com\/es\/wp-json\/wp\/v2\/product_cat?post=1855"},{"taxonomy":"product_tag","embeddable":true,"href":"https:\/\/www.lechaocandy.com\/es\/wp-json\/wp\/v2\/product_tag?post=1855"}],"curies":[{"name":"wp","href":"https:\/\/api.w.org\/{rel}","templated":true}]}}