{"id":1885,"date":"2025-09-30T07:53:55","date_gmt":"2025-09-30T07:53:55","guid":{"rendered":"https:\/\/www.lechaocandy.com\/?post_type=product&#038;p=1885"},"modified":"2025-09-30T08:43:22","modified_gmt":"2025-09-30T08:43:22","slug":"watch-gummy-candy-wholesale","status":"publish","type":"product","link":"https:\/\/www.lechaocandy.com\/es\/producto\/watch-gummy-candy-wholesale\/","title":{"rendered":"LeChao Watch Caramelos de goma al por mayor, Gominolas juguetonas a granel"},"content":{"rendered":"<div class=\"wp-block-columns is-layout-flex wp-container-core-columns-is-layout-9d6595d7 wp-block-columns-is-layout-flex\"><div class=\"wp-block-column is-layout-flow wp-block-column-is-layout-flow\"><h2 class=\"wp-block-heading\">Aspectos destacados del producto Watch Gummy Candy Wholesale<\/h2>\n\n<ul class=\"wp-block-list\"><li><strong>Dise\u00f1os divertidos, llamativos<\/strong> - Estos exclusivos y adorables caramelos de goma de reloj al por mayor son llamativos y captan al instante la atenci\u00f3n de los ni\u00f1os, inspir\u00e1ndoles a comprarlos y probarlos.<\/li>\n\n<li><strong>Ingredientes seguros, alimentos seguros<\/strong> - Nuestras gominolas a granel est\u00e1n elaboradas con ingredientes alimentarios conformes y tienen una textura suave y masticable, lo que garantiza que los padres puedan comprarlas con confianza y que sus hijos puedan disfrutarlas con tranquilidad.<\/li>\n\n<li><strong>Fiestas Compartidas, Social Perfect<\/strong> - Nuestro reloj de caramelos de goma al por mayor es perfecto para fiestas de cumplea\u00f1os, celebraciones navide\u00f1as, recompensas de clase y mucho m\u00e1s. El envase grande permite compartir f\u00e1cilmente, fomentando la interacci\u00f3n y la diversi\u00f3n.<\/li>\n\n<li><strong>Precios al por mayor, alto valor<\/strong> - Nuestras gominolas a granel ofrecen importantes ventajas de precio, lo que las hace adecuadas para tiendas de golosinas, supermercados, minoristas en l\u00ednea y otros canales, ofreciendo m\u00e1rgenes de beneficio sustanciales.<\/li>\n\n<li><strong>Delicioso y sano, rico en sabor<\/strong> - \u00a1Nuestro reloj de caramelos de goma al por mayor viene en varios sabores de frutas, deliciosamente dulce y amargo sin ning\u00fan l\u00edo pegajosa en los dientes, proporciona un delicioso regalo y la adici\u00f3n l\u00fadica a la merienda diaria!<\/li><\/ul><\/div>\n\n<div class=\"wp-block-column is-layout-flow wp-block-column-is-layout-flow\"><figure class=\"wp-block-image size-full\"><img decoding=\"async\" width=\"800\" height=\"800\" src=\"https:\/\/www.lechaocandy.com\/wp-content\/uploads\/2025\/09\/LeChao-Watch-Gummy-Candy-Wholesale-Playful-Gummies-Bulk-4.webp\" alt=\"LeChao Watch Caramelos de goma al por mayor, Gominolas juguetonas a granel-4\" class=\"wp-image-1889\" srcset=\"https:\/\/www.lechaocandy.com\/wp-content\/uploads\/2025\/09\/LeChao-Watch-Gummy-Candy-Wholesale-Playful-Gummies-Bulk-4.webp 800w, https:\/\/www.lechaocandy.com\/wp-content\/uploads\/2025\/09\/LeChao-Watch-Gummy-Candy-Wholesale-Playful-Gummies-Bulk-4-300x300.webp 300w, https:\/\/www.lechaocandy.com\/wp-content\/uploads\/2025\/09\/LeChao-Watch-Gummy-Candy-Wholesale-Playful-Gummies-Bulk-4-150x150.webp 150w, https:\/\/www.lechaocandy.com\/wp-content\/uploads\/2025\/09\/LeChao-Watch-Gummy-Candy-Wholesale-Playful-Gummies-Bulk-4-768x768.webp 768w, https:\/\/www.lechaocandy.com\/wp-content\/uploads\/2025\/09\/LeChao-Watch-Gummy-Candy-Wholesale-Playful-Gummies-Bulk-4-12x12.webp 12w, https:\/\/www.lechaocandy.com\/wp-content\/uploads\/2025\/09\/LeChao-Watch-Gummy-Candy-Wholesale-Playful-Gummies-Bulk-4-600x600.webp 600w, https:\/\/www.lechaocandy.com\/wp-content\/uploads\/2025\/09\/LeChao-Watch-Gummy-Candy-Wholesale-Playful-Gummies-Bulk-4-100x100.webp 100w\" sizes=\"(max-width: 800px) 100vw, 800px\" \/><\/figure><\/div><\/div>","protected":false},"excerpt":{"rendered":"<p>Bienvenido a comprar gominolas juguetonas al por mayor. LeChao masticable reloj caramelos de goma al por mayor es un caramelo creativo y divertido con colores vibrantes, apoyar la entrega r\u00e1pida.<\/p>\n<table style=\"border-collapse: collapse; width: 300.02pt;\" border=\"0\" width=\"300\" cellspacing=\"0\" cellpadding=\"0\">\n<tbody>\n<tr style=\"height: 17.60pt;\">\n<td class=\"et2\" style=\"height: 17.60pt; width: 110.80pt;\" width=\"110\" height=\"17\">Fabricante<\/td>\n<td class=\"et2\" style=\"width: 189.95pt;\" width=\"189\">Caramelos LeChao<\/td>\n<\/tr>\n<tr style=\"height: 18.00pt;\">\n<td class=\"et2\" style=\"height: 18.00pt;\" height=\"18\">Tipo de producto<\/td>\n<td class=\"et3\" style=\"width: 189.95pt;\" width=\"189\">Ver Caramelos de goma<\/td>\n<\/tr>\n<tr style=\"height: 18.00pt;\">\n<td class=\"et2\" style=\"height: 18.00pt;\" height=\"18\">Pruebe<\/td>\n<td class=\"et3\" style=\"width: 189.95pt;\" width=\"189\">Agridulce y resistente<\/td>\n<\/tr>\n<tr style=\"height: 17.60pt;\">\n<td class=\"et2\" style=\"height: 17.60pt;\" height=\"17\">Especificaci\u00f3n<\/td>\n<td class=\"et2\">20gx12pcsx24bpxes<\/td>\n<\/tr>\n<tr style=\"height: 17.60pt;\">\n<td class=\"et2\" style=\"height: 17.60pt;\" height=\"17\">Tama\u00f1o de la caja<\/td>\n<td class=\"et2\">46*29*31,5cm<\/td>\n<\/tr>\n<tr style=\"height: 17.60pt;\">\n<td class=\"et2\" style=\"height: 17.60pt;\" height=\"17\">N.W.\/Cart\u00f3n<\/td>\n<td class=\"et2\">9.0kg<\/td>\n<\/tr>\n<tr style=\"height: 17.60pt;\">\n<td class=\"et2\" style=\"height: 17.60pt;\" height=\"17\">Precio<\/td>\n<td class=\"et2\">19,6USD<\/td>\n<\/tr>\n<tr style=\"height: 17.60pt;\">\n<td class=\"et2\" style=\"height: 17.60pt;\" height=\"17\">MOQ<\/td>\n<td class=\"et2\">500CTNS<\/td>\n<\/tr>\n<tr style=\"height: 17.60pt;\">\n<td class=\"et2\" style=\"height: 17.60pt;\" height=\"17\">Muestra<\/td>\n<td class=\"et2\">Disponible<\/td>\n<\/tr>\n<\/tbody>\n<\/table>\n<p>&nbsp;<\/p>\n<p>&nbsp;<\/p>","protected":false},"featured_media":1888,"comment_status":"open","ping_status":"closed","template":"","meta":{"_acf_changed":false},"product_brand":[],"product_cat":[19],"product_tag":[],"class_list":{"0":"post-1885","1":"product","2":"type-product","3":"status-publish","4":"has-post-thumbnail","6":"product_cat-wholesale-gummy-manufacturer","8":"first","9":"instock","10":"shipping-taxable","11":"product-type-simple"},"acf":[],"_links":{"self":[{"href":"https:\/\/www.lechaocandy.com\/es\/wp-json\/wp\/v2\/product\/1885","targetHints":{"allow":["GET"]}}],"collection":[{"href":"https:\/\/www.lechaocandy.com\/es\/wp-json\/wp\/v2\/product"}],"about":[{"href":"https:\/\/www.lechaocandy.com\/es\/wp-json\/wp\/v2\/types\/product"}],"replies":[{"embeddable":true,"href":"https:\/\/www.lechaocandy.com\/es\/wp-json\/wp\/v2\/comments?post=1885"}],"wp:featuredmedia":[{"embeddable":true,"href":"https:\/\/www.lechaocandy.com\/es\/wp-json\/wp\/v2\/media\/1888"}],"wp:attachment":[{"href":"https:\/\/www.lechaocandy.com\/es\/wp-json\/wp\/v2\/media?parent=1885"}],"wp:term":[{"taxonomy":"product_brand","embeddable":true,"href":"https:\/\/www.lechaocandy.com\/es\/wp-json\/wp\/v2\/product_brand?post=1885"},{"taxonomy":"product_cat","embeddable":true,"href":"https:\/\/www.lechaocandy.com\/es\/wp-json\/wp\/v2\/product_cat?post=1885"},{"taxonomy":"product_tag","embeddable":true,"href":"https:\/\/www.lechaocandy.com\/es\/wp-json\/wp\/v2\/product_tag?post=1885"}],"curies":[{"name":"wp","href":"https:\/\/api.w.org\/{rel}","templated":true}]}}