{"id":1906,"date":"2025-10-07T03:58:56","date_gmt":"2025-10-07T03:58:56","guid":{"rendered":"https:\/\/www.lechaocandy.com\/?post_type=product&#038;p=1906"},"modified":"2025-10-07T06:11:02","modified_gmt":"2025-10-07T06:11:02","slug":"wholesale-gummy-bunnies","status":"publish","type":"product","link":"https:\/\/www.lechaocandy.com\/es\/producto\/wholesale-gummy-bunnies\/","title":{"rendered":"Conejitos y Zanahorias de Gominola al por mayor, Caramelos de Gominola LeChao Halal"},"content":{"rendered":"<div class=\"wp-block-columns is-layout-flex wp-container-core-columns-is-layout-9d6595d7 wp-block-columns-is-layout-flex\"><div class=\"wp-block-column is-layout-flow wp-block-column-is-layout-flow\"><h2 class=\"wp-block-heading\">Productos destacados de Gummy Bunnies &amp; Carrots al por mayor<\/h2>\n\n<ul class=\"wp-block-list\"><li><strong>Bonito y divertido: <\/strong>Nuestros conejitos y zanahorias de gominola al por mayor presentan dise\u00f1os vibrantes y coloridos que atraen la atenci\u00f3n de los consumidores y realzan su atractivo visual.<\/li>\n\n<li><strong>Envasado individualmente con un peque\u00f1o tenedor para un uso limpio y c\u00f3modo: <\/strong>Cada caramelo de goma a granel viene en un paquete peque\u00f1o, ordenado, envuelto individualmente con un peque\u00f1o tenedor, f\u00e1cil de comer, e higi\u00e9nico y port\u00e1til para mayor comodidad.<\/li>\n\n<li><strong>Ingredientes seleccionados de alta calidad para una textura masticable: <\/strong>Estos conejitos de goma y zanahorias al por mayor est\u00e1n hechos con gelatina de alta calidad y zumo de fruta natural, lo que da como resultado una textura suave y masticable con un sabor dulce y delicioso que deja una impresi\u00f3n duradera.<\/li>\n\n<li><strong>Certificado Halal para mayor tranquilidad: <\/strong>Los caramelos de goma a granel de LeChao se fabrican siguiendo estrictamente las normas halal, aptas para consumidores musulmanes de todo el mundo, lo que garantiza tanto la calidad como la confianza.<\/li>\n\n<li><strong>Apoyar la personalizaci\u00f3n y los servicios mayoristas: <\/strong>Ofrecemos dise\u00f1o de envases, f\u00f3rmula de sabores y personalizaci\u00f3n de etiquetas de marca para estos conejitos y zanahorias de gominola al por mayor, con el fin de satisfacer las necesidades diferenciadas de clientes de distintos pa\u00edses y canales.<\/li><\/ul><\/div>\n\n<div class=\"wp-block-column is-layout-flow wp-block-column-is-layout-flow\"><figure class=\"wp-block-image size-full\"><img decoding=\"async\" width=\"800\" height=\"800\" src=\"https:\/\/www.lechaocandy.com\/wp-content\/uploads\/2025\/10\/Wholesale-Gummy-Bunnies-Carrots-LeChao-Halal-Gummy-Candy-4.webp\" alt=\"Conejitos y Zanahorias de Gominola al por mayor, Caramelos de Gominola LeChao Halal-4\" class=\"wp-image-1910\" srcset=\"https:\/\/www.lechaocandy.com\/wp-content\/uploads\/2025\/10\/Wholesale-Gummy-Bunnies-Carrots-LeChao-Halal-Gummy-Candy-4.webp 800w, https:\/\/www.lechaocandy.com\/wp-content\/uploads\/2025\/10\/Wholesale-Gummy-Bunnies-Carrots-LeChao-Halal-Gummy-Candy-4-300x300.webp 300w, https:\/\/www.lechaocandy.com\/wp-content\/uploads\/2025\/10\/Wholesale-Gummy-Bunnies-Carrots-LeChao-Halal-Gummy-Candy-4-150x150.webp 150w, https:\/\/www.lechaocandy.com\/wp-content\/uploads\/2025\/10\/Wholesale-Gummy-Bunnies-Carrots-LeChao-Halal-Gummy-Candy-4-768x768.webp 768w, https:\/\/www.lechaocandy.com\/wp-content\/uploads\/2025\/10\/Wholesale-Gummy-Bunnies-Carrots-LeChao-Halal-Gummy-Candy-4-12x12.webp 12w, https:\/\/www.lechaocandy.com\/wp-content\/uploads\/2025\/10\/Wholesale-Gummy-Bunnies-Carrots-LeChao-Halal-Gummy-Candy-4-600x600.webp 600w, https:\/\/www.lechaocandy.com\/wp-content\/uploads\/2025\/10\/Wholesale-Gummy-Bunnies-Carrots-LeChao-Halal-Gummy-Candy-4-100x100.webp 100w\" sizes=\"(max-width: 800px) 100vw, 800px\" \/><\/figure><\/div><\/div>","protected":false},"excerpt":{"rendered":"<p>Bienvenido a comprar caramelos de goma al por mayor. Nuestros conejitos y zanahorias de gominola al por mayor atraen a los ni\u00f1os y a los segmentos de consumidores j\u00f3venes. Cada caramelo de goma est\u00e1 envuelto individualmente con un peque\u00f1o tenedor para mayor comodidad e higiene, perfecto para la reventa, cajas de regalo o merienda.<\/p>\n<table style=\"border-collapse: collapse; width: 300.02pt;\" border=\"0\" width=\"300\" cellspacing=\"0\" cellpadding=\"0\">\n<tbody>\n<tr style=\"height: 17.60pt;\">\n<td class=\"et2\" style=\"height: 17.60pt; width: 110.80pt;\" width=\"110\" height=\"17\">Fabricante<\/td>\n<td class=\"et2\" style=\"width: 189.95pt;\" width=\"189\">Caramelos LeChao<\/td>\n<\/tr>\n<tr style=\"height: 18.00pt;\">\n<td class=\"et2\" style=\"height: 18.00pt;\" height=\"18\">Tipo de producto<\/td>\n<td class=\"et3\" style=\"width: 189.95pt;\" width=\"189\">Conejito Zanahoria Caramelo de goma<\/td>\n<\/tr>\n<tr style=\"height: 18.00pt;\">\n<td class=\"et2\" style=\"height: 18.00pt;\" height=\"18\">Pruebe<\/td>\n<td class=\"et3\" style=\"width: 189.95pt;\" width=\"189\">Agridulce y resistente<\/td>\n<\/tr>\n<tr style=\"height: 17.60pt;\">\n<td class=\"et2\" style=\"height: 17.60pt;\" height=\"17\">Especificaci\u00f3n<\/td>\n<td class=\"et2\">10gx30pcsx24cajas<\/td>\n<\/tr>\n<tr style=\"height: 17.60pt;\">\n<td class=\"et2\" style=\"height: 17.60pt;\" height=\"17\">Tama\u00f1o de la caja<\/td>\n<td class=\"et2\">40.5*31.5*35cm<\/td>\n<\/tr>\n<tr style=\"height: 17.60pt;\">\n<td class=\"et2\" style=\"height: 17.60pt;\" height=\"17\">N.W.\/Cart\u00f3n<\/td>\n<td class=\"et2\">9.0kg<\/td>\n<\/tr>\n<tr style=\"height: 17.60pt;\">\n<td class=\"et2\" style=\"height: 17.60pt;\" height=\"17\">Precio<\/td>\n<td class=\"et2\">20.16USD<\/td>\n<\/tr>\n<tr style=\"height: 17.60pt;\">\n<td class=\"et2\" style=\"height: 17.60pt;\" height=\"17\">MOQ<\/td>\n<td class=\"et2\">500CTNS<\/td>\n<\/tr>\n<tr style=\"height: 17.60pt;\">\n<td class=\"et2\" style=\"height: 17.60pt;\" height=\"17\">Muestra<\/td>\n<td class=\"et2\">Disponible<\/td>\n<\/tr>\n<\/tbody>\n<\/table>\n<p>&nbsp;<\/p>\n<p>&nbsp;<\/p>","protected":false},"featured_media":1908,"comment_status":"open","ping_status":"closed","template":"","meta":{"_acf_changed":false},"product_brand":[],"product_cat":[19],"product_tag":[],"class_list":{"0":"post-1906","1":"product","2":"type-product","3":"status-publish","4":"has-post-thumbnail","6":"product_cat-wholesale-gummy-manufacturer","8":"first","9":"instock","10":"shipping-taxable","11":"product-type-simple"},"acf":[],"_links":{"self":[{"href":"https:\/\/www.lechaocandy.com\/es\/wp-json\/wp\/v2\/product\/1906","targetHints":{"allow":["GET"]}}],"collection":[{"href":"https:\/\/www.lechaocandy.com\/es\/wp-json\/wp\/v2\/product"}],"about":[{"href":"https:\/\/www.lechaocandy.com\/es\/wp-json\/wp\/v2\/types\/product"}],"replies":[{"embeddable":true,"href":"https:\/\/www.lechaocandy.com\/es\/wp-json\/wp\/v2\/comments?post=1906"}],"wp:featuredmedia":[{"embeddable":true,"href":"https:\/\/www.lechaocandy.com\/es\/wp-json\/wp\/v2\/media\/1908"}],"wp:attachment":[{"href":"https:\/\/www.lechaocandy.com\/es\/wp-json\/wp\/v2\/media?parent=1906"}],"wp:term":[{"taxonomy":"product_brand","embeddable":true,"href":"https:\/\/www.lechaocandy.com\/es\/wp-json\/wp\/v2\/product_brand?post=1906"},{"taxonomy":"product_cat","embeddable":true,"href":"https:\/\/www.lechaocandy.com\/es\/wp-json\/wp\/v2\/product_cat?post=1906"},{"taxonomy":"product_tag","embeddable":true,"href":"https:\/\/www.lechaocandy.com\/es\/wp-json\/wp\/v2\/product_tag?post=1906"}],"curies":[{"name":"wp","href":"https:\/\/api.w.org\/{rel}","templated":true}]}}