{"id":1925,"date":"2025-10-07T07:11:18","date_gmt":"2025-10-07T07:11:18","guid":{"rendered":"https:\/\/www.lechaocandy.com\/?post_type=product&#038;p=1925"},"modified":"2025-10-07T07:35:18","modified_gmt":"2025-10-07T07:35:18","slug":"gummy-candies-wholesale","status":"publish","type":"product","link":"https:\/\/www.lechaocandy.com\/es\/producto\/gummy-candies-wholesale\/","title":{"rendered":"Caramelos de goma divertidos al por mayor, caramelos de goma con patas de pollo"},"content":{"rendered":"<div class=\"wp-block-columns is-layout-flex wp-container-core-columns-is-layout-9d6595d7 wp-block-columns-is-layout-flex\"><div class=\"wp-block-column is-layout-flow wp-block-column-is-layout-flow\"><h2 class=\"wp-block-heading\">Productos destacados de Caramelos de goma al por mayor<\/h2>\n\n<ul class=\"wp-block-list\"><li><strong>Dise\u00f1o creativo de patas de pollo, divertido y juguet\u00f3n: <\/strong>Estos caramelos de goma al por mayor con forma \u00fanica de patas de pollo, a\u00f1adiendo una experiencia divertida y novedosa, lo que los hace adecuados como aperitivos para ni\u00f1os, caramelos de fiesta, o para regalos festivos.<\/li>\n\n<li><strong>Dos colores llamativos, vistosos: <\/strong>Estos caramelos masticables a granel con forma de patas de pollo est\u00e1n disponibles en dos vibrantes colores, rosa y amarillo. Los colores de estas patas de pollo de gominola a\u00f1aden impacto visual y atractivo a la mercanc\u00eda.<\/li>\n\n<li><strong>Envasado individualmente, higi\u00e9nico y c\u00f3modo:<\/strong> Nuestros caramelos de goma al por mayor se envasan individualmente para que sean f\u00e1ciles e higi\u00e9nicos de transportar, por lo que son perfectos para llevar, picar o regalar.<\/li>\n\n<li><strong>Alegre sabor a fruta natural: <\/strong>Nuestros caramelos masticables a granel se elaboran con gelatina de primera calidad y zumo de fruta natural, lo que da como resultado una textura suave y masticable, un dulzor moderado y un rico sabor a fruta.<\/li>\n\n<li><strong>Apoye la venta al por mayor y la personalizaci\u00f3n para satisfacer diversas necesidades:<\/strong> Ofrecemos servicios de personalizaci\u00f3n de envases, sabores y colores para la venta al por mayor de caramelos de goma, apoyamos la cooperaci\u00f3n OEM\/ODM y satisfacemos las necesidades de diferentes clientes y mercados.<\/li><\/ul><\/div>\n\n<div class=\"wp-block-column is-layout-flow wp-block-column-is-layout-flow\"><figure class=\"wp-block-image size-full\"><img decoding=\"async\" width=\"800\" height=\"800\" src=\"https:\/\/www.lechaocandy.com\/wp-content\/uploads\/2025\/10\/Fun-Gummy-Candies-Wholesale-Chicken-Feet-Gummy-Candy-6.webp.png\" alt=\"Caramelos de Goma Divertidos al por mayor, Caramelos de Goma Pata de Pollo-6.webp\" class=\"wp-image-1931\" srcset=\"https:\/\/www.lechaocandy.com\/wp-content\/uploads\/2025\/10\/Fun-Gummy-Candies-Wholesale-Chicken-Feet-Gummy-Candy-6.webp.png 800w, https:\/\/www.lechaocandy.com\/wp-content\/uploads\/2025\/10\/Fun-Gummy-Candies-Wholesale-Chicken-Feet-Gummy-Candy-6.webp-300x300.png 300w, https:\/\/www.lechaocandy.com\/wp-content\/uploads\/2025\/10\/Fun-Gummy-Candies-Wholesale-Chicken-Feet-Gummy-Candy-6.webp-150x150.png 150w, https:\/\/www.lechaocandy.com\/wp-content\/uploads\/2025\/10\/Fun-Gummy-Candies-Wholesale-Chicken-Feet-Gummy-Candy-6.webp-768x768.png 768w, https:\/\/www.lechaocandy.com\/wp-content\/uploads\/2025\/10\/Fun-Gummy-Candies-Wholesale-Chicken-Feet-Gummy-Candy-6.webp-12x12.png 12w, https:\/\/www.lechaocandy.com\/wp-content\/uploads\/2025\/10\/Fun-Gummy-Candies-Wholesale-Chicken-Feet-Gummy-Candy-6.webp-600x600.png 600w, https:\/\/www.lechaocandy.com\/wp-content\/uploads\/2025\/10\/Fun-Gummy-Candies-Wholesale-Chicken-Feet-Gummy-Candy-6.webp-100x100.png 100w\" sizes=\"(max-width: 800px) 100vw, 800px\" \/><\/figure><\/div><\/div>","protected":false},"excerpt":{"rendered":"<p>Bienvenido a los caramelos masticables al por mayor. Nuestros caramelos de goma al por mayor cuentan con deliciosas formas de patas de pollo con colores vibrantes de rosa y amarillo. Son coloridos y divertidos.<\/p>\n<table style=\"border-collapse: collapse; width: 300.02pt;\" border=\"0\" width=\"300\" cellspacing=\"0\" cellpadding=\"0\">\n<tbody>\n<tr style=\"height: 17.60pt;\">\n<td class=\"et2\" style=\"height: 17.60pt; width: 110.80pt;\" width=\"110\" height=\"17\">Fabricante<\/td>\n<td class=\"et2\" style=\"width: 189.95pt;\" width=\"189\">Caramelos LeChao<\/td>\n<\/tr>\n<tr style=\"height: 18.00pt;\">\n<td class=\"et2\" style=\"height: 18.00pt;\" height=\"18\">Tipo de producto<\/td>\n<td class=\"et3\" style=\"width: 189.95pt;\" width=\"189\">Caramelos de goma Pies de pollo<\/td>\n<\/tr>\n<tr style=\"height: 18.00pt;\">\n<td class=\"et2\" style=\"height: 18.00pt;\" height=\"18\">Pruebe<\/td>\n<td class=\"et3\" style=\"width: 189.95pt;\" width=\"189\">Agridulce y resistente<\/td>\n<\/tr>\n<tr style=\"height: 17.60pt;\">\n<td class=\"et2\" style=\"height: 17.60pt;\" height=\"17\">Especificaci\u00f3n<\/td>\n<td class=\"et2\">20gx20unidadesx12cajas<\/td>\n<\/tr>\n<tr style=\"height: 17.60pt;\">\n<td class=\"et2\" style=\"height: 17.60pt;\" height=\"17\">Tama\u00f1o de la caja<\/td>\n<td class=\"et2\">42*25*25cm<\/td>\n<\/tr>\n<tr style=\"height: 17.60pt;\">\n<td class=\"et2\" style=\"height: 17.60pt;\" height=\"17\">N.W.\/Cart\u00f3n<\/td>\n<td class=\"et2\">8.0kg<\/td>\n<\/tr>\n<tr style=\"height: 17.60pt;\">\n<td class=\"et2\" style=\"height: 17.60pt;\" height=\"17\">Precio<\/td>\n<td class=\"et2\">28,8USD<\/td>\n<\/tr>\n<tr style=\"height: 17.60pt;\">\n<td class=\"et2\" style=\"height: 17.60pt;\" height=\"17\">MOQ<\/td>\n<td class=\"et2\">500CTNS<\/td>\n<\/tr>\n<tr style=\"height: 17.60pt;\">\n<td class=\"et2\" style=\"height: 17.60pt;\" height=\"17\">Muestra<\/td>\n<td class=\"et2\">Disponible<\/td>\n<\/tr>\n<\/tbody>\n<\/table>\n<p>&nbsp;<\/p>\n<p>&nbsp;<\/p>\n<p>&nbsp;<\/p>","protected":false},"featured_media":1930,"comment_status":"open","ping_status":"closed","template":"","meta":{"_acf_changed":false},"product_brand":[],"product_cat":[19],"product_tag":[],"class_list":{"0":"post-1925","1":"product","2":"type-product","3":"status-publish","4":"has-post-thumbnail","6":"product_cat-wholesale-gummy-manufacturer","8":"first","9":"instock","10":"shipping-taxable","11":"product-type-simple"},"acf":[],"_links":{"self":[{"href":"https:\/\/www.lechaocandy.com\/es\/wp-json\/wp\/v2\/product\/1925","targetHints":{"allow":["GET"]}}],"collection":[{"href":"https:\/\/www.lechaocandy.com\/es\/wp-json\/wp\/v2\/product"}],"about":[{"href":"https:\/\/www.lechaocandy.com\/es\/wp-json\/wp\/v2\/types\/product"}],"replies":[{"embeddable":true,"href":"https:\/\/www.lechaocandy.com\/es\/wp-json\/wp\/v2\/comments?post=1925"}],"wp:featuredmedia":[{"embeddable":true,"href":"https:\/\/www.lechaocandy.com\/es\/wp-json\/wp\/v2\/media\/1930"}],"wp:attachment":[{"href":"https:\/\/www.lechaocandy.com\/es\/wp-json\/wp\/v2\/media?parent=1925"}],"wp:term":[{"taxonomy":"product_brand","embeddable":true,"href":"https:\/\/www.lechaocandy.com\/es\/wp-json\/wp\/v2\/product_brand?post=1925"},{"taxonomy":"product_cat","embeddable":true,"href":"https:\/\/www.lechaocandy.com\/es\/wp-json\/wp\/v2\/product_cat?post=1925"},{"taxonomy":"product_tag","embeddable":true,"href":"https:\/\/www.lechaocandy.com\/es\/wp-json\/wp\/v2\/product_tag?post=1925"}],"curies":[{"name":"wp","href":"https:\/\/api.w.org\/{rel}","templated":true}]}}