{"id":1935,"date":"2025-10-09T01:08:18","date_gmt":"2025-10-09T01:08:18","guid":{"rendered":"https:\/\/www.lechaocandy.com\/?post_type=product&#038;p=1935"},"modified":"2025-10-09T01:24:06","modified_gmt":"2025-10-09T01:24:06","slug":"sour-belts-candy-wholesale","status":"publish","type":"product","link":"https:\/\/www.lechaocandy.com\/es\/producto\/sour-belts-candy-wholesale\/","title":{"rendered":"LeChao Rainbow Sour Belts Caramelos al por mayor, Caramelos Bite Size"},"content":{"rendered":"<div class=\"wp-block-columns is-layout-flex wp-container-core-columns-is-layout-9d6595d7 wp-block-columns-is-layout-flex\"><div class=\"wp-block-column is-layout-flow wp-block-column-is-layout-flow\"><h2 class=\"wp-block-heading\">Productos destacados de Sour Belts Candy Wholesale<\/h2>\n\n<ul class=\"wp-block-list\"><li><strong>Una delicia visual y para el paladar: <\/strong>Estos caramelos \u00e1cidos al por mayor presentan una deslumbrante combinaci\u00f3n de colores del arco iris que cautiva al instante a los clientes. El recubrimiento de polvo \u00e1cido en estas tiras de caramelo se suma a la combinaci\u00f3n de sabor agridulce y proporciona una larga duraci\u00f3n despu\u00e9s de gusto.<\/li>\n\n<li><strong>Sabor \u00e1cido \u00fanico: <\/strong>Nuestros cinturones agrios a granel del tama\u00f1o de un bocado se hacen de un proceso \u00fanico que le permite tener una primera explosi\u00f3n mordedura de caramelo en polvo agrio en la boca que desaparece r\u00e1pidamente, rompiendo con los sabores aburridos de otros dulces.<\/li>\n\n<li><strong>En bocaditos, f\u00e1cil de compartir:<\/strong> El dise\u00f1o compacto de estas barritas de caramelo al por mayor hace que sean f\u00e1ciles de coger y compartir, perfectas para fiestas, cines, oficinas y mucho m\u00e1s.<\/li>\n\n<li><strong>Ingredientes de alta calidad, textura suave y masticable: <\/strong>Nuestros panecillos agrios a granel, del tama\u00f1o de un bocado, se elaboran con ingredientes cuidadosamente seleccionados para conseguir una textura perfectamente blanda y firme, que los hace masticables y no pegajosos, garantizando una deliciosa masticaci\u00f3n en cada bocado.<\/li>\n\n<li><strong>Envasado rentable al por mayor: <\/strong>Nuestra venta al por mayor de caramelos sour belts est\u00e1 dise\u00f1ada espec\u00edficamente para clientes mayoristas, con grandes cantidades y precios favorables, y considerables m\u00e1rgenes de beneficio. Es una sabia elecci\u00f3n para tiendas de aperitivos, supermercados y tiendas online para reponer existencias.<\/li><\/ul><\/div>\n\n<div class=\"wp-block-column is-layout-flow wp-block-column-is-layout-flow\"><figure class=\"wp-block-image size-full\"><img decoding=\"async\" width=\"1481\" height=\"1481\" src=\"https:\/\/www.lechaocandy.com\/wp-content\/uploads\/2025\/10\/LeChao-Rainbow-Sour-Belts-Candy-Wholesale-Bite-Size-Candies-1.webp\" alt=\"LeChao Rainbow Sour Belts Caramelos al por mayor, caramelos tama\u00f1o bocado-1\" class=\"wp-image-1936\" srcset=\"https:\/\/www.lechaocandy.com\/wp-content\/uploads\/2025\/10\/LeChao-Rainbow-Sour-Belts-Candy-Wholesale-Bite-Size-Candies-1.webp 1481w, https:\/\/www.lechaocandy.com\/wp-content\/uploads\/2025\/10\/LeChao-Rainbow-Sour-Belts-Candy-Wholesale-Bite-Size-Candies-1-300x300.webp 300w, https:\/\/www.lechaocandy.com\/wp-content\/uploads\/2025\/10\/LeChao-Rainbow-Sour-Belts-Candy-Wholesale-Bite-Size-Candies-1-150x150.webp 150w, https:\/\/www.lechaocandy.com\/wp-content\/uploads\/2025\/10\/LeChao-Rainbow-Sour-Belts-Candy-Wholesale-Bite-Size-Candies-1-768x768.webp 768w, https:\/\/www.lechaocandy.com\/wp-content\/uploads\/2025\/10\/LeChao-Rainbow-Sour-Belts-Candy-Wholesale-Bite-Size-Candies-1-12x12.webp 12w, https:\/\/www.lechaocandy.com\/wp-content\/uploads\/2025\/10\/LeChao-Rainbow-Sour-Belts-Candy-Wholesale-Bite-Size-Candies-1-1200x1200.webp 1200w, https:\/\/www.lechaocandy.com\/wp-content\/uploads\/2025\/10\/LeChao-Rainbow-Sour-Belts-Candy-Wholesale-Bite-Size-Candies-1-600x600.webp 600w, https:\/\/www.lechaocandy.com\/wp-content\/uploads\/2025\/10\/LeChao-Rainbow-Sour-Belts-Candy-Wholesale-Bite-Size-Candies-1-100x100.webp 100w\" sizes=\"(max-width: 1481px) 100vw, 1481px\" \/><\/figure><\/div><\/div>","protected":false},"excerpt":{"rendered":"<p>Le damos la bienvenida a la compra de caramelos al por mayor del tama\u00f1o de un bocado. LeChao's rainbow sour belts candy wholesale ofrece una explosi\u00f3n instant\u00e1nea de acidez, seguida de un refrescante dulzor afrutado y una textura suave y masticable.<\/p>\n<table style=\"border-collapse: collapse; width: 300.02pt;\" border=\"0\" width=\"300\" cellspacing=\"0\" cellpadding=\"0\">\n<tbody>\n<tr style=\"height: 17.60pt;\">\n<td class=\"et2\" style=\"height: 17.60pt; width: 110.80pt;\" width=\"110\" height=\"17\">Fabricante<\/td>\n<td class=\"et2\" style=\"width: 189.95pt;\" width=\"189\">Caramelos LeChao<\/td>\n<\/tr>\n<tr style=\"height: 18.00pt;\">\n<td class=\"et2\" style=\"height: 18.00pt;\" height=\"18\">Tipo de producto<\/td>\n<td class=\"et3\" style=\"width: 189.95pt;\" width=\"189\">Caramelo Mordedura de Cintur\u00f3n Agrio<\/td>\n<\/tr>\n<tr style=\"height: 18.00pt;\">\n<td class=\"et2\" style=\"height: 18.00pt;\" height=\"18\">Pruebe<\/td>\n<td class=\"et3\" style=\"width: 189.95pt;\" width=\"189\">Agridulce y resistente<\/td>\n<\/tr>\n<tr style=\"height: 17.60pt;\">\n<td class=\"et2\" style=\"height: 17.60pt;\" height=\"17\">MOQ<\/td>\n<td class=\"et2\">500CTNS<\/td>\n<\/tr>\n<tr style=\"height: 17.60pt;\">\n<td class=\"et2\" style=\"height: 17.60pt;\" height=\"17\">Muestra<\/td>\n<td class=\"et2\">Disponible<\/td>\n<\/tr>\n<\/tbody>\n<\/table>\n<p>&nbsp;<\/p>\n<p>&nbsp;<\/p>\n<p>&nbsp;<\/p>","protected":false},"featured_media":1938,"comment_status":"open","ping_status":"closed","template":"","meta":{"_acf_changed":false},"product_brand":[],"product_cat":[20],"product_tag":[30],"class_list":{"0":"post-1935","1":"product","2":"type-product","3":"status-publish","4":"has-post-thumbnail","6":"product_cat-bulk-licorice-candy","7":"product_tag-bulk-candies-collection","9":"first","10":"instock","11":"shipping-taxable","12":"product-type-simple"},"acf":[],"_links":{"self":[{"href":"https:\/\/www.lechaocandy.com\/es\/wp-json\/wp\/v2\/product\/1935","targetHints":{"allow":["GET"]}}],"collection":[{"href":"https:\/\/www.lechaocandy.com\/es\/wp-json\/wp\/v2\/product"}],"about":[{"href":"https:\/\/www.lechaocandy.com\/es\/wp-json\/wp\/v2\/types\/product"}],"replies":[{"embeddable":true,"href":"https:\/\/www.lechaocandy.com\/es\/wp-json\/wp\/v2\/comments?post=1935"}],"wp:featuredmedia":[{"embeddable":true,"href":"https:\/\/www.lechaocandy.com\/es\/wp-json\/wp\/v2\/media\/1938"}],"wp:attachment":[{"href":"https:\/\/www.lechaocandy.com\/es\/wp-json\/wp\/v2\/media?parent=1935"}],"wp:term":[{"taxonomy":"product_brand","embeddable":true,"href":"https:\/\/www.lechaocandy.com\/es\/wp-json\/wp\/v2\/product_brand?post=1935"},{"taxonomy":"product_cat","embeddable":true,"href":"https:\/\/www.lechaocandy.com\/es\/wp-json\/wp\/v2\/product_cat?post=1935"},{"taxonomy":"product_tag","embeddable":true,"href":"https:\/\/www.lechaocandy.com\/es\/wp-json\/wp\/v2\/product_tag?post=1935"}],"curies":[{"name":"wp","href":"https:\/\/api.w.org\/{rel}","templated":true}]}}