{"id":1964,"date":"2025-10-09T02:39:08","date_gmt":"2025-10-09T02:39:08","guid":{"rendered":"https:\/\/www.lechaocandy.com\/?post_type=product&#038;p=1964"},"modified":"2025-10-09T02:52:22","modified_gmt":"2025-10-09T02:52:22","slug":"wholesale-licorice-candy","status":"publish","type":"product","link":"https:\/\/www.lechaocandy.com\/es\/producto\/wholesale-licorice-candy\/","title":{"rendered":"LeChao Venta al por mayor de caramelos de regaliz, caramelos \u00e1cidos Rainbow Twist"},"content":{"rendered":"<div class=\"wp-block-columns is-layout-flex wp-container-core-columns-is-layout-9d6595d7 wp-block-columns-is-layout-flex\"><div class=\"wp-block-column is-layout-flow wp-block-column-is-layout-flow\"><h2 class=\"wp-block-heading\">Productos destacados de los caramelos de regaliz al por mayor<\/h2>\n\n<ul class=\"wp-block-list\"><li><strong>Divertido dise\u00f1o retorcido para mayor atractivo visual: <\/strong>Este caramelo de regaliz al por mayor tiene un dise\u00f1o retorcido especial que se diferencia del estereotipo tradicional de caramelo de palo, mientras que su aspecto brillante y vivo induce a comprarlo y compartirlo.<\/li>\n\n<li><strong>Una fusi\u00f3n agridulce: <\/strong>Estos caramelos \u00e1cidos con forma de arco iris a granel est\u00e1n recubiertos de arena \u00e1cida brillante que les confiere una acidez inicial aguda, seguida de un n\u00facleo de regaliz masticable que luego se transforma en dulzor, creando una experiencia en capas.<\/li>\n\n<li><strong>Pantalla colorida y vibrante:<\/strong> Nuestros caramelos de regaliz al por mayor vienen en una variedad de vibrantes colores del arco iris. Tanto si se presentan a granel como preenvasados, crean un fuerte impacto visual, atrayendo eficazmente a los clientes y mejorando el atractivo de los estantes.<\/li>\n\n<li><strong>Los envases personalizables mejoran la imagen de marca: <\/strong>Ofrecemos servicios flexibles de personalizaci\u00f3n de envases para caramelos arco iris twist sour al por mayor, desde bolsas hasta cajas de regalo, lo que le permite dise\u00f1ar envases personalizados que se adapten a sus necesidades. Esto ayuda a los clientes mayoristas a crear sus propias marcas y aumentar el valor del producto.<\/li>\n\n<li><strong>Envasado a granel rentable: <\/strong>Ofrecemos caramelos con licencia al por mayor en grandes cantidades, lo que reduce significativamente los costes unitarios y ofrece generosos m\u00e1rgenes de beneficio. Estos caramelos son ideales para mayoristas, tiendas de aperitivos o como parte de mezclas mixtas de caramelos.<\/li><\/ul><\/div>\n\n<div class=\"wp-block-column is-layout-flow wp-block-column-is-layout-flow\"><figure class=\"wp-block-image size-full\"><img decoding=\"async\" width=\"800\" height=\"800\" src=\"https:\/\/www.lechaocandy.com\/wp-content\/uploads\/2025\/10\/LeChao-Wholesale-Licorice-Candy-Rainbow-Twist-Sour-Candy-1.webp\" alt=\"LeChao Venta al por mayor de caramelos de regaliz, caramelos \u00e1cidos Rainbow Twist-1\" class=\"wp-image-1965\" srcset=\"https:\/\/www.lechaocandy.com\/wp-content\/uploads\/2025\/10\/LeChao-Wholesale-Licorice-Candy-Rainbow-Twist-Sour-Candy-1.webp 800w, https:\/\/www.lechaocandy.com\/wp-content\/uploads\/2025\/10\/LeChao-Wholesale-Licorice-Candy-Rainbow-Twist-Sour-Candy-1-300x300.webp 300w, https:\/\/www.lechaocandy.com\/wp-content\/uploads\/2025\/10\/LeChao-Wholesale-Licorice-Candy-Rainbow-Twist-Sour-Candy-1-150x150.webp 150w, https:\/\/www.lechaocandy.com\/wp-content\/uploads\/2025\/10\/LeChao-Wholesale-Licorice-Candy-Rainbow-Twist-Sour-Candy-1-768x768.webp 768w, https:\/\/www.lechaocandy.com\/wp-content\/uploads\/2025\/10\/LeChao-Wholesale-Licorice-Candy-Rainbow-Twist-Sour-Candy-1-12x12.webp 12w, https:\/\/www.lechaocandy.com\/wp-content\/uploads\/2025\/10\/LeChao-Wholesale-Licorice-Candy-Rainbow-Twist-Sour-Candy-1-600x600.webp 600w, https:\/\/www.lechaocandy.com\/wp-content\/uploads\/2025\/10\/LeChao-Wholesale-Licorice-Candy-Rainbow-Twist-Sour-Candy-1-100x100.webp 100w\" sizes=\"(max-width: 800px) 100vw, 800px\" \/><\/figure><\/div><\/div>","protected":false},"excerpt":{"rendered":"<p>Bienvenido a comprar caramelos de regaliz al por mayor. Nuestro arco iris giro caramelos amargos a granel son de colores vibrantes y juguet\u00f3n, apoyar el embalaje personalizado, por lo que una gran opci\u00f3n para atraer a los clientes m\u00e1s j\u00f3venes.<\/p>\n<table style=\"border-collapse: collapse; width: 300.02pt;\" border=\"0\" width=\"300\" cellspacing=\"0\" cellpadding=\"0\">\n<tbody>\n<tr style=\"height: 17.60pt;\">\n<td class=\"et2\" style=\"height: 17.60pt; width: 110.80pt;\" width=\"110\" height=\"17\">Fabricante<\/td>\n<td class=\"et2\" style=\"width: 189.95pt;\" width=\"189\">Caramelos LeChao<\/td>\n<\/tr>\n<tr style=\"height: 18.00pt;\">\n<td class=\"et2\" style=\"height: 18.00pt;\" height=\"18\">Tipo de producto<\/td>\n<td class=\"et3\" style=\"width: 189.95pt;\" width=\"189\">Tiras de regaliz rellenas<\/td>\n<\/tr>\n<tr style=\"height: 18.00pt;\">\n<td class=\"et2\" style=\"height: 18.00pt;\" height=\"18\">Pruebe<\/td>\n<td class=\"et3\" style=\"width: 189.95pt;\" width=\"189\">Agridulce y resistente<\/td>\n<\/tr>\n<tr style=\"height: 17.60pt;\">\n<td class=\"et2\" style=\"height: 17.60pt;\" height=\"17\">MOQ<\/td>\n<td class=\"et2\">500CTNS<\/td>\n<\/tr>\n<tr style=\"height: 17.60pt;\">\n<td class=\"et2\" style=\"height: 17.60pt;\" height=\"17\">Muestra<\/td>\n<td class=\"et2\">Disponible<\/td>\n<\/tr>\n<\/tbody>\n<\/table>\n<p>&nbsp;<\/p>\n<p>&nbsp;<\/p>\n<p>&nbsp;<\/p>","protected":false},"featured_media":1969,"comment_status":"open","ping_status":"closed","template":"","meta":{"_acf_changed":false},"product_brand":[],"product_cat":[20],"product_tag":[30],"class_list":{"0":"post-1964","1":"product","2":"type-product","3":"status-publish","4":"has-post-thumbnail","6":"product_cat-bulk-licorice-candy","7":"product_tag-bulk-candies-collection","9":"first","10":"instock","11":"shipping-taxable","12":"product-type-simple"},"acf":[],"_links":{"self":[{"href":"https:\/\/www.lechaocandy.com\/es\/wp-json\/wp\/v2\/product\/1964","targetHints":{"allow":["GET"]}}],"collection":[{"href":"https:\/\/www.lechaocandy.com\/es\/wp-json\/wp\/v2\/product"}],"about":[{"href":"https:\/\/www.lechaocandy.com\/es\/wp-json\/wp\/v2\/types\/product"}],"replies":[{"embeddable":true,"href":"https:\/\/www.lechaocandy.com\/es\/wp-json\/wp\/v2\/comments?post=1964"}],"wp:featuredmedia":[{"embeddable":true,"href":"https:\/\/www.lechaocandy.com\/es\/wp-json\/wp\/v2\/media\/1969"}],"wp:attachment":[{"href":"https:\/\/www.lechaocandy.com\/es\/wp-json\/wp\/v2\/media?parent=1964"}],"wp:term":[{"taxonomy":"product_brand","embeddable":true,"href":"https:\/\/www.lechaocandy.com\/es\/wp-json\/wp\/v2\/product_brand?post=1964"},{"taxonomy":"product_cat","embeddable":true,"href":"https:\/\/www.lechaocandy.com\/es\/wp-json\/wp\/v2\/product_cat?post=1964"},{"taxonomy":"product_tag","embeddable":true,"href":"https:\/\/www.lechaocandy.com\/es\/wp-json\/wp\/v2\/product_tag?post=1964"}],"curies":[{"name":"wp","href":"https:\/\/api.w.org\/{rel}","templated":true}]}}