{"id":2003,"date":"2025-10-16T03:53:48","date_gmt":"2025-10-16T03:53:48","guid":{"rendered":"https:\/\/www.lechaocandy.com\/?post_type=product&#038;p=2003"},"modified":"2026-03-30T08:50:49","modified_gmt":"2026-03-30T08:50:49","slug":"candy-bulk-wholesale","status":"publish","type":"product","link":"https:\/\/www.lechaocandy.com\/es\/producto\/candy-bulk-wholesale\/","title":{"rendered":"Caramelos de goma al por mayor, caramelos blandos directos de f\u00e1brica"},"content":{"rendered":"<div class=\"wp-block-columns is-layout-flex wp-container-core-columns-is-layout-9d6595d7 wp-block-columns-is-layout-flex\"><div class=\"wp-block-column is-layout-flow wp-block-column-is-layout-flow\"><h2 class=\"wp-block-heading\">Aspectos destacados del producto Gummy Tool Candy Bulk Wholesale<\/h2>\n\n<ul class=\"wp-block-list\"><li><strong>Dise\u00f1os \u00fanicos y llamativos:<\/strong> Nuestros caramelos de goma al por mayor est\u00e1n dise\u00f1ados con formas de llaves inglesas, martillos, destornilladores y otras herramientas. Estos dise\u00f1os son realistas y divertidos, sin duda se destacan en los estantes.<\/li>\n\n<li><strong>Directo de f\u00e1brica, precios competitivos: <\/strong>Nuestros caramelos blandos al por mayor se env\u00edan directamente desde nuestra f\u00e1brica de gominolas. Ofrecemos un buen precio para nuestras selecciones de caramelos blandos y lo m\u00e1s probable es que sean el mejor precio que puedas conseguir.<\/li>\n\n<li><strong>Calidad superior y masticable: <\/strong>Nuestros caramelos de goma al por mayor est\u00e1n elaborados con ingredientes de alta calidad, lo que da como resultado una suavidad y firmeza perfectas, una textura masticable y una textura no pegajosa. Una variedad de sabores de frutas frescas est\u00e1n disponibles, ofreciendo un sabor agridulce, asegurando que cada pieza es una experiencia deliciosa.<\/li>\n\n<li><strong>Venta al por mayor a granel, Personalizaci\u00f3n flexible: <\/strong>Nuestros caramelos blandos al por mayor admiten grandes pedidos para satisfacer sus diversas necesidades de inventario. Tambi\u00e9n podemos personalizar de forma flexible los envases, las especificaciones e incluso los sabores para crear su propio producto exclusivo.<\/li>\n\n<li><strong>Suministro estable y servicio posventa sin preocupaciones: <\/strong>Como fabricante l\u00edder, contamos con s\u00f3lidas capacidades de producci\u00f3n, lo que garantiza un suministro estable y puntual de caramelos de goma al por mayor. Tambi\u00e9n ofrecemos un servicio post-venta integral, asegurando una compra al por mayor sin preocupaciones.<\/li><\/ul><\/div>\n\n<div class=\"wp-block-column is-layout-flow wp-block-column-is-layout-flow\"><figure class=\"wp-block-image size-full\"><img decoding=\"async\" width=\"800\" height=\"800\" src=\"https:\/\/www.lechaocandy.com\/wp-content\/uploads\/2025\/10\/Gummy-Tool-Candy-Bulk-Wholesale-Factory-Direct-Soft-Candies-4.webp\" alt=\"Caramelos de goma a granel al por mayor, caramelos blandos directos de f\u00e1brica-4\" class=\"wp-image-2007\" srcset=\"https:\/\/www.lechaocandy.com\/wp-content\/uploads\/2025\/10\/Gummy-Tool-Candy-Bulk-Wholesale-Factory-Direct-Soft-Candies-4.webp 800w, https:\/\/www.lechaocandy.com\/wp-content\/uploads\/2025\/10\/Gummy-Tool-Candy-Bulk-Wholesale-Factory-Direct-Soft-Candies-4-300x300.webp 300w, https:\/\/www.lechaocandy.com\/wp-content\/uploads\/2025\/10\/Gummy-Tool-Candy-Bulk-Wholesale-Factory-Direct-Soft-Candies-4-150x150.webp 150w, https:\/\/www.lechaocandy.com\/wp-content\/uploads\/2025\/10\/Gummy-Tool-Candy-Bulk-Wholesale-Factory-Direct-Soft-Candies-4-768x768.webp 768w, https:\/\/www.lechaocandy.com\/wp-content\/uploads\/2025\/10\/Gummy-Tool-Candy-Bulk-Wholesale-Factory-Direct-Soft-Candies-4-12x12.webp 12w, https:\/\/www.lechaocandy.com\/wp-content\/uploads\/2025\/10\/Gummy-Tool-Candy-Bulk-Wholesale-Factory-Direct-Soft-Candies-4-600x600.webp 600w, https:\/\/www.lechaocandy.com\/wp-content\/uploads\/2025\/10\/Gummy-Tool-Candy-Bulk-Wholesale-Factory-Direct-Soft-Candies-4-100x100.webp 100w\" sizes=\"(max-width: 800px) 100vw, 800px\" \/><\/figure><\/div><\/div><figure class=\"wp-block-embed is-type-video is-provider-youtube wp-block-embed-youtube wp-embed-aspect-16-9 wp-has-aspect-ratio\"><div class=\"wp-block-embed__wrapper\">\n<iframe title=\"Tool Box Gummies! Fruity Tastes Kids Will Love!\" width=\"500\" height=\"281\" src=\"https:\/\/www.youtube.com\/embed\/SHlHK0yWULc?feature=oembed\" frameborder=\"0\" allow=\"accelerometer; autoplay; clipboard-write; encrypted-media; gyroscope; picture-in-picture; web-share\" referrerpolicy=\"strict-origin-when-cross-origin\" allowfullscreen><\/iframe>\n<\/div><\/figure>","protected":false},"excerpt":{"rendered":"<p>Bienvenido a comprar Lechao f\u00e1brica directa caramelos blandos. Nuestros creativos caramelos de goma al por mayor al por mayor est\u00e1n dise\u00f1ados en formas de herramientas realistas, as\u00ed como tener una consistencia masticable y sabor sabores afrutados. Vendemos al por mayor s\u00f3lo a distribuidores, as\u00ed que usted sabe que le ofreceremos calidad y precio para ayudarle a atraer clientes y aumentar las ventas.<\/p>\n<table style=\"border-collapse: collapse; width: 300.02pt;\" border=\"0\" width=\"300\" cellspacing=\"0\" cellpadding=\"0\">\n<tbody>\n<tr style=\"height: 17.60pt;\">\n<td class=\"et2\" style=\"height: 17.60pt; width: 110.80pt;\" width=\"110\" height=\"17\">Fabricante<\/td>\n<td class=\"et2\" style=\"width: 189.95pt;\" width=\"189\">Caramelos LeChao<\/td>\n<\/tr>\n<tr style=\"height: 18.00pt;\">\n<td class=\"et2\" style=\"height: 18.00pt;\" height=\"18\">Tipo de producto<\/td>\n<td class=\"et3\" style=\"width: 189.95pt;\" width=\"189\">Herramientas Caramelos de goma<\/td>\n<\/tr>\n<tr style=\"height: 18.00pt;\">\n<td class=\"et2\" style=\"height: 18.00pt;\" height=\"18\">Pruebe<\/td>\n<td class=\"et3\" style=\"width: 189.95pt;\" width=\"189\">Agridulce y resistente<\/td>\n<\/tr>\n<tr style=\"height: 17.60pt;\">\n<td class=\"et2\" style=\"height: 17.60pt;\" height=\"17\">Especificaci\u00f3n<\/td>\n<td class=\"et2\">20gx24x12cajas<\/td>\n<\/tr>\n<tr style=\"height: 17.60pt;\">\n<td class=\"et2\" style=\"height: 17.60pt;\" height=\"17\">Tama\u00f1o de la caja<\/td>\n<td class=\"et2\">39,3\u00d731,6x21cm<\/td>\n<\/tr>\n<tr style=\"height: 17.60pt;\">\n<td class=\"et2\" style=\"height: 17.60pt;\" height=\"17\">N.W.\/Cart\u00f3n<\/td>\n<td class=\"et2\">8.0kg<\/td>\n<\/tr>\n<tr style=\"height: 17.60pt;\">\n<td class=\"et2\" style=\"height: 17.60pt;\" height=\"17\">Precio<\/td>\n<td class=\"et2\">19,3USD<\/td>\n<\/tr>\n<tr style=\"height: 17.60pt;\">\n<td class=\"et2\" style=\"height: 17.60pt;\" height=\"17\">MOQ<\/td>\n<td class=\"et2\">500CTNS<\/td>\n<\/tr>\n<tr style=\"height: 17.60pt;\">\n<td class=\"et2\" style=\"height: 17.60pt;\" height=\"17\">Muestra<\/td>\n<td class=\"et2\">Disponible<\/td>\n<\/tr>\n<\/tbody>\n<\/table>\n<p>&nbsp;<\/p>\n<p>&nbsp;<\/p>\n<p>&nbsp;<\/p>","protected":false},"featured_media":2006,"comment_status":"open","ping_status":"closed","template":"","meta":{"_acf_changed":false},"product_brand":[],"product_cat":[19],"product_tag":[],"class_list":{"0":"post-2003","1":"product","2":"type-product","3":"status-publish","4":"has-post-thumbnail","6":"product_cat-wholesale-gummy-manufacturer","8":"first","9":"instock","10":"shipping-taxable","11":"product-type-simple"},"acf":[],"_links":{"self":[{"href":"https:\/\/www.lechaocandy.com\/es\/wp-json\/wp\/v2\/product\/2003","targetHints":{"allow":["GET"]}}],"collection":[{"href":"https:\/\/www.lechaocandy.com\/es\/wp-json\/wp\/v2\/product"}],"about":[{"href":"https:\/\/www.lechaocandy.com\/es\/wp-json\/wp\/v2\/types\/product"}],"replies":[{"embeddable":true,"href":"https:\/\/www.lechaocandy.com\/es\/wp-json\/wp\/v2\/comments?post=2003"}],"wp:featuredmedia":[{"embeddable":true,"href":"https:\/\/www.lechaocandy.com\/es\/wp-json\/wp\/v2\/media\/2006"}],"wp:attachment":[{"href":"https:\/\/www.lechaocandy.com\/es\/wp-json\/wp\/v2\/media?parent=2003"}],"wp:term":[{"taxonomy":"product_brand","embeddable":true,"href":"https:\/\/www.lechaocandy.com\/es\/wp-json\/wp\/v2\/product_brand?post=2003"},{"taxonomy":"product_cat","embeddable":true,"href":"https:\/\/www.lechaocandy.com\/es\/wp-json\/wp\/v2\/product_cat?post=2003"},{"taxonomy":"product_tag","embeddable":true,"href":"https:\/\/www.lechaocandy.com\/es\/wp-json\/wp\/v2\/product_tag?post=2003"}],"curies":[{"name":"wp","href":"https:\/\/api.w.org\/{rel}","templated":true}]}}