{"id":2015,"date":"2025-10-16T06:59:00","date_gmt":"2025-10-16T06:59:00","guid":{"rendered":"https:\/\/www.lechaocandy.com\/?post_type=product&#038;p=2015"},"modified":"2025-10-16T07:28:38","modified_gmt":"2025-10-16T07:28:38","slug":"sour-candy-mix-bulk","status":"publish","type":"product","link":"https:\/\/www.lechaocandy.com\/es\/producto\/sour-candy-mix-bulk\/","title":{"rendered":"Mezcla de Caramelos Acidos Masticables con Frutas al por mayor, Gominolas LeChao al por mayor"},"content":{"rendered":"<div class=\"wp-block-columns is-layout-flex wp-container-core-columns-is-layout-9d6595d7 wp-block-columns-is-layout-flex\"><div class=\"wp-block-column is-layout-flow wp-block-column-is-layout-flow\"><h2 class=\"wp-block-heading\">Aspectos destacados de los caramelos de goma de cangrejo y pez a granel<\/h2>\n\n<ul class=\"wp-block-list\"><li><strong>Cuatro sabores de frutas:<\/strong> Esta suave mezcla de caramelos \u00e1cidos a granel presenta cuatro nost\u00e1lgicos sabores frutales: manzana, fresa, uva y naranja. Mimando sus papilas gustativas con sus sabores agridulces todos los sabores son ricos e intensos.<\/li>\n\n<li><strong>Envasados individualmente para mayor comodidad e higiene: <\/strong>Cada sabor de caramelos de goma \u00e1cidos al por mayor se envasa individualmente en un peque\u00f1o rollo, por lo que son f\u00e1ciles de transportar y compartir, mejorando enormemente la comodidad de la venta al por menor.<\/li>\n\n<li><strong>Venta al por mayor a granel para una exposici\u00f3n sin complicaciones: <\/strong>Esta mezcla de caramelo \u00e1cido blando a granel se envasa en barriles de gran capacidad, lo que garantiza un suministro suficiente. El resistente envase facilita su transporte.<\/li>\n\n<li><strong>Venta al por mayor basada en fuentes para obtener ventas rentables: <\/strong>Como fuente de f\u00e1brica, ofrecemos precios competitivos para la venta al por mayor de caramelos de goma \u00e1cidos, dejando amplios m\u00e1rgenes de beneficio para los minoristas. <\/li>\n\n<li><strong>Garant\u00eda de marca, calidad estable: <\/strong>La marca \"LeChao\" garantiza que nuestra mezcla masticable de caramelo \u00e1cido a granel est\u00e1 fabricada con materias primas de alta calidad para asegurar que cada lote de productos mantiene una alta calidad con una textura suave y masticable y un sabor estable.<\/li><\/ul><\/div>\n\n<div class=\"wp-block-column is-layout-flow wp-block-column-is-layout-flow\"><figure class=\"wp-block-image size-full\"><img decoding=\"async\" width=\"800\" height=\"800\" src=\"https:\/\/www.lechaocandy.com\/wp-content\/uploads\/2025\/10\/Fruity-Chewy-Sour-Candy-Mix-Bulk-LeChao-Gummies-Wholesale-3.webp\" alt=\"Caramelos \u00e1cidos masticables con sabor a fruta a granel, Gominolas LeChao al por mayor-3\" class=\"wp-image-2018\" srcset=\"https:\/\/www.lechaocandy.com\/wp-content\/uploads\/2025\/10\/Fruity-Chewy-Sour-Candy-Mix-Bulk-LeChao-Gummies-Wholesale-3.webp 800w, https:\/\/www.lechaocandy.com\/wp-content\/uploads\/2025\/10\/Fruity-Chewy-Sour-Candy-Mix-Bulk-LeChao-Gummies-Wholesale-3-300x300.webp 300w, https:\/\/www.lechaocandy.com\/wp-content\/uploads\/2025\/10\/Fruity-Chewy-Sour-Candy-Mix-Bulk-LeChao-Gummies-Wholesale-3-150x150.webp 150w, https:\/\/www.lechaocandy.com\/wp-content\/uploads\/2025\/10\/Fruity-Chewy-Sour-Candy-Mix-Bulk-LeChao-Gummies-Wholesale-3-768x768.webp 768w, https:\/\/www.lechaocandy.com\/wp-content\/uploads\/2025\/10\/Fruity-Chewy-Sour-Candy-Mix-Bulk-LeChao-Gummies-Wholesale-3-12x12.webp 12w, https:\/\/www.lechaocandy.com\/wp-content\/uploads\/2025\/10\/Fruity-Chewy-Sour-Candy-Mix-Bulk-LeChao-Gummies-Wholesale-3-600x600.webp 600w, https:\/\/www.lechaocandy.com\/wp-content\/uploads\/2025\/10\/Fruity-Chewy-Sour-Candy-Mix-Bulk-LeChao-Gummies-Wholesale-3-100x100.webp 100w\" sizes=\"(max-width: 800px) 100vw, 800px\" \/><\/figure><\/div><\/div>","protected":false},"excerpt":{"rendered":"<p>Bienvenido a pedir caramelos de goma \u00e1cidos al por mayor. Nuestra mezcla de caramelos \u00e1cidos masticables al por mayor cuenta con cuatro excitantes sabores de frutas: manzana, fresa, uva y naranja. Cada gominola tiene un sabor dulce y \u00e1cido y una textura masticable. Envueltas individualmente, perfectas para tiendas de caramelos o tiendas de conveniencia.<\/p>\n<table style=\"border-collapse: collapse; width: 300.02pt;\" border=\"0\" width=\"300\" cellspacing=\"0\" cellpadding=\"0\">\n<tbody>\n<tr style=\"height: 17.60pt;\">\n<td class=\"et2\" style=\"height: 17.60pt; width: 110.80pt;\" width=\"110\" height=\"17\">Fabricante<\/td>\n<td class=\"et2\" style=\"width: 189.95pt;\" width=\"189\">Caramelos LeChao<\/td>\n<\/tr>\n<tr style=\"height: 18.00pt;\">\n<td class=\"et2\" style=\"height: 18.00pt;\" height=\"18\">Tipo de producto<\/td>\n<td class=\"et3\" style=\"width: 189.95pt;\" width=\"189\">Caramelos blandos de frutas variadas<\/td>\n<\/tr>\n<tr style=\"height: 18.00pt;\">\n<td class=\"et2\" style=\"height: 18.00pt;\" height=\"18\">Pruebe<\/td>\n<td class=\"et3\" style=\"width: 189.95pt;\" width=\"189\">Agridulce y resistente<\/td>\n<\/tr>\n<tr style=\"height: 17.60pt;\">\n<td class=\"et2\" style=\"height: 17.60pt;\" height=\"17\">Especificaci\u00f3n<\/td>\n<td class=\"et2\">20gx30rollosx24tarros<\/td>\n<\/tr>\n<tr style=\"height: 17.60pt;\">\n<td class=\"et2\" style=\"height: 17.60pt;\" height=\"17\">Tama\u00f1o de la caja<\/td>\n<td class=\"et2\">44*33*25cm<\/td>\n<\/tr>\n<tr style=\"height: 17.60pt;\">\n<td class=\"et2\" style=\"height: 17.60pt;\" height=\"17\">N.W.\/Cart\u00f3n<\/td>\n<td class=\"et2\">17.0kg<\/td>\n<\/tr>\n<tr style=\"height: 17.60pt;\">\n<td class=\"et2\" style=\"height: 17.60pt;\" height=\"17\">MOQ<\/td>\n<td class=\"et2\">500CTNS<\/td>\n<\/tr>\n<tr style=\"height: 17.60pt;\">\n<td class=\"et2\" style=\"height: 17.60pt;\" height=\"17\">Muestra<\/td>\n<td class=\"et2\">Disponible<\/td>\n<\/tr>\n<\/tbody>\n<\/table>\n<p>&nbsp;<\/p>\n<p>&nbsp;<\/p>\n<p>&nbsp;<\/p>","protected":false},"featured_media":2019,"comment_status":"open","ping_status":"closed","template":"","meta":{"_acf_changed":false},"product_brand":[],"product_cat":[28,19],"product_tag":[],"class_list":{"0":"post-2015","1":"product","2":"type-product","3":"status-publish","4":"has-post-thumbnail","6":"product_cat-bulk-sour-gummies","7":"product_cat-wholesale-gummy-manufacturer","9":"first","10":"instock","11":"shipping-taxable","12":"product-type-simple"},"acf":[],"_links":{"self":[{"href":"https:\/\/www.lechaocandy.com\/es\/wp-json\/wp\/v2\/product\/2015","targetHints":{"allow":["GET"]}}],"collection":[{"href":"https:\/\/www.lechaocandy.com\/es\/wp-json\/wp\/v2\/product"}],"about":[{"href":"https:\/\/www.lechaocandy.com\/es\/wp-json\/wp\/v2\/types\/product"}],"replies":[{"embeddable":true,"href":"https:\/\/www.lechaocandy.com\/es\/wp-json\/wp\/v2\/comments?post=2015"}],"wp:featuredmedia":[{"embeddable":true,"href":"https:\/\/www.lechaocandy.com\/es\/wp-json\/wp\/v2\/media\/2019"}],"wp:attachment":[{"href":"https:\/\/www.lechaocandy.com\/es\/wp-json\/wp\/v2\/media?parent=2015"}],"wp:term":[{"taxonomy":"product_brand","embeddable":true,"href":"https:\/\/www.lechaocandy.com\/es\/wp-json\/wp\/v2\/product_brand?post=2015"},{"taxonomy":"product_cat","embeddable":true,"href":"https:\/\/www.lechaocandy.com\/es\/wp-json\/wp\/v2\/product_cat?post=2015"},{"taxonomy":"product_tag","embeddable":true,"href":"https:\/\/www.lechaocandy.com\/es\/wp-json\/wp\/v2\/product_tag?post=2015"}],"curies":[{"name":"wp","href":"https:\/\/api.w.org\/{rel}","templated":true}]}}