{"id":2038,"date":"2025-10-17T07:51:48","date_gmt":"2025-10-17T07:51:48","guid":{"rendered":"https:\/\/www.lechaocandy.com\/?post_type=product&#038;p=2038"},"modified":"2025-10-17T08:12:14","modified_gmt":"2025-10-17T08:12:14","slug":"licorice-bites-bulk","status":"publish","type":"product","link":"https:\/\/www.lechaocandy.com\/es\/producto\/licorice-bites-bulk\/","title":{"rendered":"Bocaditos de regaliz de colores a granel, Tubo de regaliz relleno al por mayor"},"content":{"rendered":"<div class=\"wp-block-columns is-layout-flex wp-container-core-columns-is-layout-9d6595d7 wp-block-columns-is-layout-flex\"><div class=\"wp-block-column is-layout-flow wp-block-column-is-layout-flow\"><h2 class=\"wp-block-heading\">Puntos fuertes del regaliz a granel<\/h2>\n\n<ul class=\"wp-block-list\"><li><strong>Sabor agridulce afrutado: <\/strong>Nuestros bocados de regaliz a granel ofrecen una experiencia gustativa \u00fanica con un sabor agridulce afrutado, perfecto para quienes aprecian los sabores novedosos y la variedad.<\/li>\n\n<li><strong>Aspecto colorido:<\/strong> Estos tubos de regaliz \u00e1cido al por mayor vienen en una variedad de colores vivos, creando un atractivo visual vibrante y convirti\u00e9ndolos en una opci\u00f3n ideal para fiestas y festivales.<\/li>\n\n<li><strong>Directo de f\u00e1brica desde Lechao: <\/strong>Nuestros regalices a granel se fabrican y env\u00edan directamente desde la f\u00e1brica, lo que garantiza la calidad del producto y la transparencia de los precios para ofrecer a los clientes un precio m\u00e1s competitivo.<\/li>\n\n<li><strong>Opciones de envasado flexible: <\/strong>Nuestros tubos de regaliz \u00e1cido al por mayor est\u00e1n disponibles con infinitas opciones de envasado, como bolsas, tarros, latas, botellas y cartones, y pueden envasarse a medida para satisfacer las necesidades del mercado y de los minoristas.<\/li>\n\n<li><strong>Entrega r\u00e1pida: <\/strong>Prometemos una entrega r\u00e1pida de nuestros caramelos de regaliz a granel en un plazo de 20-30 d\u00edas para garantizar un suministro puntual, satisfacer las necesidades de su mercado y evitar los pedidos pendientes, la escasez y los retrasos en el inventario.<\/li><\/ul><\/div>\n\n<div class=\"wp-block-column is-layout-flow wp-block-column-is-layout-flow\"><figure class=\"wp-block-image size-full\"><img decoding=\"async\" width=\"800\" height=\"800\" src=\"https:\/\/www.lechaocandy.com\/wp-content\/uploads\/2025\/10\/Colorful-Licorice-Bites-Bulk-Filled-Licorice-Tube-Wholesale-5.webp\" alt=\"Bocaditos de Regaliz de Colores a Granel, Tubo de Regaliz Relleno al por Mayor-5\" class=\"wp-image-2043\" srcset=\"https:\/\/www.lechaocandy.com\/wp-content\/uploads\/2025\/10\/Colorful-Licorice-Bites-Bulk-Filled-Licorice-Tube-Wholesale-5.webp 800w, https:\/\/www.lechaocandy.com\/wp-content\/uploads\/2025\/10\/Colorful-Licorice-Bites-Bulk-Filled-Licorice-Tube-Wholesale-5-300x300.webp 300w, https:\/\/www.lechaocandy.com\/wp-content\/uploads\/2025\/10\/Colorful-Licorice-Bites-Bulk-Filled-Licorice-Tube-Wholesale-5-150x150.webp 150w, https:\/\/www.lechaocandy.com\/wp-content\/uploads\/2025\/10\/Colorful-Licorice-Bites-Bulk-Filled-Licorice-Tube-Wholesale-5-768x768.webp 768w, https:\/\/www.lechaocandy.com\/wp-content\/uploads\/2025\/10\/Colorful-Licorice-Bites-Bulk-Filled-Licorice-Tube-Wholesale-5-12x12.webp 12w, https:\/\/www.lechaocandy.com\/wp-content\/uploads\/2025\/10\/Colorful-Licorice-Bites-Bulk-Filled-Licorice-Tube-Wholesale-5-600x600.webp 600w, https:\/\/www.lechaocandy.com\/wp-content\/uploads\/2025\/10\/Colorful-Licorice-Bites-Bulk-Filled-Licorice-Tube-Wholesale-5-100x100.webp 100w\" sizes=\"(max-width: 800px) 100vw, 800px\" \/><\/figure><\/div><\/div>","protected":false},"excerpt":{"rendered":"<p>Bienvenido a comprar regaliz en trocitos al por mayor. Nuestros coloridos tubos de regaliz agrio al por mayor tienen un aspecto atractivo y un sabor \u00fanico. Suministro directo de f\u00e1brica y apoyar las opciones de embalaje personalizado, entrega r\u00e1pida en 20-30 d\u00edas, haci\u00e9ndolos la mejor opci\u00f3n para compras al por mayor.<\/p>\n<table style=\"border-collapse: collapse; width: 300.02pt;\" border=\"0\" width=\"300\" cellspacing=\"0\" cellpadding=\"0\">\n<tbody>\n<tr style=\"height: 17.60pt;\">\n<td class=\"et2\" style=\"height: 17.60pt; width: 110.80pt;\" width=\"110\" height=\"17\">Fabricante<\/td>\n<td class=\"et2\" style=\"width: 189.95pt;\" width=\"189\">Caramelos LeChao<\/td>\n<\/tr>\n<tr style=\"height: 18.00pt;\">\n<td class=\"et2\" style=\"height: 18.00pt;\" height=\"18\">Tipo de producto<\/td>\n<td class=\"et3\" style=\"width: 189.95pt;\" width=\"189\">Tiras de regaliz rellenas<\/td>\n<\/tr>\n<tr style=\"height: 18.00pt;\">\n<td class=\"et2\" style=\"height: 18.00pt;\" height=\"18\">Pruebe<\/td>\n<td class=\"et3\" style=\"width: 189.95pt;\" width=\"189\">Agridulce y resistente<\/td>\n<\/tr>\n<tr style=\"height: 17.60pt;\">\n<td class=\"et2\" style=\"height: 17.60pt;\" height=\"17\">MOQ<\/td>\n<td class=\"et2\">500CTNS<\/td>\n<\/tr>\n<tr style=\"height: 17.60pt;\">\n<td class=\"et2\" style=\"height: 17.60pt;\" height=\"17\">Muestra<\/td>\n<td class=\"et2\">Disponible<\/td>\n<\/tr>\n<\/tbody>\n<\/table>\n<p>&nbsp;<\/p>\n<p>&nbsp;<\/p>\n<p>&nbsp;<\/p>","protected":false},"featured_media":2042,"comment_status":"open","ping_status":"closed","template":"","meta":{"_acf_changed":false},"product_brand":[],"product_cat":[20],"product_tag":[30],"class_list":{"0":"post-2038","1":"product","2":"type-product","3":"status-publish","4":"has-post-thumbnail","6":"product_cat-bulk-licorice-candy","7":"product_tag-bulk-candies-collection","9":"first","10":"instock","11":"shipping-taxable","12":"product-type-simple"},"acf":[],"_links":{"self":[{"href":"https:\/\/www.lechaocandy.com\/es\/wp-json\/wp\/v2\/product\/2038","targetHints":{"allow":["GET"]}}],"collection":[{"href":"https:\/\/www.lechaocandy.com\/es\/wp-json\/wp\/v2\/product"}],"about":[{"href":"https:\/\/www.lechaocandy.com\/es\/wp-json\/wp\/v2\/types\/product"}],"replies":[{"embeddable":true,"href":"https:\/\/www.lechaocandy.com\/es\/wp-json\/wp\/v2\/comments?post=2038"}],"wp:featuredmedia":[{"embeddable":true,"href":"https:\/\/www.lechaocandy.com\/es\/wp-json\/wp\/v2\/media\/2042"}],"wp:attachment":[{"href":"https:\/\/www.lechaocandy.com\/es\/wp-json\/wp\/v2\/media?parent=2038"}],"wp:term":[{"taxonomy":"product_brand","embeddable":true,"href":"https:\/\/www.lechaocandy.com\/es\/wp-json\/wp\/v2\/product_brand?post=2038"},{"taxonomy":"product_cat","embeddable":true,"href":"https:\/\/www.lechaocandy.com\/es\/wp-json\/wp\/v2\/product_cat?post=2038"},{"taxonomy":"product_tag","embeddable":true,"href":"https:\/\/www.lechaocandy.com\/es\/wp-json\/wp\/v2\/product_tag?post=2038"}],"curies":[{"name":"wp","href":"https:\/\/api.w.org\/{rel}","templated":true}]}}