{"id":2084,"date":"2025-10-21T03:58:47","date_gmt":"2025-10-21T03:58:47","guid":{"rendered":"https:\/\/www.lechaocandy.com\/?post_type=product&#038;p=2084"},"modified":"2025-10-21T04:08:13","modified_gmt":"2025-10-21T04:08:13","slug":"sour-belts-wholesale","status":"publish","type":"product","link":"https:\/\/www.lechaocandy.com\/es\/producto\/sour-belts-wholesale\/","title":{"rendered":"LeChao Cintas Agrias al por mayor, Caramelos de goma agrios de colores a granel"},"content":{"rendered":"<div class=\"wp-block-columns is-layout-flex wp-container-core-columns-is-layout-9d6595d7 wp-block-columns-is-layout-flex\"><div class=\"wp-block-column is-layout-flow wp-block-column-is-layout-flow\"><h2 class=\"wp-block-heading\">Productos destacados de Cinturones agrios al por mayor<\/h2>\n\n<ul class=\"wp-block-list\"><li><strong>Sabor agridulce: <\/strong>Nuestros cinturones agrios al por mayor tienen una combinaci\u00f3n de sabor agridulce, que atrae a los diferentes gustos de los consumidores para una experiencia de aperitivo agradable.<\/li>\n\n<li><strong>Ricos colores: <\/strong>Estos cinturones agrios al por mayor tienen colores brillantes empaquetados para una apariencia visualmente agradable para captar los ojos de los clientes.<\/li>\n\n<li><strong>Suministro al por mayor: <\/strong>Ofrecemos compras al por mayor de correas agrias, con precios competitivos para minoristas, compradores al por mayor y distribuidores.<\/li>\n\n<li><strong>Producci\u00f3n de alta calidad: <\/strong>Nuestros caramelos de goma \u00e1cidos al por mayor se fabrican con ingredientes de primera calidad y se elaboran rigurosamente para garantizar un sabor y una calidad constantes.<\/li>\n\n<li><strong>Embalaje personalizado: <\/strong>Nuestros cinturones agrios al por mayor se pueden empaquetar especialmente para adaptarse a cualquier necesidad de empaquetado personalizado, lo que a\u00f1ade atractivo a su marca.<\/li><\/ul><\/div>\n\n<div class=\"wp-block-column is-layout-flow wp-block-column-is-layout-flow\"><figure class=\"wp-block-image size-full\"><img decoding=\"async\" width=\"800\" height=\"800\" src=\"https:\/\/www.lechaocandy.com\/wp-content\/uploads\/2025\/10\/LeChao-Sour-Belts-Wholesale-Colorful-Sour-Gummy-Candy-Bulk-2.webp\" alt=\"LeChao Cintas Agrias al por mayor, Caramelos de goma agrios de colores a granel-2\" class=\"wp-image-2086\" srcset=\"https:\/\/www.lechaocandy.com\/wp-content\/uploads\/2025\/10\/LeChao-Sour-Belts-Wholesale-Colorful-Sour-Gummy-Candy-Bulk-2.webp 800w, https:\/\/www.lechaocandy.com\/wp-content\/uploads\/2025\/10\/LeChao-Sour-Belts-Wholesale-Colorful-Sour-Gummy-Candy-Bulk-2-300x300.webp 300w, https:\/\/www.lechaocandy.com\/wp-content\/uploads\/2025\/10\/LeChao-Sour-Belts-Wholesale-Colorful-Sour-Gummy-Candy-Bulk-2-150x150.webp 150w, https:\/\/www.lechaocandy.com\/wp-content\/uploads\/2025\/10\/LeChao-Sour-Belts-Wholesale-Colorful-Sour-Gummy-Candy-Bulk-2-768x768.webp 768w, https:\/\/www.lechaocandy.com\/wp-content\/uploads\/2025\/10\/LeChao-Sour-Belts-Wholesale-Colorful-Sour-Gummy-Candy-Bulk-2-12x12.webp 12w, https:\/\/www.lechaocandy.com\/wp-content\/uploads\/2025\/10\/LeChao-Sour-Belts-Wholesale-Colorful-Sour-Gummy-Candy-Bulk-2-600x600.webp 600w, https:\/\/www.lechaocandy.com\/wp-content\/uploads\/2025\/10\/LeChao-Sour-Belts-Wholesale-Colorful-Sour-Gummy-Candy-Bulk-2-100x100.webp 100w\" sizes=\"(max-width: 800px) 100vw, 800px\" \/><\/figure><\/div><\/div>","protected":false},"excerpt":{"rendered":"<p>Bienvenido a comprar caramelos de goma \u00e1cidos al por mayor. Las gominolas \u00e1cidas arco iris al por mayor de LeChao ofrecen deliciosos sabores agridulces, as\u00ed como una textura masticable. Estos factores hacen de estos caramelos una golosina ideal para todo el mundo.<\/p>\n<table style=\"border-collapse: collapse; width: 300.02pt;\" border=\"0\" width=\"300\" cellspacing=\"0\" cellpadding=\"0\">\n<tbody>\n<tr style=\"height: 17.60pt;\">\n<td class=\"et2\" style=\"height: 17.60pt; width: 110.80pt;\" width=\"110\" height=\"17\">Fabricante<\/td>\n<td class=\"et2\" style=\"width: 189.95pt;\" width=\"189\">Caramelos LeChao<\/td>\n<\/tr>\n<tr style=\"height: 18.00pt;\">\n<td class=\"et2\" style=\"height: 18.00pt;\" height=\"18\">Tipo de producto<\/td>\n<td class=\"et3\" style=\"width: 189.95pt;\" width=\"189\">Cinturones agrios de regaliz<\/td>\n<\/tr>\n<tr style=\"height: 18.00pt;\">\n<td class=\"et2\" style=\"height: 18.00pt;\" height=\"18\">Pruebe<\/td>\n<td class=\"et3\" style=\"width: 189.95pt;\" width=\"189\">Agridulce y resistente<\/td>\n<\/tr>\n<tr style=\"height: 17.60pt;\">\n<td class=\"et2\" style=\"height: 17.60pt;\" height=\"17\">MOQ<\/td>\n<td class=\"et2\">500CTNS<\/td>\n<\/tr>\n<tr style=\"height: 17.60pt;\">\n<td class=\"et2\" style=\"height: 17.60pt;\" height=\"17\">Muestra<\/td>\n<td class=\"et2\">Disponible<\/td>\n<\/tr>\n<\/tbody>\n<\/table>\n<p>&nbsp;<\/p>\n<p>&nbsp;<\/p>\n<p>&nbsp;<\/p>","protected":false},"featured_media":2085,"comment_status":"open","ping_status":"closed","template":"","meta":{"_acf_changed":false},"product_brand":[],"product_cat":[20],"product_tag":[30],"class_list":{"0":"post-2084","1":"product","2":"type-product","3":"status-publish","4":"has-post-thumbnail","6":"product_cat-bulk-licorice-candy","7":"product_tag-bulk-candies-collection","9":"first","10":"instock","11":"shipping-taxable","12":"product-type-simple"},"acf":[],"_links":{"self":[{"href":"https:\/\/www.lechaocandy.com\/es\/wp-json\/wp\/v2\/product\/2084","targetHints":{"allow":["GET"]}}],"collection":[{"href":"https:\/\/www.lechaocandy.com\/es\/wp-json\/wp\/v2\/product"}],"about":[{"href":"https:\/\/www.lechaocandy.com\/es\/wp-json\/wp\/v2\/types\/product"}],"replies":[{"embeddable":true,"href":"https:\/\/www.lechaocandy.com\/es\/wp-json\/wp\/v2\/comments?post=2084"}],"wp:featuredmedia":[{"embeddable":true,"href":"https:\/\/www.lechaocandy.com\/es\/wp-json\/wp\/v2\/media\/2085"}],"wp:attachment":[{"href":"https:\/\/www.lechaocandy.com\/es\/wp-json\/wp\/v2\/media?parent=2084"}],"wp:term":[{"taxonomy":"product_brand","embeddable":true,"href":"https:\/\/www.lechaocandy.com\/es\/wp-json\/wp\/v2\/product_brand?post=2084"},{"taxonomy":"product_cat","embeddable":true,"href":"https:\/\/www.lechaocandy.com\/es\/wp-json\/wp\/v2\/product_cat?post=2084"},{"taxonomy":"product_tag","embeddable":true,"href":"https:\/\/www.lechaocandy.com\/es\/wp-json\/wp\/v2\/product_tag?post=2084"}],"curies":[{"name":"wp","href":"https:\/\/api.w.org\/{rel}","templated":true}]}}