{"id":2112,"date":"2025-10-28T08:27:43","date_gmt":"2025-10-28T08:27:43","guid":{"rendered":"https:\/\/www.lechaocandy.com\/?post_type=product&#038;p=2112"},"modified":"2025-10-28T08:54:25","modified_gmt":"2025-10-28T08:54:25","slug":"gummy-butterflies-bulk","status":"publish","type":"product","link":"https:\/\/www.lechaocandy.com\/es\/producto\/gummy-butterflies-bulk\/","title":{"rendered":"Mariposas de goma sabor fruta al por mayor, caramelos blandos al por mayor"},"content":{"rendered":"<div class=\"wp-block-columns is-layout-flex wp-container-core-columns-is-layout-9d6595d7 wp-block-columns-is-layout-flex\"><div class=\"wp-block-column is-layout-flow wp-block-column-is-layout-flow\"><h2 class=\"wp-block-heading\">Productos destacados de Gummy Butterflies Bulk<\/h2>\n\n<ul class=\"wp-block-list\"><li><strong>Bonito y llamativo: <\/strong>La simp\u00e1tica forma y la brillante combinaci\u00f3n de colores de todas las mariposas de gominola a granel llamar\u00e1n la atenci\u00f3n de ni\u00f1os y j\u00f3venes por igual y atraer\u00e1n su deseo de comprar cuando est\u00e9n en la tienda o en fiestas.<\/li>\n\n<li><strong>Varios sabores, diversas opciones: <\/strong>Nuestros caramelos de goma al por mayor vienen con una selecci\u00f3n cl\u00e1sica de opciones de sabores de frutas favoritas (fresa, naranja, lim\u00f3n, etc.). Esto significa que nuestras mariposas de goma vienen con una textura de caramelo suave y masticable que es agradable para todos los gustos y deliciosa con cada masticaci\u00f3n.<\/li>\n\n<li><strong>Embalaje a granel, Super Value: <\/strong>Nuestras mariposas de gominola a granel se presentan en envases de mayor volumen, lo que reduce significativamente el coste por pieza y permite a los minoristas de caramelos, organizadores de eventos y grupos escolares ofrecer precios competitivos.<\/li>\n\n<li><strong>Amplias aplicaciones: <\/strong>Nuestros caramelos de goma al por mayor no s\u00f3lo son adecuados para la merienda diaria, sino que tambi\u00e9n son perfectos para decorar y embellecer fiestas de cumplea\u00f1os, mesas de postres de bodas, celebraciones festivas y extravagantes temas de personajes de dibujos animados, proporcionando f\u00e1cilmente un ambiente festivo.<\/li>\n\n<li><strong>Garant\u00eda de calidad, cooperaci\u00f3n flexible: <\/strong>LeChao mantiene estrictos controles con est\u00e1ndares de producci\u00f3n para crear consistencia en la calidad de nuestras mariposas de goma a granel. Tambi\u00e9n apoyamos OEM y compras a granel, con m\u00e9todos flexibles de acuerdo a sus necesidades.<\/li><\/ul><\/div>\n\n<div class=\"wp-block-column is-layout-flow wp-block-column-is-layout-flow\"><figure class=\"wp-block-image size-full\"><img decoding=\"async\" width=\"800\" height=\"800\" src=\"https:\/\/www.lechaocandy.com\/wp-content\/uploads\/2025\/10\/Fruit-Flavor-Gummy-Butterflies-Bulk-Wholesale-Soft-Candies-3.webp\" alt=\"Mariposas de goma sabor fruta al por mayor, caramelos blandos al por mayor-3\" class=\"wp-image-2115\" srcset=\"https:\/\/www.lechaocandy.com\/wp-content\/uploads\/2025\/10\/Fruit-Flavor-Gummy-Butterflies-Bulk-Wholesale-Soft-Candies-3.webp 800w, https:\/\/www.lechaocandy.com\/wp-content\/uploads\/2025\/10\/Fruit-Flavor-Gummy-Butterflies-Bulk-Wholesale-Soft-Candies-3-300x300.webp 300w, https:\/\/www.lechaocandy.com\/wp-content\/uploads\/2025\/10\/Fruit-Flavor-Gummy-Butterflies-Bulk-Wholesale-Soft-Candies-3-150x150.webp 150w, https:\/\/www.lechaocandy.com\/wp-content\/uploads\/2025\/10\/Fruit-Flavor-Gummy-Butterflies-Bulk-Wholesale-Soft-Candies-3-768x768.webp 768w, https:\/\/www.lechaocandy.com\/wp-content\/uploads\/2025\/10\/Fruit-Flavor-Gummy-Butterflies-Bulk-Wholesale-Soft-Candies-3-12x12.webp 12w, https:\/\/www.lechaocandy.com\/wp-content\/uploads\/2025\/10\/Fruit-Flavor-Gummy-Butterflies-Bulk-Wholesale-Soft-Candies-3-600x600.webp 600w, https:\/\/www.lechaocandy.com\/wp-content\/uploads\/2025\/10\/Fruit-Flavor-Gummy-Butterflies-Bulk-Wholesale-Soft-Candies-3-100x100.webp 100w\" sizes=\"(max-width: 800px) 100vw, 800px\" \/><\/figure><\/div><\/div>","protected":false},"excerpt":{"rendered":"<p>Bienvenido a comprar mariposas de goma al por mayor. Estos caramelos de goma al por mayor son lindos, coloridos, en forma de mariposa, y son caramelos suaves y masticables con una variedad de sabores de frutas mixtas.<\/p>\n<table style=\"border-collapse: collapse; width: 300.02pt;\" border=\"0\" width=\"300\" cellspacing=\"0\" cellpadding=\"0\">\n<tbody>\n<tr style=\"height: 17.60pt;\">\n<td class=\"et2\" style=\"height: 17.60pt; width: 110.80pt;\" width=\"110\" height=\"17\">Fabricante<\/td>\n<td class=\"et2\" style=\"width: 189.95pt;\" width=\"189\">Caramelos LeChao<\/td>\n<\/tr>\n<tr style=\"height: 18.00pt;\">\n<td class=\"et2\" style=\"height: 18.00pt;\" height=\"18\">Tipo de producto<\/td>\n<td class=\"et3\" style=\"width: 189.95pt;\" width=\"189\">Caramelos de goma Mariposa<\/td>\n<\/tr>\n<tr style=\"height: 18.00pt;\">\n<td class=\"et2\" style=\"height: 18.00pt;\" height=\"18\">Pruebe<\/td>\n<td class=\"et3\" style=\"width: 189.95pt;\" width=\"189\">Agridulce y resistente<\/td>\n<\/tr>\n<tr style=\"height: 17.60pt;\">\n<td class=\"et2\" style=\"height: 17.60pt;\" height=\"17\">Especificaci\u00f3n<\/td>\n<td class=\"et2\">25gx12csx20cajas<\/td>\n<\/tr>\n<tr style=\"height: 17.60pt;\">\n<td class=\"et2\" style=\"height: 17.60pt;\" height=\"17\">Tama\u00f1o de la caja<\/td>\n<td class=\"et2\">53*26*34cm<\/td>\n<\/tr>\n<tr style=\"height: 17.60pt;\">\n<td class=\"et2\" style=\"height: 17.60pt;\" height=\"17\">N.W.\/Cart\u00f3n<\/td>\n<td class=\"et2\">8.0kg<\/td>\n<\/tr>\n<tr style=\"height: 17.60pt;\">\n<td class=\"et2\" style=\"height: 17.60pt;\" height=\"17\">Precio<\/td>\n<td class=\"et2\">28,8USD<\/td>\n<\/tr>\n<tr style=\"height: 17.60pt;\">\n<td class=\"et2\" style=\"height: 17.60pt;\" height=\"17\">MOQ<\/td>\n<td class=\"et2\">500CTNS<\/td>\n<\/tr>\n<tr style=\"height: 17.60pt;\">\n<td class=\"et2\" style=\"height: 17.60pt;\" height=\"17\">Muestra<\/td>\n<td class=\"et2\">Disponible<\/td>\n<\/tr>\n<\/tbody>\n<\/table>\n<p>&nbsp;<\/p>\n<p>&nbsp;<\/p>\n<p>&nbsp;<\/p>","protected":false},"featured_media":2116,"comment_status":"open","ping_status":"closed","template":"","meta":{"_acf_changed":false},"product_brand":[],"product_cat":[19],"product_tag":[],"class_list":{"0":"post-2112","1":"product","2":"type-product","3":"status-publish","4":"has-post-thumbnail","6":"product_cat-wholesale-gummy-manufacturer","8":"first","9":"instock","10":"shipping-taxable","11":"product-type-simple"},"acf":[],"_links":{"self":[{"href":"https:\/\/www.lechaocandy.com\/es\/wp-json\/wp\/v2\/product\/2112","targetHints":{"allow":["GET"]}}],"collection":[{"href":"https:\/\/www.lechaocandy.com\/es\/wp-json\/wp\/v2\/product"}],"about":[{"href":"https:\/\/www.lechaocandy.com\/es\/wp-json\/wp\/v2\/types\/product"}],"replies":[{"embeddable":true,"href":"https:\/\/www.lechaocandy.com\/es\/wp-json\/wp\/v2\/comments?post=2112"}],"wp:featuredmedia":[{"embeddable":true,"href":"https:\/\/www.lechaocandy.com\/es\/wp-json\/wp\/v2\/media\/2116"}],"wp:attachment":[{"href":"https:\/\/www.lechaocandy.com\/es\/wp-json\/wp\/v2\/media?parent=2112"}],"wp:term":[{"taxonomy":"product_brand","embeddable":true,"href":"https:\/\/www.lechaocandy.com\/es\/wp-json\/wp\/v2\/product_brand?post=2112"},{"taxonomy":"product_cat","embeddable":true,"href":"https:\/\/www.lechaocandy.com\/es\/wp-json\/wp\/v2\/product_cat?post=2112"},{"taxonomy":"product_tag","embeddable":true,"href":"https:\/\/www.lechaocandy.com\/es\/wp-json\/wp\/v2\/product_tag?post=2112"}],"curies":[{"name":"wp","href":"https:\/\/api.w.org\/{rel}","templated":true}]}}