{"id":2124,"date":"2025-10-28T09:27:07","date_gmt":"2025-10-28T09:27:07","guid":{"rendered":"https:\/\/www.lechaocandy.com\/?post_type=product&#038;p=2124"},"modified":"2026-04-18T02:58:04","modified_gmt":"2026-04-18T02:58:04","slug":"bulk-buy-soft-sweets","status":"publish","type":"product","link":"https:\/\/www.lechaocandy.com\/es\/producto\/bulk-buy-soft-sweets\/","title":{"rendered":"Compra al por mayor caramelos blandos, Gominolas Pizza Burger Cola al por mayor"},"content":{"rendered":"<div class=\"wp-block-columns is-layout-flex wp-container-core-columns-is-layout-9d6595d7 wp-block-columns-is-layout-flex\"><div class=\"wp-block-column is-layout-flow wp-block-column-is-layout-flow\"><h2 class=\"wp-block-heading\">Productos destacados de Bulk Buy Caramelos blandos<\/h2>\n\n<ul class=\"wp-block-list\"><li><strong>Dise\u00f1os creativos y divertidos de comida r\u00e1pida: <\/strong>Nuestros caramelos blandos comprados al por mayor son caramelos de goma que han transformado art\u00edculos de comida r\u00e1pida como pizzas, hamburguesas y refrescos de cola en sabores de gominola que saben siempre muy dulces. Son dise\u00f1os divertidos y alegres, que llaman mucho la atenci\u00f3n.<\/li>\n\n<li><strong>Envasados individualmente para mayor comodidad e higiene: <\/strong>Nuestras gominolas al por mayor de pizza, hamburguesa y cola vienen como un \"combo de comida r\u00e1pida\" completo, lo que facilita su transporte, distribuci\u00f3n y venta higi\u00e9nica.<\/li>\n\n<li><strong>Textura suave, sabores coloridos:<\/strong> Estas gominolas al por mayor de pizza, hamburguesa y cola son blandas y masticables, con formas diferentes que corresponden a distintos sabores de fruta y una gran variedad de colores, lo que proporciona a los consumidores una experiencia gustativa divertida y agradable.<\/li>\n\n<li><strong>Envases personalizables para una imagen de marca \u00fanica: <\/strong>Ofrecemos personalizaci\u00f3n de envases OEM. Puede imprimir su logotipo y dise\u00f1o en sus caramelos blandos a granel para crear un producto \u00fanico y mejorar su imagen de marca.<\/li>\n\n<li><strong>Gran valor: <\/strong>Estamos especializados en la prestaci\u00f3n de servicios mayoristas de alta calidad para caramelos blandos a granel. Nuestras compras de gran volumen ofrecen precios competitivos, lo que nos convierte en la opci\u00f3n ideal para minoristas y distribuidores.<\/li><\/ul><\/div>\n\n<div class=\"wp-block-column is-layout-flow wp-block-column-is-layout-flow\"><figure class=\"wp-block-image size-full\"><img decoding=\"async\" width=\"800\" height=\"800\" src=\"https:\/\/www.lechaocandy.com\/wp-content\/uploads\/2025\/10\/Bulk-Buy-Soft-Sweets-Wholesale-Pizza-Burger-Cola-Gummies-4.webp\" alt=\"Comprar a granel caramelos blandos, al por mayor Pizza Burger Cola Gummies-4\" class=\"wp-image-2128\" srcset=\"https:\/\/www.lechaocandy.com\/wp-content\/uploads\/2025\/10\/Bulk-Buy-Soft-Sweets-Wholesale-Pizza-Burger-Cola-Gummies-4.webp 800w, https:\/\/www.lechaocandy.com\/wp-content\/uploads\/2025\/10\/Bulk-Buy-Soft-Sweets-Wholesale-Pizza-Burger-Cola-Gummies-4-300x300.webp 300w, https:\/\/www.lechaocandy.com\/wp-content\/uploads\/2025\/10\/Bulk-Buy-Soft-Sweets-Wholesale-Pizza-Burger-Cola-Gummies-4-150x150.webp 150w, https:\/\/www.lechaocandy.com\/wp-content\/uploads\/2025\/10\/Bulk-Buy-Soft-Sweets-Wholesale-Pizza-Burger-Cola-Gummies-4-768x768.webp 768w, https:\/\/www.lechaocandy.com\/wp-content\/uploads\/2025\/10\/Bulk-Buy-Soft-Sweets-Wholesale-Pizza-Burger-Cola-Gummies-4-12x12.webp 12w, https:\/\/www.lechaocandy.com\/wp-content\/uploads\/2025\/10\/Bulk-Buy-Soft-Sweets-Wholesale-Pizza-Burger-Cola-Gummies-4-600x600.webp 600w, https:\/\/www.lechaocandy.com\/wp-content\/uploads\/2025\/10\/Bulk-Buy-Soft-Sweets-Wholesale-Pizza-Burger-Cola-Gummies-4-100x100.webp 100w\" sizes=\"(max-width: 800px) 100vw, 800px\" \/><\/figure><\/div><\/div><figure class=\"wp-block-embed is-type-video is-provider-youtube wp-block-embed-youtube wp-embed-aspect-16-9 wp-has-aspect-ratio\"><div class=\"wp-block-embed__wrapper\">\n<iframe title=\"Vibrant Mini Gummy Pizzas for Wholesale, Lechao Candy Factory\" width=\"500\" height=\"281\" src=\"https:\/\/www.youtube.com\/embed\/V5tVTIIXzPA?feature=oembed\" frameborder=\"0\" allow=\"accelerometer; autoplay; clipboard-write; encrypted-media; gyroscope; picture-in-picture; web-share\" referrerpolicy=\"strict-origin-when-cross-origin\" allowfullscreen><\/iframe>\n<\/div><\/figure>","protected":false},"excerpt":{"rendered":"<p>Bienvenido a la venta al por mayor de caramelos blandos. Nuestras deliciosas gominolas al por mayor de pizza, hamburguesa y cola son muy blandas y masticables y vienen surtidas en varios sabores de frutas mezcladas. Disponemos de envases personalizados para sus caramelos blandos de marca.<\/p>\n<table style=\"border-collapse: collapse; width: 300.02pt;\" border=\"0\" width=\"300\" cellspacing=\"0\" cellpadding=\"0\">\n<tbody>\n<tr style=\"height: 17.60pt;\">\n<td class=\"et2\" style=\"height: 17.60pt; width: 110.80pt;\" width=\"110\" height=\"17\">Fabricante<\/td>\n<td class=\"et2\" style=\"width: 189.95pt;\" width=\"189\">Caramelos LeChao<\/td>\n<\/tr>\n<tr style=\"height: 18.00pt;\">\n<td class=\"et2\" style=\"height: 18.00pt;\" height=\"18\">Tipo de producto<\/td>\n<td class=\"et3\" style=\"width: 189.95pt;\" width=\"189\">Caramelos de goma Burger Cola<\/td>\n<\/tr>\n<tr style=\"height: 18.00pt;\">\n<td class=\"et2\" style=\"height: 18.00pt;\" height=\"18\">Pruebe<\/td>\n<td class=\"et3\" style=\"width: 189.95pt;\" width=\"189\">Agridulce y resistente<\/td>\n<\/tr>\n<tr style=\"height: 17.60pt;\">\n<td class=\"et2\" style=\"height: 17.60pt;\" height=\"17\">Especificaci\u00f3n<\/td>\n<td class=\"et2\">15gx24pcsx12cajas<\/td>\n<\/tr>\n<tr style=\"height: 17.60pt;\">\n<td class=\"et2\" style=\"height: 17.60pt;\" height=\"17\">Tama\u00f1o de la caja<\/td>\n<td class=\"et2\">39*29*26,5cm<\/td>\n<\/tr>\n<tr style=\"height: 17.60pt;\">\n<td class=\"et2\" style=\"height: 17.60pt;\" height=\"17\">N.W.\/Cart\u00f3n<\/td>\n<td class=\"et2\">8.0kg<\/td>\n<\/tr>\n<tr style=\"height: 17.60pt;\">\n<td class=\"et2\" style=\"height: 17.60pt;\" height=\"17\">Precio<\/td>\n<td class=\"et2\">19,6USD<\/td>\n<\/tr>\n<tr style=\"height: 17.60pt;\">\n<td class=\"et2\" style=\"height: 17.60pt;\" height=\"17\">MOQ<\/td>\n<td class=\"et2\">500CTNS<\/td>\n<\/tr>\n<tr style=\"height: 17.60pt;\">\n<td class=\"et2\" style=\"height: 17.60pt;\" height=\"17\">Muestra<\/td>\n<td class=\"et2\">Disponible<\/td>\n<\/tr>\n<\/tbody>\n<\/table>\n<p>&nbsp;<\/p>\n<p>&nbsp;<\/p>\n<p>&nbsp;<\/p>","protected":false},"featured_media":2126,"comment_status":"open","ping_status":"closed","template":"","meta":{"_acf_changed":false},"product_brand":[],"product_cat":[19],"product_tag":[],"class_list":{"0":"post-2124","1":"product","2":"type-product","3":"status-publish","4":"has-post-thumbnail","6":"product_cat-wholesale-gummy-manufacturer","8":"first","9":"instock","10":"shipping-taxable","11":"product-type-simple"},"acf":[],"_links":{"self":[{"href":"https:\/\/www.lechaocandy.com\/es\/wp-json\/wp\/v2\/product\/2124","targetHints":{"allow":["GET"]}}],"collection":[{"href":"https:\/\/www.lechaocandy.com\/es\/wp-json\/wp\/v2\/product"}],"about":[{"href":"https:\/\/www.lechaocandy.com\/es\/wp-json\/wp\/v2\/types\/product"}],"replies":[{"embeddable":true,"href":"https:\/\/www.lechaocandy.com\/es\/wp-json\/wp\/v2\/comments?post=2124"}],"wp:featuredmedia":[{"embeddable":true,"href":"https:\/\/www.lechaocandy.com\/es\/wp-json\/wp\/v2\/media\/2126"}],"wp:attachment":[{"href":"https:\/\/www.lechaocandy.com\/es\/wp-json\/wp\/v2\/media?parent=2124"}],"wp:term":[{"taxonomy":"product_brand","embeddable":true,"href":"https:\/\/www.lechaocandy.com\/es\/wp-json\/wp\/v2\/product_brand?post=2124"},{"taxonomy":"product_cat","embeddable":true,"href":"https:\/\/www.lechaocandy.com\/es\/wp-json\/wp\/v2\/product_cat?post=2124"},{"taxonomy":"product_tag","embeddable":true,"href":"https:\/\/www.lechaocandy.com\/es\/wp-json\/wp\/v2\/product_tag?post=2124"}],"curies":[{"name":"wp","href":"https:\/\/api.w.org\/{rel}","templated":true}]}}