{"id":2171,"date":"2025-11-04T07:53:54","date_gmt":"2025-11-04T07:53:54","guid":{"rendered":"https:\/\/www.lechaocandy.com\/?post_type=product&#038;p=2171"},"modified":"2025-11-04T08:06:25","modified_gmt":"2025-11-04T08:06:25","slug":"wholesale-marshmallows-gummy-candy","status":"publish","type":"product","link":"https:\/\/www.lechaocandy.com\/es\/producto\/wholesale-marshmallows-gummy-candy\/","title":{"rendered":"Combo de caramelos de goma y malvaviscos al por mayor con forma de perrito caliente"},"content":{"rendered":"<div class=\"wp-block-columns is-layout-flex wp-container-core-columns-is-layout-9d6595d7 wp-block-columns-is-layout-flex\"><div class=\"wp-block-column is-layout-flow wp-block-column-is-layout-flow\"><h2 class=\"wp-block-heading\">Productos destacados de Malvaviscos y caramelos de goma al por mayor<\/h2>\n\n<ul class=\"wp-block-list\"><li><strong>Creativa forma de perrito caliente, animada y divertida: <\/strong>Nuestro combo de malvaviscos y caramelos de goma al por mayor reproduce al m\u00e1ximo la forma de un perrito caliente mediante patrones en espiral y rellenos en capas, creando un dise\u00f1o novedoso y \u00fanico que combina la funcionalidad del snack con el atractivo visual.<\/li>\n\n<li><strong>Colores suaves y brillantes, llamativos: <\/strong>Nuestros caramelos blandos a granel presentan un dise\u00f1o de rayas en espiral en suaves tonos rosa, amarillo, verde y blanco, combinado con un relleno rojo y amarillo, creando una combinaci\u00f3n de colores rica y llamativa.<\/li>\n\n<li><strong>Dise\u00f1o en caja individual, higi\u00e9nico y port\u00e1til:<\/strong> Cada caja de este combo de malvaviscos y caramelos de goma al por mayor contiene dos perritos calientes. El envase transparente muestra claramente el aspecto del producto, lo que facilita su transporte, distribuci\u00f3n y almacenamiento.<\/li>\n\n<li><strong>Elaborado con ingredientes de primera calidad para un sabor intenso: <\/strong>Estos caramelos blandos a granel presentan una suave y esponjosa capa exterior de malvaviscos y una masticable capa interior de gominolas, ofreciendo una textura multicapa y un dulzor moderado para satisfacer las papilas gustativas de todas las edades.<\/li>\n\n<li><strong>Venta al por mayor y personalizaci\u00f3n disponibles, entrega r\u00e1pida: <\/strong>Nuestros combos de malvaviscos y caramelos de goma al por mayor son personalizables. Con un amplio stock, podemos responder r\u00e1pidamente a grandes pedidos.<\/li><\/ul><\/div>\n\n<div class=\"wp-block-column is-layout-flow wp-block-column-is-layout-flow\"><figure class=\"wp-block-image size-full\"><img decoding=\"async\" width=\"800\" height=\"800\" src=\"https:\/\/www.lechaocandy.com\/wp-content\/uploads\/2025\/11\/Hotdog-Shaped-Wholesale-Marshmallows-Gummy-Candy-6.webp\" alt=\"Malvaviscos y caramelos de goma al por mayor con forma de perrito caliente-6\" class=\"wp-image-2177\" srcset=\"https:\/\/www.lechaocandy.com\/wp-content\/uploads\/2025\/11\/Hotdog-Shaped-Wholesale-Marshmallows-Gummy-Candy-6.webp 800w, https:\/\/www.lechaocandy.com\/wp-content\/uploads\/2025\/11\/Hotdog-Shaped-Wholesale-Marshmallows-Gummy-Candy-6-300x300.webp 300w, https:\/\/www.lechaocandy.com\/wp-content\/uploads\/2025\/11\/Hotdog-Shaped-Wholesale-Marshmallows-Gummy-Candy-6-150x150.webp 150w, https:\/\/www.lechaocandy.com\/wp-content\/uploads\/2025\/11\/Hotdog-Shaped-Wholesale-Marshmallows-Gummy-Candy-6-768x768.webp 768w, https:\/\/www.lechaocandy.com\/wp-content\/uploads\/2025\/11\/Hotdog-Shaped-Wholesale-Marshmallows-Gummy-Candy-6-12x12.webp 12w, https:\/\/www.lechaocandy.com\/wp-content\/uploads\/2025\/11\/Hotdog-Shaped-Wholesale-Marshmallows-Gummy-Candy-6-600x600.webp 600w, https:\/\/www.lechaocandy.com\/wp-content\/uploads\/2025\/11\/Hotdog-Shaped-Wholesale-Marshmallows-Gummy-Candy-6-100x100.webp 100w\" sizes=\"(max-width: 800px) 100vw, 800px\" \/><\/figure><\/div><\/div>","protected":false},"excerpt":{"rendered":"<p>Bienvenido a comprar caramelos blandos al por mayor. Esta creativa combinaci\u00f3n de malvaviscos y caramelos de goma al por mayor con forma de perrito caliente utiliza coloridos malvaviscos en espiral como \"pan\", envolviendo realistas \"salchichas\" de gominola amarilla y un relleno de \"ketchup\" rojo. Se puede personalizar.<\/p>\n<table style=\"border-collapse: collapse; width: 300.02pt;\" border=\"0\" width=\"300\" cellspacing=\"0\" cellpadding=\"0\">\n<tbody>\n<tr style=\"height: 17.60pt;\">\n<td class=\"et2\" style=\"height: 17.60pt; width: 110.80pt;\" width=\"110\" height=\"17\">Fabricante<\/td>\n<td class=\"et2\" style=\"width: 189.95pt;\" width=\"189\">Caramelos LeChao<\/td>\n<\/tr>\n<tr style=\"height: 36.00pt;\">\n<td class=\"et2\" style=\"height: 36.00pt;\" height=\"36\">Tipo de producto<\/td>\n<td class=\"et3\" style=\"width: 189.95pt;\" width=\"189\">Hotdog Malvavisco y Caramelo de goma<\/td>\n<\/tr>\n<tr style=\"height: 18.00pt;\">\n<td class=\"et2\" style=\"height: 18.00pt;\" height=\"18\">Pruebe<\/td>\n<td class=\"et3\" style=\"width: 189.95pt;\" width=\"189\">Suave y dulce<\/td>\n<\/tr>\n<tr style=\"height: 17.60pt;\">\n<td class=\"et2\" style=\"height: 17.60pt;\" height=\"17\">Especificaci\u00f3n<\/td>\n<td class=\"et2\">20gX24pcsX12cajas<\/td>\n<\/tr>\n<tr style=\"height: 17.60pt;\">\n<td class=\"et2\" style=\"height: 17.60pt;\" height=\"17\">Tama\u00f1o de la caja<\/td>\n<td class=\"et2\">38X37X24cm<\/td>\n<\/tr>\n<tr style=\"height: 17.60pt;\">\n<td class=\"et2\" style=\"height: 17.60pt;\" height=\"17\">N.W.\/Cart\u00f3n<\/td>\n<td class=\"et2\">8.0kg<\/td>\n<\/tr>\n<tr style=\"height: 17.60pt;\">\n<td class=\"et2\" style=\"height: 17.60pt;\" height=\"17\">Precio<\/td>\n<td class=\"et2\">25,5-27USD<\/td>\n<\/tr>\n<tr style=\"height: 17.60pt;\">\n<td class=\"et2\" style=\"height: 17.60pt;\" height=\"17\">MOQ<\/td>\n<td class=\"et2\">800CTNS<\/td>\n<\/tr>\n<tr style=\"height: 17.60pt;\">\n<td class=\"et2\" style=\"height: 17.60pt;\" height=\"17\">Muestra<\/td>\n<td class=\"et2\">Disponible<\/td>\n<\/tr>\n<\/tbody>\n<\/table>\n<p>&nbsp;<\/p>","protected":false},"featured_media":2180,"comment_status":"open","ping_status":"closed","template":"","meta":{"_acf_changed":false},"product_brand":[],"product_cat":[19,22],"product_tag":[],"class_list":{"0":"post-2171","1":"product","2":"type-product","3":"status-publish","4":"has-post-thumbnail","6":"product_cat-wholesale-gummy-manufacturer","7":"product_cat-wholesale-marshmallows","9":"first","10":"instock","11":"shipping-taxable","12":"product-type-simple"},"acf":[],"_links":{"self":[{"href":"https:\/\/www.lechaocandy.com\/es\/wp-json\/wp\/v2\/product\/2171","targetHints":{"allow":["GET"]}}],"collection":[{"href":"https:\/\/www.lechaocandy.com\/es\/wp-json\/wp\/v2\/product"}],"about":[{"href":"https:\/\/www.lechaocandy.com\/es\/wp-json\/wp\/v2\/types\/product"}],"replies":[{"embeddable":true,"href":"https:\/\/www.lechaocandy.com\/es\/wp-json\/wp\/v2\/comments?post=2171"}],"wp:featuredmedia":[{"embeddable":true,"href":"https:\/\/www.lechaocandy.com\/es\/wp-json\/wp\/v2\/media\/2180"}],"wp:attachment":[{"href":"https:\/\/www.lechaocandy.com\/es\/wp-json\/wp\/v2\/media?parent=2171"}],"wp:term":[{"taxonomy":"product_brand","embeddable":true,"href":"https:\/\/www.lechaocandy.com\/es\/wp-json\/wp\/v2\/product_brand?post=2171"},{"taxonomy":"product_cat","embeddable":true,"href":"https:\/\/www.lechaocandy.com\/es\/wp-json\/wp\/v2\/product_cat?post=2171"},{"taxonomy":"product_tag","embeddable":true,"href":"https:\/\/www.lechaocandy.com\/es\/wp-json\/wp\/v2\/product_tag?post=2171"}],"curies":[{"name":"wp","href":"https:\/\/api.w.org\/{rel}","templated":true}]}}