{"id":2213,"date":"2025-11-12T07:45:51","date_gmt":"2025-11-12T07:45:51","guid":{"rendered":"https:\/\/www.lechaocandy.com\/?post_type=product&#038;p=2213"},"modified":"2026-04-09T02:22:59","modified_gmt":"2026-04-09T02:22:59","slug":"wholesale-eye-ball-gummies","status":"publish","type":"product","link":"https:\/\/www.lechaocandy.com\/es\/producto\/wholesale-eye-ball-gummies\/","title":{"rendered":"LeChao Venta al por mayor Gominolas rellenas de mermelada de frutas"},"content":{"rendered":"<div class=\"wp-block-columns is-layout-flex wp-container-core-columns-is-layout-9d6595d7 wp-block-columns-is-layout-flex\"><div class=\"wp-block-column is-layout-flow wp-block-column-is-layout-flow\"><h2 class=\"wp-block-heading\">Aspectos destacados del producto Gominolas Eye Ball al por mayor<\/h2>\n\n<ul class=\"wp-block-list\"><li><strong>Divertidos y \u00fanicos globos oculares<\/strong>-Estas gominolas de globo ocular al por mayor reproducen los intrincados detalles de un globo ocular, con pupila y vasos sangu\u00edneos, creando un nuevo nivel de diversi\u00f3n y novedad que encaja en las oportunidades de marketing tem\u00e1ticas de fiestas y vacaciones.<\/li>\n\n<li><strong>Experiencia de doble textura<\/strong>-Nuestros caramelos de goma a granel tienen una capa exterior masticable y el\u00e1stica y un relleno repleto, que ofrece un rico sabor agridulce en capas que satisface sus papilas gustativas.<\/li>\n\n<li><strong>Receta con sabor a frutas combinadas<\/strong>-Nuestras gominolas de globo ocular al por mayor presentan una mezcla de varios sabores frutales, refrescantes y no empalagosas, adecuadas para una amplia gama de gustos y con un alto \u00edndice de recompra.<\/li>\n\n<li><strong>Dise\u00f1o atractivo de envases<\/strong>-Estos caramelos de goma a granel vienen en bolsas transparentes que muestran visualmente el producto con fuertes contrastes de color, atrayendo f\u00e1cilmente la atenci\u00f3n del cliente cuando se exponen.<\/li>\n\n<li><strong>Excelente valor para los mayoristas<\/strong> - Cada bolsa de estas gominolas de globo ocular al por mayor contiene 118 gramos de peso neto, lo que las hace asequibles para compras al por mayor, perfectas para regalos navide\u00f1os, comedores escolares, tiendas de conveniencia y otros escenarios de compra al por mayor.<\/li><\/ul><\/div>\n\n<div class=\"wp-block-column is-layout-flow wp-block-column-is-layout-flow\"><figure class=\"wp-block-image size-full\"><img decoding=\"async\" width=\"750\" height=\"800\" src=\"https:\/\/www.lechaocandy.com\/wp-content\/uploads\/2025\/11\/LeChao-Wholesale-Eye-Ball-Gummies-Filled-With-Fruit-Jam-1.webp\" alt=\"LeChao Venta al por mayor Gominolas rellenas de mermelada de frutas-1\" class=\"wp-image-2214\" srcset=\"https:\/\/www.lechaocandy.com\/wp-content\/uploads\/2025\/11\/LeChao-Wholesale-Eye-Ball-Gummies-Filled-With-Fruit-Jam-1.webp 750w, https:\/\/www.lechaocandy.com\/wp-content\/uploads\/2025\/11\/LeChao-Wholesale-Eye-Ball-Gummies-Filled-With-Fruit-Jam-1-281x300.webp 281w, https:\/\/www.lechaocandy.com\/wp-content\/uploads\/2025\/11\/LeChao-Wholesale-Eye-Ball-Gummies-Filled-With-Fruit-Jam-1-11x12.webp 11w, https:\/\/www.lechaocandy.com\/wp-content\/uploads\/2025\/11\/LeChao-Wholesale-Eye-Ball-Gummies-Filled-With-Fruit-Jam-1-600x640.webp 600w\" sizes=\"(max-width: 750px) 100vw, 750px\" \/><\/figure><\/div><\/div>","protected":false},"excerpt":{"rendered":"<p>Encuentre caramelos de goma de primera calidad al por mayor en Lechao. Nuestras gominolas al por mayor tienen un relleno de fruta agridulce con colores vibrantes y realistas. La combinaci\u00f3n de sabores de frutas y dise\u00f1o divertido los hace perfectos para Halloween, fiestas tem\u00e1ticas, y mucho m\u00e1s.<\/p>\n<table style=\"border-collapse: collapse; width: 300.02pt;\" border=\"0\" width=\"300\" cellspacing=\"0\" cellpadding=\"0\">\n<tbody>\n<tr style=\"height: 17.60pt;\">\n<td class=\"et2\" style=\"height: 17.60pt; width: 110.80pt;\" width=\"110\" height=\"17\">Fabricante<\/td>\n<td class=\"et2\" style=\"width: 189.95pt;\" width=\"189\">Caramelos LeChao<\/td>\n<\/tr>\n<tr style=\"height: 18.00pt;\">\n<td class=\"et2\" style=\"height: 18.00pt;\" height=\"18\">Tipo de producto<\/td>\n<td class=\"et3\" style=\"width: 189.95pt;\" width=\"189\">Gominolas rellenas de mermelada<\/td>\n<\/tr>\n<tr style=\"height: 18.00pt;\">\n<td class=\"et2\" style=\"height: 18.00pt;\" height=\"18\">Pruebe<\/td>\n<td class=\"et3\" style=\"width: 189.95pt;\" width=\"189\">Agridulce y resistente<\/td>\n<\/tr>\n<tr style=\"height: 17.60pt;\">\n<td class=\"et2\" style=\"height: 17.60pt;\" height=\"17\">Especificaci\u00f3n<\/td>\n<td class=\"et2\">118gx48bolsas<\/td>\n<\/tr>\n<tr style=\"height: 17.60pt;\">\n<td class=\"et2\" style=\"height: 17.60pt;\" height=\"17\">Tama\u00f1o de la caja<\/td>\n<td class=\"et2\">39*26*23cm<\/td>\n<\/tr>\n<tr style=\"height: 17.60pt;\">\n<td class=\"et2\" style=\"height: 17.60pt;\" height=\"17\">N.W.\/Cart\u00f3n<\/td>\n<td class=\"et2\">8.0kg<\/td>\n<\/tr>\n<tr style=\"height: 17.60pt;\">\n<td class=\"et2\" style=\"height: 17.60pt;\" height=\"17\">Precio<\/td>\n<td class=\"et2\">24USD<\/td>\n<\/tr>\n<tr style=\"height: 17.60pt;\">\n<td class=\"et2\" style=\"height: 17.60pt;\" height=\"17\">MOQ<\/td>\n<td class=\"et2\">500CTNS<\/td>\n<\/tr>\n<tr style=\"height: 17.60pt;\">\n<td class=\"et2\" style=\"height: 17.60pt;\" height=\"17\">Muestra<\/td>\n<td class=\"et2\">Disponible<\/td>\n<\/tr>\n<\/tbody>\n<\/table>\n<p>&nbsp;<\/p>","protected":false},"featured_media":2218,"comment_status":"open","ping_status":"closed","template":"","meta":{"_acf_changed":false},"product_brand":[],"product_cat":[27,19],"product_tag":[41],"class_list":{"0":"post-2213","1":"product","2":"type-product","3":"status-publish","4":"has-post-thumbnail","6":"product_cat-filled-gummy-candies-supplier","7":"product_cat-wholesale-gummy-manufacturer","8":"product_tag-wholesale-halloween-gummies","10":"first","11":"instock","12":"shipping-taxable","13":"product-type-simple"},"acf":[],"_links":{"self":[{"href":"https:\/\/www.lechaocandy.com\/es\/wp-json\/wp\/v2\/product\/2213","targetHints":{"allow":["GET"]}}],"collection":[{"href":"https:\/\/www.lechaocandy.com\/es\/wp-json\/wp\/v2\/product"}],"about":[{"href":"https:\/\/www.lechaocandy.com\/es\/wp-json\/wp\/v2\/types\/product"}],"replies":[{"embeddable":true,"href":"https:\/\/www.lechaocandy.com\/es\/wp-json\/wp\/v2\/comments?post=2213"}],"wp:featuredmedia":[{"embeddable":true,"href":"https:\/\/www.lechaocandy.com\/es\/wp-json\/wp\/v2\/media\/2218"}],"wp:attachment":[{"href":"https:\/\/www.lechaocandy.com\/es\/wp-json\/wp\/v2\/media?parent=2213"}],"wp:term":[{"taxonomy":"product_brand","embeddable":true,"href":"https:\/\/www.lechaocandy.com\/es\/wp-json\/wp\/v2\/product_brand?post=2213"},{"taxonomy":"product_cat","embeddable":true,"href":"https:\/\/www.lechaocandy.com\/es\/wp-json\/wp\/v2\/product_cat?post=2213"},{"taxonomy":"product_tag","embeddable":true,"href":"https:\/\/www.lechaocandy.com\/es\/wp-json\/wp\/v2\/product_tag?post=2213"}],"curies":[{"name":"wp","href":"https:\/\/api.w.org\/{rel}","templated":true}]}}