{"id":2220,"date":"2025-11-12T08:00:33","date_gmt":"2025-11-12T08:00:33","guid":{"rendered":"https:\/\/www.lechaocandy.com\/?post_type=product&#038;p=2220"},"modified":"2025-11-12T08:10:25","modified_gmt":"2025-11-12T08:10:25","slug":"vitamin-c-gummies-bulk","status":"publish","type":"product","link":"https:\/\/www.lechaocandy.com\/es\/producto\/vitamin-c-gummies-bulk\/","title":{"rendered":"Gominolas de Vitamina C a\u00f1adida a granel, caramelo blando sabor fresa"},"content":{"rendered":"<div class=\"wp-block-columns is-layout-flex wp-container-core-columns-is-layout-9d6595d7 wp-block-columns-is-layout-flex\"><div class=\"wp-block-column is-layout-flow wp-block-column-is-layout-flow\"><h2 class=\"wp-block-heading\">Aspectos destacados del producto Vitamin C Gummies Bulk<\/h2>\n\n<ul class=\"wp-block-list\"><li><strong>Fortificaci\u00f3n con vitamina C<\/strong>-Estas gominolas de vitamina C a granel son ricas en vitamina C, equilibrando salud y deliciosidad para satisfacer las necesidades nutricionales de los padres en las meriendas de los ni\u00f1os.<\/li>\n\n<li><strong>Bonita forma de l\u00e1grima<\/strong>-Nuestras gominolas \u00e1cidas al por mayor tienen una bonita forma de l\u00e1grima rosa recubierta de az\u00facar fino, lo que las hace visualmente atractivas y seductoras para j\u00f3venes y ni\u00f1os.<\/li>\n\n<li><strong>Refrescante sabor a fresa<\/strong>-Estas gominolas de vitamina C a granel utilizan sabor natural a fresa, tienen una suave textura masticable, a la vez que son dulces pero no demasiado, y dan lugar a una gran expectaci\u00f3n por parte de los clientes y a la repetici\u00f3n de pedidos.<\/li>\n\n<li><strong>Pr\u00e1cticos envases de tarros transparentes<\/strong>-Estas gominolas \u00e1cidas al por mayor se presentan en un envase compacto, port\u00e1til y herm\u00e9tico, adecuado para expositores de venta al por menor, lotes de regalo o autoservicio expendedor.<\/li>\n\n<li><strong>Garant\u00eda de calidad de la marca<\/strong> - El logotipo de la marca Lechao es claro, y su imagen de IP de dibujos animados aumenta la memorabilidad, por lo que es adecuado para la distribuci\u00f3n al por mayor. Bienvenido a comprar nuestras gomitas de vitamina c al por mayor.<\/li><\/ul><\/div>\n\n<div class=\"wp-block-column is-layout-flow wp-block-column-is-layout-flow\"><figure class=\"wp-block-image size-full\"><img decoding=\"async\" width=\"800\" height=\"800\" src=\"https:\/\/www.lechaocandy.com\/wp-content\/uploads\/2025\/11\/Added-Vitamin-C-Gummies-Bulk-Strawberry-Flavor-Soft-Candy-1.webp\" alt=\"Gominolas de Vitamina C a\u00f1adida a granel, caramelo blando sabor fresa-1\" class=\"wp-image-2221\" srcset=\"https:\/\/www.lechaocandy.com\/wp-content\/uploads\/2025\/11\/Added-Vitamin-C-Gummies-Bulk-Strawberry-Flavor-Soft-Candy-1.webp 800w, https:\/\/www.lechaocandy.com\/wp-content\/uploads\/2025\/11\/Added-Vitamin-C-Gummies-Bulk-Strawberry-Flavor-Soft-Candy-1-300x300.webp 300w, https:\/\/www.lechaocandy.com\/wp-content\/uploads\/2025\/11\/Added-Vitamin-C-Gummies-Bulk-Strawberry-Flavor-Soft-Candy-1-150x150.webp 150w, https:\/\/www.lechaocandy.com\/wp-content\/uploads\/2025\/11\/Added-Vitamin-C-Gummies-Bulk-Strawberry-Flavor-Soft-Candy-1-768x768.webp 768w, https:\/\/www.lechaocandy.com\/wp-content\/uploads\/2025\/11\/Added-Vitamin-C-Gummies-Bulk-Strawberry-Flavor-Soft-Candy-1-12x12.webp 12w, https:\/\/www.lechaocandy.com\/wp-content\/uploads\/2025\/11\/Added-Vitamin-C-Gummies-Bulk-Strawberry-Flavor-Soft-Candy-1-600x600.webp 600w, https:\/\/www.lechaocandy.com\/wp-content\/uploads\/2025\/11\/Added-Vitamin-C-Gummies-Bulk-Strawberry-Flavor-Soft-Candy-1-100x100.webp 100w\" sizes=\"(max-width: 800px) 100vw, 800px\" \/><\/figure><\/div><\/div>","protected":false},"excerpt":{"rendered":"<p>\u00a1Comprar gominolas \u00e1cidas a granel en Lechao! Nuestras gomitas de vitamina C con sabor a fresa a granel est\u00e1n envasadas en un tarro transparente, con un alto nivel de vitamina C y un gran sabor. El sabor rosa fresa crea una gominola en forma de l\u00e1grima cubierta de az\u00facar fina con un sabor suave, dulce y masticable.<\/p>\n<table style=\"border-collapse: collapse; width: 329.02pt;\" border=\"0\" width=\"329\" cellspacing=\"0\" cellpadding=\"0\">\n<tbody>\n<tr style=\"height: 17.60pt;\">\n<td class=\"et2\" style=\"height: 17.60pt; width: 110.80pt;\" width=\"110\" height=\"17\">Fabricante<\/td>\n<td class=\"et2\" style=\"width: 219.15pt;\" width=\"219\">Caramelos LeChao<\/td>\n<\/tr>\n<tr style=\"height: 18.00pt;\">\n<td class=\"et2\" style=\"height: 18.00pt;\" height=\"18\">Tipo de producto<\/td>\n<td class=\"et3\" style=\"width: 219.15pt;\" width=\"219\">Caramelos de goma con vitamina C y fresa<\/td>\n<\/tr>\n<tr style=\"height: 18.00pt;\">\n<td class=\"et2\" style=\"height: 18.00pt;\" height=\"18\">Pruebe<\/td>\n<td class=\"et3\" style=\"width: 219.15pt;\" width=\"219\">Agridulce y resistente<\/td>\n<\/tr>\n<tr style=\"height: 17.60pt;\">\n<td class=\"et2\" style=\"height: 17.60pt;\" height=\"17\">Especificaci\u00f3n<\/td>\n<td class=\"et2\">68gx8botellasx10cajas<\/td>\n<\/tr>\n<tr style=\"height: 17.60pt;\">\n<td class=\"et2\" style=\"height: 17.60pt;\" height=\"17\">Tama\u00f1o de la caja<\/td>\n<td class=\"et2\">49*19,8*20cm<\/td>\n<\/tr>\n<tr style=\"height: 17.60pt;\">\n<td class=\"et2\" style=\"height: 17.60pt;\" height=\"17\">N.W.\/Cart\u00f3n<\/td>\n<td class=\"et2\">7.0kg<\/td>\n<\/tr>\n<tr style=\"height: 17.60pt;\">\n<td class=\"et2\" style=\"height: 17.60pt;\" height=\"17\">MOQ<\/td>\n<td class=\"et2\">500CTNS<\/td>\n<\/tr>\n<tr style=\"height: 17.60pt;\">\n<td class=\"et2\" style=\"height: 17.60pt;\" height=\"17\">Muestra<\/td>\n<td class=\"et2\">Disponible<\/td>\n<\/tr>\n<\/tbody>\n<\/table>","protected":false},"featured_media":2222,"comment_status":"open","ping_status":"closed","template":"","meta":{"_acf_changed":false},"product_brand":[],"product_cat":[28,19],"product_tag":[],"class_list":{"0":"post-2220","1":"product","2":"type-product","3":"status-publish","4":"has-post-thumbnail","6":"product_cat-bulk-sour-gummies","7":"product_cat-wholesale-gummy-manufacturer","9":"first","10":"instock","11":"shipping-taxable","12":"product-type-simple"},"acf":[],"_links":{"self":[{"href":"https:\/\/www.lechaocandy.com\/es\/wp-json\/wp\/v2\/product\/2220","targetHints":{"allow":["GET"]}}],"collection":[{"href":"https:\/\/www.lechaocandy.com\/es\/wp-json\/wp\/v2\/product"}],"about":[{"href":"https:\/\/www.lechaocandy.com\/es\/wp-json\/wp\/v2\/types\/product"}],"replies":[{"embeddable":true,"href":"https:\/\/www.lechaocandy.com\/es\/wp-json\/wp\/v2\/comments?post=2220"}],"wp:featuredmedia":[{"embeddable":true,"href":"https:\/\/www.lechaocandy.com\/es\/wp-json\/wp\/v2\/media\/2222"}],"wp:attachment":[{"href":"https:\/\/www.lechaocandy.com\/es\/wp-json\/wp\/v2\/media?parent=2220"}],"wp:term":[{"taxonomy":"product_brand","embeddable":true,"href":"https:\/\/www.lechaocandy.com\/es\/wp-json\/wp\/v2\/product_brand?post=2220"},{"taxonomy":"product_cat","embeddable":true,"href":"https:\/\/www.lechaocandy.com\/es\/wp-json\/wp\/v2\/product_cat?post=2220"},{"taxonomy":"product_tag","embeddable":true,"href":"https:\/\/www.lechaocandy.com\/es\/wp-json\/wp\/v2\/product_tag?post=2220"}],"curies":[{"name":"wp","href":"https:\/\/api.w.org\/{rel}","templated":true}]}}