{"id":2245,"date":"2025-11-17T06:13:46","date_gmt":"2025-11-17T06:13:46","guid":{"rendered":"https:\/\/www.lechaocandy.com\/?post_type=product&#038;p=2245"},"modified":"2025-11-17T06:44:45","modified_gmt":"2025-11-17T06:44:45","slug":"licorice-ropes-wholesale","status":"publish","type":"product","link":"https:\/\/www.lechaocandy.com\/es\/producto\/licorice-ropes-wholesale\/","title":{"rendered":"Cuerdas de regaliz rellenas al por mayor, tiras agrias arco iris"},"content":{"rendered":"<div class=\"wp-block-columns is-layout-flex wp-container-core-columns-is-layout-9d6595d7 wp-block-columns-is-layout-flex\"><div class=\"wp-block-column is-layout-flow wp-block-column-is-layout-flow\"><h2 class=\"wp-block-heading\">Productos destacados de las cuerdas de regaliz al por mayor<\/h2>\n\n<ul class=\"wp-block-list\"><li><strong>Atractivo visual del arco iris: <\/strong>Nuestras cuerdas de regaliz arco iris al por mayor tienen m\u00faltiples rayas arco iris de color rojo, naranja, amarillo, verde y azul, con el exterior con una superficie azucarada - dando a estas tiras arco iris un aspecto brillante y atractivo.<\/li>\n\n<li><strong>Relleno \u00fanico para texturas duales: <\/strong>Estas tiras \u00e1cidas arco iris a granel presentan un dise\u00f1o de relleno central definido. Cada bocado del exterior \u00e1cido y masticable resaltar\u00e1 el relleno interior suave y rico para un sabor de varias capas.<\/li>\n\n<li><strong>Equilibrio agridulce para un rico sabor:<\/strong> El exterior de las cuerdas de regaliz arco iris al por mayor est\u00e1 recubierto de az\u00facar fino de manera uniforme formando directamente un sabor \u00e1cido, que se equilibra perfectamente con el dulzor afrutado del relleno que las hace apetitosas, refrescantes y estimulantes.<\/li>\n\n<li><strong>Ingredientes de primera calidad, calidad evidente: <\/strong>Nuestras tiras agrias arco iris a granel presentan una rica textura y se rellenan uniformemente con glaseado, lo que indica que una marca que se esfuerza en la gesti\u00f3n de todo el proceso y de los ingredientes no compromete la exquisitez ni la calidad.<\/li>\n\n<li><strong>Embalaje al por mayor, f\u00e1cil de compartir: <\/strong>Nuestras cuerdas de regaliz arco iris al por mayor son asequibles y perfectas como aperitivos para fiestas, regalos para eventos o recuerdos para restaurantes u hoteles, por lo que son f\u00e1ciles de compartir.<\/li><\/ul><\/div>\n\n<div class=\"wp-block-column is-layout-flow wp-block-column-is-layout-flow\"><figure class=\"wp-block-image size-full\"><img decoding=\"async\" width=\"800\" height=\"800\" src=\"https:\/\/www.lechaocandy.com\/wp-content\/uploads\/2025\/11\/Center-Filled-Licorice-Ropes-Wholesale-Rainbow-Sour-Strips-2.webp\" alt=\"Cuerdas de regaliz rellenas al por mayor, tiras agrias arco iris-2\" class=\"wp-image-2247\" srcset=\"https:\/\/www.lechaocandy.com\/wp-content\/uploads\/2025\/11\/Center-Filled-Licorice-Ropes-Wholesale-Rainbow-Sour-Strips-2.webp 800w, https:\/\/www.lechaocandy.com\/wp-content\/uploads\/2025\/11\/Center-Filled-Licorice-Ropes-Wholesale-Rainbow-Sour-Strips-2-300x300.webp 300w, https:\/\/www.lechaocandy.com\/wp-content\/uploads\/2025\/11\/Center-Filled-Licorice-Ropes-Wholesale-Rainbow-Sour-Strips-2-150x150.webp 150w, https:\/\/www.lechaocandy.com\/wp-content\/uploads\/2025\/11\/Center-Filled-Licorice-Ropes-Wholesale-Rainbow-Sour-Strips-2-768x768.webp 768w, https:\/\/www.lechaocandy.com\/wp-content\/uploads\/2025\/11\/Center-Filled-Licorice-Ropes-Wholesale-Rainbow-Sour-Strips-2-12x12.webp 12w, https:\/\/www.lechaocandy.com\/wp-content\/uploads\/2025\/11\/Center-Filled-Licorice-Ropes-Wholesale-Rainbow-Sour-Strips-2-600x600.webp 600w, https:\/\/www.lechaocandy.com\/wp-content\/uploads\/2025\/11\/Center-Filled-Licorice-Ropes-Wholesale-Rainbow-Sour-Strips-2-100x100.webp 100w\" sizes=\"(max-width: 800px) 100vw, 800px\" \/><\/figure><\/div><\/div>","protected":false},"excerpt":{"rendered":"<p>Bienvenido a comprar tiras de regaliz arco iris al por mayor. Nuestras tiras de regaliz arco iris al por mayor est\u00e1n recubiertas de glaseado de az\u00facar brillante y presentan un proceso de relleno \u00fanico. La capa exterior es \u00e1cida, mientras que el relleno interior es suave, ofreciendo una experiencia masticable agridulce rica y en capas.<\/p>\n<table style=\"border-collapse: collapse; width: 300.02pt;\" border=\"0\" width=\"300\" cellspacing=\"0\" cellpadding=\"0\">\n<tbody>\n<tr style=\"height: 17.60pt;\">\n<td class=\"et2\" style=\"height: 17.60pt; width: 110.80pt;\" width=\"110\" height=\"17\">Fabricante<\/td>\n<td class=\"et2\" style=\"width: 189.95pt;\" width=\"189\">Caramelos LeChao<\/td>\n<\/tr>\n<tr style=\"height: 18.00pt;\">\n<td class=\"et2\" style=\"height: 18.00pt;\" height=\"18\">Tipo de producto<\/td>\n<td class=\"et3\" style=\"width: 189.95pt;\" width=\"189\">Cuerdas de regaliz rellenas<\/td>\n<\/tr>\n<tr style=\"height: 18.00pt;\">\n<td class=\"et2\" style=\"height: 18.00pt;\" height=\"18\">Pruebe<\/td>\n<td class=\"et3\" style=\"width: 189.95pt;\" width=\"189\">Agridulce y resistente<\/td>\n<\/tr>\n<tr style=\"height: 17.60pt;\">\n<td class=\"et2\" style=\"height: 17.60pt;\" height=\"17\">MOQ<\/td>\n<td class=\"et2\">500CTNS<\/td>\n<\/tr>\n<tr style=\"height: 17.60pt;\">\n<td class=\"et2\" style=\"height: 17.60pt;\" height=\"17\">Muestra<\/td>\n<td class=\"et2\">Disponible<\/td>\n<\/tr>\n<\/tbody>\n<\/table>\n<p>&nbsp;<\/p>\n<p>&nbsp;<\/p>\n<p>&nbsp;<\/p>","protected":false},"featured_media":2250,"comment_status":"open","ping_status":"closed","template":"","meta":{"_acf_changed":false},"product_brand":[],"product_cat":[20],"product_tag":[30],"class_list":{"0":"post-2245","1":"product","2":"type-product","3":"status-publish","4":"has-post-thumbnail","6":"product_cat-bulk-licorice-candy","7":"product_tag-bulk-candies-collection","9":"first","10":"instock","11":"shipping-taxable","12":"product-type-simple"},"acf":[],"_links":{"self":[{"href":"https:\/\/www.lechaocandy.com\/es\/wp-json\/wp\/v2\/product\/2245","targetHints":{"allow":["GET"]}}],"collection":[{"href":"https:\/\/www.lechaocandy.com\/es\/wp-json\/wp\/v2\/product"}],"about":[{"href":"https:\/\/www.lechaocandy.com\/es\/wp-json\/wp\/v2\/types\/product"}],"replies":[{"embeddable":true,"href":"https:\/\/www.lechaocandy.com\/es\/wp-json\/wp\/v2\/comments?post=2245"}],"wp:featuredmedia":[{"embeddable":true,"href":"https:\/\/www.lechaocandy.com\/es\/wp-json\/wp\/v2\/media\/2250"}],"wp:attachment":[{"href":"https:\/\/www.lechaocandy.com\/es\/wp-json\/wp\/v2\/media?parent=2245"}],"wp:term":[{"taxonomy":"product_brand","embeddable":true,"href":"https:\/\/www.lechaocandy.com\/es\/wp-json\/wp\/v2\/product_brand?post=2245"},{"taxonomy":"product_cat","embeddable":true,"href":"https:\/\/www.lechaocandy.com\/es\/wp-json\/wp\/v2\/product_cat?post=2245"},{"taxonomy":"product_tag","embeddable":true,"href":"https:\/\/www.lechaocandy.com\/es\/wp-json\/wp\/v2\/product_tag?post=2245"}],"curies":[{"name":"wp","href":"https:\/\/api.w.org\/{rel}","templated":true}]}}