{"id":2260,"date":"2025-11-26T07:11:47","date_gmt":"2025-11-26T07:11:47","guid":{"rendered":"https:\/\/www.lechaocandy.com\/?post_type=product&#038;p=2260"},"modified":"2025-11-26T07:46:12","modified_gmt":"2025-11-26T07:46:12","slug":"rainbow-twists-wholesale","status":"publish","type":"product","link":"https:\/\/www.lechaocandy.com\/es\/producto\/rainbow-twists-wholesale\/","title":{"rendered":"Espirales de Regaliz al por mayor, Espirales de Regaliz al por mayor, Espirales de Regaliz al por mayor, Espirales de Regaliz al por mayor"},"content":{"rendered":"<div class=\"wp-block-columns is-layout-flex wp-container-core-columns-is-layout-9d6595d7 wp-block-columns-is-layout-flex\"><div class=\"wp-block-column is-layout-flow wp-block-column-is-layout-flow\"><h2 class=\"wp-block-heading\">Aspectos destacados del producto Rainbow Twists rellenos al por mayor<\/h2>\n\n<ul class=\"wp-block-list\"><li><strong>Aspecto de arco iris: <\/strong>Nuestras torsiones arco iris rellenas al por mayor utilizan una combinaci\u00f3n de colores vibrantes como el rojo, el amarillo, el verde y el azul para crear un efecto visual similar al del arco iris, con el glaseado brillando como el cristal.<\/li>\n\n<li><strong>Textura rica: <\/strong>Estas cuerdas de regaliz a granel utilizan un innovador proceso de relleno. La capa exterior es un toffee masticable y \u00e1cido, mientras que el interior est\u00e1 relleno de un delicioso relleno, creando una mezcla perfecta de texturas.<\/li>\n\n<li><strong>Sabor agridulce equilibrado: <\/strong>Nuestros giros de arco iris rellenos al por mayor tienen un equilibrio perfecto de dulzor y acidez. El primer bocado despertar\u00e1 sus papilas gustativas con su brillante acidez, seguido de un suave dulzor, creando un sabor que atraer\u00e1 a muchos paladares diferentes y ha sido uno de los dulces m\u00e1s vendidos.<\/li>\n\n<li><strong>Personalizaci\u00f3n a gran escala: <\/strong>Nuestras cuerdas de regaliz a granel permiten una total personalizaci\u00f3n OEM (sabor\/color\/icing\/paquete) y permiten crear productos diferentes y \u00fanicos.<\/li>\n\n<li><strong>Precios al por mayor competitivos: <\/strong>Nuestros giros de arco iris rellenos al por mayor son directos de f\u00e1brica, ofreci\u00e9ndole precios al por mayor altamente competitivos. Muestras gratuitas est\u00e1n disponibles para los pedidos de prueba para asegurar su satisfacci\u00f3n con la calidad y la compra sin preocupaciones.<\/li><\/ul><\/div>\n\n<div class=\"wp-block-column is-layout-flow wp-block-column-is-layout-flow\"><figure class=\"wp-block-image size-full\"><img decoding=\"async\" width=\"800\" height=\"800\" src=\"https:\/\/www.lechaocandy.com\/wp-content\/uploads\/2025\/11\/Filled-Rainbow-Twists-Wholesale-Sour-Licorice-Ropes-Bulk-4.webp\" alt=\"Arco Iris al por mayor, Cuerdas de regaliz agrio a granel-4\" class=\"wp-image-2264\" srcset=\"https:\/\/www.lechaocandy.com\/wp-content\/uploads\/2025\/11\/Filled-Rainbow-Twists-Wholesale-Sour-Licorice-Ropes-Bulk-4.webp 800w, https:\/\/www.lechaocandy.com\/wp-content\/uploads\/2025\/11\/Filled-Rainbow-Twists-Wholesale-Sour-Licorice-Ropes-Bulk-4-300x300.webp 300w, https:\/\/www.lechaocandy.com\/wp-content\/uploads\/2025\/11\/Filled-Rainbow-Twists-Wholesale-Sour-Licorice-Ropes-Bulk-4-150x150.webp 150w, https:\/\/www.lechaocandy.com\/wp-content\/uploads\/2025\/11\/Filled-Rainbow-Twists-Wholesale-Sour-Licorice-Ropes-Bulk-4-768x768.webp 768w, https:\/\/www.lechaocandy.com\/wp-content\/uploads\/2025\/11\/Filled-Rainbow-Twists-Wholesale-Sour-Licorice-Ropes-Bulk-4-12x12.webp 12w, https:\/\/www.lechaocandy.com\/wp-content\/uploads\/2025\/11\/Filled-Rainbow-Twists-Wholesale-Sour-Licorice-Ropes-Bulk-4-600x600.webp 600w, https:\/\/www.lechaocandy.com\/wp-content\/uploads\/2025\/11\/Filled-Rainbow-Twists-Wholesale-Sour-Licorice-Ropes-Bulk-4-100x100.webp 100w\" sizes=\"(max-width: 800px) 100vw, 800px\" \/><\/figure><\/div><\/div>","protected":false},"excerpt":{"rendered":"<p>Bienvenido a comprar cuerdas de regaliz al por mayor. Nuestros giros de arco iris rellenos al por mayor est\u00e1n recubiertos con un glaseado fino, ofreciendo un sabor agridulce con una masticaci\u00f3n satisfactoria. Se pueden personalizar.<\/p>\n<table style=\"border-collapse: collapse; width: 300.02pt;\" border=\"0\" width=\"300\" cellspacing=\"0\" cellpadding=\"0\">\n<tbody>\n<tr style=\"height: 17.60pt;\">\n<td class=\"et2\" style=\"height: 17.60pt; width: 110.80pt;\" width=\"110\" height=\"17\">Fabricante<\/td>\n<td class=\"et2\" style=\"width: 189.95pt;\" width=\"189\">Caramelos LeChao<\/td>\n<\/tr>\n<tr style=\"height: 18.00pt;\">\n<td class=\"et2\" style=\"height: 18.00pt;\" height=\"18\">Tipo de producto<\/td>\n<td class=\"et3\" style=\"width: 189.95pt;\" width=\"189\">Twists arco iris rellenos<\/td>\n<\/tr>\n<tr style=\"height: 18.00pt;\">\n<td class=\"et2\" style=\"height: 18.00pt;\" height=\"18\">Pruebe<\/td>\n<td class=\"et3\" style=\"width: 189.95pt;\" width=\"189\">Agridulce y resistente<\/td>\n<\/tr>\n<tr style=\"height: 17.60pt;\">\n<td class=\"et2\" style=\"height: 17.60pt;\" height=\"17\">MOQ<\/td>\n<td class=\"et2\">500CTNS<\/td>\n<\/tr>\n<tr style=\"height: 17.60pt;\">\n<td class=\"et2\" style=\"height: 17.60pt;\" height=\"17\">Muestra<\/td>\n<td class=\"et2\">Disponible<\/td>\n<\/tr>\n<\/tbody>\n<\/table>\n<p>&nbsp;<\/p>\n<p>&nbsp;<\/p>\n<p>&nbsp;<\/p>","protected":false},"featured_media":2261,"comment_status":"open","ping_status":"closed","template":"","meta":{"_acf_changed":false},"product_brand":[],"product_cat":[20],"product_tag":[30],"class_list":{"0":"post-2260","1":"product","2":"type-product","3":"status-publish","4":"has-post-thumbnail","6":"product_cat-bulk-licorice-candy","7":"product_tag-bulk-candies-collection","9":"first","10":"instock","11":"shipping-taxable","12":"product-type-simple"},"acf":[],"_links":{"self":[{"href":"https:\/\/www.lechaocandy.com\/es\/wp-json\/wp\/v2\/product\/2260","targetHints":{"allow":["GET"]}}],"collection":[{"href":"https:\/\/www.lechaocandy.com\/es\/wp-json\/wp\/v2\/product"}],"about":[{"href":"https:\/\/www.lechaocandy.com\/es\/wp-json\/wp\/v2\/types\/product"}],"replies":[{"embeddable":true,"href":"https:\/\/www.lechaocandy.com\/es\/wp-json\/wp\/v2\/comments?post=2260"}],"wp:featuredmedia":[{"embeddable":true,"href":"https:\/\/www.lechaocandy.com\/es\/wp-json\/wp\/v2\/media\/2261"}],"wp:attachment":[{"href":"https:\/\/www.lechaocandy.com\/es\/wp-json\/wp\/v2\/media?parent=2260"}],"wp:term":[{"taxonomy":"product_brand","embeddable":true,"href":"https:\/\/www.lechaocandy.com\/es\/wp-json\/wp\/v2\/product_brand?post=2260"},{"taxonomy":"product_cat","embeddable":true,"href":"https:\/\/www.lechaocandy.com\/es\/wp-json\/wp\/v2\/product_cat?post=2260"},{"taxonomy":"product_tag","embeddable":true,"href":"https:\/\/www.lechaocandy.com\/es\/wp-json\/wp\/v2\/product_tag?post=2260"}],"curies":[{"name":"wp","href":"https:\/\/api.w.org\/{rel}","templated":true}]}}