{"id":2265,"date":"2025-11-26T07:49:45","date_gmt":"2025-11-26T07:49:45","guid":{"rendered":"https:\/\/www.lechaocandy.com\/?post_type=product&#038;p=2265"},"modified":"2025-11-26T08:00:27","modified_gmt":"2025-11-26T08:00:27","slug":"sour-power-belts-bulk","status":"publish","type":"product","link":"https:\/\/www.lechaocandy.com\/es\/producto\/sour-power-belts-bulk\/","title":{"rendered":"LeChao Sour Power Cinturones a Granel, Tiras Arco Iris al por Mayor"},"content":{"rendered":"<div class=\"wp-block-columns is-layout-flex wp-container-core-columns-is-layout-9d6595d7 wp-block-columns-is-layout-flex\"><div class=\"wp-block-column is-layout-flow wp-block-column-is-layout-flow\"><h2 class=\"wp-block-heading\">Aspectos destacados de las correas Sour Power a granel<\/h2>\n\n<ul class=\"wp-block-list\"><li><strong>Vibraci\u00f3n Arco Iris: <\/strong>Nuestros cinturones \u00e1cidos a granel presentan una variedad de colores vibrantes, como rojo, amarillo, verde y azul, creando un efecto degradado similar al del arco iris con una superficie de glaseado brillante y resplandeciente.<\/li>\n\n<li><strong>Textura rica: <\/strong>Nuestras tiras arco iris al por mayor son masticables, combinadas con una capa exterior \u00e1cida, proporcionando una experiencia \u00fanica de doble textura.<\/li>\n\n<li><strong>Experiencia de sabor excepcional:<\/strong> Nuestros cinturones de potencia \u00e1cida a granel tienen una f\u00f3rmula agridulce precisa. El sabor inicial es una patada brillante, picante que despierta al instante las papilas gustativas, seguido de un dulzor afrutado suave.<\/li>\n\n<li><strong>Venta al por mayor directa de f\u00e1brica: <\/strong>Nuestras tiras arco iris al por mayor utilizan un modelo integrado de producci\u00f3n a ventas, ofreci\u00e9ndole precios al por mayor altamente competitivos para garantizar sus m\u00e1rgenes de beneficio.<\/li>\n\n<li><strong>Soporte de personalizaci\u00f3n flexible: <\/strong>Ofrecemos servicios integrales de personalizaci\u00f3n OEM para correas de potencia \u00e1cidas a granel, desde el sabor y el color hasta el envasado, ayud\u00e1ndole a crear un producto diferenciado.<\/li><\/ul><\/div>\n\n<div class=\"wp-block-column is-layout-flow wp-block-column-is-layout-flow\"><figure class=\"wp-block-image size-full\"><img decoding=\"async\" width=\"800\" height=\"800\" src=\"https:\/\/www.lechaocandy.com\/wp-content\/uploads\/2025\/11\/LeChao-Sour-Power-Belts-Bulk-Rainbow-Strips-Wholesale-3.webp\" alt=\"LeChao Sour Power Cinturones a Granel, Tiras Arco Iris al por Mayor-3\" class=\"wp-image-2268\" srcset=\"https:\/\/www.lechaocandy.com\/wp-content\/uploads\/2025\/11\/LeChao-Sour-Power-Belts-Bulk-Rainbow-Strips-Wholesale-3.webp 800w, https:\/\/www.lechaocandy.com\/wp-content\/uploads\/2025\/11\/LeChao-Sour-Power-Belts-Bulk-Rainbow-Strips-Wholesale-3-300x300.webp 300w, https:\/\/www.lechaocandy.com\/wp-content\/uploads\/2025\/11\/LeChao-Sour-Power-Belts-Bulk-Rainbow-Strips-Wholesale-3-150x150.webp 150w, https:\/\/www.lechaocandy.com\/wp-content\/uploads\/2025\/11\/LeChao-Sour-Power-Belts-Bulk-Rainbow-Strips-Wholesale-3-768x768.webp 768w, https:\/\/www.lechaocandy.com\/wp-content\/uploads\/2025\/11\/LeChao-Sour-Power-Belts-Bulk-Rainbow-Strips-Wholesale-3-12x12.webp 12w, https:\/\/www.lechaocandy.com\/wp-content\/uploads\/2025\/11\/LeChao-Sour-Power-Belts-Bulk-Rainbow-Strips-Wholesale-3-600x600.webp 600w, https:\/\/www.lechaocandy.com\/wp-content\/uploads\/2025\/11\/LeChao-Sour-Power-Belts-Bulk-Rainbow-Strips-Wholesale-3-100x100.webp 100w\" sizes=\"(max-width: 800px) 100vw, 800px\" \/><\/figure><\/div><\/div><p><\/p>","protected":false},"excerpt":{"rendered":"<p>Bienvenido a comprar correas de potencia \u00e1cidas al por mayor. Nuestras tiras arco iris al por mayor est\u00e1n recubiertas de glaseado brillante, ofreciendo un equilibrio agridulce \u00fanico. El envase personalizable las convierte en un complemento llamativo indispensable en su estanter\u00eda.<\/p>\n<table style=\"border-collapse: collapse; width: 300.02pt;\" border=\"0\" width=\"300\" cellspacing=\"0\" cellpadding=\"0\">\n<tbody>\n<tr style=\"height: 17.60pt;\">\n<td class=\"et2\" style=\"height: 17.60pt; width: 110.80pt;\" width=\"110\" height=\"17\">Fabricante<\/td>\n<td class=\"et2\" style=\"width: 189.95pt;\" width=\"189\">Caramelos LeChao<\/td>\n<\/tr>\n<tr style=\"height: 18.00pt;\">\n<td class=\"et2\" style=\"height: 18.00pt;\" height=\"18\">Tipo de producto<\/td>\n<td class=\"et3\" style=\"width: 189.95pt;\" width=\"189\">Cinturones \u00e1cidos arco iris<\/td>\n<\/tr>\n<tr style=\"height: 18.00pt;\">\n<td class=\"et2\" style=\"height: 18.00pt;\" height=\"18\">Pruebe<\/td>\n<td class=\"et3\" style=\"width: 189.95pt;\" width=\"189\">Agridulce y resistente<\/td>\n<\/tr>\n<tr style=\"height: 17.60pt;\">\n<td class=\"et2\" style=\"height: 17.60pt;\" height=\"17\">MOQ<\/td>\n<td class=\"et2\">500CTNS<\/td>\n<\/tr>\n<tr style=\"height: 17.60pt;\">\n<td class=\"et2\" style=\"height: 17.60pt;\" height=\"17\">Muestra<\/td>\n<td class=\"et2\">Disponible<\/td>\n<\/tr>\n<\/tbody>\n<\/table>\n<p>&nbsp;<\/p>\n<p>&nbsp;<\/p>\n<p>&nbsp;<\/p>","protected":false},"featured_media":2266,"comment_status":"open","ping_status":"closed","template":"","meta":{"_acf_changed":false},"product_brand":[],"product_cat":[20],"product_tag":[30],"class_list":{"0":"post-2265","1":"product","2":"type-product","3":"status-publish","4":"has-post-thumbnail","6":"product_cat-bulk-licorice-candy","7":"product_tag-bulk-candies-collection","9":"first","10":"instock","11":"shipping-taxable","12":"product-type-simple"},"acf":[],"_links":{"self":[{"href":"https:\/\/www.lechaocandy.com\/es\/wp-json\/wp\/v2\/product\/2265","targetHints":{"allow":["GET"]}}],"collection":[{"href":"https:\/\/www.lechaocandy.com\/es\/wp-json\/wp\/v2\/product"}],"about":[{"href":"https:\/\/www.lechaocandy.com\/es\/wp-json\/wp\/v2\/types\/product"}],"replies":[{"embeddable":true,"href":"https:\/\/www.lechaocandy.com\/es\/wp-json\/wp\/v2\/comments?post=2265"}],"wp:featuredmedia":[{"embeddable":true,"href":"https:\/\/www.lechaocandy.com\/es\/wp-json\/wp\/v2\/media\/2266"}],"wp:attachment":[{"href":"https:\/\/www.lechaocandy.com\/es\/wp-json\/wp\/v2\/media?parent=2265"}],"wp:term":[{"taxonomy":"product_brand","embeddable":true,"href":"https:\/\/www.lechaocandy.com\/es\/wp-json\/wp\/v2\/product_brand?post=2265"},{"taxonomy":"product_cat","embeddable":true,"href":"https:\/\/www.lechaocandy.com\/es\/wp-json\/wp\/v2\/product_cat?post=2265"},{"taxonomy":"product_tag","embeddable":true,"href":"https:\/\/www.lechaocandy.com\/es\/wp-json\/wp\/v2\/product_tag?post=2265"}],"curies":[{"name":"wp","href":"https:\/\/api.w.org\/{rel}","templated":true}]}}