{"id":2316,"date":"2025-12-11T09:53:26","date_gmt":"2025-12-11T09:53:26","guid":{"rendered":"https:\/\/www.lechaocandy.com\/?post_type=product&#038;p=2316"},"modified":"2025-12-11T10:04:07","modified_gmt":"2025-12-11T10:04:07","slug":"bulk-vitamin-c-gummies","status":"publish","type":"product","link":"https:\/\/www.lechaocandy.com\/es\/producto\/bulk-vitamin-c-gummies\/","title":{"rendered":"Gominolas de Vitamina C a Granel Sabor Manzana, Envase Personalizado Support"},"content":{"rendered":"<div class=\"wp-block-columns is-layout-flex wp-container-core-columns-is-layout-9d6595d7 wp-block-columns-is-layout-flex\"><div class=\"wp-block-column is-layout-flow wp-block-column-is-layout-flow\"><h2 class=\"wp-block-heading\">Caracter\u00edsticas de las gominolas de vitamina C a granel<\/h2>\n\n<ul class=\"wp-block-list\"><li><strong>Aditivos nutricionales saludables:<\/strong> Nuestras gominolas de vitamina C a granel aportan suplementos nutricionales b\u00e1sicos a la vez que ofrecen una deliciosa golosina, lo que se ajusta a la actual demanda de snacks saludables por parte de los consumidores y ampl\u00eda el p\u00fablico objetivo del producto.<\/li>\n\n<li><strong>Dise\u00f1o de aspecto exquisito: <\/strong>Este caramelo de goma al por mayor tiene un recubrimiento de az\u00facar que lo hace cristalino y de colores brillantes, y posee un excelente atractivo visual que promueve eficazmente las ventas inmediatas en los estantes de los minoristas.<\/li>\n\n<li><strong>Experiencia gustativa superior:<\/strong> Nuestras gominolas de vitamina C a granel utilizan una f\u00f3rmula y un proceso de alta calidad. Las gominolas son masticables y el\u00e1sticas, con un sabor a fruta fresca y natural, un dulzor moderado y una textura rica, lo que proporciona a los consumidores una agradable experiencia de consumo y contribuye a una reputaci\u00f3n positiva de la marca.<\/li>\n\n<li><strong>Diversas especificaciones de embalaje:<\/strong> Este caramelo de goma al por mayor ofrece varias especificaciones, desde botellas de 68 gramos para la venta al por menor hasta bolsas a granel de un kilogramo, adapt\u00e1ndose a diversos escenarios de venta como supermercados, distribuci\u00f3n de comercio electr\u00f3nico, compras a granel y regalos personalizados.<\/li>\n\n<li><strong>Soporte integral de personalizaci\u00f3n: <\/strong>Nuestras gominolas de vitamina C a granel admiten una amplia personalizaci\u00f3n de sabores, f\u00f3rmulas, dise\u00f1os y especificaciones. Tambi\u00e9n le ayudamos a imprimir el logotipo de su empresa y otra informaci\u00f3n espec\u00edfica, por lo que tambi\u00e9n es un producto ideal para regalos personalizados.<\/li><\/ul><\/div>\n\n<div class=\"wp-block-column is-layout-flow wp-block-column-is-layout-flow\"><figure class=\"wp-block-image size-full\"><img decoding=\"async\" width=\"800\" height=\"800\" src=\"https:\/\/www.lechaocandy.com\/wp-content\/uploads\/2025\/12\/Apple-Flavor-Bulk-Vitamin-C-Gummies-Support-Custom-Package-1.webp\" alt=\"Gominolas de vitamina C a granel sabor manzana, paquete personalizado Support-1\" class=\"wp-image-2317\" srcset=\"https:\/\/www.lechaocandy.com\/wp-content\/uploads\/2025\/12\/Apple-Flavor-Bulk-Vitamin-C-Gummies-Support-Custom-Package-1.webp 800w, https:\/\/www.lechaocandy.com\/wp-content\/uploads\/2025\/12\/Apple-Flavor-Bulk-Vitamin-C-Gummies-Support-Custom-Package-1-300x300.webp 300w, https:\/\/www.lechaocandy.com\/wp-content\/uploads\/2025\/12\/Apple-Flavor-Bulk-Vitamin-C-Gummies-Support-Custom-Package-1-150x150.webp 150w, https:\/\/www.lechaocandy.com\/wp-content\/uploads\/2025\/12\/Apple-Flavor-Bulk-Vitamin-C-Gummies-Support-Custom-Package-1-768x768.webp 768w, https:\/\/www.lechaocandy.com\/wp-content\/uploads\/2025\/12\/Apple-Flavor-Bulk-Vitamin-C-Gummies-Support-Custom-Package-1-12x12.webp 12w, https:\/\/www.lechaocandy.com\/wp-content\/uploads\/2025\/12\/Apple-Flavor-Bulk-Vitamin-C-Gummies-Support-Custom-Package-1-600x600.webp 600w, https:\/\/www.lechaocandy.com\/wp-content\/uploads\/2025\/12\/Apple-Flavor-Bulk-Vitamin-C-Gummies-Support-Custom-Package-1-100x100.webp 100w\" sizes=\"(max-width: 800px) 100vw, 800px\" \/><\/figure><\/div><\/div>","protected":false},"excerpt":{"rendered":"<p>Bienvenido a comprar gominolas de vitamina C al por mayor. Nuestras gominolas al por mayor con sabor a manzana y vitamina C a\u00f1adida tienen una textura el\u00e1stica. Tambi\u00e9n ofrecemos envases personalizables, sabor y marca para su compra.<\/p>\n<table style=\"border-collapse: collapse; width: 329.02pt;\" border=\"0\" width=\"329\" cellspacing=\"0\" cellpadding=\"0\">\n<tbody>\n<tr style=\"height: 17.60pt;\">\n<td class=\"et2\" style=\"height: 17.60pt; width: 110.80pt;\" width=\"110\" height=\"17\">Fabricante<\/td>\n<td class=\"et2\" style=\"width: 219.15pt;\" width=\"219\">Caramelos LeChao<\/td>\n<\/tr>\n<tr style=\"height: 18.00pt;\">\n<td class=\"et2\" style=\"height: 18.00pt;\" height=\"18\">Tipo de producto<\/td>\n<td class=\"et3\" style=\"width: 219.15pt;\" width=\"219\">Caramelos de goma con vitamina C y manzana<\/td>\n<\/tr>\n<tr style=\"height: 18.00pt;\">\n<td class=\"et2\" style=\"height: 18.00pt;\" height=\"18\">Pruebe<\/td>\n<td class=\"et3\" style=\"width: 219.15pt;\" width=\"219\">Agridulce y resistente<\/td>\n<\/tr>\n<tr style=\"height: 17.60pt;\">\n<td class=\"et2\" style=\"height: 17.60pt;\" height=\"17\">Especificaci\u00f3n<\/td>\n<td class=\"et2\">68gx8botellasx10cajas<\/td>\n<\/tr>\n<tr style=\"height: 17.60pt;\">\n<td class=\"et2\" style=\"height: 17.60pt;\" height=\"17\">Tama\u00f1o de la caja<\/td>\n<td class=\"et2\">49*19,8*20cm<\/td>\n<\/tr>\n<tr style=\"height: 17.60pt;\">\n<td class=\"et2\" style=\"height: 17.60pt;\" height=\"17\">N.W.\/Cart\u00f3n<\/td>\n<td class=\"et2\">7.0kg<\/td>\n<\/tr>\n<tr style=\"height: 17.60pt;\">\n<td class=\"et2\" style=\"height: 17.60pt;\" height=\"17\">MOQ<\/td>\n<td class=\"et2\">500CTNS<\/td>\n<\/tr>\n<tr style=\"height: 17.60pt;\">\n<td class=\"et2\" style=\"height: 17.60pt;\" height=\"17\">Muestra<\/td>\n<td class=\"et2\">Disponible<\/td>\n<\/tr>\n<\/tbody>\n<\/table>","protected":false},"featured_media":2318,"comment_status":"open","ping_status":"closed","template":"","meta":{"_acf_changed":false},"product_brand":[],"product_cat":[28,19],"product_tag":[],"class_list":{"0":"post-2316","1":"product","2":"type-product","3":"status-publish","4":"has-post-thumbnail","6":"product_cat-bulk-sour-gummies","7":"product_cat-wholesale-gummy-manufacturer","9":"first","10":"instock","11":"shipping-taxable","12":"product-type-simple"},"acf":[],"_links":{"self":[{"href":"https:\/\/www.lechaocandy.com\/es\/wp-json\/wp\/v2\/product\/2316","targetHints":{"allow":["GET"]}}],"collection":[{"href":"https:\/\/www.lechaocandy.com\/es\/wp-json\/wp\/v2\/product"}],"about":[{"href":"https:\/\/www.lechaocandy.com\/es\/wp-json\/wp\/v2\/types\/product"}],"replies":[{"embeddable":true,"href":"https:\/\/www.lechaocandy.com\/es\/wp-json\/wp\/v2\/comments?post=2316"}],"wp:featuredmedia":[{"embeddable":true,"href":"https:\/\/www.lechaocandy.com\/es\/wp-json\/wp\/v2\/media\/2318"}],"wp:attachment":[{"href":"https:\/\/www.lechaocandy.com\/es\/wp-json\/wp\/v2\/media?parent=2316"}],"wp:term":[{"taxonomy":"product_brand","embeddable":true,"href":"https:\/\/www.lechaocandy.com\/es\/wp-json\/wp\/v2\/product_brand?post=2316"},{"taxonomy":"product_cat","embeddable":true,"href":"https:\/\/www.lechaocandy.com\/es\/wp-json\/wp\/v2\/product_cat?post=2316"},{"taxonomy":"product_tag","embeddable":true,"href":"https:\/\/www.lechaocandy.com\/es\/wp-json\/wp\/v2\/product_tag?post=2316"}],"curies":[{"name":"wp","href":"https:\/\/api.w.org\/{rel}","templated":true}]}}